{"id":8553,"date":"2023-03-31T13:30:43","date_gmt":"2023-03-31T13:30:43","guid":{"rendered":"https:\/\/requinerope.dk\/?post_type=product&#038;p=8553"},"modified":"2026-03-02T09:01:37","modified_gmt":"2026-03-02T09:01:37","slug":"design-selv-cordeo","status":"publish","type":"product","link":"https:\/\/requinerope.dk\/en\/shop\/design-selv-cordeo\/","title":{"rendered":"Design It \u2014 Neck Rope"},"content":{"rendered":"<p><em>Design your own sustainable neck rope<\/em><\/p>\n<p>Welcome to <em>Design It<\/em>, where you can let you imagination run free to create a truly unique pair of reins!<\/p>\n<p>&nbsp;<\/p>\n<p>Tap through the different options to build your neck rope. In the following is a walk-through of each step:<\/p>\n<p>&nbsp;<\/p>\n<p><strong>1. <\/strong>Firstly, choose the size. Sizes range from XXXS to XXXL:<\/p>\n<p>XXXS = 90 cm<br \/>\nXXS = 105 cm<br \/>\nXS = 120 cm<br \/>\nS = 135 cm<br \/>\nM = 150 cm<br \/>\nL = 165 cm<br \/>\nXL = 180 cm<br \/>\nXXL = 195 cm<br \/>\nXXXL = 210 cm<\/p>\n<p>Measure your horse\/pony to find the right size. You can see how to do this in the <a href=\"https:\/\/requinerope.dk\/en\/om\/stoerrelsesguide\/\">size guide<\/a>.<\/p>\n<p>&nbsp;<\/p>\n<p><strong>2.\u00a0<\/strong>Then choose the type og rope and the colour of the neck rope.<\/p>\n<p>14 mm is relatively thick, the same rope as the \"normal\" leads are made of. It's available in the colours Black, Olive, Dark Maroon and Navy.<\/p>\n<p>10 mm is thinner and used for the other slim models and round reins. It's available in two types, normal and smooth, the latter being smoother and more slippery.<br \/>\nThe normal rope is available in the colours: Checkers, Black, Navy, Red, Neon Orange, Neon Green and Beige.<br \/>\nThe smooth rope is available in the colours: Tartan Beige, Pink Mix, Pink, Yellow, Dark Maroon, Pink and Denim Blue.<\/p>\n<p>&nbsp;<\/p>\n<p>&nbsp;<\/p>\n<p><strong>3. <\/strong>Then choose between the two models: with ring or with tassel (click the names to read more):<\/p>\n<p><a href=\"https:\/\/requinerope.dk\/en\/shop\/cordeo-med-ring\/\">Neck rope with ring:<\/a> This neck rope is spliced onto a 25 or 30 mm ring, making it possible to attach a lead rope and use the neck rope from the ground as well, e.g. for lunging or groundwork. And it can of course stille be used when riding!<\/p>\n<p>If you choose neck rope with ring, you'll have to choose a colour for the ring as well. 25 mm rings, which are the ones spliced onto the 10 mm rope, are available in silver, pink and turquoise. 30 mm rings, which are spliced onto 14 mm rope, is available in silver and rose gold. The coloured rings are colour coated \u2014 i.e. the coating <em>might<\/em> wear of with use.<\/p>\n<p><a href=\"https:\/\/requinerope.dk\/en\/shop\/cordeo-med-kvast\/\">Neck rope with tassel<\/a>: This neck rope has its ends in a nice tassel, that has several benefits: it's practical for holding onto from both the back and the ground, it weighs down the neck rope so it stays in place around the neck, and it looks super cute! (Btw; whipping or braiding <em><strong>instead<\/strong> <strong>of<\/strong><\/em> the knot is chosen in step 4.)<\/p>\n<p>&nbsp;<\/p>\n<p><strong>4.\u00a0<\/strong>You can also add braiding or whipping to your neck rope to make it a little extra or to add colours!<\/p>\n<p>If you chose 'neck rope with ring' in step 1, braiding\/whipping is made in top of the splice on either side of the ring.<br \/>\nIf you chose ' neck rope with tassel' in step 1, the braiding\/whipping is made where the tassel beings <strong>instead of<\/strong> the knot.<\/p>\n<p>Braiding can be made in 1 or 2 colours, and whipping can be made in 1-3 colours.<\/p>\n<p>It can be made in the following colours: Black, checkers, grey, white, navy, dark maroon, olive, beige, sky blue, red, neon orange, yellow, neon green, pink, arctic, chique, and unicorn, and in just the combination you want!<\/p>\n<p>NB: the rope that chique, unicorn and arctic are made from is a little thinner than the rest of the colours, and will look a little different.<\/p>\n<p>&nbsp;<\/p>\n<p><strong>5. <\/strong>Lastly, you can add some extra details on your neck rope, the so-called \"diamond knots\", to make it even more special!<\/p>\n<p lang=\"da\">You can add 1-4 knots on both sides, which can be moved depending on preferred placement.<\/p>\n<p lang=\"da\">The knots are made in pairs, i.e. if you choose \"+1\", there'll be made a pair, which is one knot on each side. If you choose \"+4\" there'll be 4 knots on each side, and so on.<\/p>\n<p>The knots can be moved to wherever you'd like then to be, but the order they're made in matters. Check the picture to see where the knots are placed.<\/p>\n<p>The knots are available in the following colours: Black, checkers, grey, white, navy, dark maroon, olive, beige, sky blue, red, neon orange, yellow, neon green, pink, arctic, chique and unicorn.<\/p>\n<p>NB: the rope that chique, unicorn and arctic are made from is a little thinner than the rest of the colours. Therefore, knots made with these 3 colours will be a bit smaller.<\/p>","protected":false},"excerpt":{"rendered":"<p>Design din egen b\u00e6redygtige cordeo Velkommen til Design Selv, stedet hvor du kan udfolde din kreativitet og fantasi for at skabe en helt unik cordeo! &nbsp; G\u00e5 i gennem det forskellige valgmuligheder for at sammens\u00e6tte din cordeo. Herunder kommer en gemmengang af hvert skridt: &nbsp; 1. F\u00f8rst skal du v\u00e6lge hvilken st\u00f8rrelse den skal v\u00e6re. [&hellip;]<\/p>\n","protected":false},"featured_media":11333,"template":"","meta":{"site-sidebar-layout":"default","site-content-layout":"default","ast-site-content-layout":"default","site-content-style":"default","site-sidebar-style":"default","ast-global-header-display":"","ast-banner-title-visibility":"","ast-main-header-display":"","ast-hfb-above-header-display":"","ast-hfb-below-header-display":"","ast-hfb-mobile-header-display":"","site-post-title":"","ast-breadcrumbs-content":"","ast-featured-img":"","footer-sml-layout":"","ast-disable-related-posts":"","theme-transparent-header-meta":"default","adv-header-id-meta":"","stick-header-meta":"","header-above-stick-meta":"","header-main-stick-meta":"","header-below-stick-meta":"","astra-migrate-meta-layouts":"set","ast-page-background-enabled":"default","ast-page-background-meta":{"desktop":{"background-color":"var(--ast-global-color-4)","background-image":"","background-repeat":"repeat","background-position":"center center","background-size":"auto","background-attachment":"scroll","background-type":"","background-media":"","overlay-type":"","overlay-color":"","overlay-opacity":"","overlay-gradient":""},"tablet":{"background-color":"","background-image":"","background-repeat":"repeat","background-position":"center center","background-size":"auto","background-attachment":"scroll","background-type":"","background-media":"","overlay-type":"","overlay-color":"","overlay-opacity":"","overlay-gradient":""},"mobile":{"background-color":"","background-image":"","background-repeat":"repeat","background-position":"center center","background-size":"auto","background-attachment":"scroll","background-type":"","background-media":"","overlay-type":"","overlay-color":"","overlay-opacity":"","overlay-gradient":""}},"ast-content-background-meta":{"desktop":{"background-color":"var(--ast-global-color-5)","background-image":"","background-repeat":"repeat","background-position":"center center","background-size":"auto","background-attachment":"scroll","background-type":"","background-media":"","overlay-type":"","overlay-color":"","overlay-opacity":"","overlay-gradient":""},"tablet":{"background-color":"var(--ast-global-color-5)","background-image":"","background-repeat":"repeat","background-position":"center center","background-size":"auto","background-attachment":"scroll","background-type":"","background-media":"","overlay-type":"","overlay-color":"","overlay-opacity":"","overlay-gradient":""},"mobile":{"background-color":"var(--ast-global-color-5)","background-image":"","background-repeat":"repeat","background-position":"center center","background-size":"auto","background-attachment":"scroll","background-type":"","background-media":"","overlay-type":"","overlay-color":"","overlay-opacity":"","overlay-gradient":""}}},"product_brand":[],"product_cat":[486,489,138],"product_tag":[],"class_list":{"0":"post-8553","1":"product","2":"type-product","3":"status-publish","4":"has-post-thumbnail","6":"product_cat-design-selv","7":"product_cat-cordeoer-design-selv","8":"product_cat-hest","9":"pa_farve-10-beige","10":"pa_farve-10-black","11":"pa_farve-10-checkers","12":"pa_farve-10-dark-maroon","13":"pa_farve-10-denim-blue","14":"pa_farve-10-navy","15":"pa_farve-10-neon-green","16":"pa_farve-10-neon-orange","17":"pa_farve-10-olive","18":"pa_farve-10-pink","19":"pa_farve-10-pink-mix","20":"pa_farve-10-red","21":"pa_farve-10-tartan-beige","22":"pa_farve-10-yellow","23":"pa_farve-paa-maerket-hvid","24":"pa_farve-paa-maerket-ingen-praeference","25":"pa_farve-paa-maerket-sort","26":"pa_reb-10-mm","27":"pa_reb-14-mm","28":"pa_stoerrelsesml-l","29":"pa_stoerrelsesml-m","30":"pa_stoerrelsesml-s","31":"pa_stoerrelsesml-xl","32":"pa_stoerrelsesml-xs","33":"pa_stoerrelsesml-xxl","34":"pa_stoerrelsesml-xxs","35":"pa_stoerrelsesml-xxxl","36":"pa_stoerrelsesml-xxxs","37":"desktop-align-left","38":"tablet-align-left","39":"mobile-align-left","41":"first","42":"outofstock","43":"taxable","44":"shipping-taxable","45":"purchasable","46":"product-type-variable"},"yoast_head":"<!-- This site is optimized with the Yoast SEO plugin v27.4 - https:\/\/yoast.com\/product\/yoast-seo-wordpress\/ -->\n<title>Design Selv \u2014 Cordeo | Requine Rope<\/title>\n<meta name=\"robots\" content=\"index, follow, max-snippet:-1, max-image-preview:large, max-video-preview:-1\" \/>\n<link rel=\"canonical\" href=\"https:\/\/requinerope.dk\/en\/shop\/design-selv-cordeo\/\" \/>\n<meta property=\"og:locale\" content=\"en_GB\" \/>\n<meta property=\"og:type\" content=\"article\" \/>\n<meta property=\"og:title\" content=\"Design Selv \u2014 Cordeo | Requine Rope\" \/>\n<meta property=\"og:description\" content=\"Design din egen b\u00e6redygtige cordeo Velkommen til Design Selv, stedet hvor du kan udfolde din kreativitet og fantasi for at skabe en helt unik cordeo! &nbsp; G\u00e5 i gennem det forskellige valgmuligheder for at sammens\u00e6tte din cordeo. Herunder kommer en gemmengang af hvert skridt: &nbsp; 1. F\u00f8rst skal du v\u00e6lge hvilken st\u00f8rrelse den skal v\u00e6re. [&hellip;]\" \/>\n<meta property=\"og:url\" content=\"https:\/\/requinerope.dk\/en\/shop\/design-selv-cordeo\/\" \/>\n<meta property=\"og:site_name\" content=\"Requine Rope\" \/>\n<meta property=\"article:publisher\" content=\"https:\/\/www.facebook.com\/requinerope\" \/>\n<meta property=\"article:modified_time\" content=\"2026-03-02T09:01:37+00:00\" \/>\n<meta property=\"og:image\" content=\"https:\/\/requinerope.dk\/wp-content\/uploads\/2023\/04\/DS-cordeo.png\" \/>\n\t<meta property=\"og:image:width\" content=\"1080\" \/>\n\t<meta property=\"og:image:height\" content=\"1080\" \/>\n\t<meta property=\"og:image:type\" content=\"image\/png\" \/>\n<meta name=\"twitter:card\" content=\"summary_large_image\" \/>\n<meta name=\"twitter:label1\" content=\"Estimated reading time\" \/>\n\t<meta name=\"twitter:data1\" content=\"4 minutes\" \/>\n<script type=\"application\/ld+json\" class=\"yoast-schema-graph\">{\"@context\":\"https:\\\/\\\/schema.org\",\"@graph\":[{\"@type\":\"WebPage\",\"@id\":\"https:\\\/\\\/requinerope.dk\\\/shop\\\/design-selv-cordeo\\\/\",\"url\":\"https:\\\/\\\/requinerope.dk\\\/shop\\\/design-selv-cordeo\\\/\",\"name\":\"Design Selv \u2014 Cordeo | Requine Rope\",\"isPartOf\":{\"@id\":\"https:\\\/\\\/requinerope.dk\\\/en\\\/#website\"},\"primaryImageOfPage\":{\"@id\":\"https:\\\/\\\/requinerope.dk\\\/shop\\\/design-selv-cordeo\\\/#primaryimage\"},\"image\":{\"@id\":\"https:\\\/\\\/requinerope.dk\\\/shop\\\/design-selv-cordeo\\\/#primaryimage\"},\"thumbnailUrl\":\"https:\\\/\\\/requinerope.dk\\\/wp-content\\\/uploads\\\/2023\\\/04\\\/DS-cordeo.png\",\"datePublished\":\"2023-03-31T13:30:43+00:00\",\"dateModified\":\"2026-03-02T09:01:37+00:00\",\"breadcrumb\":{\"@id\":\"https:\\\/\\\/requinerope.dk\\\/shop\\\/design-selv-cordeo\\\/#breadcrumb\"},\"inLanguage\":\"en-GB\",\"potentialAction\":[{\"@type\":\"ReadAction\",\"target\":[\"https:\\\/\\\/requinerope.dk\\\/shop\\\/design-selv-cordeo\\\/\"]}]},{\"@type\":\"ImageObject\",\"inLanguage\":\"en-GB\",\"@id\":\"https:\\\/\\\/requinerope.dk\\\/shop\\\/design-selv-cordeo\\\/#primaryimage\",\"url\":\"https:\\\/\\\/requinerope.dk\\\/wp-content\\\/uploads\\\/2023\\\/04\\\/DS-cordeo.png\",\"contentUrl\":\"https:\\\/\\\/requinerope.dk\\\/wp-content\\\/uploads\\\/2023\\\/04\\\/DS-cordeo.png\",\"width\":1080,\"height\":1080},{\"@type\":\"BreadcrumbList\",\"@id\":\"https:\\\/\\\/requinerope.dk\\\/shop\\\/design-selv-cordeo\\\/#breadcrumb\",\"itemListElement\":[{\"@type\":\"ListItem\",\"position\":1,\"name\":\"Hjem\",\"item\":\"https:\\\/\\\/requinerope.dk\\\/\"},{\"@type\":\"ListItem\",\"position\":2,\"name\":\"Shop\",\"item\":\"https:\\\/\\\/requinerope.dk\\\/en\\\/shop-2\\\/\"},{\"@type\":\"ListItem\",\"position\":3,\"name\":\"Design Selv \u2014 Cordeo\"}]},{\"@type\":\"WebSite\",\"@id\":\"https:\\\/\\\/requinerope.dk\\\/en\\\/#website\",\"url\":\"https:\\\/\\\/requinerope.dk\\\/en\\\/\",\"name\":\"Requine Rope\",\"description\":\"B\u00e6redygtigt rebudstyr til hest &amp; hund\",\"publisher\":{\"@id\":\"https:\\\/\\\/requinerope.dk\\\/en\\\/#organization\"},\"potentialAction\":[{\"@type\":\"SearchAction\",\"target\":{\"@type\":\"EntryPoint\",\"urlTemplate\":\"https:\\\/\\\/requinerope.dk\\\/en\\\/?s={search_term_string}\"},\"query-input\":{\"@type\":\"PropertyValueSpecification\",\"valueRequired\":true,\"valueName\":\"search_term_string\"}}],\"inLanguage\":\"en-GB\"},{\"@type\":\"Organization\",\"@id\":\"https:\\\/\\\/requinerope.dk\\\/en\\\/#organization\",\"name\":\"Requine Rope\",\"url\":\"https:\\\/\\\/requinerope.dk\\\/en\\\/\",\"logo\":{\"@type\":\"ImageObject\",\"inLanguage\":\"en-GB\",\"@id\":\"https:\\\/\\\/requinerope.dk\\\/en\\\/#\\\/schema\\\/logo\\\/image\\\/\",\"url\":\"https:\\\/\\\/requinerope.dk\\\/wp-content\\\/uploads\\\/2021\\\/09\\\/logo-m-baggrund-modified.png\",\"contentUrl\":\"https:\\\/\\\/requinerope.dk\\\/wp-content\\\/uploads\\\/2021\\\/09\\\/logo-m-baggrund-modified.png\",\"width\":993,\"height\":993,\"caption\":\"Requine Rope\"},\"image\":{\"@id\":\"https:\\\/\\\/requinerope.dk\\\/en\\\/#\\\/schema\\\/logo\\\/image\\\/\"},\"sameAs\":[\"https:\\\/\\\/www.facebook.com\\\/requinerope\",\"https:\\\/\\\/www.instagram.com\\\/requinerope\",\"https:\\\/\\\/www.pinterest.dk\\\/requinerope\"]}]}<\/script>\n<!-- \/ Yoast SEO plugin. -->","yoast_head_json":{"title":"Design Selv \u2014 Cordeo | Requine Rope","robots":{"index":"index","follow":"follow","max-snippet":"max-snippet:-1","max-image-preview":"max-image-preview:large","max-video-preview":"max-video-preview:-1"},"canonical":"https:\/\/requinerope.dk\/en\/shop\/design-selv-cordeo\/","og_locale":"en_GB","og_type":"article","og_title":"Design Selv \u2014 Cordeo | Requine Rope","og_description":"Design din egen b\u00e6redygtige cordeo Velkommen til Design Selv, stedet hvor du kan udfolde din kreativitet og fantasi for at skabe en helt unik cordeo! &nbsp; G\u00e5 i gennem det forskellige valgmuligheder for at sammens\u00e6tte din cordeo. Herunder kommer en gemmengang af hvert skridt: &nbsp; 1. F\u00f8rst skal du v\u00e6lge hvilken st\u00f8rrelse den skal v\u00e6re. [&hellip;]","og_url":"https:\/\/requinerope.dk\/en\/shop\/design-selv-cordeo\/","og_site_name":"Requine Rope","article_publisher":"https:\/\/www.facebook.com\/requinerope","article_modified_time":"2026-03-02T09:01:37+00:00","og_image":[{"width":1080,"height":1080,"url":"https:\/\/requinerope.dk\/wp-content\/uploads\/2023\/04\/DS-cordeo.png","type":"image\/png"}],"twitter_card":"summary_large_image","twitter_misc":{"Estimated reading time":"4 minutes"},"schema":{"@context":"https:\/\/schema.org","@graph":[{"@type":"WebPage","@id":"https:\/\/requinerope.dk\/shop\/design-selv-cordeo\/","url":"https:\/\/requinerope.dk\/shop\/design-selv-cordeo\/","name":"Design Selv \u2014 Cordeo | Requine Rope","isPartOf":{"@id":"https:\/\/requinerope.dk\/en\/#website"},"primaryImageOfPage":{"@id":"https:\/\/requinerope.dk\/shop\/design-selv-cordeo\/#primaryimage"},"image":{"@id":"https:\/\/requinerope.dk\/shop\/design-selv-cordeo\/#primaryimage"},"thumbnailUrl":"https:\/\/requinerope.dk\/wp-content\/uploads\/2023\/04\/DS-cordeo.png","datePublished":"2023-03-31T13:30:43+00:00","dateModified":"2026-03-02T09:01:37+00:00","breadcrumb":{"@id":"https:\/\/requinerope.dk\/shop\/design-selv-cordeo\/#breadcrumb"},"inLanguage":"en-GB","potentialAction":[{"@type":"ReadAction","target":["https:\/\/requinerope.dk\/shop\/design-selv-cordeo\/"]}]},{"@type":"ImageObject","inLanguage":"en-GB","@id":"https:\/\/requinerope.dk\/shop\/design-selv-cordeo\/#primaryimage","url":"https:\/\/requinerope.dk\/wp-content\/uploads\/2023\/04\/DS-cordeo.png","contentUrl":"https:\/\/requinerope.dk\/wp-content\/uploads\/2023\/04\/DS-cordeo.png","width":1080,"height":1080},{"@type":"BreadcrumbList","@id":"https:\/\/requinerope.dk\/shop\/design-selv-cordeo\/#breadcrumb","itemListElement":[{"@type":"ListItem","position":1,"name":"Hjem","item":"https:\/\/requinerope.dk\/"},{"@type":"ListItem","position":2,"name":"Shop","item":"https:\/\/requinerope.dk\/en\/shop-2\/"},{"@type":"ListItem","position":3,"name":"Design Selv \u2014 Cordeo"}]},{"@type":"WebSite","@id":"https:\/\/requinerope.dk\/en\/#website","url":"https:\/\/requinerope.dk\/en\/","name":"Requine Rope","description":"Sustainable rope equipment for horse &amp; dog","publisher":{"@id":"https:\/\/requinerope.dk\/en\/#organization"},"potentialAction":[{"@type":"SearchAction","target":{"@type":"EntryPoint","urlTemplate":"https:\/\/requinerope.dk\/en\/?s={search_term_string}"},"query-input":{"@type":"PropertyValueSpecification","valueRequired":true,"valueName":"search_term_string"}}],"inLanguage":"en-GB"},{"@type":"Organization","@id":"https:\/\/requinerope.dk\/en\/#organization","name":"Requine Rope","url":"https:\/\/requinerope.dk\/en\/","logo":{"@type":"ImageObject","inLanguage":"en-GB","@id":"https:\/\/requinerope.dk\/en\/#\/schema\/logo\/image\/","url":"https:\/\/requinerope.dk\/wp-content\/uploads\/2021\/09\/logo-m-baggrund-modified.png","contentUrl":"https:\/\/requinerope.dk\/wp-content\/uploads\/2021\/09\/logo-m-baggrund-modified.png","width":993,"height":993,"caption":"Requine Rope"},"image":{"@id":"https:\/\/requinerope.dk\/en\/#\/schema\/logo\/image\/"},"sameAs":["https:\/\/www.facebook.com\/requinerope","https:\/\/www.instagram.com\/requinerope","https:\/\/www.pinterest.dk\/requinerope"]}]}},"jetpack_sharing_enabled":true,"_links":{"self":[{"href":"https:\/\/requinerope.dk\/en\/wp-json\/wp\/v2\/product\/8553","targetHints":{"allow":["GET"]}}],"collection":[{"href":"https:\/\/requinerope.dk\/en\/wp-json\/wp\/v2\/product"}],"about":[{"href":"https:\/\/requinerope.dk\/en\/wp-json\/wp\/v2\/types\/product"}],"wp:featuredmedia":[{"embeddable":true,"href":"https:\/\/requinerope.dk\/en\/wp-json\/wp\/v2\/media\/11333"}],"wp:attachment":[{"href":"https:\/\/requinerope.dk\/en\/wp-json\/wp\/v2\/media?parent=8553"}],"wp:term":[{"taxonomy":"product_brand","embeddable":true,"href":"https:\/\/requinerope.dk\/en\/wp-json\/wp\/v2\/product_brand?post=8553"},{"taxonomy":"product_cat","embeddable":true,"href":"https:\/\/requinerope.dk\/en\/wp-json\/wp\/v2\/product_cat?post=8553"},{"taxonomy":"product_tag","embeddable":true,"href":"https:\/\/requinerope.dk\/en\/wp-json\/wp\/v2\/product_tag?post=8553"}],"curies":[{"name":"wp","href":"https:\/\/api.w.org\/{rel}","templated":true}]}}