{"id":7671,"date":"2022-03-25T10:00:30","date_gmt":"2022-03-25T10:00:30","guid":{"rendered":"https:\/\/requinerope.dk\/?post_type=product&#038;p=7671"},"modified":"2026-03-02T09:01:38","modified_gmt":"2026-03-02T09:01:38","slug":"tov-med-karabinhage-slim","status":"publish","type":"product","link":"https:\/\/requinerope.dk\/en\/shop\/tov-med-karabinhage-slim\/","title":{"rendered":"Lead Rope with Snap \u2014 Slim"},"content":{"rendered":"<p><em>Sustainable lead rope with snap \u2014 slim<\/em><\/p>\n<p>Do you want a unique lead with even more beautiful details? Then you can design your own lead right <a href=\"https:\/\/requinerope.dk\/en\/shop\/design-selv-tov\/\">here<\/a>!<\/p>\n<p>&nbsp;<\/p>\n<p>Tovet med karabinhage har i den ene ende en 76 mm karabinhage i rustfrit st\u00e5l p\u00e5splejset. I den anden ende er en endesplejs, s\u00e5 tovet f\u00e5r et flot og l\u00e6kker finish. Begge splejse er syet for optimal sikkerhed.<\/p>\n<p>The 'slim' leads are made from 10 mm rope, and are therefore both smaller and lighter than the classic 14 mm leads. This type of lead rope is great for smaller ponies due to the decrease in weight, but can absolutely be used by all horse people with all horses!<\/p>\n<p>Det kan bruges b\u00e5de til jordarbejde, g\u00e5ture og kan endda bindes til t\u00f8jler \u2014 det egner sig faktisk ekstra godt til t\u00f8jler, idet det er tyndere end normale tove. Et \u00e6gte 2-i-1 v\u00e6rkt\u00f8j!<\/p>\n<p>Depending on how the lead is tied, it is recommended to choose either 3 or 3,7 meters if to be used as reins. A 3 meter rope is about 2,5-2,8 meters long reins when tied (depending on method), where a 3,7 meter lead makes about 3,2-3,5 meter long reins. If tied to reins, a 3 meter lead is usually best suited for points, while 3,7 is better for horses, but it also depends on personal preferences for rein lengths. Please measure a pair of your reins if in doubt.<\/p>\n<p>&nbsp;<\/p>\n<p>&nbsp;<\/p>\n<p>The lead is available i 4 standard lengths:<\/p>\n<p>2 meters: standard lead rope length<br \/>\n3 meters: for those who prefer a little more length<br \/>\n3,7 meters: corresponding to the popular 12' lead, often used in the US<br \/>\n6,7 meters: corresponding to the popular longer 22' lead, often used in the US<\/p>\n<p>&nbsp;<\/p>\n<p>Leads from Requine Rope is made from high quality rope which \u2014 of course \u2014 is 100% recycled.<\/p>\n<p>Slim leads are available in the colours Checkers, Black, Navy, Neon Green, Neon Orange, Red and Beige.<\/p>\n<p>&nbsp;<\/p>\n<p><!--more--><\/p>\n<p>All colours with the same names have the same colour in real life. Colours on the pictures can vary depending on the screen, so it's not guaranteed that the colour you see on your screen is the exact same as in real life.<\/p>\n<p>If you want custom sizes, contact us on <a href=\"\/en\/info@requinerope.dk\/\">info@requinerope.dk<\/a>, and we'll gladly fulfil your wishes to the best of our abilities!<\/p>","protected":false},"excerpt":{"rendered":"<p>B\u00e6redygtigt tov med karabinhage &#8211; slim Vil du have et unik tov med endnu flere smukke detaljer? S\u00e5 kan du designe dit eget tov lige her! &nbsp; Tovet med karabinhage har i den ene ende en 76 mm karabinhage i rustfrit st\u00e5l p\u00e5splejset. I den anden ende er en endesplejs, s\u00e5 tovet f\u00e5r et flot [&hellip;]<\/p>\n","protected":false},"featured_media":8500,"template":"","meta":{"site-sidebar-layout":"default","site-content-layout":"default","ast-site-content-layout":"default","site-content-style":"default","site-sidebar-style":"default","ast-global-header-display":"","ast-banner-title-visibility":"","ast-main-header-display":"","ast-hfb-above-header-display":"","ast-hfb-below-header-display":"","ast-hfb-mobile-header-display":"","site-post-title":"","ast-breadcrumbs-content":"","ast-featured-img":"","footer-sml-layout":"","ast-disable-related-posts":"","theme-transparent-header-meta":"default","adv-header-id-meta":"","stick-header-meta":"","header-above-stick-meta":"","header-main-stick-meta":"","header-below-stick-meta":"","astra-migrate-meta-layouts":"set","ast-page-background-enabled":"default","ast-page-background-meta":{"desktop":{"background-color":"var(--ast-global-color-4)","background-image":"","background-repeat":"repeat","background-position":"center center","background-size":"auto","background-attachment":"scroll","background-type":"","background-media":"","overlay-type":"","overlay-color":"","overlay-opacity":"","overlay-gradient":""},"tablet":{"background-color":"","background-image":"","background-repeat":"repeat","background-position":"center center","background-size":"auto","background-attachment":"scroll","background-type":"","background-media":"","overlay-type":"","overlay-color":"","overlay-opacity":"","overlay-gradient":""},"mobile":{"background-color":"","background-image":"","background-repeat":"repeat","background-position":"center center","background-size":"auto","background-attachment":"scroll","background-type":"","background-media":"","overlay-type":"","overlay-color":"","overlay-opacity":"","overlay-gradient":""}},"ast-content-background-meta":{"desktop":{"background-color":"var(--ast-global-color-5)","background-image":"","background-repeat":"repeat","background-position":"center center","background-size":"auto","background-attachment":"scroll","background-type":"","background-media":"","overlay-type":"","overlay-color":"","overlay-opacity":"","overlay-gradient":""},"tablet":{"background-color":"var(--ast-global-color-5)","background-image":"","background-repeat":"repeat","background-position":"center center","background-size":"auto","background-attachment":"scroll","background-type":"","background-media":"","overlay-type":"","overlay-color":"","overlay-opacity":"","overlay-gradient":""},"mobile":{"background-color":"var(--ast-global-color-5)","background-image":"","background-repeat":"repeat","background-position":"center center","background-size":"auto","background-attachment":"scroll","background-type":"","background-media":"","overlay-type":"","overlay-color":"","overlay-opacity":"","overlay-gradient":""}}},"product_brand":[],"product_cat":[362],"product_tag":[],"class_list":{"0":"post-7671","1":"product","2":"type-product","3":"status-publish","4":"has-post-thumbnail","6":"product_cat-tove","7":"pa_farve-10-beige","8":"pa_farve-10-black","9":"pa_farve-10-checkers","10":"pa_farve-10-navy","11":"pa_farve-10-neon-green","12":"pa_farve-10-neon-orange","13":"pa_farve-10-red","14":"pa_farve-paa-maerket-hvid","15":"pa_farve-paa-maerket-ingen-praeference","16":"pa_farve-paa-maerket-sort","17":"desktop-align-left","18":"tablet-align-left","19":"mobile-align-left","21":"first","22":"outofstock","23":"taxable","24":"shipping-taxable","25":"purchasable","26":"product-type-variable"},"yoast_head":"<!-- This site is optimized with the Yoast SEO plugin v27.4 - https:\/\/yoast.com\/product\/yoast-seo-wordpress\/ -->\n<title>B\u00e6redygtigt Tov med Karabinhage \u2014 Slim | Requine Rope<\/title>\n<meta name=\"description\" content=\"B\u00e6redygtigt tov med karabinhage - slim af 100% genanvendt reb. Tovet kan bruges b\u00e5de til jordarbejde, g\u00e5ture og kan endda bindes til t\u00f8jler!\" \/>\n<meta name=\"robots\" content=\"index, follow, max-snippet:-1, max-image-preview:large, max-video-preview:-1\" \/>\n<link rel=\"canonical\" href=\"https:\/\/requinerope.dk\/en\/shop\/tov-med-karabinhage-slim\/\" \/>\n<meta property=\"og:locale\" content=\"en_GB\" \/>\n<meta property=\"og:type\" content=\"article\" \/>\n<meta property=\"og:title\" content=\"B\u00e6redygtigt Tov med Karabinhage \u2014 Slim | Requine Rope\" \/>\n<meta property=\"og:description\" content=\"B\u00e6redygtigt tov med karabinhage - slim af 100% genanvendt reb. Tovet kan bruges b\u00e5de til jordarbejde, g\u00e5ture og kan endda bindes til t\u00f8jler!\" \/>\n<meta property=\"og:url\" content=\"https:\/\/requinerope.dk\/en\/shop\/tov-med-karabinhage-slim\/\" \/>\n<meta property=\"og:site_name\" content=\"Requine Rope\" \/>\n<meta property=\"article:publisher\" content=\"https:\/\/www.facebook.com\/requinerope\" \/>\n<meta property=\"article:modified_time\" content=\"2026-03-02T09:01:38+00:00\" \/>\n<meta property=\"og:image\" content=\"https:\/\/requinerope.dk\/wp-content\/uploads\/2022\/03\/IMG_7343-2-scaled-e1651505932842.jpg\" \/>\n\t<meta property=\"og:image:width\" content=\"1000\" \/>\n\t<meta property=\"og:image:height\" content=\"1000\" \/>\n\t<meta property=\"og:image:type\" content=\"image\/jpeg\" \/>\n<meta name=\"twitter:card\" content=\"summary_large_image\" \/>\n<meta name=\"twitter:label1\" content=\"Estimated reading time\" \/>\n\t<meta name=\"twitter:data1\" content=\"3 minutes\" \/>\n<script type=\"application\/ld+json\" class=\"yoast-schema-graph\">{\"@context\":\"https:\\\/\\\/schema.org\",\"@graph\":[{\"@type\":\"WebPage\",\"@id\":\"https:\\\/\\\/requinerope.dk\\\/shop\\\/tov-med-karabinhage-slim\\\/\",\"url\":\"https:\\\/\\\/requinerope.dk\\\/shop\\\/tov-med-karabinhage-slim\\\/\",\"name\":\"B\u00e6redygtigt Tov med Karabinhage \u2014 Slim | Requine Rope\",\"isPartOf\":{\"@id\":\"https:\\\/\\\/requinerope.dk\\\/en\\\/#website\"},\"primaryImageOfPage\":{\"@id\":\"https:\\\/\\\/requinerope.dk\\\/shop\\\/tov-med-karabinhage-slim\\\/#primaryimage\"},\"image\":{\"@id\":\"https:\\\/\\\/requinerope.dk\\\/shop\\\/tov-med-karabinhage-slim\\\/#primaryimage\"},\"thumbnailUrl\":\"https:\\\/\\\/requinerope.dk\\\/wp-content\\\/uploads\\\/2022\\\/03\\\/IMG_7343-2-scaled-e1651505932842.jpg\",\"datePublished\":\"2022-03-25T10:00:30+00:00\",\"dateModified\":\"2026-03-02T09:01:38+00:00\",\"description\":\"B\u00e6redygtigt tov med karabinhage - slim af 100% genanvendt reb. Tovet kan bruges b\u00e5de til jordarbejde, g\u00e5ture og kan endda bindes til t\u00f8jler!\",\"breadcrumb\":{\"@id\":\"https:\\\/\\\/requinerope.dk\\\/shop\\\/tov-med-karabinhage-slim\\\/#breadcrumb\"},\"inLanguage\":\"en-GB\",\"potentialAction\":[{\"@type\":\"ReadAction\",\"target\":[\"https:\\\/\\\/requinerope.dk\\\/shop\\\/tov-med-karabinhage-slim\\\/\"]}]},{\"@type\":\"ImageObject\",\"inLanguage\":\"en-GB\",\"@id\":\"https:\\\/\\\/requinerope.dk\\\/shop\\\/tov-med-karabinhage-slim\\\/#primaryimage\",\"url\":\"https:\\\/\\\/requinerope.dk\\\/wp-content\\\/uploads\\\/2022\\\/03\\\/IMG_7343-2-scaled-e1651505932842.jpg\",\"contentUrl\":\"https:\\\/\\\/requinerope.dk\\\/wp-content\\\/uploads\\\/2022\\\/03\\\/IMG_7343-2-scaled-e1651505932842.jpg\",\"width\":1000,\"height\":1000},{\"@type\":\"BreadcrumbList\",\"@id\":\"https:\\\/\\\/requinerope.dk\\\/shop\\\/tov-med-karabinhage-slim\\\/#breadcrumb\",\"itemListElement\":[{\"@type\":\"ListItem\",\"position\":1,\"name\":\"Hjem\",\"item\":\"https:\\\/\\\/requinerope.dk\\\/\"},{\"@type\":\"ListItem\",\"position\":2,\"name\":\"Shop\",\"item\":\"https:\\\/\\\/requinerope.dk\\\/en\\\/shop-2\\\/\"},{\"@type\":\"ListItem\",\"position\":3,\"name\":\"Tov med Karabinhage \u2014 Slim\"}]},{\"@type\":\"WebSite\",\"@id\":\"https:\\\/\\\/requinerope.dk\\\/en\\\/#website\",\"url\":\"https:\\\/\\\/requinerope.dk\\\/en\\\/\",\"name\":\"Requine Rope\",\"description\":\"B\u00e6redygtigt rebudstyr til hest &amp; hund\",\"publisher\":{\"@id\":\"https:\\\/\\\/requinerope.dk\\\/en\\\/#organization\"},\"potentialAction\":[{\"@type\":\"SearchAction\",\"target\":{\"@type\":\"EntryPoint\",\"urlTemplate\":\"https:\\\/\\\/requinerope.dk\\\/en\\\/?s={search_term_string}\"},\"query-input\":{\"@type\":\"PropertyValueSpecification\",\"valueRequired\":true,\"valueName\":\"search_term_string\"}}],\"inLanguage\":\"en-GB\"},{\"@type\":\"Organization\",\"@id\":\"https:\\\/\\\/requinerope.dk\\\/en\\\/#organization\",\"name\":\"Requine Rope\",\"url\":\"https:\\\/\\\/requinerope.dk\\\/en\\\/\",\"logo\":{\"@type\":\"ImageObject\",\"inLanguage\":\"en-GB\",\"@id\":\"https:\\\/\\\/requinerope.dk\\\/en\\\/#\\\/schema\\\/logo\\\/image\\\/\",\"url\":\"https:\\\/\\\/requinerope.dk\\\/wp-content\\\/uploads\\\/2021\\\/09\\\/logo-m-baggrund-modified.png\",\"contentUrl\":\"https:\\\/\\\/requinerope.dk\\\/wp-content\\\/uploads\\\/2021\\\/09\\\/logo-m-baggrund-modified.png\",\"width\":993,\"height\":993,\"caption\":\"Requine Rope\"},\"image\":{\"@id\":\"https:\\\/\\\/requinerope.dk\\\/en\\\/#\\\/schema\\\/logo\\\/image\\\/\"},\"sameAs\":[\"https:\\\/\\\/www.facebook.com\\\/requinerope\",\"https:\\\/\\\/www.instagram.com\\\/requinerope\",\"https:\\\/\\\/www.pinterest.dk\\\/requinerope\"]}]}<\/script>\n<!-- \/ Yoast SEO plugin. -->","yoast_head_json":{"title":"B\u00e6redygtigt Tov med Karabinhage \u2014 Slim | Requine Rope","description":"B\u00e6redygtigt tov med karabinhage - slim af 100% genanvendt reb. Tovet kan bruges b\u00e5de til jordarbejde, g\u00e5ture og kan endda bindes til t\u00f8jler!","robots":{"index":"index","follow":"follow","max-snippet":"max-snippet:-1","max-image-preview":"max-image-preview:large","max-video-preview":"max-video-preview:-1"},"canonical":"https:\/\/requinerope.dk\/en\/shop\/tov-med-karabinhage-slim\/","og_locale":"en_GB","og_type":"article","og_title":"B\u00e6redygtigt Tov med Karabinhage \u2014 Slim | Requine Rope","og_description":"B\u00e6redygtigt tov med karabinhage - slim af 100% genanvendt reb. Tovet kan bruges b\u00e5de til jordarbejde, g\u00e5ture og kan endda bindes til t\u00f8jler!","og_url":"https:\/\/requinerope.dk\/en\/shop\/tov-med-karabinhage-slim\/","og_site_name":"Requine Rope","article_publisher":"https:\/\/www.facebook.com\/requinerope","article_modified_time":"2026-03-02T09:01:38+00:00","og_image":[{"width":1000,"height":1000,"url":"https:\/\/requinerope.dk\/wp-content\/uploads\/2022\/03\/IMG_7343-2-scaled-e1651505932842.jpg","type":"image\/jpeg"}],"twitter_card":"summary_large_image","twitter_misc":{"Estimated reading time":"3 minutes"},"schema":{"@context":"https:\/\/schema.org","@graph":[{"@type":"WebPage","@id":"https:\/\/requinerope.dk\/shop\/tov-med-karabinhage-slim\/","url":"https:\/\/requinerope.dk\/shop\/tov-med-karabinhage-slim\/","name":"B\u00e6redygtigt Tov med Karabinhage \u2014 Slim | Requine Rope","isPartOf":{"@id":"https:\/\/requinerope.dk\/en\/#website"},"primaryImageOfPage":{"@id":"https:\/\/requinerope.dk\/shop\/tov-med-karabinhage-slim\/#primaryimage"},"image":{"@id":"https:\/\/requinerope.dk\/shop\/tov-med-karabinhage-slim\/#primaryimage"},"thumbnailUrl":"https:\/\/requinerope.dk\/wp-content\/uploads\/2022\/03\/IMG_7343-2-scaled-e1651505932842.jpg","datePublished":"2022-03-25T10:00:30+00:00","dateModified":"2026-03-02T09:01:38+00:00","description":"B\u00e6redygtigt tov med karabinhage - slim af 100% genanvendt reb. Tovet kan bruges b\u00e5de til jordarbejde, g\u00e5ture og kan endda bindes til t\u00f8jler!","breadcrumb":{"@id":"https:\/\/requinerope.dk\/shop\/tov-med-karabinhage-slim\/#breadcrumb"},"inLanguage":"en-GB","potentialAction":[{"@type":"ReadAction","target":["https:\/\/requinerope.dk\/shop\/tov-med-karabinhage-slim\/"]}]},{"@type":"ImageObject","inLanguage":"en-GB","@id":"https:\/\/requinerope.dk\/shop\/tov-med-karabinhage-slim\/#primaryimage","url":"https:\/\/requinerope.dk\/wp-content\/uploads\/2022\/03\/IMG_7343-2-scaled-e1651505932842.jpg","contentUrl":"https:\/\/requinerope.dk\/wp-content\/uploads\/2022\/03\/IMG_7343-2-scaled-e1651505932842.jpg","width":1000,"height":1000},{"@type":"BreadcrumbList","@id":"https:\/\/requinerope.dk\/shop\/tov-med-karabinhage-slim\/#breadcrumb","itemListElement":[{"@type":"ListItem","position":1,"name":"Hjem","item":"https:\/\/requinerope.dk\/"},{"@type":"ListItem","position":2,"name":"Shop","item":"https:\/\/requinerope.dk\/en\/shop-2\/"},{"@type":"ListItem","position":3,"name":"Tov med Karabinhage \u2014 Slim"}]},{"@type":"WebSite","@id":"https:\/\/requinerope.dk\/en\/#website","url":"https:\/\/requinerope.dk\/en\/","name":"Requine Rope","description":"Sustainable rope equipment for horse &amp; dog","publisher":{"@id":"https:\/\/requinerope.dk\/en\/#organization"},"potentialAction":[{"@type":"SearchAction","target":{"@type":"EntryPoint","urlTemplate":"https:\/\/requinerope.dk\/en\/?s={search_term_string}"},"query-input":{"@type":"PropertyValueSpecification","valueRequired":true,"valueName":"search_term_string"}}],"inLanguage":"en-GB"},{"@type":"Organization","@id":"https:\/\/requinerope.dk\/en\/#organization","name":"Requine Rope","url":"https:\/\/requinerope.dk\/en\/","logo":{"@type":"ImageObject","inLanguage":"en-GB","@id":"https:\/\/requinerope.dk\/en\/#\/schema\/logo\/image\/","url":"https:\/\/requinerope.dk\/wp-content\/uploads\/2021\/09\/logo-m-baggrund-modified.png","contentUrl":"https:\/\/requinerope.dk\/wp-content\/uploads\/2021\/09\/logo-m-baggrund-modified.png","width":993,"height":993,"caption":"Requine Rope"},"image":{"@id":"https:\/\/requinerope.dk\/en\/#\/schema\/logo\/image\/"},"sameAs":["https:\/\/www.facebook.com\/requinerope","https:\/\/www.instagram.com\/requinerope","https:\/\/www.pinterest.dk\/requinerope"]}]}},"jetpack_sharing_enabled":true,"_links":{"self":[{"href":"https:\/\/requinerope.dk\/en\/wp-json\/wp\/v2\/product\/7671","targetHints":{"allow":["GET"]}}],"collection":[{"href":"https:\/\/requinerope.dk\/en\/wp-json\/wp\/v2\/product"}],"about":[{"href":"https:\/\/requinerope.dk\/en\/wp-json\/wp\/v2\/types\/product"}],"wp:featuredmedia":[{"embeddable":true,"href":"https:\/\/requinerope.dk\/en\/wp-json\/wp\/v2\/media\/8500"}],"wp:attachment":[{"href":"https:\/\/requinerope.dk\/en\/wp-json\/wp\/v2\/media?parent=7671"}],"wp:term":[{"taxonomy":"product_brand","embeddable":true,"href":"https:\/\/requinerope.dk\/en\/wp-json\/wp\/v2\/product_brand?post=7671"},{"taxonomy":"product_cat","embeddable":true,"href":"https:\/\/requinerope.dk\/en\/wp-json\/wp\/v2\/product_cat?post=7671"},{"taxonomy":"product_tag","embeddable":true,"href":"https:\/\/requinerope.dk\/en\/wp-json\/wp\/v2\/product_tag?post=7671"}],"curies":[{"name":"wp","href":"https:\/\/api.w.org\/{rel}","templated":true}]}}