{"id":7602,"date":"2023-02-18T15:46:35","date_gmt":"2023-02-18T15:46:35","guid":{"rendered":"https:\/\/requinerope.dk\/?post_type=product&#038;p=7602"},"modified":"2026-03-02T09:01:37","modified_gmt":"2026-03-02T09:01:37","slug":"design-selv-toejler","status":"publish","type":"product","link":"https:\/\/requinerope.dk\/en\/shop\/design-selv-toejler\/","title":{"rendered":"Design It \u2014 Reins"},"content":{"rendered":"<p><em>Design your own sustainable reins<\/em><\/p>\n<p>Welcome to <em>Design It<\/em>, where you can let you imagination run free to create a truly unique pair of reins!<\/p>\n<p>&nbsp;<\/p>\n<p>Tap through the different options to build your reins. In the following is a walk-through of each step:<\/p>\n<p>&nbsp;<\/p>\n<p><strong>1. <\/strong>The first thing to do is choose which model you'd like. The reins are available in 4 models (click on the names to read more):<\/p>\n<p><a href=\"https:\/\/requinerope.dk\/en\/shop\/flade-toejler\/\"><b>Flat reins<\/b><\/a>: Flat rope reins with a width of approx. 15 mm.<\/p>\n<p><a href=\"https:\/\/requinerope.dk\/en\/shop\/runde-toejler\/\"><strong>Round reins<\/strong>:<\/a>\u00a0Round rope reins with a diameter of approx. 10 mm.<\/p>\n<p><a href=\"https:\/\/requinerope.dk\/en\/shop\/luxe-toejler\/\"><strong>Luxe reins<\/strong>:<\/a>\u00a0Flat rope reins with a width of 11 mm and a height of 3 mm; like a classic leather rein in the dimensions.<\/p>\n<p>&nbsp;<\/p>\n<p><strong>2. <\/strong>Now it's time to choose colours. You can choose between the following:<\/p>\n<p>Flat reins: Checkers, Black, Navy, Neon Green, Neon Orange, Red and Beige.<br \/>\nRunde t\u00f8jler: Checkers, Black, Navy, Neon Green, Neon Orange, Red, Beige, Tartan Beige, Pink Mix, Pink, Denim Blue, Yellow og Dark Maroon.<br \/>\nLuxe reins: Black, Dark Maroon and Sky Blue.<\/p>\n<p>Then you have to decide whether the label should be black or white, or if we should choose for you.<\/p>\n<p>&nbsp;<\/p>\n<p><strong>3.<\/strong> Now for the more practical: time to decide the length of your reins.<\/p>\n<p>The standard sizes range from x-mini to xx-full and the measurements are:<\/p>\n<p>X-mini = 1,8 meters<br \/>\nMini = 2 meters<br \/>\nShet = 2,2 meters<br \/>\nPony = 2,4 meters<br \/>\nCob = 2,6 meters<br \/>\nFull = 2,8 meters<br \/>\nX-full = 3 meters<br \/>\nXx-full = 3,2 meters<\/p>\n<p>Length is measured from end to end including snap hooks.<\/p>\n<p>Sizes generally fit the lengths of classic leather and rubber reins. However, since all brands are different, it is recommended to measure a pair of reins you already have and choose the closest size \u2014 then you're sure to get the right size.<\/p>\n<p>If you want custom sized reins, contact us at <a href=\"\/en\/info@requinerope.dk\/\">info@requinerope.dk<\/a>, s\u00e5 finder vi ud af noget (ekstra l\u00e6nge vil blive opkr\u00e6vet et pristill\u00e6g)<\/p>\n<p>&nbsp;<\/p>\n<p><strong>4. <\/strong>You can also add braiding or whipping to your reins to make it a little extra or to add colours!<\/p>\n<p>Braiding and whipping are made on top of the splice by the snaps.<\/p>\n<p>Braiding can be made in 1 or 2 colours, and whipping can be made in 1-3 colours.<\/p>\n<p>It can be made in the following colours: Black, checkers, grey, white, navy, dark maroon, olive, beige, sky blue, red, neon orange, yellow, neon green, pink, arctic, chique, and unicorn, and in just the combination you want!<\/p>\n<p>NB: the rope that chique, unicorn and arctic are made from is a little thinner than the rest of the colours, and will look a little different.<\/p>\n<p>&nbsp;<\/p>\n<p><strong>5. <\/strong>Lastly, you can add some extra details on your reins, the so-called \"diamond knots\", to make it even more special!<\/p>\n<p lang=\"da\">You can add 1-6 diamond knots on each side.<\/p>\n<p lang=\"da\">The knots are made in pairs, i.e. if you choose \"+1\", there'll be made a pair, which is one knot on each side. If you choose \"+6\" there'll be 6 knots on each side, and so on.<\/p>\n<p>The knots can be placed wherever you'd like, if you choose \"adjustable\" OR you can choose to have then sewn on, so they function as stoppers. if you choose this, the knots will be evenly spaced along each rein. See the picture for placement of the knots.<\/p>\n<p>The knots are available in the following colours: Black, checkers, grey, white, navy, dark maroon, olive, beige, sky blue, red, neon orange, yellow, neon green, pink, arctic, chique and unicorn.<\/p>\n<p>NB: the rope that chique, unicorn and arctic are made from is a little thinner than the rest of the colours. Therefore, knots made with these 3 colours will be a bit smaller.<\/p>","protected":false},"excerpt":{"rendered":"<p>Design dine egne b\u00e6redygtige t\u00f8jler Velkommen til Design Selv, stedet hvor du kan udfolde din kreativitet og fantasi for at skabe et par helt unikke t\u00f8jler! &nbsp; G\u00e5 i gennem det forskellige valgmuligheder for at sammens\u00e6tte dine t\u00f8jler. Herunder kommer en gemmengang af hvert skridt: &nbsp; 1. Det f\u00f8rste du skal g\u00f8re er at v\u00e6lge [&hellip;]<\/p>\n","protected":false},"featured_media":11332,"template":"","meta":{"site-sidebar-layout":"default","site-content-layout":"default","ast-site-content-layout":"default","site-content-style":"default","site-sidebar-style":"default","ast-global-header-display":"","ast-banner-title-visibility":"","ast-main-header-display":"","ast-hfb-above-header-display":"","ast-hfb-below-header-display":"","ast-hfb-mobile-header-display":"","site-post-title":"","ast-breadcrumbs-content":"","ast-featured-img":"","footer-sml-layout":"","ast-disable-related-posts":"","theme-transparent-header-meta":"default","adv-header-id-meta":"","stick-header-meta":"","header-above-stick-meta":"","header-main-stick-meta":"","header-below-stick-meta":"","astra-migrate-meta-layouts":"set","ast-page-background-enabled":"default","ast-page-background-meta":{"desktop":{"background-color":"var(--ast-global-color-4)","background-image":"","background-repeat":"repeat","background-position":"center center","background-size":"auto","background-attachment":"scroll","background-type":"","background-media":"","overlay-type":"","overlay-color":"","overlay-opacity":"","overlay-gradient":""},"tablet":{"background-color":"","background-image":"","background-repeat":"repeat","background-position":"center center","background-size":"auto","background-attachment":"scroll","background-type":"","background-media":"","overlay-type":"","overlay-color":"","overlay-opacity":"","overlay-gradient":""},"mobile":{"background-color":"","background-image":"","background-repeat":"repeat","background-position":"center center","background-size":"auto","background-attachment":"scroll","background-type":"","background-media":"","overlay-type":"","overlay-color":"","overlay-opacity":"","overlay-gradient":""}},"ast-content-background-meta":{"desktop":{"background-color":"var(--ast-global-color-5)","background-image":"","background-repeat":"repeat","background-position":"center center","background-size":"auto","background-attachment":"scroll","background-type":"","background-media":"","overlay-type":"","overlay-color":"","overlay-opacity":"","overlay-gradient":""},"tablet":{"background-color":"var(--ast-global-color-5)","background-image":"","background-repeat":"repeat","background-position":"center center","background-size":"auto","background-attachment":"scroll","background-type":"","background-media":"","overlay-type":"","overlay-color":"","overlay-opacity":"","overlay-gradient":""},"mobile":{"background-color":"var(--ast-global-color-5)","background-image":"","background-repeat":"repeat","background-position":"center center","background-size":"auto","background-attachment":"scroll","background-type":"","background-media":"","overlay-type":"","overlay-color":"","overlay-opacity":"","overlay-gradient":""}}},"product_brand":[],"product_cat":[486,488,138],"product_tag":[],"class_list":{"0":"post-7602","1":"product","2":"type-product","3":"status-publish","4":"has-post-thumbnail","6":"product_cat-design-selv","7":"product_cat-toejler-design-selv","8":"product_cat-hest","9":"pa_farve-10-beige","10":"pa_farve-10-black","11":"pa_farve-10-checkers","12":"pa_farve-10-dark-maroon","13":"pa_farve-10-denim-blue","14":"pa_farve-10-navy","15":"pa_farve-10-neon-green","16":"pa_farve-10-neon-orange","17":"pa_farve-10-pink","18":"pa_farve-10-pink-mix","19":"pa_farve-10-red","20":"pa_farve-10-sky-blue","21":"pa_farve-10-tartan-beige","22":"pa_farve-10-yellow","23":"pa_farve-paa-maerket-hvid","24":"pa_farve-paa-maerket-ingen-praeference","25":"pa_farve-paa-maerket-sort","26":"pa_toejlemodel-flade","27":"pa_toejlemodel-luxe","28":"pa_toejlemodel-runde","29":"desktop-align-left","30":"tablet-align-left","31":"mobile-align-left","33":"first","34":"outofstock","35":"taxable","36":"shipping-taxable","37":"purchasable","38":"product-type-variable"},"yoast_head":"<!-- This site is optimized with the Yoast SEO plugin v27.4 - https:\/\/yoast.com\/product\/yoast-seo-wordpress\/ -->\n<title>Design Selv \u2014 T\u00f8jler | Requine Rope<\/title>\n<meta name=\"robots\" content=\"index, follow, max-snippet:-1, max-image-preview:large, max-video-preview:-1\" \/>\n<link rel=\"canonical\" href=\"https:\/\/requinerope.dk\/en\/shop\/design-selv-toejler\/\" \/>\n<meta property=\"og:locale\" content=\"en_GB\" \/>\n<meta property=\"og:type\" content=\"article\" \/>\n<meta property=\"og:title\" content=\"Design Selv \u2014 T\u00f8jler | Requine Rope\" \/>\n<meta property=\"og:description\" content=\"Design dine egne b\u00e6redygtige t\u00f8jler Velkommen til Design Selv, stedet hvor du kan udfolde din kreativitet og fantasi for at skabe et par helt unikke t\u00f8jler! &nbsp; G\u00e5 i gennem det forskellige valgmuligheder for at sammens\u00e6tte dine t\u00f8jler. Herunder kommer en gemmengang af hvert skridt: &nbsp; 1. Det f\u00f8rste du skal g\u00f8re er at v\u00e6lge [&hellip;]\" \/>\n<meta property=\"og:url\" content=\"https:\/\/requinerope.dk\/en\/shop\/design-selv-toejler\/\" \/>\n<meta property=\"og:site_name\" content=\"Requine Rope\" \/>\n<meta property=\"article:publisher\" content=\"https:\/\/www.facebook.com\/requinerope\" \/>\n<meta property=\"article:modified_time\" content=\"2026-03-02T09:01:37+00:00\" \/>\n<meta property=\"og:image\" content=\"https:\/\/requinerope.dk\/wp-content\/uploads\/2023\/04\/DS-toejler.png\" \/>\n\t<meta property=\"og:image:width\" content=\"1080\" \/>\n\t<meta property=\"og:image:height\" content=\"1080\" \/>\n\t<meta property=\"og:image:type\" content=\"image\/png\" \/>\n<meta name=\"twitter:card\" content=\"summary_large_image\" \/>\n<meta name=\"twitter:label1\" content=\"Estimated reading time\" \/>\n\t<meta name=\"twitter:data1\" content=\"4 minutes\" \/>\n<script type=\"application\/ld+json\" class=\"yoast-schema-graph\">{\"@context\":\"https:\\\/\\\/schema.org\",\"@graph\":[{\"@type\":\"WebPage\",\"@id\":\"https:\\\/\\\/requinerope.dk\\\/shop\\\/design-selv-toejler\\\/\",\"url\":\"https:\\\/\\\/requinerope.dk\\\/shop\\\/design-selv-toejler\\\/\",\"name\":\"Design Selv \u2014 T\u00f8jler | Requine Rope\",\"isPartOf\":{\"@id\":\"https:\\\/\\\/requinerope.dk\\\/en\\\/#website\"},\"primaryImageOfPage\":{\"@id\":\"https:\\\/\\\/requinerope.dk\\\/shop\\\/design-selv-toejler\\\/#primaryimage\"},\"image\":{\"@id\":\"https:\\\/\\\/requinerope.dk\\\/shop\\\/design-selv-toejler\\\/#primaryimage\"},\"thumbnailUrl\":\"https:\\\/\\\/requinerope.dk\\\/wp-content\\\/uploads\\\/2023\\\/04\\\/DS-toejler.png\",\"datePublished\":\"2023-02-18T15:46:35+00:00\",\"dateModified\":\"2026-03-02T09:01:37+00:00\",\"breadcrumb\":{\"@id\":\"https:\\\/\\\/requinerope.dk\\\/shop\\\/design-selv-toejler\\\/#breadcrumb\"},\"inLanguage\":\"en-GB\",\"potentialAction\":[{\"@type\":\"ReadAction\",\"target\":[\"https:\\\/\\\/requinerope.dk\\\/shop\\\/design-selv-toejler\\\/\"]}]},{\"@type\":\"ImageObject\",\"inLanguage\":\"en-GB\",\"@id\":\"https:\\\/\\\/requinerope.dk\\\/shop\\\/design-selv-toejler\\\/#primaryimage\",\"url\":\"https:\\\/\\\/requinerope.dk\\\/wp-content\\\/uploads\\\/2023\\\/04\\\/DS-toejler.png\",\"contentUrl\":\"https:\\\/\\\/requinerope.dk\\\/wp-content\\\/uploads\\\/2023\\\/04\\\/DS-toejler.png\",\"width\":1080,\"height\":1080},{\"@type\":\"BreadcrumbList\",\"@id\":\"https:\\\/\\\/requinerope.dk\\\/shop\\\/design-selv-toejler\\\/#breadcrumb\",\"itemListElement\":[{\"@type\":\"ListItem\",\"position\":1,\"name\":\"Hjem\",\"item\":\"https:\\\/\\\/requinerope.dk\\\/\"},{\"@type\":\"ListItem\",\"position\":2,\"name\":\"Shop\",\"item\":\"https:\\\/\\\/requinerope.dk\\\/en\\\/shop-2\\\/\"},{\"@type\":\"ListItem\",\"position\":3,\"name\":\"Design Selv \u2014 T\u00f8jler\"}]},{\"@type\":\"WebSite\",\"@id\":\"https:\\\/\\\/requinerope.dk\\\/en\\\/#website\",\"url\":\"https:\\\/\\\/requinerope.dk\\\/en\\\/\",\"name\":\"Requine Rope\",\"description\":\"B\u00e6redygtigt rebudstyr til hest &amp; hund\",\"publisher\":{\"@id\":\"https:\\\/\\\/requinerope.dk\\\/en\\\/#organization\"},\"potentialAction\":[{\"@type\":\"SearchAction\",\"target\":{\"@type\":\"EntryPoint\",\"urlTemplate\":\"https:\\\/\\\/requinerope.dk\\\/en\\\/?s={search_term_string}\"},\"query-input\":{\"@type\":\"PropertyValueSpecification\",\"valueRequired\":true,\"valueName\":\"search_term_string\"}}],\"inLanguage\":\"en-GB\"},{\"@type\":\"Organization\",\"@id\":\"https:\\\/\\\/requinerope.dk\\\/en\\\/#organization\",\"name\":\"Requine Rope\",\"url\":\"https:\\\/\\\/requinerope.dk\\\/en\\\/\",\"logo\":{\"@type\":\"ImageObject\",\"inLanguage\":\"en-GB\",\"@id\":\"https:\\\/\\\/requinerope.dk\\\/en\\\/#\\\/schema\\\/logo\\\/image\\\/\",\"url\":\"https:\\\/\\\/requinerope.dk\\\/wp-content\\\/uploads\\\/2021\\\/09\\\/logo-m-baggrund-modified.png\",\"contentUrl\":\"https:\\\/\\\/requinerope.dk\\\/wp-content\\\/uploads\\\/2021\\\/09\\\/logo-m-baggrund-modified.png\",\"width\":993,\"height\":993,\"caption\":\"Requine Rope\"},\"image\":{\"@id\":\"https:\\\/\\\/requinerope.dk\\\/en\\\/#\\\/schema\\\/logo\\\/image\\\/\"},\"sameAs\":[\"https:\\\/\\\/www.facebook.com\\\/requinerope\",\"https:\\\/\\\/www.instagram.com\\\/requinerope\",\"https:\\\/\\\/www.pinterest.dk\\\/requinerope\"]}]}<\/script>\n<!-- \/ Yoast SEO plugin. -->","yoast_head_json":{"title":"Design Selv \u2014 T\u00f8jler | Requine Rope","robots":{"index":"index","follow":"follow","max-snippet":"max-snippet:-1","max-image-preview":"max-image-preview:large","max-video-preview":"max-video-preview:-1"},"canonical":"https:\/\/requinerope.dk\/en\/shop\/design-selv-toejler\/","og_locale":"en_GB","og_type":"article","og_title":"Design Selv \u2014 T\u00f8jler | Requine Rope","og_description":"Design dine egne b\u00e6redygtige t\u00f8jler Velkommen til Design Selv, stedet hvor du kan udfolde din kreativitet og fantasi for at skabe et par helt unikke t\u00f8jler! &nbsp; G\u00e5 i gennem det forskellige valgmuligheder for at sammens\u00e6tte dine t\u00f8jler. Herunder kommer en gemmengang af hvert skridt: &nbsp; 1. Det f\u00f8rste du skal g\u00f8re er at v\u00e6lge [&hellip;]","og_url":"https:\/\/requinerope.dk\/en\/shop\/design-selv-toejler\/","og_site_name":"Requine Rope","article_publisher":"https:\/\/www.facebook.com\/requinerope","article_modified_time":"2026-03-02T09:01:37+00:00","og_image":[{"width":1080,"height":1080,"url":"https:\/\/requinerope.dk\/wp-content\/uploads\/2023\/04\/DS-toejler.png","type":"image\/png"}],"twitter_card":"summary_large_image","twitter_misc":{"Estimated reading time":"4 minutes"},"schema":{"@context":"https:\/\/schema.org","@graph":[{"@type":"WebPage","@id":"https:\/\/requinerope.dk\/shop\/design-selv-toejler\/","url":"https:\/\/requinerope.dk\/shop\/design-selv-toejler\/","name":"Design Selv \u2014 T\u00f8jler | Requine Rope","isPartOf":{"@id":"https:\/\/requinerope.dk\/en\/#website"},"primaryImageOfPage":{"@id":"https:\/\/requinerope.dk\/shop\/design-selv-toejler\/#primaryimage"},"image":{"@id":"https:\/\/requinerope.dk\/shop\/design-selv-toejler\/#primaryimage"},"thumbnailUrl":"https:\/\/requinerope.dk\/wp-content\/uploads\/2023\/04\/DS-toejler.png","datePublished":"2023-02-18T15:46:35+00:00","dateModified":"2026-03-02T09:01:37+00:00","breadcrumb":{"@id":"https:\/\/requinerope.dk\/shop\/design-selv-toejler\/#breadcrumb"},"inLanguage":"en-GB","potentialAction":[{"@type":"ReadAction","target":["https:\/\/requinerope.dk\/shop\/design-selv-toejler\/"]}]},{"@type":"ImageObject","inLanguage":"en-GB","@id":"https:\/\/requinerope.dk\/shop\/design-selv-toejler\/#primaryimage","url":"https:\/\/requinerope.dk\/wp-content\/uploads\/2023\/04\/DS-toejler.png","contentUrl":"https:\/\/requinerope.dk\/wp-content\/uploads\/2023\/04\/DS-toejler.png","width":1080,"height":1080},{"@type":"BreadcrumbList","@id":"https:\/\/requinerope.dk\/shop\/design-selv-toejler\/#breadcrumb","itemListElement":[{"@type":"ListItem","position":1,"name":"Hjem","item":"https:\/\/requinerope.dk\/"},{"@type":"ListItem","position":2,"name":"Shop","item":"https:\/\/requinerope.dk\/en\/shop-2\/"},{"@type":"ListItem","position":3,"name":"Design Selv \u2014 T\u00f8jler"}]},{"@type":"WebSite","@id":"https:\/\/requinerope.dk\/en\/#website","url":"https:\/\/requinerope.dk\/en\/","name":"Requine Rope","description":"Sustainable rope equipment for horse &amp; dog","publisher":{"@id":"https:\/\/requinerope.dk\/en\/#organization"},"potentialAction":[{"@type":"SearchAction","target":{"@type":"EntryPoint","urlTemplate":"https:\/\/requinerope.dk\/en\/?s={search_term_string}"},"query-input":{"@type":"PropertyValueSpecification","valueRequired":true,"valueName":"search_term_string"}}],"inLanguage":"en-GB"},{"@type":"Organization","@id":"https:\/\/requinerope.dk\/en\/#organization","name":"Requine Rope","url":"https:\/\/requinerope.dk\/en\/","logo":{"@type":"ImageObject","inLanguage":"en-GB","@id":"https:\/\/requinerope.dk\/en\/#\/schema\/logo\/image\/","url":"https:\/\/requinerope.dk\/wp-content\/uploads\/2021\/09\/logo-m-baggrund-modified.png","contentUrl":"https:\/\/requinerope.dk\/wp-content\/uploads\/2021\/09\/logo-m-baggrund-modified.png","width":993,"height":993,"caption":"Requine Rope"},"image":{"@id":"https:\/\/requinerope.dk\/en\/#\/schema\/logo\/image\/"},"sameAs":["https:\/\/www.facebook.com\/requinerope","https:\/\/www.instagram.com\/requinerope","https:\/\/www.pinterest.dk\/requinerope"]}]}},"jetpack_sharing_enabled":true,"_links":{"self":[{"href":"https:\/\/requinerope.dk\/en\/wp-json\/wp\/v2\/product\/7602","targetHints":{"allow":["GET"]}}],"collection":[{"href":"https:\/\/requinerope.dk\/en\/wp-json\/wp\/v2\/product"}],"about":[{"href":"https:\/\/requinerope.dk\/en\/wp-json\/wp\/v2\/types\/product"}],"wp:featuredmedia":[{"embeddable":true,"href":"https:\/\/requinerope.dk\/en\/wp-json\/wp\/v2\/media\/11332"}],"wp:attachment":[{"href":"https:\/\/requinerope.dk\/en\/wp-json\/wp\/v2\/media?parent=7602"}],"wp:term":[{"taxonomy":"product_brand","embeddable":true,"href":"https:\/\/requinerope.dk\/en\/wp-json\/wp\/v2\/product_brand?post=7602"},{"taxonomy":"product_cat","embeddable":true,"href":"https:\/\/requinerope.dk\/en\/wp-json\/wp\/v2\/product_cat?post=7602"},{"taxonomy":"product_tag","embeddable":true,"href":"https:\/\/requinerope.dk\/en\/wp-json\/wp\/v2\/product_tag?post=7602"}],"curies":[{"name":"wp","href":"https:\/\/api.w.org\/{rel}","templated":true}]}}