{"id":72,"date":"2021-09-13T10:14:11","date_gmt":"2021-09-13T10:14:11","guid":{"rendered":"http:\/\/requinerope.dk\/index.php\/vare\/v-neck-t-shirt\/"},"modified":"2026-03-02T09:02:11","modified_gmt":"2026-03-02T09:02:11","slug":"rebgrime","status":"publish","type":"product","link":"https:\/\/requinerope.dk\/en\/shop\/rebgrime\/","title":{"rendered":"Rope Halter"},"content":{"rendered":"<p><em>Sustainable simple rope halter<\/em><\/p>\n<p>Do you want a unique rope halter with even more beautiful details? Then you can design your own rope halter right <a href=\"https:\/\/requinerope.dk\/en\/shop\/design-selv-rebgrime\/\">here<\/a>!<\/p>\n<p>&nbsp;<\/p>\n<p>The rope halter as you know it: simple, no rings, and with a fiador knot for attaching a lead rope.<\/p>\n<p>The rope halter can be used both from the ground and the back, and is a training tool used by many great trainers and riders. It gives more precise signals than a normal halter, is easy to adjust, and sits better on the horse's head without sliding around (assuming the size is right.)<\/p>\n<p>&nbsp;<\/p>\n<p>Rope halters from Requine Rope is made from high quality rope which \u2014 of course \u2014 is 100% recycled.<\/p>\n<p>&nbsp;<\/p>\n<p>There are two types of rope: soft and stiff.<\/p>\n<p>The <strong>soft<\/strong> rope has a thick core and the cover is 16 strand braided. That makes the rope very soft and flexible.<br \/>\nThe <strong>stiff<\/strong> rope has a thinner core and the cover is 32 strand braided. That makes the rope stiffer (but not very stiff!) and it holds its shape better.<\/p>\n<p>&nbsp;<\/p>\n<p>Det bl\u00f8de reb kan f\u00e5s i f\u00f8lgende farver: Checkers, Black, Olive, Dark Maroon, Navy, Ocean, Sky Blue, Neon Green, Yellow, Neon Orange, Red, Candy Cane, Pink og Beige.<br \/>\nThe stiff rope is available in the following colours: Black, Denim Blue, Neon Green, Yellow, Neon Orange, Red, Pink and Beige.<\/p>\n<p>&nbsp;<\/p>\n<p>All colours with the same names have the same colour in real life. Colours on the pictures can vary depending on the screen, so we cannot guarantee that the colour you see on your screen is the exact same as in real life.<\/p>\n<p>&nbsp;<\/p>\n<p><!--more--><\/p>\n<p>&nbsp;<\/p>\n<p>Look at and read more about the different colours for rope halters at\u00a0<a href=\"https:\/\/requinerope.dk\/en\/om\/farver\/\">colours<\/a>.<\/p>\n<p>Available in the standard sizes x-mini to xx-full. (Se also <a href=\"https:\/\/requinerope.dk\/en\/om\/stoerrelsesguide\/\">the size guide<\/a>)<br \/>\nIf you want custom sizes, contact us on <a href=\"\/en\/info@requinerope.dk\/\">info@requinerope.dk<\/a><\/p>","protected":false},"excerpt":{"rendered":"<p>B\u00e6redygtig simpel rebgrime Vil du have en unik rebgrime med flere smukke detaljer? S\u00e5 kan du designe din egen rebgrime lige her! &nbsp; Rebgrimen som du kender den: simpel, ingen ringe og med fiadorknude til at fasts\u00e6tte et tov. Rebgrimen kan bruges b\u00e5de fra jorden og ryggen, og er et tr\u00e6ningsredskab som bruges af mange [&hellip;]<\/p>\n","protected":false},"featured_media":11389,"template":"","meta":{"site-sidebar-layout":"default","site-content-layout":"default","ast-site-content-layout":"default","site-content-style":"default","site-sidebar-style":"default","ast-global-header-display":"","ast-banner-title-visibility":"","ast-main-header-display":"","ast-hfb-above-header-display":"","ast-hfb-below-header-display":"","ast-hfb-mobile-header-display":"","site-post-title":"","ast-breadcrumbs-content":"","ast-featured-img":"","footer-sml-layout":"","ast-disable-related-posts":"","theme-transparent-header-meta":"default","adv-header-id-meta":"","stick-header-meta":"","header-above-stick-meta":"","header-main-stick-meta":"","header-below-stick-meta":"","astra-migrate-meta-layouts":"set","ast-page-background-enabled":"default","ast-page-background-meta":{"desktop":{"background-color":"var(--ast-global-color-4)","background-image":"","background-repeat":"repeat","background-position":"center center","background-size":"auto","background-attachment":"scroll","background-type":"","background-media":"","overlay-type":"","overlay-color":"","overlay-opacity":"","overlay-gradient":""},"tablet":{"background-color":"","background-image":"","background-repeat":"repeat","background-position":"center center","background-size":"auto","background-attachment":"scroll","background-type":"","background-media":"","overlay-type":"","overlay-color":"","overlay-opacity":"","overlay-gradient":""},"mobile":{"background-color":"","background-image":"","background-repeat":"repeat","background-position":"center center","background-size":"auto","background-attachment":"scroll","background-type":"","background-media":"","overlay-type":"","overlay-color":"","overlay-opacity":"","overlay-gradient":""}},"ast-content-background-meta":{"desktop":{"background-color":"var(--ast-global-color-5)","background-image":"","background-repeat":"repeat","background-position":"center center","background-size":"auto","background-attachment":"scroll","background-type":"","background-media":"","overlay-type":"","overlay-color":"","overlay-opacity":"","overlay-gradient":""},"tablet":{"background-color":"var(--ast-global-color-5)","background-image":"","background-repeat":"repeat","background-position":"center center","background-size":"auto","background-attachment":"scroll","background-type":"","background-media":"","overlay-type":"","overlay-color":"","overlay-opacity":"","overlay-gradient":""},"mobile":{"background-color":"var(--ast-global-color-5)","background-image":"","background-repeat":"repeat","background-position":"center center","background-size":"auto","background-attachment":"scroll","background-type":"","background-media":"","overlay-type":"","overlay-color":"","overlay-opacity":"","overlay-gradient":""}}},"product_brand":[],"product_cat":[44],"product_tag":[],"class_list":{"0":"post-72","1":"product","2":"type-product","3":"status-publish","4":"has-post-thumbnail","6":"product_cat-rebgrimer","7":"pa_farve-beige","8":"pa_farve-black","9":"pa_farve-candy-cane","10":"pa_farve-checkers","11":"pa_farve-dark-maroon","12":"pa_farve-denim-blue","13":"pa_farve-navy","14":"pa_farve-neon-green","15":"pa_farve-neon-orange","16":"pa_farve-ocean","17":"pa_farve-olive","18":"pa_farve-pink","19":"pa_farve-red","20":"pa_farve-sky-blue","21":"pa_farve-yellow","22":"pa_farve-paa-maerket-hvid","23":"pa_farve-paa-maerket-ingen-praeference","24":"pa_farve-paa-maerket-sort","25":"pa_stoerrelse-cob","26":"pa_stoerrelse-full","27":"pa_stoerrelse-mini","28":"pa_stoerrelse-pony","29":"pa_stoerrelse-shet","30":"pa_stoerrelse-x-full","31":"pa_stoerrelse-x-mini","32":"pa_stoerrelse-xx-full","33":"pa_type-reb-bloedt","34":"pa_type-reb-stift","35":"desktop-align-left","36":"tablet-align-left","37":"mobile-align-left","39":"first","40":"outofstock","41":"taxable","42":"shipping-taxable","43":"purchasable","44":"product-type-variable"},"yoast_head":"<!-- This site is optimized with the Yoast SEO plugin v27.4 - https:\/\/yoast.com\/product\/yoast-seo-wordpress\/ -->\n<title>B\u00e6redygtig Rebgrime | Requine Rope<\/title>\n<meta name=\"description\" content=\"B\u00e6redygtig rebgrime af 100% genanvendt reb. Rebgrimen kan bruges b\u00e5de fra jorden og ryggen, og er et tr\u00e6ningsredskab som bruges af mange dygtige tr\u00e6nere og ryttere.\" \/>\n<meta name=\"robots\" content=\"index, follow, max-snippet:-1, max-image-preview:large, max-video-preview:-1\" \/>\n<link rel=\"canonical\" href=\"https:\/\/requinerope.dk\/en\/shop\/rebgrime\/\" \/>\n<meta property=\"og:locale\" content=\"en_GB\" \/>\n<meta property=\"og:type\" content=\"article\" \/>\n<meta property=\"og:title\" content=\"B\u00e6redygtig Rebgrime | Requine Rope\" \/>\n<meta property=\"og:description\" content=\"B\u00e6redygtig rebgrime af 100% genanvendt reb. Rebgrimen kan bruges b\u00e5de fra jorden og ryggen, og er et tr\u00e6ningsredskab som bruges af mange dygtige tr\u00e6nere og ryttere.\" \/>\n<meta property=\"og:url\" content=\"https:\/\/requinerope.dk\/en\/shop\/rebgrime\/\" \/>\n<meta property=\"og:site_name\" content=\"Requine Rope\" \/>\n<meta property=\"article:publisher\" content=\"https:\/\/www.facebook.com\/requinerope\" \/>\n<meta property=\"article:modified_time\" content=\"2026-03-02T09:02:11+00:00\" \/>\n<meta property=\"og:image\" content=\"https:\/\/requinerope.dk\/wp-content\/uploads\/2021\/09\/FullSizeRender-34-1.jpg\" \/>\n\t<meta property=\"og:image:width\" content=\"1\" \/>\n\t<meta property=\"og:image:height\" content=\"1\" \/>\n\t<meta property=\"og:image:type\" content=\"image\/jpeg\" \/>\n<meta name=\"twitter:card\" content=\"summary_large_image\" \/>\n<meta name=\"twitter:label1\" content=\"Estimated reading time\" \/>\n\t<meta name=\"twitter:data1\" content=\"2 minutes\" \/>\n<script type=\"application\/ld+json\" class=\"yoast-schema-graph\">{\"@context\":\"https:\\\/\\\/schema.org\",\"@graph\":[{\"@type\":\"WebPage\",\"@id\":\"https:\\\/\\\/requinerope.dk\\\/shop\\\/rebgrime\\\/\",\"url\":\"https:\\\/\\\/requinerope.dk\\\/shop\\\/rebgrime\\\/\",\"name\":\"B\u00e6redygtig Rebgrime | Requine Rope\",\"isPartOf\":{\"@id\":\"https:\\\/\\\/requinerope.dk\\\/en\\\/#website\"},\"primaryImageOfPage\":{\"@id\":\"https:\\\/\\\/requinerope.dk\\\/shop\\\/rebgrime\\\/#primaryimage\"},\"image\":{\"@id\":\"https:\\\/\\\/requinerope.dk\\\/shop\\\/rebgrime\\\/#primaryimage\"},\"thumbnailUrl\":\"https:\\\/\\\/requinerope.dk\\\/wp-content\\\/uploads\\\/2021\\\/09\\\/FullSizeRender-34-1.jpg\",\"datePublished\":\"2021-09-13T10:14:11+00:00\",\"dateModified\":\"2026-03-02T09:02:11+00:00\",\"description\":\"B\u00e6redygtig rebgrime af 100% genanvendt reb. Rebgrimen kan bruges b\u00e5de fra jorden og ryggen, og er et tr\u00e6ningsredskab som bruges af mange dygtige tr\u00e6nere og ryttere.\",\"breadcrumb\":{\"@id\":\"https:\\\/\\\/requinerope.dk\\\/shop\\\/rebgrime\\\/#breadcrumb\"},\"inLanguage\":\"en-GB\",\"potentialAction\":[{\"@type\":\"ReadAction\",\"target\":[\"https:\\\/\\\/requinerope.dk\\\/shop\\\/rebgrime\\\/\"]}]},{\"@type\":\"ImageObject\",\"inLanguage\":\"en-GB\",\"@id\":\"https:\\\/\\\/requinerope.dk\\\/shop\\\/rebgrime\\\/#primaryimage\",\"url\":\"https:\\\/\\\/requinerope.dk\\\/wp-content\\\/uploads\\\/2021\\\/09\\\/FullSizeRender-34-1.jpg\",\"contentUrl\":\"https:\\\/\\\/requinerope.dk\\\/wp-content\\\/uploads\\\/2021\\\/09\\\/FullSizeRender-34-1.jpg\"},{\"@type\":\"BreadcrumbList\",\"@id\":\"https:\\\/\\\/requinerope.dk\\\/shop\\\/rebgrime\\\/#breadcrumb\",\"itemListElement\":[{\"@type\":\"ListItem\",\"position\":1,\"name\":\"Hjem\",\"item\":\"https:\\\/\\\/requinerope.dk\\\/\"},{\"@type\":\"ListItem\",\"position\":2,\"name\":\"Shop\",\"item\":\"https:\\\/\\\/requinerope.dk\\\/en\\\/shop-2\\\/\"},{\"@type\":\"ListItem\",\"position\":3,\"name\":\"Rebgrime\"}]},{\"@type\":\"WebSite\",\"@id\":\"https:\\\/\\\/requinerope.dk\\\/en\\\/#website\",\"url\":\"https:\\\/\\\/requinerope.dk\\\/en\\\/\",\"name\":\"Requine Rope\",\"description\":\"B\u00e6redygtigt rebudstyr til hest &amp; hund\",\"publisher\":{\"@id\":\"https:\\\/\\\/requinerope.dk\\\/en\\\/#organization\"},\"potentialAction\":[{\"@type\":\"SearchAction\",\"target\":{\"@type\":\"EntryPoint\",\"urlTemplate\":\"https:\\\/\\\/requinerope.dk\\\/en\\\/?s={search_term_string}\"},\"query-input\":{\"@type\":\"PropertyValueSpecification\",\"valueRequired\":true,\"valueName\":\"search_term_string\"}}],\"inLanguage\":\"en-GB\"},{\"@type\":\"Organization\",\"@id\":\"https:\\\/\\\/requinerope.dk\\\/en\\\/#organization\",\"name\":\"Requine Rope\",\"url\":\"https:\\\/\\\/requinerope.dk\\\/en\\\/\",\"logo\":{\"@type\":\"ImageObject\",\"inLanguage\":\"en-GB\",\"@id\":\"https:\\\/\\\/requinerope.dk\\\/en\\\/#\\\/schema\\\/logo\\\/image\\\/\",\"url\":\"https:\\\/\\\/requinerope.dk\\\/wp-content\\\/uploads\\\/2021\\\/09\\\/logo-m-baggrund-modified.png\",\"contentUrl\":\"https:\\\/\\\/requinerope.dk\\\/wp-content\\\/uploads\\\/2021\\\/09\\\/logo-m-baggrund-modified.png\",\"width\":993,\"height\":993,\"caption\":\"Requine Rope\"},\"image\":{\"@id\":\"https:\\\/\\\/requinerope.dk\\\/en\\\/#\\\/schema\\\/logo\\\/image\\\/\"},\"sameAs\":[\"https:\\\/\\\/www.facebook.com\\\/requinerope\",\"https:\\\/\\\/www.instagram.com\\\/requinerope\",\"https:\\\/\\\/www.pinterest.dk\\\/requinerope\"]}]}<\/script>\n<!-- \/ Yoast SEO plugin. -->","yoast_head_json":{"title":"B\u00e6redygtig Rebgrime | Requine Rope","description":"B\u00e6redygtig rebgrime af 100% genanvendt reb. Rebgrimen kan bruges b\u00e5de fra jorden og ryggen, og er et tr\u00e6ningsredskab som bruges af mange dygtige tr\u00e6nere og ryttere.","robots":{"index":"index","follow":"follow","max-snippet":"max-snippet:-1","max-image-preview":"max-image-preview:large","max-video-preview":"max-video-preview:-1"},"canonical":"https:\/\/requinerope.dk\/en\/shop\/rebgrime\/","og_locale":"en_GB","og_type":"article","og_title":"B\u00e6redygtig Rebgrime | Requine Rope","og_description":"B\u00e6redygtig rebgrime af 100% genanvendt reb. Rebgrimen kan bruges b\u00e5de fra jorden og ryggen, og er et tr\u00e6ningsredskab som bruges af mange dygtige tr\u00e6nere og ryttere.","og_url":"https:\/\/requinerope.dk\/en\/shop\/rebgrime\/","og_site_name":"Requine Rope","article_publisher":"https:\/\/www.facebook.com\/requinerope","article_modified_time":"2026-03-02T09:02:11+00:00","og_image":[{"url":"https:\/\/requinerope.dk\/wp-content\/uploads\/2021\/09\/FullSizeRender-34-1.jpg","width":1,"height":1,"type":"image\/jpeg"}],"twitter_card":"summary_large_image","twitter_misc":{"Estimated reading time":"2 minutes"},"schema":{"@context":"https:\/\/schema.org","@graph":[{"@type":"WebPage","@id":"https:\/\/requinerope.dk\/shop\/rebgrime\/","url":"https:\/\/requinerope.dk\/shop\/rebgrime\/","name":"B\u00e6redygtig Rebgrime | Requine Rope","isPartOf":{"@id":"https:\/\/requinerope.dk\/en\/#website"},"primaryImageOfPage":{"@id":"https:\/\/requinerope.dk\/shop\/rebgrime\/#primaryimage"},"image":{"@id":"https:\/\/requinerope.dk\/shop\/rebgrime\/#primaryimage"},"thumbnailUrl":"https:\/\/requinerope.dk\/wp-content\/uploads\/2021\/09\/FullSizeRender-34-1.jpg","datePublished":"2021-09-13T10:14:11+00:00","dateModified":"2026-03-02T09:02:11+00:00","description":"B\u00e6redygtig rebgrime af 100% genanvendt reb. Rebgrimen kan bruges b\u00e5de fra jorden og ryggen, og er et tr\u00e6ningsredskab som bruges af mange dygtige tr\u00e6nere og ryttere.","breadcrumb":{"@id":"https:\/\/requinerope.dk\/shop\/rebgrime\/#breadcrumb"},"inLanguage":"en-GB","potentialAction":[{"@type":"ReadAction","target":["https:\/\/requinerope.dk\/shop\/rebgrime\/"]}]},{"@type":"ImageObject","inLanguage":"en-GB","@id":"https:\/\/requinerope.dk\/shop\/rebgrime\/#primaryimage","url":"https:\/\/requinerope.dk\/wp-content\/uploads\/2021\/09\/FullSizeRender-34-1.jpg","contentUrl":"https:\/\/requinerope.dk\/wp-content\/uploads\/2021\/09\/FullSizeRender-34-1.jpg"},{"@type":"BreadcrumbList","@id":"https:\/\/requinerope.dk\/shop\/rebgrime\/#breadcrumb","itemListElement":[{"@type":"ListItem","position":1,"name":"Hjem","item":"https:\/\/requinerope.dk\/"},{"@type":"ListItem","position":2,"name":"Shop","item":"https:\/\/requinerope.dk\/en\/shop-2\/"},{"@type":"ListItem","position":3,"name":"Rebgrime"}]},{"@type":"WebSite","@id":"https:\/\/requinerope.dk\/en\/#website","url":"https:\/\/requinerope.dk\/en\/","name":"Requine Rope","description":"Sustainable rope equipment for horse &amp; dog","publisher":{"@id":"https:\/\/requinerope.dk\/en\/#organization"},"potentialAction":[{"@type":"SearchAction","target":{"@type":"EntryPoint","urlTemplate":"https:\/\/requinerope.dk\/en\/?s={search_term_string}"},"query-input":{"@type":"PropertyValueSpecification","valueRequired":true,"valueName":"search_term_string"}}],"inLanguage":"en-GB"},{"@type":"Organization","@id":"https:\/\/requinerope.dk\/en\/#organization","name":"Requine Rope","url":"https:\/\/requinerope.dk\/en\/","logo":{"@type":"ImageObject","inLanguage":"en-GB","@id":"https:\/\/requinerope.dk\/en\/#\/schema\/logo\/image\/","url":"https:\/\/requinerope.dk\/wp-content\/uploads\/2021\/09\/logo-m-baggrund-modified.png","contentUrl":"https:\/\/requinerope.dk\/wp-content\/uploads\/2021\/09\/logo-m-baggrund-modified.png","width":993,"height":993,"caption":"Requine Rope"},"image":{"@id":"https:\/\/requinerope.dk\/en\/#\/schema\/logo\/image\/"},"sameAs":["https:\/\/www.facebook.com\/requinerope","https:\/\/www.instagram.com\/requinerope","https:\/\/www.pinterest.dk\/requinerope"]}]}},"jetpack_sharing_enabled":true,"_links":{"self":[{"href":"https:\/\/requinerope.dk\/en\/wp-json\/wp\/v2\/product\/72","targetHints":{"allow":["GET"]}}],"collection":[{"href":"https:\/\/requinerope.dk\/en\/wp-json\/wp\/v2\/product"}],"about":[{"href":"https:\/\/requinerope.dk\/en\/wp-json\/wp\/v2\/types\/product"}],"wp:featuredmedia":[{"embeddable":true,"href":"https:\/\/requinerope.dk\/en\/wp-json\/wp\/v2\/media\/11389"}],"wp:attachment":[{"href":"https:\/\/requinerope.dk\/en\/wp-json\/wp\/v2\/media?parent=72"}],"wp:term":[{"taxonomy":"product_brand","embeddable":true,"href":"https:\/\/requinerope.dk\/en\/wp-json\/wp\/v2\/product_brand?post=72"},{"taxonomy":"product_cat","embeddable":true,"href":"https:\/\/requinerope.dk\/en\/wp-json\/wp\/v2\/product_cat?post=72"},{"taxonomy":"product_tag","embeddable":true,"href":"https:\/\/requinerope.dk\/en\/wp-json\/wp\/v2\/product_tag?post=72"}],"curies":[{"name":"wp","href":"https:\/\/api.w.org\/{rel}","templated":true}]}}