{"id":3471,"date":"2021-11-08T18:15:15","date_gmt":"2021-11-08T18:15:15","guid":{"rendered":"https:\/\/requinerope.dk\/?post_type=product&#038;p=3471"},"modified":"2026-03-02T08:59:42","modified_gmt":"2026-03-02T08:59:42","slug":"hundesnor","status":"publish","type":"product","link":"https:\/\/requinerope.dk\/en\/shop\/hundesnor\/","title":{"rendered":"Dog Leash"},"content":{"rendered":"<p><em>Sustainable dog leash<\/em><\/p>\n<p>A standard dog leash with a stainless snap hook at one end and a handle at the other, perfect for any walk with the dog.<\/p>\n<p>But it's not more standard than of course being sustainable; the rope is 100% recycled and the snap hook is made from 100% stainless steel. It's spliced and sewn onto the leash, and that doesn't only look good, but ensures that neither the leash nor the hook breaks!<\/p>\n<p>This leash is available in two standard sizes \u2014 120 cm and 180 cm (measured incl. snap hook and handle). The first picture in the gallery shows the leash in 120 cm, the second shows one in the 180 cm length.<\/p>\n<p>&nbsp;<\/p>\n<p>The leash is made from 10 mm tightly woven quality rope, which has a nice size and fits really well in the hand. However it can be a bit big and heavy for small dogs.<\/p>\n<p>&nbsp;<\/p>\n<p>Leashes from Requine Rope are made from high quality rope which \u2014 of course \u2014 is 100% recycled.<\/p>\n<p>Hundesnoren kan f\u00e5s i to slags reb: normal og smooth. \u201cSmooth\u201d rebet har en glattere overflade end det normale reb.<br \/>\nThe normal rope is available in the colours: Checkers, Black, Navy, Red, Neon Orange, Neon Green and Beige.<br \/>\nThe smooth rope is available in the colours: Tartan Beige, Pink Mix, Pink, Yellow, Dark Maroon, Pink and Denim Blue.<\/p>\n<p>&nbsp;<\/p>\n<p><!--more--><\/p>\n<p>All colours with the same names have the same colour in real life. Colours on the pictures can vary depending on the screen, so it's not guaranteed that the colour you see on your screen is the exact same as in real life.<\/p>\n<p>Se farverne til hundesnorene under <a href=\"https:\/\/requinerope.dk\/en\/om\/farver\/\">colours<\/a>.<\/p>\n<p>If you want special made size or design, write <a href=\"\/en\/info@requinerope.dk\/\">info@requinerope.dk<\/a> or on social media.<\/p>","protected":false},"excerpt":{"rendered":"<p>B\u00e6redygtig hundesnor En helt standard hundesnor med rustfri karabinhage i den ene ende og et h\u00e5ndtag i den anden, perfekt til enhver g\u00e5tur med hunden. Men den er ikke mere standard end at den selvf\u00f8lgelig er b\u00e6redygtig; rebet er nemlig 100% genanvendt, og karabinhagen er lavet af 100% rustfrit st\u00e5l. Den er splejset og syet [&hellip;]<\/p>\n","protected":false},"featured_media":3702,"template":"","meta":{"site-sidebar-layout":"default","site-content-layout":"default","ast-site-content-layout":"default","site-content-style":"default","site-sidebar-style":"default","ast-global-header-display":"","ast-banner-title-visibility":"","ast-main-header-display":"","ast-hfb-above-header-display":"","ast-hfb-below-header-display":"","ast-hfb-mobile-header-display":"","site-post-title":"","ast-breadcrumbs-content":"","ast-featured-img":"","footer-sml-layout":"","ast-disable-related-posts":"","theme-transparent-header-meta":"default","adv-header-id-meta":"","stick-header-meta":"","header-above-stick-meta":"","header-main-stick-meta":"","header-below-stick-meta":"","astra-migrate-meta-layouts":"set","ast-page-background-enabled":"default","ast-page-background-meta":{"desktop":{"background-color":"var(--ast-global-color-4)","background-image":"","background-repeat":"repeat","background-position":"center center","background-size":"auto","background-attachment":"scroll","background-type":"","background-media":"","overlay-type":"","overlay-color":"","overlay-opacity":"","overlay-gradient":""},"tablet":{"background-color":"","background-image":"","background-repeat":"repeat","background-position":"center center","background-size":"auto","background-attachment":"scroll","background-type":"","background-media":"","overlay-type":"","overlay-color":"","overlay-opacity":"","overlay-gradient":""},"mobile":{"background-color":"","background-image":"","background-repeat":"repeat","background-position":"center center","background-size":"auto","background-attachment":"scroll","background-type":"","background-media":"","overlay-type":"","overlay-color":"","overlay-opacity":"","overlay-gradient":""}},"ast-content-background-meta":{"desktop":{"background-color":"var(--ast-global-color-5)","background-image":"","background-repeat":"repeat","background-position":"center center","background-size":"auto","background-attachment":"scroll","background-type":"","background-media":"","overlay-type":"","overlay-color":"","overlay-opacity":"","overlay-gradient":""},"tablet":{"background-color":"var(--ast-global-color-5)","background-image":"","background-repeat":"repeat","background-position":"center center","background-size":"auto","background-attachment":"scroll","background-type":"","background-media":"","overlay-type":"","overlay-color":"","overlay-opacity":"","overlay-gradient":""},"mobile":{"background-color":"var(--ast-global-color-5)","background-image":"","background-repeat":"repeat","background-position":"center center","background-size":"auto","background-attachment":"scroll","background-type":"","background-media":"","overlay-type":"","overlay-color":"","overlay-opacity":"","overlay-gradient":""}}},"product_brand":[],"product_cat":[139,165],"product_tag":[],"class_list":{"0":"post-3471","1":"product","2":"type-product","3":"status-publish","4":"has-post-thumbnail","6":"product_cat-hund","7":"product_cat-hundesnore","8":"pa_farve-10-beige","9":"pa_farve-10-black","10":"pa_farve-10-checkers","11":"pa_farve-10-dark-maroon-2","12":"pa_farve-10-denim-blue","13":"pa_farve-10-navy","14":"pa_farve-10-neon-green","15":"pa_farve-10-neon-orange","16":"pa_farve-10-pink","17":"pa_farve-10-pink-mix","18":"pa_farve-10-red","19":"pa_farve-10-tartan-beige","20":"pa_farve-10-yellow","21":"pa_farve-paa-maerket-hvid","22":"pa_farve-paa-maerket-ingen-praeference","23":"pa_farve-paa-maerket-sort","24":"pa_laengde-hundesnor-120cm","25":"pa_laengde-hundesnor-180cm","26":"desktop-align-left","27":"tablet-align-left","28":"mobile-align-left","30":"first","31":"outofstock","32":"taxable","33":"shipping-taxable","34":"purchasable","35":"product-type-variable"},"yoast_head":"<!-- This site is optimized with the Yoast SEO plugin v27.4 - https:\/\/yoast.com\/product\/yoast-seo-wordpress\/ -->\n<title>B\u00e6redygtig Hundesnor | Requine Rope<\/title>\n<meta name=\"description\" content=\"B\u00e6redygtig hundesnor af 100% genanvendt reb. En helt standard hundesnor med rustfri karabinhage i den ene ende og et h\u00e5ndtag i den anden,\" \/>\n<meta name=\"robots\" content=\"index, follow, max-snippet:-1, max-image-preview:large, max-video-preview:-1\" \/>\n<link rel=\"canonical\" href=\"https:\/\/requinerope.dk\/en\/shop\/hundesnor\/\" \/>\n<meta property=\"og:locale\" content=\"en_GB\" \/>\n<meta property=\"og:type\" content=\"article\" \/>\n<meta property=\"og:title\" content=\"B\u00e6redygtig Hundesnor | Requine Rope\" \/>\n<meta property=\"og:description\" content=\"B\u00e6redygtig hundesnor af 100% genanvendt reb. En helt standard hundesnor med rustfri karabinhage i den ene ende og et h\u00e5ndtag i den anden,\" \/>\n<meta property=\"og:url\" content=\"https:\/\/requinerope.dk\/en\/shop\/hundesnor\/\" \/>\n<meta property=\"og:site_name\" content=\"Requine Rope\" \/>\n<meta property=\"article:publisher\" content=\"https:\/\/www.facebook.com\/requinerope\" \/>\n<meta property=\"article:modified_time\" content=\"2026-03-02T08:59:42+00:00\" \/>\n<meta property=\"og:image\" content=\"https:\/\/requinerope.dk\/wp-content\/uploads\/2021\/09\/FullSizeRender-14-scaled.jpg\" \/>\n\t<meta property=\"og:image:width\" content=\"2560\" \/>\n\t<meta property=\"og:image:height\" content=\"2560\" \/>\n\t<meta property=\"og:image:type\" content=\"image\/jpeg\" \/>\n<meta name=\"twitter:card\" content=\"summary_large_image\" \/>\n<meta name=\"twitter:label1\" content=\"Estimated reading time\" \/>\n\t<meta name=\"twitter:data1\" content=\"2 minutes\" \/>\n<script type=\"application\/ld+json\" class=\"yoast-schema-graph\">{\"@context\":\"https:\\\/\\\/schema.org\",\"@graph\":[{\"@type\":\"WebPage\",\"@id\":\"https:\\\/\\\/requinerope.dk\\\/shop\\\/hundesnor\\\/\",\"url\":\"https:\\\/\\\/requinerope.dk\\\/shop\\\/hundesnor\\\/\",\"name\":\"B\u00e6redygtig Hundesnor | Requine Rope\",\"isPartOf\":{\"@id\":\"https:\\\/\\\/requinerope.dk\\\/en\\\/#website\"},\"primaryImageOfPage\":{\"@id\":\"https:\\\/\\\/requinerope.dk\\\/shop\\\/hundesnor\\\/#primaryimage\"},\"image\":{\"@id\":\"https:\\\/\\\/requinerope.dk\\\/shop\\\/hundesnor\\\/#primaryimage\"},\"thumbnailUrl\":\"https:\\\/\\\/requinerope.dk\\\/wp-content\\\/uploads\\\/2021\\\/09\\\/FullSizeRender-14-scaled.jpg\",\"datePublished\":\"2021-11-08T18:15:15+00:00\",\"dateModified\":\"2026-03-02T08:59:42+00:00\",\"description\":\"B\u00e6redygtig hundesnor af 100% genanvendt reb. En helt standard hundesnor med rustfri karabinhage i den ene ende og et h\u00e5ndtag i den anden,\",\"breadcrumb\":{\"@id\":\"https:\\\/\\\/requinerope.dk\\\/shop\\\/hundesnor\\\/#breadcrumb\"},\"inLanguage\":\"en-GB\",\"potentialAction\":[{\"@type\":\"ReadAction\",\"target\":[\"https:\\\/\\\/requinerope.dk\\\/shop\\\/hundesnor\\\/\"]}]},{\"@type\":\"ImageObject\",\"inLanguage\":\"en-GB\",\"@id\":\"https:\\\/\\\/requinerope.dk\\\/shop\\\/hundesnor\\\/#primaryimage\",\"url\":\"https:\\\/\\\/requinerope.dk\\\/wp-content\\\/uploads\\\/2021\\\/09\\\/FullSizeRender-14-scaled.jpg\",\"contentUrl\":\"https:\\\/\\\/requinerope.dk\\\/wp-content\\\/uploads\\\/2021\\\/09\\\/FullSizeRender-14-scaled.jpg\",\"width\":2560,\"height\":2560,\"caption\":\"neon green hundesnor\"},{\"@type\":\"BreadcrumbList\",\"@id\":\"https:\\\/\\\/requinerope.dk\\\/shop\\\/hundesnor\\\/#breadcrumb\",\"itemListElement\":[{\"@type\":\"ListItem\",\"position\":1,\"name\":\"Hjem\",\"item\":\"https:\\\/\\\/requinerope.dk\\\/\"},{\"@type\":\"ListItem\",\"position\":2,\"name\":\"Shop\",\"item\":\"https:\\\/\\\/requinerope.dk\\\/en\\\/shop-2\\\/\"},{\"@type\":\"ListItem\",\"position\":3,\"name\":\"Hundesnor\"}]},{\"@type\":\"WebSite\",\"@id\":\"https:\\\/\\\/requinerope.dk\\\/en\\\/#website\",\"url\":\"https:\\\/\\\/requinerope.dk\\\/en\\\/\",\"name\":\"Requine Rope\",\"description\":\"B\u00e6redygtigt rebudstyr til hest &amp; hund\",\"publisher\":{\"@id\":\"https:\\\/\\\/requinerope.dk\\\/en\\\/#organization\"},\"potentialAction\":[{\"@type\":\"SearchAction\",\"target\":{\"@type\":\"EntryPoint\",\"urlTemplate\":\"https:\\\/\\\/requinerope.dk\\\/en\\\/?s={search_term_string}\"},\"query-input\":{\"@type\":\"PropertyValueSpecification\",\"valueRequired\":true,\"valueName\":\"search_term_string\"}}],\"inLanguage\":\"en-GB\"},{\"@type\":\"Organization\",\"@id\":\"https:\\\/\\\/requinerope.dk\\\/en\\\/#organization\",\"name\":\"Requine Rope\",\"url\":\"https:\\\/\\\/requinerope.dk\\\/en\\\/\",\"logo\":{\"@type\":\"ImageObject\",\"inLanguage\":\"en-GB\",\"@id\":\"https:\\\/\\\/requinerope.dk\\\/en\\\/#\\\/schema\\\/logo\\\/image\\\/\",\"url\":\"https:\\\/\\\/requinerope.dk\\\/wp-content\\\/uploads\\\/2021\\\/09\\\/logo-m-baggrund-modified.png\",\"contentUrl\":\"https:\\\/\\\/requinerope.dk\\\/wp-content\\\/uploads\\\/2021\\\/09\\\/logo-m-baggrund-modified.png\",\"width\":993,\"height\":993,\"caption\":\"Requine Rope\"},\"image\":{\"@id\":\"https:\\\/\\\/requinerope.dk\\\/en\\\/#\\\/schema\\\/logo\\\/image\\\/\"},\"sameAs\":[\"https:\\\/\\\/www.facebook.com\\\/requinerope\",\"https:\\\/\\\/www.instagram.com\\\/requinerope\",\"https:\\\/\\\/www.pinterest.dk\\\/requinerope\"]}]}<\/script>\n<!-- \/ Yoast SEO plugin. -->","yoast_head_json":{"title":"B\u00e6redygtig Hundesnor | Requine Rope","description":"B\u00e6redygtig hundesnor af 100% genanvendt reb. En helt standard hundesnor med rustfri karabinhage i den ene ende og et h\u00e5ndtag i den anden,","robots":{"index":"index","follow":"follow","max-snippet":"max-snippet:-1","max-image-preview":"max-image-preview:large","max-video-preview":"max-video-preview:-1"},"canonical":"https:\/\/requinerope.dk\/en\/shop\/hundesnor\/","og_locale":"en_GB","og_type":"article","og_title":"B\u00e6redygtig Hundesnor | Requine Rope","og_description":"B\u00e6redygtig hundesnor af 100% genanvendt reb. En helt standard hundesnor med rustfri karabinhage i den ene ende og et h\u00e5ndtag i den anden,","og_url":"https:\/\/requinerope.dk\/en\/shop\/hundesnor\/","og_site_name":"Requine Rope","article_publisher":"https:\/\/www.facebook.com\/requinerope","article_modified_time":"2026-03-02T08:59:42+00:00","og_image":[{"width":2560,"height":2560,"url":"https:\/\/requinerope.dk\/wp-content\/uploads\/2021\/09\/FullSizeRender-14-scaled.jpg","type":"image\/jpeg"}],"twitter_card":"summary_large_image","twitter_misc":{"Estimated reading time":"2 minutes"},"schema":{"@context":"https:\/\/schema.org","@graph":[{"@type":"WebPage","@id":"https:\/\/requinerope.dk\/shop\/hundesnor\/","url":"https:\/\/requinerope.dk\/shop\/hundesnor\/","name":"B\u00e6redygtig Hundesnor | Requine Rope","isPartOf":{"@id":"https:\/\/requinerope.dk\/en\/#website"},"primaryImageOfPage":{"@id":"https:\/\/requinerope.dk\/shop\/hundesnor\/#primaryimage"},"image":{"@id":"https:\/\/requinerope.dk\/shop\/hundesnor\/#primaryimage"},"thumbnailUrl":"https:\/\/requinerope.dk\/wp-content\/uploads\/2021\/09\/FullSizeRender-14-scaled.jpg","datePublished":"2021-11-08T18:15:15+00:00","dateModified":"2026-03-02T08:59:42+00:00","description":"B\u00e6redygtig hundesnor af 100% genanvendt reb. En helt standard hundesnor med rustfri karabinhage i den ene ende og et h\u00e5ndtag i den anden,","breadcrumb":{"@id":"https:\/\/requinerope.dk\/shop\/hundesnor\/#breadcrumb"},"inLanguage":"en-GB","potentialAction":[{"@type":"ReadAction","target":["https:\/\/requinerope.dk\/shop\/hundesnor\/"]}]},{"@type":"ImageObject","inLanguage":"en-GB","@id":"https:\/\/requinerope.dk\/shop\/hundesnor\/#primaryimage","url":"https:\/\/requinerope.dk\/wp-content\/uploads\/2021\/09\/FullSizeRender-14-scaled.jpg","contentUrl":"https:\/\/requinerope.dk\/wp-content\/uploads\/2021\/09\/FullSizeRender-14-scaled.jpg","width":2560,"height":2560,"caption":"neon green hundesnor"},{"@type":"BreadcrumbList","@id":"https:\/\/requinerope.dk\/shop\/hundesnor\/#breadcrumb","itemListElement":[{"@type":"ListItem","position":1,"name":"Hjem","item":"https:\/\/requinerope.dk\/"},{"@type":"ListItem","position":2,"name":"Shop","item":"https:\/\/requinerope.dk\/en\/shop-2\/"},{"@type":"ListItem","position":3,"name":"Hundesnor"}]},{"@type":"WebSite","@id":"https:\/\/requinerope.dk\/en\/#website","url":"https:\/\/requinerope.dk\/en\/","name":"Requine Rope","description":"Sustainable rope equipment for horse &amp; dog","publisher":{"@id":"https:\/\/requinerope.dk\/en\/#organization"},"potentialAction":[{"@type":"SearchAction","target":{"@type":"EntryPoint","urlTemplate":"https:\/\/requinerope.dk\/en\/?s={search_term_string}"},"query-input":{"@type":"PropertyValueSpecification","valueRequired":true,"valueName":"search_term_string"}}],"inLanguage":"en-GB"},{"@type":"Organization","@id":"https:\/\/requinerope.dk\/en\/#organization","name":"Requine Rope","url":"https:\/\/requinerope.dk\/en\/","logo":{"@type":"ImageObject","inLanguage":"en-GB","@id":"https:\/\/requinerope.dk\/en\/#\/schema\/logo\/image\/","url":"https:\/\/requinerope.dk\/wp-content\/uploads\/2021\/09\/logo-m-baggrund-modified.png","contentUrl":"https:\/\/requinerope.dk\/wp-content\/uploads\/2021\/09\/logo-m-baggrund-modified.png","width":993,"height":993,"caption":"Requine Rope"},"image":{"@id":"https:\/\/requinerope.dk\/en\/#\/schema\/logo\/image\/"},"sameAs":["https:\/\/www.facebook.com\/requinerope","https:\/\/www.instagram.com\/requinerope","https:\/\/www.pinterest.dk\/requinerope"]}]}},"jetpack_sharing_enabled":true,"_links":{"self":[{"href":"https:\/\/requinerope.dk\/en\/wp-json\/wp\/v2\/product\/3471","targetHints":{"allow":["GET"]}}],"collection":[{"href":"https:\/\/requinerope.dk\/en\/wp-json\/wp\/v2\/product"}],"about":[{"href":"https:\/\/requinerope.dk\/en\/wp-json\/wp\/v2\/types\/product"}],"wp:featuredmedia":[{"embeddable":true,"href":"https:\/\/requinerope.dk\/en\/wp-json\/wp\/v2\/media\/3702"}],"wp:attachment":[{"href":"https:\/\/requinerope.dk\/en\/wp-json\/wp\/v2\/media?parent=3471"}],"wp:term":[{"taxonomy":"product_brand","embeddable":true,"href":"https:\/\/requinerope.dk\/en\/wp-json\/wp\/v2\/product_brand?post=3471"},{"taxonomy":"product_cat","embeddable":true,"href":"https:\/\/requinerope.dk\/en\/wp-json\/wp\/v2\/product_cat?post=3471"},{"taxonomy":"product_tag","embeddable":true,"href":"https:\/\/requinerope.dk\/en\/wp-json\/wp\/v2\/product_tag?post=3471"}],"curies":[{"name":"wp","href":"https:\/\/api.w.org\/{rel}","templated":true}]}}