{"id":270,"date":"2021-09-23T14:30:46","date_gmt":"2021-09-23T14:30:46","guid":{"rendered":"https:\/\/requinerope.dk\/?post_type=product&#038;p=270"},"modified":"2026-03-02T08:59:43","modified_gmt":"2026-03-02T08:59:43","slug":"justerbar-dressurline","status":"publish","type":"product","link":"https:\/\/requinerope.dk\/en\/shop\/justerbar-dressurline\/","title":{"rendered":"Adjustable Dog Leash"},"content":{"rendered":"<p><em>Sustainable adjustable dog leash<\/em><\/p>\n<p>The adjustable dog leash is a fantastic multi-purpose dog leash, which can be used both short and long with a single click!<\/p>\n<p>Snoren kan f\u00e5s i tre l\u00e6ngder: 2, 2,5 og 3 meter. P\u00e5 billederne er den Tartan Beige snor 2 meter lang, og den Pink Mix er 3 meter lang.<\/p>\n<p>Den best\u00e5r af et enkelt stykke reb, hvor der er splejset en rustfri 76 mm karabinhage i hver ende. Der er monteret en ring ved den ene karabinhage, samt en ring ca. 32 cm fra den anden karabinhage.<\/p>\n<p>Hvis den ene karabinhagen fastg\u00f8res i ringen ved den anden karabinhage, f\u00e5s en kort dobbeltsnor med halv l\u00e6ngde (billede 1)<\/p>\n<p>S\u00e6ttes den i den anden ring, dannes et h\u00e5ndtag og en l\u00e6ngere snor (billede 3 &amp; 4). Denne ring kan dog rykkes, s\u00e5 der kan laves et hhv. st\u00f8rre h\u00e5ndtag og kortere snor, eller mindre h\u00e5ndtag og l\u00e6ngere snor.<\/p>\n<p>Dressurlinen har som standard to ringe. Der kan ogs\u00e5 tilf\u00f8jes ekstra ringe langs snoren (+20 kr pr. stk.), s\u00e5 der er flere indstillingsmuligheder mellem disse to l\u00e6ngder (billede 2). Disse ringe kan ogs\u00e5 flyttes, alt efter hvor man foretr\u00e6kker de skal sidde.<\/p>\n<p>&nbsp;<\/p>\n<p>The length of the leash is measured from end to end including snaps.<\/p>\n<p>Leashes from Requine Rope are made from high quality rope which \u2014 of course \u2014 is 100% recycled.<\/p>\n<p>&nbsp;<\/p>\n<p>The leash is made from 10 mm rope, which has a great width and fits perfectly in the hand. This leash is however\u00a0<em>not<\/em> recommended for smaller dogs, as it's relatively heavy.<\/p>\n<p>&nbsp;<\/p>\n<p>Dressurlinen kan f\u00e5s i to slags reb: normal og smooth. \u201cSmooth\u201d rebet har en glattere overflade end det normale reb.<br \/>\nThe normal rope is available in the colours: Checkers, Black, Navy, Red, Neon Orange, Neon Green and Beige.<br \/>\nThe smooth rope is available in the colours: Tartan Beige, Pink Mix, Pink, Yellow, Dark Maroon, Pink and Denim Blue.<\/p>\n<p><!--more--><\/p>\n<p>&nbsp;<\/p>\n<p>All colours with the same names have the same colour in real life. Colours on the pictures can vary depending on the screen, so it's not guaranteed that the colour you see on your screen is the exact same as in real life.<\/p>\n<p>Se farverne til hundesnorene under <a href=\"https:\/\/requinerope.dk\/en\/om\/farver\/\">colours<\/a>.<\/p>\n<p>If you want special made size or design, write <a href=\"\/en\/info@requinerope.dk\/\">info@requinerope.dk<\/a> or on social media.<\/p>\n<p>&nbsp;<\/p>","protected":false},"excerpt":{"rendered":"<p>B\u00e6redygtig justerbar dressurline Den justerbare dressurline er en fantastisk muliti-purpose hundesnor, der kan bruges b\u00e5de kort og lang med et enkelt klik! Snoren kan f\u00e5s i tre l\u00e6ngder: 2, 2,5 og 3 meter. P\u00e5 billederne er den Tartan Beige snor 2 meter lang, og den Pink Mix er 3 meter lang. Den best\u00e5r af et [&hellip;]<\/p>\n","protected":false},"featured_media":10757,"template":"","meta":{"site-sidebar-layout":"default","site-content-layout":"default","ast-site-content-layout":"default","site-content-style":"default","site-sidebar-style":"default","ast-global-header-display":"","ast-banner-title-visibility":"","ast-main-header-display":"","ast-hfb-above-header-display":"","ast-hfb-below-header-display":"","ast-hfb-mobile-header-display":"","site-post-title":"","ast-breadcrumbs-content":"","ast-featured-img":"","footer-sml-layout":"","ast-disable-related-posts":"","theme-transparent-header-meta":"default","adv-header-id-meta":"","stick-header-meta":"","header-above-stick-meta":"","header-main-stick-meta":"","header-below-stick-meta":"","astra-migrate-meta-layouts":"set","ast-page-background-enabled":"default","ast-page-background-meta":{"desktop":{"background-color":"var(--ast-global-color-4)","background-image":"","background-repeat":"repeat","background-position":"center center","background-size":"auto","background-attachment":"scroll","background-type":"","background-media":"","overlay-type":"","overlay-color":"","overlay-opacity":"","overlay-gradient":""},"tablet":{"background-color":"","background-image":"","background-repeat":"repeat","background-position":"center center","background-size":"auto","background-attachment":"scroll","background-type":"","background-media":"","overlay-type":"","overlay-color":"","overlay-opacity":"","overlay-gradient":""},"mobile":{"background-color":"","background-image":"","background-repeat":"repeat","background-position":"center center","background-size":"auto","background-attachment":"scroll","background-type":"","background-media":"","overlay-type":"","overlay-color":"","overlay-opacity":"","overlay-gradient":""}},"ast-content-background-meta":{"desktop":{"background-color":"var(--ast-global-color-5)","background-image":"","background-repeat":"repeat","background-position":"center center","background-size":"auto","background-attachment":"scroll","background-type":"","background-media":"","overlay-type":"","overlay-color":"","overlay-opacity":"","overlay-gradient":""},"tablet":{"background-color":"var(--ast-global-color-5)","background-image":"","background-repeat":"repeat","background-position":"center center","background-size":"auto","background-attachment":"scroll","background-type":"","background-media":"","overlay-type":"","overlay-color":"","overlay-opacity":"","overlay-gradient":""},"mobile":{"background-color":"var(--ast-global-color-5)","background-image":"","background-repeat":"repeat","background-position":"center center","background-size":"auto","background-attachment":"scroll","background-type":"","background-media":"","overlay-type":"","overlay-color":"","overlay-opacity":"","overlay-gradient":""}}},"product_brand":[],"product_cat":[139,165],"product_tag":[],"class_list":{"0":"post-270","1":"product","2":"type-product","3":"status-publish","4":"has-post-thumbnail","6":"product_cat-hund","7":"product_cat-hundesnore","8":"pa_ekstra-ringe-231","9":"pa_ekstra-ringe-321","10":"pa_ekstra-ringe-322","11":"pa_ekstra-ringe-ingen","12":"pa_farve-10-beige","13":"pa_farve-10-black","14":"pa_farve-10-checkers","15":"pa_farve-10-dark-maroon-2","16":"pa_farve-10-denim-blue","17":"pa_farve-10-navy","18":"pa_farve-10-neon-green","19":"pa_farve-10-neon-orange","20":"pa_farve-10-pink","21":"pa_farve-10-pink-mix","22":"pa_farve-10-red","23":"pa_farve-10-tartan-beige","24":"pa_farve-10-yellow","25":"pa_farve-paa-maerket-hvid","26":"pa_farve-paa-maerket-ingen-praeference","27":"pa_farve-paa-maerket-sort","28":"pa_laengde-hundesnor-2-meter","29":"pa_laengde-hundesnor-2-5-meter","30":"pa_laengde-hundesnor-3-meter","31":"desktop-align-left","32":"tablet-align-left","33":"mobile-align-left","35":"first","36":"outofstock","37":"taxable","38":"shipping-taxable","39":"purchasable","40":"product-type-variable"},"yoast_head":"<!-- This site is optimized with the Yoast SEO plugin v27.4 - https:\/\/yoast.com\/product\/yoast-seo-wordpress\/ -->\n<title>B\u00e6redygtig Justerbar Dressurline | Requine Rope<\/title>\n<meta name=\"description\" content=\"B\u00e6redygtig justerbar dressurline af 100% genanvendt reb. Den justerbare dressurline er en fantastisk muliti-purpose hundesnor,\" \/>\n<meta name=\"robots\" content=\"index, follow, max-snippet:-1, max-image-preview:large, max-video-preview:-1\" \/>\n<link rel=\"canonical\" href=\"https:\/\/requinerope.dk\/en\/shop\/justerbar-dressurline\/\" \/>\n<meta property=\"og:locale\" content=\"en_GB\" \/>\n<meta property=\"og:type\" content=\"article\" \/>\n<meta property=\"og:title\" content=\"B\u00e6redygtig Justerbar Dressurline | Requine Rope\" \/>\n<meta property=\"og:description\" content=\"B\u00e6redygtig justerbar dressurline af 100% genanvendt reb. Den justerbare dressurline er en fantastisk muliti-purpose hundesnor,\" \/>\n<meta property=\"og:url\" content=\"https:\/\/requinerope.dk\/en\/shop\/justerbar-dressurline\/\" \/>\n<meta property=\"og:site_name\" content=\"Requine Rope\" \/>\n<meta property=\"article:publisher\" content=\"https:\/\/www.facebook.com\/requinerope\" \/>\n<meta property=\"article:modified_time\" content=\"2026-03-02T08:59:43+00:00\" \/>\n<meta property=\"og:image\" content=\"https:\/\/requinerope.dk\/wp-content\/uploads\/2021\/11\/IMG_1636-scaled.jpg\" \/>\n\t<meta property=\"og:image:width\" content=\"2560\" \/>\n\t<meta property=\"og:image:height\" content=\"2558\" \/>\n\t<meta property=\"og:image:type\" content=\"image\/jpeg\" \/>\n<meta name=\"twitter:card\" content=\"summary_large_image\" \/>\n<meta name=\"twitter:label1\" content=\"Estimated reading time\" \/>\n\t<meta name=\"twitter:data1\" content=\"3 minutes\" \/>\n<script type=\"application\/ld+json\" class=\"yoast-schema-graph\">{\"@context\":\"https:\\\/\\\/schema.org\",\"@graph\":[{\"@type\":\"WebPage\",\"@id\":\"https:\\\/\\\/requinerope.dk\\\/shop\\\/justerbar-dressurline\\\/\",\"url\":\"https:\\\/\\\/requinerope.dk\\\/shop\\\/justerbar-dressurline\\\/\",\"name\":\"B\u00e6redygtig Justerbar Dressurline | Requine Rope\",\"isPartOf\":{\"@id\":\"https:\\\/\\\/requinerope.dk\\\/en\\\/#website\"},\"primaryImageOfPage\":{\"@id\":\"https:\\\/\\\/requinerope.dk\\\/shop\\\/justerbar-dressurline\\\/#primaryimage\"},\"image\":{\"@id\":\"https:\\\/\\\/requinerope.dk\\\/shop\\\/justerbar-dressurline\\\/#primaryimage\"},\"thumbnailUrl\":\"https:\\\/\\\/requinerope.dk\\\/wp-content\\\/uploads\\\/2021\\\/11\\\/IMG_1636-scaled.jpg\",\"datePublished\":\"2021-09-23T14:30:46+00:00\",\"dateModified\":\"2026-03-02T08:59:43+00:00\",\"description\":\"B\u00e6redygtig justerbar dressurline af 100% genanvendt reb. Den justerbare dressurline er en fantastisk muliti-purpose hundesnor,\",\"breadcrumb\":{\"@id\":\"https:\\\/\\\/requinerope.dk\\\/shop\\\/justerbar-dressurline\\\/#breadcrumb\"},\"inLanguage\":\"en-GB\",\"potentialAction\":[{\"@type\":\"ReadAction\",\"target\":[\"https:\\\/\\\/requinerope.dk\\\/shop\\\/justerbar-dressurline\\\/\"]}]},{\"@type\":\"ImageObject\",\"inLanguage\":\"en-GB\",\"@id\":\"https:\\\/\\\/requinerope.dk\\\/shop\\\/justerbar-dressurline\\\/#primaryimage\",\"url\":\"https:\\\/\\\/requinerope.dk\\\/wp-content\\\/uploads\\\/2021\\\/11\\\/IMG_1636-scaled.jpg\",\"contentUrl\":\"https:\\\/\\\/requinerope.dk\\\/wp-content\\\/uploads\\\/2021\\\/11\\\/IMG_1636-scaled.jpg\",\"width\":2560,\"height\":2558},{\"@type\":\"BreadcrumbList\",\"@id\":\"https:\\\/\\\/requinerope.dk\\\/shop\\\/justerbar-dressurline\\\/#breadcrumb\",\"itemListElement\":[{\"@type\":\"ListItem\",\"position\":1,\"name\":\"Hjem\",\"item\":\"https:\\\/\\\/requinerope.dk\\\/\"},{\"@type\":\"ListItem\",\"position\":2,\"name\":\"Shop\",\"item\":\"https:\\\/\\\/requinerope.dk\\\/en\\\/shop-2\\\/\"},{\"@type\":\"ListItem\",\"position\":3,\"name\":\"Justerbar Dressurline\"}]},{\"@type\":\"WebSite\",\"@id\":\"https:\\\/\\\/requinerope.dk\\\/en\\\/#website\",\"url\":\"https:\\\/\\\/requinerope.dk\\\/en\\\/\",\"name\":\"Requine Rope\",\"description\":\"B\u00e6redygtigt rebudstyr til hest &amp; hund\",\"publisher\":{\"@id\":\"https:\\\/\\\/requinerope.dk\\\/en\\\/#organization\"},\"potentialAction\":[{\"@type\":\"SearchAction\",\"target\":{\"@type\":\"EntryPoint\",\"urlTemplate\":\"https:\\\/\\\/requinerope.dk\\\/en\\\/?s={search_term_string}\"},\"query-input\":{\"@type\":\"PropertyValueSpecification\",\"valueRequired\":true,\"valueName\":\"search_term_string\"}}],\"inLanguage\":\"en-GB\"},{\"@type\":\"Organization\",\"@id\":\"https:\\\/\\\/requinerope.dk\\\/en\\\/#organization\",\"name\":\"Requine Rope\",\"url\":\"https:\\\/\\\/requinerope.dk\\\/en\\\/\",\"logo\":{\"@type\":\"ImageObject\",\"inLanguage\":\"en-GB\",\"@id\":\"https:\\\/\\\/requinerope.dk\\\/en\\\/#\\\/schema\\\/logo\\\/image\\\/\",\"url\":\"https:\\\/\\\/requinerope.dk\\\/wp-content\\\/uploads\\\/2021\\\/09\\\/logo-m-baggrund-modified.png\",\"contentUrl\":\"https:\\\/\\\/requinerope.dk\\\/wp-content\\\/uploads\\\/2021\\\/09\\\/logo-m-baggrund-modified.png\",\"width\":993,\"height\":993,\"caption\":\"Requine Rope\"},\"image\":{\"@id\":\"https:\\\/\\\/requinerope.dk\\\/en\\\/#\\\/schema\\\/logo\\\/image\\\/\"},\"sameAs\":[\"https:\\\/\\\/www.facebook.com\\\/requinerope\",\"https:\\\/\\\/www.instagram.com\\\/requinerope\",\"https:\\\/\\\/www.pinterest.dk\\\/requinerope\"]}]}<\/script>\n<!-- \/ Yoast SEO plugin. -->","yoast_head_json":{"title":"B\u00e6redygtig Justerbar Dressurline | Requine Rope","description":"B\u00e6redygtig justerbar dressurline af 100% genanvendt reb. Den justerbare dressurline er en fantastisk muliti-purpose hundesnor,","robots":{"index":"index","follow":"follow","max-snippet":"max-snippet:-1","max-image-preview":"max-image-preview:large","max-video-preview":"max-video-preview:-1"},"canonical":"https:\/\/requinerope.dk\/en\/shop\/justerbar-dressurline\/","og_locale":"en_GB","og_type":"article","og_title":"B\u00e6redygtig Justerbar Dressurline | Requine Rope","og_description":"B\u00e6redygtig justerbar dressurline af 100% genanvendt reb. Den justerbare dressurline er en fantastisk muliti-purpose hundesnor,","og_url":"https:\/\/requinerope.dk\/en\/shop\/justerbar-dressurline\/","og_site_name":"Requine Rope","article_publisher":"https:\/\/www.facebook.com\/requinerope","article_modified_time":"2026-03-02T08:59:43+00:00","og_image":[{"width":2560,"height":2558,"url":"https:\/\/requinerope.dk\/wp-content\/uploads\/2021\/11\/IMG_1636-scaled.jpg","type":"image\/jpeg"}],"twitter_card":"summary_large_image","twitter_misc":{"Estimated reading time":"3 minutes"},"schema":{"@context":"https:\/\/schema.org","@graph":[{"@type":"WebPage","@id":"https:\/\/requinerope.dk\/shop\/justerbar-dressurline\/","url":"https:\/\/requinerope.dk\/shop\/justerbar-dressurline\/","name":"B\u00e6redygtig Justerbar Dressurline | Requine Rope","isPartOf":{"@id":"https:\/\/requinerope.dk\/en\/#website"},"primaryImageOfPage":{"@id":"https:\/\/requinerope.dk\/shop\/justerbar-dressurline\/#primaryimage"},"image":{"@id":"https:\/\/requinerope.dk\/shop\/justerbar-dressurline\/#primaryimage"},"thumbnailUrl":"https:\/\/requinerope.dk\/wp-content\/uploads\/2021\/11\/IMG_1636-scaled.jpg","datePublished":"2021-09-23T14:30:46+00:00","dateModified":"2026-03-02T08:59:43+00:00","description":"B\u00e6redygtig justerbar dressurline af 100% genanvendt reb. Den justerbare dressurline er en fantastisk muliti-purpose hundesnor,","breadcrumb":{"@id":"https:\/\/requinerope.dk\/shop\/justerbar-dressurline\/#breadcrumb"},"inLanguage":"en-GB","potentialAction":[{"@type":"ReadAction","target":["https:\/\/requinerope.dk\/shop\/justerbar-dressurline\/"]}]},{"@type":"ImageObject","inLanguage":"en-GB","@id":"https:\/\/requinerope.dk\/shop\/justerbar-dressurline\/#primaryimage","url":"https:\/\/requinerope.dk\/wp-content\/uploads\/2021\/11\/IMG_1636-scaled.jpg","contentUrl":"https:\/\/requinerope.dk\/wp-content\/uploads\/2021\/11\/IMG_1636-scaled.jpg","width":2560,"height":2558},{"@type":"BreadcrumbList","@id":"https:\/\/requinerope.dk\/shop\/justerbar-dressurline\/#breadcrumb","itemListElement":[{"@type":"ListItem","position":1,"name":"Hjem","item":"https:\/\/requinerope.dk\/"},{"@type":"ListItem","position":2,"name":"Shop","item":"https:\/\/requinerope.dk\/en\/shop-2\/"},{"@type":"ListItem","position":3,"name":"Justerbar Dressurline"}]},{"@type":"WebSite","@id":"https:\/\/requinerope.dk\/en\/#website","url":"https:\/\/requinerope.dk\/en\/","name":"Requine Rope","description":"Sustainable rope equipment for horse &amp; dog","publisher":{"@id":"https:\/\/requinerope.dk\/en\/#organization"},"potentialAction":[{"@type":"SearchAction","target":{"@type":"EntryPoint","urlTemplate":"https:\/\/requinerope.dk\/en\/?s={search_term_string}"},"query-input":{"@type":"PropertyValueSpecification","valueRequired":true,"valueName":"search_term_string"}}],"inLanguage":"en-GB"},{"@type":"Organization","@id":"https:\/\/requinerope.dk\/en\/#organization","name":"Requine Rope","url":"https:\/\/requinerope.dk\/en\/","logo":{"@type":"ImageObject","inLanguage":"en-GB","@id":"https:\/\/requinerope.dk\/en\/#\/schema\/logo\/image\/","url":"https:\/\/requinerope.dk\/wp-content\/uploads\/2021\/09\/logo-m-baggrund-modified.png","contentUrl":"https:\/\/requinerope.dk\/wp-content\/uploads\/2021\/09\/logo-m-baggrund-modified.png","width":993,"height":993,"caption":"Requine Rope"},"image":{"@id":"https:\/\/requinerope.dk\/en\/#\/schema\/logo\/image\/"},"sameAs":["https:\/\/www.facebook.com\/requinerope","https:\/\/www.instagram.com\/requinerope","https:\/\/www.pinterest.dk\/requinerope"]}]}},"jetpack_sharing_enabled":true,"_links":{"self":[{"href":"https:\/\/requinerope.dk\/en\/wp-json\/wp\/v2\/product\/270","targetHints":{"allow":["GET"]}}],"collection":[{"href":"https:\/\/requinerope.dk\/en\/wp-json\/wp\/v2\/product"}],"about":[{"href":"https:\/\/requinerope.dk\/en\/wp-json\/wp\/v2\/types\/product"}],"wp:featuredmedia":[{"embeddable":true,"href":"https:\/\/requinerope.dk\/en\/wp-json\/wp\/v2\/media\/10757"}],"wp:attachment":[{"href":"https:\/\/requinerope.dk\/en\/wp-json\/wp\/v2\/media?parent=270"}],"wp:term":[{"taxonomy":"product_brand","embeddable":true,"href":"https:\/\/requinerope.dk\/en\/wp-json\/wp\/v2\/product_brand?post=270"},{"taxonomy":"product_cat","embeddable":true,"href":"https:\/\/requinerope.dk\/en\/wp-json\/wp\/v2\/product_cat?post=270"},{"taxonomy":"product_tag","embeddable":true,"href":"https:\/\/requinerope.dk\/en\/wp-json\/wp\/v2\/product_tag?post=270"}],"curies":[{"name":"wp","href":"https:\/\/api.w.org\/{rel}","templated":true}]}}