{"id":13292,"date":"2025-11-08T21:06:46","date_gmt":"2025-11-08T21:06:46","guid":{"rendered":"https:\/\/requinerope.dk\/?post_type=product&#038;p=13292"},"modified":"2026-03-01T19:20:48","modified_gmt":"2026-03-01T19:20:48","slug":"julegrime-soft","status":"publish","type":"product","link":"https:\/\/requinerope.dk\/en\/shop\/julegrime-soft\/","title":{"rendered":"Christmas Halter 'Soft'"},"content":{"rendered":"<p><em>B\u00e6redygtig julegrime i designet &#8216;Soft&#8217;<\/em><\/p>\n<p>Er du vild med rebgrimer der har lidt ekstra pynt, men synes det er lidt sv\u00e6rt at komme med id\u00e9er selv? Eller synes du bare generelt det er lidt besv\u00e6rligt at skulle designe en rebgrime helt fra bunden i &#8220;design selv&#8221; kategorien? S\u00e5 er du kommet til det rigtige sted!<\/p>\n<p>Jule-rebgrimen i designet &#8216;Soft&#8217; laves i bl\u00f8dt, Dark Maroon reb og med tyk foring p\u00e5 b\u00e5de n\u00e6seb\u00e5nd og nakkerem i r\u00f8dt reb. Derudover er enderne whippede i r\u00f8dt og hvidt reb og kindstykkerne har dekorative knuder i r\u00f8d og hvid. Den er alts\u00e5 dejlig bl\u00f8d for hesten og total julet! Og du kan selvf\u00f8lgelig v\u00e6lge om du er til den normale slags rebgrime med knuder, en ridegrime der kan bruges b\u00e5de fra ryggen og jorden, eller den eksklusive og super popul\u00e6re knudefri rebgrime. Du v\u00e6lger nemlig selv rebgrimemodel og st\u00f8rrelse, og s\u00e5 laves grimen til dig i netop dette design \u2014 dark maroon, r\u00f8d og hvid er lidt mere nedtonet end <a href=\"https:\/\/requinerope.dk\/en\/shop\/julegrime-zigzag\/\">julegrimen &#8216;ZigZag&#8217;<\/a>, men giver stadig hyggelige julevibes\ud83e\uddd1\u200d\ud83c\udf84<\/p>\n<p>Hvis du mangler et matchende <a href=\"https:\/\/requinerope.dk\/en\/kategori\/hest\/simple-produkter\/tove\/\">tov<\/a> eller par <a href=\"https:\/\/requinerope.dk\/en\/kategori\/hest\/simple-produkter\/toejler\/\">t\u00f8jler<\/a> til grimen, er r\u00f8d det perfekte match for at skrue lidt op for julestemningen. Du kan ogs\u00e5 fx tilf\u00f8je Dark Maroon og\/eller hvide detaljer til r\u00f8de t\u00f8jler eller tove <a href=\"https:\/\/requinerope.dk\/en\/kategori\/hest\/design-selv\/\">here<\/a> for at skabe det ultimative jules\u00e6t!<\/p>\n<p>&nbsp;<\/p>\n<p>Vil du gerne have en grime med et lignende design som denne, men med nogle justeringer? S\u00e5 kan du blot bruge denne grime som inspiration, og designe din egen rebgrime fra bunden <a href=\"https:\/\/requinerope.dk\/en\/kategori\/hest\/design-selv\/rebgrimer-design-selv\/\">here<\/a>. Grimen p\u00e5 billedet er modellen &#8220;Rebgrime&#8221; og har &#8220;Tyk foring&#8221; i farven Red p\u00e5 n\u00e6seb\u00e5nd og nakkerem, whippede ender i farverne White og Red, samt 3 s\u00e6t dekorative knuder i farverne: White, White, Red, Red, White, White.<\/p>\n<p>&nbsp;<\/p>\n<p>Alt reb, sytr\u00e5d, samt m\u00e6rker, er som altid hos Requine Rope 100% genanvendt og af h\u00f8jeste kvalitet, s\u00e5 din grime holder i <em>maaaange<\/em> \u00e5r. D\u00e9t er b\u00e6redygtigt.<\/p>\n<p>&nbsp;<\/p>\n<p>All colours with the same names have the same colour in real life. Colours on the pictures can vary depending on the screen, so it's not guaranteed that the colour you see on your screen is the exact same as in real life.<\/p>\n<p>Available in the standard sizes x-mini to xx-full. (Se also <a href=\"https:\/\/requinerope.dk\/en\/om\/stoerrelsesguide\/\">the size guide<\/a>)<br \/>\nIf you want custom sizes, contact on <a href=\"\/en\/info@requinerope.dk\/\">info@requinerope.dk<\/a><\/p>","protected":false},"excerpt":{"rendered":"<p>B\u00e6redygtig julegrime i designet &#8216;Soft&#8217; Er du vild med rebgrimer der har lidt ekstra pynt, men synes det er lidt sv\u00e6rt at komme med id\u00e9er selv? Eller synes du bare generelt det er lidt besv\u00e6rligt at skulle designe en rebgrime helt fra bunden i &#8220;design selv&#8221; kategorien? S\u00e5 er du kommet til det rigtige sted! [&hellip;]<\/p>\n","protected":false},"featured_media":13289,"template":"","meta":{"site-sidebar-layout":"default","site-content-layout":"","ast-site-content-layout":"default","site-content-style":"default","site-sidebar-style":"default","ast-global-header-display":"","ast-banner-title-visibility":"","ast-main-header-display":"","ast-hfb-above-header-display":"","ast-hfb-below-header-display":"","ast-hfb-mobile-header-display":"","site-post-title":"","ast-breadcrumbs-content":"","ast-featured-img":"","footer-sml-layout":"","ast-disable-related-posts":"","theme-transparent-header-meta":"default","adv-header-id-meta":"","stick-header-meta":"","header-above-stick-meta":"","header-main-stick-meta":"","header-below-stick-meta":"","astra-migrate-meta-layouts":"set","ast-page-background-enabled":"default","ast-page-background-meta":{"desktop":{"background-color":"var(--ast-global-color-4)","background-image":"","background-repeat":"repeat","background-position":"center center","background-size":"auto","background-attachment":"scroll","background-type":"","background-media":"","overlay-type":"","overlay-color":"","overlay-opacity":"","overlay-gradient":""},"tablet":{"background-color":"","background-image":"","background-repeat":"repeat","background-position":"center center","background-size":"auto","background-attachment":"scroll","background-type":"","background-media":"","overlay-type":"","overlay-color":"","overlay-opacity":"","overlay-gradient":""},"mobile":{"background-color":"","background-image":"","background-repeat":"repeat","background-position":"center center","background-size":"auto","background-attachment":"scroll","background-type":"","background-media":"","overlay-type":"","overlay-color":"","overlay-opacity":"","overlay-gradient":""}},"ast-content-background-meta":{"desktop":{"background-color":"var(--ast-global-color-5)","background-image":"","background-repeat":"repeat","background-position":"center center","background-size":"auto","background-attachment":"scroll","background-type":"","background-media":"","overlay-type":"","overlay-color":"","overlay-opacity":"","overlay-gradient":""},"tablet":{"background-color":"var(--ast-global-color-5)","background-image":"","background-repeat":"repeat","background-position":"center center","background-size":"auto","background-attachment":"scroll","background-type":"","background-media":"","overlay-type":"","overlay-color":"","overlay-opacity":"","overlay-gradient":""},"mobile":{"background-color":"var(--ast-global-color-5)","background-image":"","background-repeat":"repeat","background-position":"center center","background-size":"auto","background-attachment":"scroll","background-type":"","background-media":"","overlay-type":"","overlay-color":"","overlay-opacity":"","overlay-gradient":""}}},"product_brand":[],"product_cat":[44],"product_tag":[],"class_list":{"0":"post-13292","1":"product","2":"type-product","3":"status-publish","4":"has-post-thumbnail","6":"product_cat-rebgrimer","7":"pa_stoerrelse-cob","8":"pa_stoerrelse-full","9":"pa_stoerrelse-mini","10":"pa_stoerrelse-pony","11":"pa_stoerrelse-shet","12":"pa_stoerrelse-x-full","13":"pa_stoerrelse-x-mini","14":"pa_stoerrelse-xx-full","15":"desktop-align-left","16":"tablet-align-left","17":"mobile-align-left","19":"first","20":"outofstock","21":"taxable","22":"shipping-taxable","23":"purchasable","24":"product-type-variable"},"yoast_head":"<!-- This site is optimized with the Yoast SEO plugin v27.4 - https:\/\/yoast.com\/product\/yoast-seo-wordpress\/ -->\n<title>Julegrime &#039;Soft&#039; | Requine Rope<\/title>\n<meta name=\"robots\" content=\"index, follow, max-snippet:-1, max-image-preview:large, max-video-preview:-1\" \/>\n<link rel=\"canonical\" href=\"https:\/\/requinerope.dk\/en\/shop\/julegrime-soft\/\" \/>\n<meta property=\"og:locale\" content=\"en_GB\" \/>\n<meta property=\"og:type\" content=\"article\" \/>\n<meta property=\"og:title\" content=\"Julegrime &#039;Soft&#039; | Requine Rope\" \/>\n<meta property=\"og:description\" content=\"B\u00e6redygtig julegrime i designet &#8216;Soft&#8217; Er du vild med rebgrimer der har lidt ekstra pynt, men synes det er lidt sv\u00e6rt at komme med id\u00e9er selv? Eller synes du bare generelt det er lidt besv\u00e6rligt at skulle designe en rebgrime helt fra bunden i &#8220;design selv&#8221; kategorien? S\u00e5 er du kommet til det rigtige sted! [&hellip;]\" \/>\n<meta property=\"og:url\" content=\"https:\/\/requinerope.dk\/en\/shop\/julegrime-soft\/\" \/>\n<meta property=\"og:site_name\" content=\"Requine Rope\" \/>\n<meta property=\"article:publisher\" content=\"https:\/\/www.facebook.com\/requinerope\" \/>\n<meta property=\"article:modified_time\" content=\"2026-03-01T19:20:48+00:00\" \/>\n<meta property=\"og:image\" content=\"https:\/\/requinerope.dk\/wp-content\/uploads\/2025\/11\/18-scaled-e1762634938962.png\" \/>\n\t<meta property=\"og:image:width\" content=\"1000\" \/>\n\t<meta property=\"og:image:height\" content=\"1000\" \/>\n\t<meta property=\"og:image:type\" content=\"image\/png\" \/>\n<meta name=\"twitter:card\" content=\"summary_large_image\" \/>\n<meta name=\"twitter:label1\" content=\"Estimated reading time\" \/>\n\t<meta name=\"twitter:data1\" content=\"3 minutes\" \/>\n<script type=\"application\/ld+json\" class=\"yoast-schema-graph\">{\"@context\":\"https:\\\/\\\/schema.org\",\"@graph\":[{\"@type\":\"WebPage\",\"@id\":\"https:\\\/\\\/requinerope.dk\\\/shop\\\/julegrime-soft\\\/\",\"url\":\"https:\\\/\\\/requinerope.dk\\\/shop\\\/julegrime-soft\\\/\",\"name\":\"Julegrime 'Soft' | Requine Rope\",\"isPartOf\":{\"@id\":\"https:\\\/\\\/requinerope.dk\\\/en\\\/#website\"},\"primaryImageOfPage\":{\"@id\":\"https:\\\/\\\/requinerope.dk\\\/shop\\\/julegrime-soft\\\/#primaryimage\"},\"image\":{\"@id\":\"https:\\\/\\\/requinerope.dk\\\/shop\\\/julegrime-soft\\\/#primaryimage\"},\"thumbnailUrl\":\"https:\\\/\\\/requinerope.dk\\\/wp-content\\\/uploads\\\/2025\\\/11\\\/18-scaled-e1762634938962.png\",\"datePublished\":\"2025-11-08T21:06:46+00:00\",\"dateModified\":\"2026-03-01T19:20:48+00:00\",\"breadcrumb\":{\"@id\":\"https:\\\/\\\/requinerope.dk\\\/shop\\\/julegrime-soft\\\/#breadcrumb\"},\"inLanguage\":\"en-GB\",\"potentialAction\":[{\"@type\":\"ReadAction\",\"target\":[\"https:\\\/\\\/requinerope.dk\\\/shop\\\/julegrime-soft\\\/\"]}]},{\"@type\":\"ImageObject\",\"inLanguage\":\"en-GB\",\"@id\":\"https:\\\/\\\/requinerope.dk\\\/shop\\\/julegrime-soft\\\/#primaryimage\",\"url\":\"https:\\\/\\\/requinerope.dk\\\/wp-content\\\/uploads\\\/2025\\\/11\\\/18-scaled-e1762634938962.png\",\"contentUrl\":\"https:\\\/\\\/requinerope.dk\\\/wp-content\\\/uploads\\\/2025\\\/11\\\/18-scaled-e1762634938962.png\",\"width\":1000,\"height\":1000},{\"@type\":\"BreadcrumbList\",\"@id\":\"https:\\\/\\\/requinerope.dk\\\/shop\\\/julegrime-soft\\\/#breadcrumb\",\"itemListElement\":[{\"@type\":\"ListItem\",\"position\":1,\"name\":\"Hjem\",\"item\":\"https:\\\/\\\/requinerope.dk\\\/\"},{\"@type\":\"ListItem\",\"position\":2,\"name\":\"Shop\",\"item\":\"https:\\\/\\\/requinerope.dk\\\/en\\\/shop-2\\\/\"},{\"@type\":\"ListItem\",\"position\":3,\"name\":\"Julegrime &#8216;Soft&#8217;\"}]},{\"@type\":\"WebSite\",\"@id\":\"https:\\\/\\\/requinerope.dk\\\/en\\\/#website\",\"url\":\"https:\\\/\\\/requinerope.dk\\\/en\\\/\",\"name\":\"Requine Rope\",\"description\":\"B\u00e6redygtigt rebudstyr til hest &amp; hund\",\"publisher\":{\"@id\":\"https:\\\/\\\/requinerope.dk\\\/en\\\/#organization\"},\"potentialAction\":[{\"@type\":\"SearchAction\",\"target\":{\"@type\":\"EntryPoint\",\"urlTemplate\":\"https:\\\/\\\/requinerope.dk\\\/en\\\/?s={search_term_string}\"},\"query-input\":{\"@type\":\"PropertyValueSpecification\",\"valueRequired\":true,\"valueName\":\"search_term_string\"}}],\"inLanguage\":\"en-GB\"},{\"@type\":\"Organization\",\"@id\":\"https:\\\/\\\/requinerope.dk\\\/en\\\/#organization\",\"name\":\"Requine Rope\",\"url\":\"https:\\\/\\\/requinerope.dk\\\/en\\\/\",\"logo\":{\"@type\":\"ImageObject\",\"inLanguage\":\"en-GB\",\"@id\":\"https:\\\/\\\/requinerope.dk\\\/en\\\/#\\\/schema\\\/logo\\\/image\\\/\",\"url\":\"https:\\\/\\\/requinerope.dk\\\/wp-content\\\/uploads\\\/2021\\\/09\\\/logo-m-baggrund-modified.png\",\"contentUrl\":\"https:\\\/\\\/requinerope.dk\\\/wp-content\\\/uploads\\\/2021\\\/09\\\/logo-m-baggrund-modified.png\",\"width\":993,\"height\":993,\"caption\":\"Requine Rope\"},\"image\":{\"@id\":\"https:\\\/\\\/requinerope.dk\\\/en\\\/#\\\/schema\\\/logo\\\/image\\\/\"},\"sameAs\":[\"https:\\\/\\\/www.facebook.com\\\/requinerope\",\"https:\\\/\\\/www.instagram.com\\\/requinerope\",\"https:\\\/\\\/www.pinterest.dk\\\/requinerope\"]}]}<\/script>\n<!-- \/ Yoast SEO plugin. -->","yoast_head_json":{"title":"Julegrime 'Soft' | Requine Rope","robots":{"index":"index","follow":"follow","max-snippet":"max-snippet:-1","max-image-preview":"max-image-preview:large","max-video-preview":"max-video-preview:-1"},"canonical":"https:\/\/requinerope.dk\/en\/shop\/julegrime-soft\/","og_locale":"en_GB","og_type":"article","og_title":"Julegrime 'Soft' | Requine Rope","og_description":"B\u00e6redygtig julegrime i designet &#8216;Soft&#8217; Er du vild med rebgrimer der har lidt ekstra pynt, men synes det er lidt sv\u00e6rt at komme med id\u00e9er selv? Eller synes du bare generelt det er lidt besv\u00e6rligt at skulle designe en rebgrime helt fra bunden i &#8220;design selv&#8221; kategorien? S\u00e5 er du kommet til det rigtige sted! [&hellip;]","og_url":"https:\/\/requinerope.dk\/en\/shop\/julegrime-soft\/","og_site_name":"Requine Rope","article_publisher":"https:\/\/www.facebook.com\/requinerope","article_modified_time":"2026-03-01T19:20:48+00:00","og_image":[{"width":1000,"height":1000,"url":"https:\/\/requinerope.dk\/wp-content\/uploads\/2025\/11\/18-scaled-e1762634938962.png","type":"image\/png"}],"twitter_card":"summary_large_image","twitter_misc":{"Estimated reading time":"3 minutes"},"schema":{"@context":"https:\/\/schema.org","@graph":[{"@type":"WebPage","@id":"https:\/\/requinerope.dk\/shop\/julegrime-soft\/","url":"https:\/\/requinerope.dk\/shop\/julegrime-soft\/","name":"Julegrime 'Soft' | Requine Rope","isPartOf":{"@id":"https:\/\/requinerope.dk\/en\/#website"},"primaryImageOfPage":{"@id":"https:\/\/requinerope.dk\/shop\/julegrime-soft\/#primaryimage"},"image":{"@id":"https:\/\/requinerope.dk\/shop\/julegrime-soft\/#primaryimage"},"thumbnailUrl":"https:\/\/requinerope.dk\/wp-content\/uploads\/2025\/11\/18-scaled-e1762634938962.png","datePublished":"2025-11-08T21:06:46+00:00","dateModified":"2026-03-01T19:20:48+00:00","breadcrumb":{"@id":"https:\/\/requinerope.dk\/shop\/julegrime-soft\/#breadcrumb"},"inLanguage":"en-GB","potentialAction":[{"@type":"ReadAction","target":["https:\/\/requinerope.dk\/shop\/julegrime-soft\/"]}]},{"@type":"ImageObject","inLanguage":"en-GB","@id":"https:\/\/requinerope.dk\/shop\/julegrime-soft\/#primaryimage","url":"https:\/\/requinerope.dk\/wp-content\/uploads\/2025\/11\/18-scaled-e1762634938962.png","contentUrl":"https:\/\/requinerope.dk\/wp-content\/uploads\/2025\/11\/18-scaled-e1762634938962.png","width":1000,"height":1000},{"@type":"BreadcrumbList","@id":"https:\/\/requinerope.dk\/shop\/julegrime-soft\/#breadcrumb","itemListElement":[{"@type":"ListItem","position":1,"name":"Hjem","item":"https:\/\/requinerope.dk\/"},{"@type":"ListItem","position":2,"name":"Shop","item":"https:\/\/requinerope.dk\/en\/shop-2\/"},{"@type":"ListItem","position":3,"name":"Julegrime &#8216;Soft&#8217;"}]},{"@type":"WebSite","@id":"https:\/\/requinerope.dk\/en\/#website","url":"https:\/\/requinerope.dk\/en\/","name":"Requine Rope","description":"Sustainable rope equipment for horse &amp; dog","publisher":{"@id":"https:\/\/requinerope.dk\/en\/#organization"},"potentialAction":[{"@type":"SearchAction","target":{"@type":"EntryPoint","urlTemplate":"https:\/\/requinerope.dk\/en\/?s={search_term_string}"},"query-input":{"@type":"PropertyValueSpecification","valueRequired":true,"valueName":"search_term_string"}}],"inLanguage":"en-GB"},{"@type":"Organization","@id":"https:\/\/requinerope.dk\/en\/#organization","name":"Requine Rope","url":"https:\/\/requinerope.dk\/en\/","logo":{"@type":"ImageObject","inLanguage":"en-GB","@id":"https:\/\/requinerope.dk\/en\/#\/schema\/logo\/image\/","url":"https:\/\/requinerope.dk\/wp-content\/uploads\/2021\/09\/logo-m-baggrund-modified.png","contentUrl":"https:\/\/requinerope.dk\/wp-content\/uploads\/2021\/09\/logo-m-baggrund-modified.png","width":993,"height":993,"caption":"Requine Rope"},"image":{"@id":"https:\/\/requinerope.dk\/en\/#\/schema\/logo\/image\/"},"sameAs":["https:\/\/www.facebook.com\/requinerope","https:\/\/www.instagram.com\/requinerope","https:\/\/www.pinterest.dk\/requinerope"]}]}},"jetpack_sharing_enabled":true,"_links":{"self":[{"href":"https:\/\/requinerope.dk\/en\/wp-json\/wp\/v2\/product\/13292","targetHints":{"allow":["GET"]}}],"collection":[{"href":"https:\/\/requinerope.dk\/en\/wp-json\/wp\/v2\/product"}],"about":[{"href":"https:\/\/requinerope.dk\/en\/wp-json\/wp\/v2\/types\/product"}],"wp:featuredmedia":[{"embeddable":true,"href":"https:\/\/requinerope.dk\/en\/wp-json\/wp\/v2\/media\/13289"}],"wp:attachment":[{"href":"https:\/\/requinerope.dk\/en\/wp-json\/wp\/v2\/media?parent=13292"}],"wp:term":[{"taxonomy":"product_brand","embeddable":true,"href":"https:\/\/requinerope.dk\/en\/wp-json\/wp\/v2\/product_brand?post=13292"},{"taxonomy":"product_cat","embeddable":true,"href":"https:\/\/requinerope.dk\/en\/wp-json\/wp\/v2\/product_cat?post=13292"},{"taxonomy":"product_tag","embeddable":true,"href":"https:\/\/requinerope.dk\/en\/wp-json\/wp\/v2\/product_tag?post=13292"}],"curies":[{"name":"wp","href":"https:\/\/api.w.org\/{rel}","templated":true}]}}