{"id":12963,"date":"2025-07-31T10:52:35","date_gmt":"2025-07-31T10:52:35","guid":{"rendered":"https:\/\/requinerope.dk\/?post_type=product&#038;p=12963"},"modified":"2026-03-01T19:20:48","modified_gmt":"2026-03-01T19:20:48","slug":"tov-med-loop-slim","status":"publish","type":"product","link":"https:\/\/requinerope.dk\/en\/shop\/tov-med-loop-slim\/","title":{"rendered":"Lead Rope with Loop \u2014 Slim"},"content":{"rendered":"<p><em>Sustainable lead rope with loop \u2014 slim<\/em><\/p>\n<p>Do you want a unique lead with even more beautiful details? Then you can design your own lead right <a href=\"https:\/\/requinerope.dk\/en\/shop\/design-selv-tov\/\">here<\/a>!<\/p>\n<p>&nbsp;<\/p>\n<p>This lead rope is made with a loop instead of a spliced on snap hook. The lead is tied directly to the rope halter or a snap, which can then be attached to a rope halter, normal halter, neck rope with ring, etc.: you get to choose whether to use it with or without a snap, or switch between the two. In the other end of the lead is an end splice like on the other leads, giving it a nice and pretty finish.<\/p>\n<p>If you want to buy a snap hook that fits perfectly to this lead, you can get in one in superb quality <a href=\"https:\/\/requinerope.dk\/en\/shop\/rustfri-karabinhage-80-mm\/\">here<\/a>. A snap hook in stainless steel is super durable, doesn't rust even when exposed to harsh weather, while being a green choice \u2014 stainless steel is one of the most sustainable metals due to its recyclability \ud83d\udc9a<\/p>\n<p>&nbsp;<\/p>\n<p>The 'slim' leads are made from 10 mm rope, and are therefore both smaller and lighter than the classic 14 mm leads. This type of lead rope is great for smaller ponies due to the decrease in weight, but can absolutely be used by all horse people with all horses!<\/p>\n<p>It can be used for groundowork, walks, and can even be tied into reins \u2014 it's actually excellent for reins, due to being narrower than normal leads. A true 2-in-1 piece of equipment. You could even say that this lead is 3-in-1: lead without snap, lead with snap, and reins!<\/p>\n<p>Depending on how the lead is tied, it is recommended to choose either 3 or 3,7 meters if to be used as reins. A 3 meter rope is about 2,5-2,8 meters long reins when tied (depending on method), where a 3,7 meter lead makes about 3,2-3,5 meter long reins. If tied to reins, a 3 meter lead is usually best suited for points, while 3,7 is better for horses, but it also depends on personal preferences for rein lengths. Please measure a pair of your reins if in doubt.<\/p>\n<p>&nbsp;<\/p>\n<p>The lead is available i 4 standard lengths:<\/p>\n<p>2 meters: standard lead rope length<br \/>\n3 meters: for those who prefer a little more length<br \/>\n3,7 meters: corresponding to the popular 12' lead, often used in the US<br \/>\n6,7 meters: corresponding to the popular longer 22' lead, often used in the US<\/p>\n<p>&nbsp;<\/p>\n<p>Leads from Requine Rope is made from high quality rope which \u2014 of course \u2014 is 100% recycled.<\/p>\n<p>Slim leads are available in the colours Checkers, Black, Navy, Neon Green, Neon Orange, Red and Beige.<\/p>\n<p>&nbsp;<\/p>\n<p><!--more--><\/p>\n<p>All colours with the same names have the same colour in real life. Colours on the pictures can vary depending on the screen, so it's not guaranteed that the colour you see on your screen is the exact same as in real life.<\/p>\n<p>If you want custom sizes, contact on <a href=\"\/en\/info@requinerope.dk\/\">info@requinerope.dk<\/a>.<\/p>","protected":false},"excerpt":{"rendered":"<p>B\u00e6redygtigt tov med loop &#8211; slim Vil du have et unikt tov med endnu flere smukke detaljer? S\u00e5 kan du designe dit eget tov lige her! &nbsp; Dette tr\u00e6ktov er lavet med et loop i stedet for karabinhage. Tovet bindes direkte i rebgrimen eller p\u00e5 en karabinhage som kan s\u00e6ttes i en grime; du kan [&hellip;]<\/p>\n","protected":false},"featured_media":13145,"template":"","meta":{"site-sidebar-layout":"default","site-content-layout":"default","ast-site-content-layout":"default","site-content-style":"default","site-sidebar-style":"default","ast-global-header-display":"","ast-banner-title-visibility":"","ast-main-header-display":"","ast-hfb-above-header-display":"","ast-hfb-below-header-display":"","ast-hfb-mobile-header-display":"","site-post-title":"","ast-breadcrumbs-content":"","ast-featured-img":"","footer-sml-layout":"","ast-disable-related-posts":"","theme-transparent-header-meta":"default","adv-header-id-meta":"","stick-header-meta":"","header-above-stick-meta":"","header-main-stick-meta":"","header-below-stick-meta":"","astra-migrate-meta-layouts":"set","ast-page-background-enabled":"default","ast-page-background-meta":{"desktop":{"background-color":"var(--ast-global-color-4)","background-image":"","background-repeat":"repeat","background-position":"center center","background-size":"auto","background-attachment":"scroll","background-type":"","background-media":"","overlay-type":"","overlay-color":"","overlay-opacity":"","overlay-gradient":""},"tablet":{"background-color":"","background-image":"","background-repeat":"repeat","background-position":"center center","background-size":"auto","background-attachment":"scroll","background-type":"","background-media":"","overlay-type":"","overlay-color":"","overlay-opacity":"","overlay-gradient":""},"mobile":{"background-color":"","background-image":"","background-repeat":"repeat","background-position":"center center","background-size":"auto","background-attachment":"scroll","background-type":"","background-media":"","overlay-type":"","overlay-color":"","overlay-opacity":"","overlay-gradient":""}},"ast-content-background-meta":{"desktop":{"background-color":"var(--ast-global-color-5)","background-image":"","background-repeat":"repeat","background-position":"center center","background-size":"auto","background-attachment":"scroll","background-type":"","background-media":"","overlay-type":"","overlay-color":"","overlay-opacity":"","overlay-gradient":""},"tablet":{"background-color":"var(--ast-global-color-5)","background-image":"","background-repeat":"repeat","background-position":"center center","background-size":"auto","background-attachment":"scroll","background-type":"","background-media":"","overlay-type":"","overlay-color":"","overlay-opacity":"","overlay-gradient":""},"mobile":{"background-color":"var(--ast-global-color-5)","background-image":"","background-repeat":"repeat","background-position":"center center","background-size":"auto","background-attachment":"scroll","background-type":"","background-media":"","overlay-type":"","overlay-color":"","overlay-opacity":"","overlay-gradient":""}}},"product_brand":[],"product_cat":[362],"product_tag":[],"class_list":{"0":"post-12963","1":"product","2":"type-product","3":"status-publish","4":"has-post-thumbnail","6":"product_cat-tove","7":"pa_farve-10-beige","8":"pa_farve-10-black","9":"pa_farve-10-checkers","10":"pa_farve-10-navy","11":"pa_farve-10-neon-green","12":"pa_farve-10-neon-orange","13":"pa_farve-10-red","14":"pa_farve-paa-maerket-hvid","15":"pa_farve-paa-maerket-ingen-praeference","16":"pa_farve-paa-maerket-sort","17":"desktop-align-left","18":"tablet-align-left","19":"mobile-align-left","21":"first","22":"outofstock","23":"taxable","24":"shipping-taxable","25":"purchasable","26":"product-type-variable"},"yoast_head":"<!-- This site is optimized with the Yoast SEO plugin v27.4 - https:\/\/yoast.com\/product\/yoast-seo-wordpress\/ -->\n<title>B\u00e6redygtigt Tov med Loop \u2014 Slim | Requine Rope<\/title>\n<meta name=\"description\" content=\"B\u00e6redygtigt tov uden karabinhage - slim af 100% genanvendt reb. Tovet kan bruges b\u00e5de til jordarbejde, g\u00e5ture og kan endda bindes til t\u00f8jler!\" \/>\n<meta name=\"robots\" content=\"index, follow, max-snippet:-1, max-image-preview:large, max-video-preview:-1\" \/>\n<link rel=\"canonical\" href=\"https:\/\/requinerope.dk\/en\/shop\/tov-med-loop-slim\/\" \/>\n<meta property=\"og:locale\" content=\"en_GB\" \/>\n<meta property=\"og:type\" content=\"article\" \/>\n<meta property=\"og:title\" content=\"B\u00e6redygtigt Tov med Loop \u2014 Slim | Requine Rope\" \/>\n<meta property=\"og:description\" content=\"B\u00e6redygtigt tov uden karabinhage - slim af 100% genanvendt reb. Tovet kan bruges b\u00e5de til jordarbejde, g\u00e5ture og kan endda bindes til t\u00f8jler!\" \/>\n<meta property=\"og:url\" content=\"https:\/\/requinerope.dk\/en\/shop\/tov-med-loop-slim\/\" \/>\n<meta property=\"og:site_name\" content=\"Requine Rope\" \/>\n<meta property=\"article:publisher\" content=\"https:\/\/www.facebook.com\/requinerope\" \/>\n<meta property=\"article:modified_time\" content=\"2026-03-01T19:20:48+00:00\" \/>\n<meta property=\"og:image\" content=\"https:\/\/requinerope.dk\/wp-content\/uploads\/2025\/07\/tovmedloop.jpg\" \/>\n\t<meta property=\"og:image:width\" content=\"1512\" \/>\n\t<meta property=\"og:image:height\" content=\"1512\" \/>\n\t<meta property=\"og:image:type\" content=\"image\/jpeg\" \/>\n<meta name=\"twitter:card\" content=\"summary_large_image\" \/>\n<meta name=\"twitter:label1\" content=\"Estimated reading time\" \/>\n\t<meta name=\"twitter:data1\" content=\"3 minutes\" \/>\n<script type=\"application\/ld+json\" class=\"yoast-schema-graph\">{\"@context\":\"https:\\\/\\\/schema.org\",\"@graph\":[{\"@type\":\"WebPage\",\"@id\":\"https:\\\/\\\/requinerope.dk\\\/shop\\\/tov-med-loop-slim\\\/\",\"url\":\"https:\\\/\\\/requinerope.dk\\\/shop\\\/tov-med-loop-slim\\\/\",\"name\":\"B\u00e6redygtigt Tov med Loop \u2014 Slim | Requine Rope\",\"isPartOf\":{\"@id\":\"https:\\\/\\\/requinerope.dk\\\/en\\\/#website\"},\"primaryImageOfPage\":{\"@id\":\"https:\\\/\\\/requinerope.dk\\\/shop\\\/tov-med-loop-slim\\\/#primaryimage\"},\"image\":{\"@id\":\"https:\\\/\\\/requinerope.dk\\\/shop\\\/tov-med-loop-slim\\\/#primaryimage\"},\"thumbnailUrl\":\"https:\\\/\\\/requinerope.dk\\\/wp-content\\\/uploads\\\/2025\\\/07\\\/tovmedloop.jpg\",\"datePublished\":\"2025-07-31T10:52:35+00:00\",\"dateModified\":\"2026-03-01T19:20:48+00:00\",\"description\":\"B\u00e6redygtigt tov uden karabinhage - slim af 100% genanvendt reb. Tovet kan bruges b\u00e5de til jordarbejde, g\u00e5ture og kan endda bindes til t\u00f8jler!\",\"breadcrumb\":{\"@id\":\"https:\\\/\\\/requinerope.dk\\\/shop\\\/tov-med-loop-slim\\\/#breadcrumb\"},\"inLanguage\":\"en-GB\",\"potentialAction\":[{\"@type\":\"ReadAction\",\"target\":[\"https:\\\/\\\/requinerope.dk\\\/shop\\\/tov-med-loop-slim\\\/\"]}]},{\"@type\":\"ImageObject\",\"inLanguage\":\"en-GB\",\"@id\":\"https:\\\/\\\/requinerope.dk\\\/shop\\\/tov-med-loop-slim\\\/#primaryimage\",\"url\":\"https:\\\/\\\/requinerope.dk\\\/wp-content\\\/uploads\\\/2025\\\/07\\\/tovmedloop.jpg\",\"contentUrl\":\"https:\\\/\\\/requinerope.dk\\\/wp-content\\\/uploads\\\/2025\\\/07\\\/tovmedloop.jpg\",\"width\":1512,\"height\":1512},{\"@type\":\"BreadcrumbList\",\"@id\":\"https:\\\/\\\/requinerope.dk\\\/shop\\\/tov-med-loop-slim\\\/#breadcrumb\",\"itemListElement\":[{\"@type\":\"ListItem\",\"position\":1,\"name\":\"Hjem\",\"item\":\"https:\\\/\\\/requinerope.dk\\\/\"},{\"@type\":\"ListItem\",\"position\":2,\"name\":\"Shop\",\"item\":\"https:\\\/\\\/requinerope.dk\\\/en\\\/shop-2\\\/\"},{\"@type\":\"ListItem\",\"position\":3,\"name\":\"Tov med Loop \u2014 Slim\"}]},{\"@type\":\"WebSite\",\"@id\":\"https:\\\/\\\/requinerope.dk\\\/en\\\/#website\",\"url\":\"https:\\\/\\\/requinerope.dk\\\/en\\\/\",\"name\":\"Requine Rope\",\"description\":\"B\u00e6redygtigt rebudstyr til hest &amp; hund\",\"publisher\":{\"@id\":\"https:\\\/\\\/requinerope.dk\\\/en\\\/#organization\"},\"potentialAction\":[{\"@type\":\"SearchAction\",\"target\":{\"@type\":\"EntryPoint\",\"urlTemplate\":\"https:\\\/\\\/requinerope.dk\\\/en\\\/?s={search_term_string}\"},\"query-input\":{\"@type\":\"PropertyValueSpecification\",\"valueRequired\":true,\"valueName\":\"search_term_string\"}}],\"inLanguage\":\"en-GB\"},{\"@type\":\"Organization\",\"@id\":\"https:\\\/\\\/requinerope.dk\\\/en\\\/#organization\",\"name\":\"Requine Rope\",\"url\":\"https:\\\/\\\/requinerope.dk\\\/en\\\/\",\"logo\":{\"@type\":\"ImageObject\",\"inLanguage\":\"en-GB\",\"@id\":\"https:\\\/\\\/requinerope.dk\\\/en\\\/#\\\/schema\\\/logo\\\/image\\\/\",\"url\":\"https:\\\/\\\/requinerope.dk\\\/wp-content\\\/uploads\\\/2021\\\/09\\\/logo-m-baggrund-modified.png\",\"contentUrl\":\"https:\\\/\\\/requinerope.dk\\\/wp-content\\\/uploads\\\/2021\\\/09\\\/logo-m-baggrund-modified.png\",\"width\":993,\"height\":993,\"caption\":\"Requine Rope\"},\"image\":{\"@id\":\"https:\\\/\\\/requinerope.dk\\\/en\\\/#\\\/schema\\\/logo\\\/image\\\/\"},\"sameAs\":[\"https:\\\/\\\/www.facebook.com\\\/requinerope\",\"https:\\\/\\\/www.instagram.com\\\/requinerope\",\"https:\\\/\\\/www.pinterest.dk\\\/requinerope\"]}]}<\/script>\n<!-- \/ Yoast SEO plugin. -->","yoast_head_json":{"title":"B\u00e6redygtigt Tov med Loop \u2014 Slim | Requine Rope","description":"B\u00e6redygtigt tov uden karabinhage - slim af 100% genanvendt reb. Tovet kan bruges b\u00e5de til jordarbejde, g\u00e5ture og kan endda bindes til t\u00f8jler!","robots":{"index":"index","follow":"follow","max-snippet":"max-snippet:-1","max-image-preview":"max-image-preview:large","max-video-preview":"max-video-preview:-1"},"canonical":"https:\/\/requinerope.dk\/en\/shop\/tov-med-loop-slim\/","og_locale":"en_GB","og_type":"article","og_title":"B\u00e6redygtigt Tov med Loop \u2014 Slim | Requine Rope","og_description":"B\u00e6redygtigt tov uden karabinhage - slim af 100% genanvendt reb. Tovet kan bruges b\u00e5de til jordarbejde, g\u00e5ture og kan endda bindes til t\u00f8jler!","og_url":"https:\/\/requinerope.dk\/en\/shop\/tov-med-loop-slim\/","og_site_name":"Requine Rope","article_publisher":"https:\/\/www.facebook.com\/requinerope","article_modified_time":"2026-03-01T19:20:48+00:00","og_image":[{"width":1512,"height":1512,"url":"https:\/\/requinerope.dk\/wp-content\/uploads\/2025\/07\/tovmedloop.jpg","type":"image\/jpeg"}],"twitter_card":"summary_large_image","twitter_misc":{"Estimated reading time":"3 minutes"},"schema":{"@context":"https:\/\/schema.org","@graph":[{"@type":"WebPage","@id":"https:\/\/requinerope.dk\/shop\/tov-med-loop-slim\/","url":"https:\/\/requinerope.dk\/shop\/tov-med-loop-slim\/","name":"B\u00e6redygtigt Tov med Loop \u2014 Slim | Requine Rope","isPartOf":{"@id":"https:\/\/requinerope.dk\/en\/#website"},"primaryImageOfPage":{"@id":"https:\/\/requinerope.dk\/shop\/tov-med-loop-slim\/#primaryimage"},"image":{"@id":"https:\/\/requinerope.dk\/shop\/tov-med-loop-slim\/#primaryimage"},"thumbnailUrl":"https:\/\/requinerope.dk\/wp-content\/uploads\/2025\/07\/tovmedloop.jpg","datePublished":"2025-07-31T10:52:35+00:00","dateModified":"2026-03-01T19:20:48+00:00","description":"B\u00e6redygtigt tov uden karabinhage - slim af 100% genanvendt reb. Tovet kan bruges b\u00e5de til jordarbejde, g\u00e5ture og kan endda bindes til t\u00f8jler!","breadcrumb":{"@id":"https:\/\/requinerope.dk\/shop\/tov-med-loop-slim\/#breadcrumb"},"inLanguage":"en-GB","potentialAction":[{"@type":"ReadAction","target":["https:\/\/requinerope.dk\/shop\/tov-med-loop-slim\/"]}]},{"@type":"ImageObject","inLanguage":"en-GB","@id":"https:\/\/requinerope.dk\/shop\/tov-med-loop-slim\/#primaryimage","url":"https:\/\/requinerope.dk\/wp-content\/uploads\/2025\/07\/tovmedloop.jpg","contentUrl":"https:\/\/requinerope.dk\/wp-content\/uploads\/2025\/07\/tovmedloop.jpg","width":1512,"height":1512},{"@type":"BreadcrumbList","@id":"https:\/\/requinerope.dk\/shop\/tov-med-loop-slim\/#breadcrumb","itemListElement":[{"@type":"ListItem","position":1,"name":"Hjem","item":"https:\/\/requinerope.dk\/"},{"@type":"ListItem","position":2,"name":"Shop","item":"https:\/\/requinerope.dk\/en\/shop-2\/"},{"@type":"ListItem","position":3,"name":"Tov med Loop \u2014 Slim"}]},{"@type":"WebSite","@id":"https:\/\/requinerope.dk\/en\/#website","url":"https:\/\/requinerope.dk\/en\/","name":"Requine Rope","description":"Sustainable rope equipment for horse &amp; dog","publisher":{"@id":"https:\/\/requinerope.dk\/en\/#organization"},"potentialAction":[{"@type":"SearchAction","target":{"@type":"EntryPoint","urlTemplate":"https:\/\/requinerope.dk\/en\/?s={search_term_string}"},"query-input":{"@type":"PropertyValueSpecification","valueRequired":true,"valueName":"search_term_string"}}],"inLanguage":"en-GB"},{"@type":"Organization","@id":"https:\/\/requinerope.dk\/en\/#organization","name":"Requine Rope","url":"https:\/\/requinerope.dk\/en\/","logo":{"@type":"ImageObject","inLanguage":"en-GB","@id":"https:\/\/requinerope.dk\/en\/#\/schema\/logo\/image\/","url":"https:\/\/requinerope.dk\/wp-content\/uploads\/2021\/09\/logo-m-baggrund-modified.png","contentUrl":"https:\/\/requinerope.dk\/wp-content\/uploads\/2021\/09\/logo-m-baggrund-modified.png","width":993,"height":993,"caption":"Requine Rope"},"image":{"@id":"https:\/\/requinerope.dk\/en\/#\/schema\/logo\/image\/"},"sameAs":["https:\/\/www.facebook.com\/requinerope","https:\/\/www.instagram.com\/requinerope","https:\/\/www.pinterest.dk\/requinerope"]}]}},"jetpack_sharing_enabled":true,"_links":{"self":[{"href":"https:\/\/requinerope.dk\/en\/wp-json\/wp\/v2\/product\/12963","targetHints":{"allow":["GET"]}}],"collection":[{"href":"https:\/\/requinerope.dk\/en\/wp-json\/wp\/v2\/product"}],"about":[{"href":"https:\/\/requinerope.dk\/en\/wp-json\/wp\/v2\/types\/product"}],"wp:featuredmedia":[{"embeddable":true,"href":"https:\/\/requinerope.dk\/en\/wp-json\/wp\/v2\/media\/13145"}],"wp:attachment":[{"href":"https:\/\/requinerope.dk\/en\/wp-json\/wp\/v2\/media?parent=12963"}],"wp:term":[{"taxonomy":"product_brand","embeddable":true,"href":"https:\/\/requinerope.dk\/en\/wp-json\/wp\/v2\/product_brand?post=12963"},{"taxonomy":"product_cat","embeddable":true,"href":"https:\/\/requinerope.dk\/en\/wp-json\/wp\/v2\/product_cat?post=12963"},{"taxonomy":"product_tag","embeddable":true,"href":"https:\/\/requinerope.dk\/en\/wp-json\/wp\/v2\/product_tag?post=12963"}],"curies":[{"name":"wp","href":"https:\/\/api.w.org\/{rel}","templated":true}]}}