{"id":12833,"date":"2025-07-10T11:26:51","date_gmt":"2025-07-10T11:26:51","guid":{"rendered":"https:\/\/requinerope.dk\/?post_type=product&#038;p=12833"},"modified":"2026-03-01T19:20:42","modified_gmt":"2026-03-01T19:20:42","slug":"dobbelte-lange-liner-med-haandtag-runde","status":"publish","type":"product","link":"https:\/\/requinerope.dk\/en\/shop\/dobbelte-lange-liner-med-haandtag-runde\/","title":{"rendered":"Double Long Reins with Handle \u2014 Round"},"content":{"rendered":"<p><em>B\u00e6redygtige dobbelte lange liner<\/em><\/p>\n<p>Dobbelte lange liner eller &#8220;dobbelt longe&#8221; er to lange liner p\u00e5 6, 8 eller 10 meter hver. Dette er <strong>\u00e5ben<\/strong> model, alts\u00e5 to separate t\u00f8jler. Hver t\u00f8jle har en karabinhage i den ene ende, og denne model har <strong>et h\u00e5ndtag<\/strong> i den anden ende. Dvs. du f\u00e5r hhv. 12, 16 eller 20 meter t\u00f8jle i alt!<\/p>\n<p>De dobbelt lange liner g\u00f8r det nemt at arbejde med hesten fra jorden. Det kan eksempelvis v\u00e6re hvis hesten skal l\u00e6re signalerne i hovedt\u00f8jet inden den rides til, eller som start til at l\u00e6re k\u00f8rsel, eller til longering.<\/p>\n<p>De dobbelte lange liner laves som standard i tre l\u00e6ngder: 6 meter til ponyer, 8 meter som er standardl\u00e6ngde, og 10 meter til store heste eller dig der gerne vil have ekstra meget plads at arbejde p\u00e5.<\/p>\n<p>Hvis du er i tvivl om st\u00f8rrelsen, anbefales det at m\u00e5le et par lange liner, du allerede har. Alternativt kan du bruge et stykke snor eller reb bundet til grimen\/hovedt\u00f8jet, markere den l\u00e6ngde du synes er passende, og derefter m\u00e5le l\u00e6ngden. Herefter kan du v\u00e6lge den l\u00e6ngde p\u00e5 linerne, som er t\u00e6ttest p\u00e5 dit m\u00e5l.<\/p>\n<p>De dobbelte lange liner m\u00e5les fra ende til ende inkl. karabinhager og h\u00e5ndtag, og der er hver line, der m\u00e5ler 6, 8 eller 10 meter.<\/p>\n<p>Hvis du gerne vil have en anden l\u00e6ngde end der f\u00e5s som standard, er du altid velkommen til at kontakte mig p\u00e5 <a href=\"\/en\/info@requinerope.dk\/\">info@requinerope.dk<\/a>, jeg kan lave n\u00e6sten alt i reb!<\/p>\n<p>&nbsp;<\/p>\n<p>Long reins from Requine Rope is made from high quality rope which \u2014 of course \u2014 is 100% recycled.<\/p>\n<p>&nbsp;<\/p>\n<p>Lange liner kan f\u00e5s i to slags reb: normal og smooth. \u201cSmooth\u201d rebet har en glattere overflade end det normale reb.<br \/>\nThe normal rope is available in the colours: Checkers, Black, Navy, Red, Neon Orange, Neon Green and Beige.<br \/>\nSmooth-rebet kan f\u00e5s i farverne: Tartan Beige, Pink Mix, Pink, Yellow, Dark Maroon, Pink og Denim Blue.<\/p>\n<p>&nbsp;<\/p>\n<p>OBS. da rebet er i meget h\u00f8j kvalitet, har det en del tynge.<\/p>\n<p>&nbsp;<\/p>\n<p><!--more--><\/p>\n<p>All colours with the same names have the same colour in real life. Colours on the pictures can vary depending on the screen, so it's not guaranteed that the colour you see on your screen is the exact same as in real life.<\/p>\n<p>See the colours for the reins at <a href=\"https:\/\/requinerope.dk\/en\/om\/farver\/\">colours<\/a>.<\/p>\n<p>If you want special made size or design, write <a href=\"\/en\/info@requinerope.dk\/\">info@requinerope.dk<\/a> or on social media.<\/p>\n<p>&nbsp;<\/p>","protected":false},"excerpt":{"rendered":"<p>B\u00e6redygtige dobbelte lange liner Dobbelte lange liner eller &#8220;dobbelt longe&#8221; er to lange liner p\u00e5 6, 8 eller 10 meter hver. Dette er \u00e5ben model, alts\u00e5 to separate t\u00f8jler. Hver t\u00f8jle har en karabinhage i den ene ende, og denne model har et h\u00e5ndtag i den anden ende. Dvs. du f\u00e5r hhv. 12, 16 eller [&hellip;]<\/p>\n","protected":false},"featured_media":0,"template":"","meta":{"site-sidebar-layout":"default","site-content-layout":"default","ast-site-content-layout":"default","site-content-style":"default","site-sidebar-style":"default","ast-global-header-display":"","ast-banner-title-visibility":"","ast-main-header-display":"","ast-hfb-above-header-display":"","ast-hfb-below-header-display":"","ast-hfb-mobile-header-display":"","site-post-title":"","ast-breadcrumbs-content":"","ast-featured-img":"","footer-sml-layout":"","ast-disable-related-posts":"","theme-transparent-header-meta":"default","adv-header-id-meta":"","stick-header-meta":"","header-above-stick-meta":"","header-main-stick-meta":"","header-below-stick-meta":"","astra-migrate-meta-layouts":"set","ast-page-background-enabled":"default","ast-page-background-meta":{"desktop":{"background-color":"var(--ast-global-color-4)","background-image":"","background-repeat":"repeat","background-position":"center center","background-size":"auto","background-attachment":"scroll","background-type":"","background-media":"","overlay-type":"","overlay-color":"","overlay-opacity":"","overlay-gradient":""},"tablet":{"background-color":"","background-image":"","background-repeat":"repeat","background-position":"center center","background-size":"auto","background-attachment":"scroll","background-type":"","background-media":"","overlay-type":"","overlay-color":"","overlay-opacity":"","overlay-gradient":""},"mobile":{"background-color":"","background-image":"","background-repeat":"repeat","background-position":"center center","background-size":"auto","background-attachment":"scroll","background-type":"","background-media":"","overlay-type":"","overlay-color":"","overlay-opacity":"","overlay-gradient":""}},"ast-content-background-meta":{"desktop":{"background-color":"var(--ast-global-color-5)","background-image":"","background-repeat":"repeat","background-position":"center center","background-size":"auto","background-attachment":"scroll","background-type":"","background-media":"","overlay-type":"","overlay-color":"","overlay-opacity":"","overlay-gradient":""},"tablet":{"background-color":"var(--ast-global-color-5)","background-image":"","background-repeat":"repeat","background-position":"center center","background-size":"auto","background-attachment":"scroll","background-type":"","background-media":"","overlay-type":"","overlay-color":"","overlay-opacity":"","overlay-gradient":""},"mobile":{"background-color":"var(--ast-global-color-5)","background-image":"","background-repeat":"repeat","background-position":"center center","background-size":"auto","background-attachment":"scroll","background-type":"","background-media":"","overlay-type":"","overlay-color":"","overlay-opacity":"","overlay-gradient":""}}},"product_brand":[],"product_cat":[136],"product_tag":[],"class_list":{"0":"post-12833","1":"product","2":"type-product","3":"status-publish","5":"product_cat-toejler","6":"pa_farve-10-beige","7":"pa_farve-10-black","8":"pa_farve-10-checkers","9":"pa_farve-10-dark-maroon-2","10":"pa_farve-10-denim-blue","11":"pa_farve-10-navy","12":"pa_farve-10-neon-green","13":"pa_farve-10-neon-orange","14":"pa_farve-10-pink","15":"pa_farve-10-pink-mix","16":"pa_farve-10-red","17":"pa_farve-10-tartan-beige","18":"pa_farve-10-yellow","19":"pa_farve-paa-maerket-hvid","20":"pa_farve-paa-maerket-ingen-praeference","21":"pa_farve-paa-maerket-sort","22":"pa_laengde-dobbelte-liner-10-meter","23":"pa_laengde-dobbelte-liner-6-meter","24":"pa_laengde-dobbelte-liner-8-meter","25":"desktop-align-left","26":"tablet-align-left","27":"mobile-align-left","29":"first","30":"instock","31":"taxable","32":"shipping-taxable","33":"purchasable","34":"product-type-variable"},"yoast_head":"<!-- This site is optimized with the Yoast SEO plugin v27.4 - https:\/\/yoast.com\/product\/yoast-seo-wordpress\/ -->\n<title>B\u00e6redygtige Dobbelte Lange Liner med H\u00e5ndtag \u2014 Runde | Requine Rope<\/title>\n<meta name=\"robots\" content=\"index, follow, max-snippet:-1, max-image-preview:large, max-video-preview:-1\" \/>\n<link rel=\"canonical\" href=\"https:\/\/requinerope.dk\/en\/shop\/dobbelte-lange-liner-med-haandtag-runde\/\" \/>\n<meta property=\"og:locale\" content=\"en_GB\" \/>\n<meta property=\"og:type\" content=\"article\" \/>\n<meta property=\"og:title\" content=\"B\u00e6redygtige Dobbelte Lange Liner med H\u00e5ndtag \u2014 Runde | Requine Rope\" \/>\n<meta property=\"og:description\" content=\"B\u00e6redygtige dobbelte lange liner Dobbelte lange liner eller &#8220;dobbelt longe&#8221; er to lange liner p\u00e5 6, 8 eller 10 meter hver. Dette er \u00e5ben model, alts\u00e5 to separate t\u00f8jler. Hver t\u00f8jle har en karabinhage i den ene ende, og denne model har et h\u00e5ndtag i den anden ende. Dvs. du f\u00e5r hhv. 12, 16 eller [&hellip;]\" \/>\n<meta property=\"og:url\" content=\"https:\/\/requinerope.dk\/en\/shop\/dobbelte-lange-liner-med-haandtag-runde\/\" \/>\n<meta property=\"og:site_name\" content=\"Requine Rope\" \/>\n<meta property=\"article:publisher\" content=\"https:\/\/www.facebook.com\/requinerope\" \/>\n<meta property=\"article:modified_time\" content=\"2026-03-01T19:20:42+00:00\" \/>\n<meta property=\"og:image\" content=\"https:\/\/requinerope.dk\/wp-content\/uploads\/2024\/12\/requine-rope-logo.png\" \/>\n\t<meta property=\"og:image:width\" content=\"500\" \/>\n\t<meta property=\"og:image:height\" content=\"500\" \/>\n\t<meta property=\"og:image:type\" content=\"image\/png\" \/>\n<meta name=\"twitter:card\" content=\"summary_large_image\" \/>\n<meta name=\"twitter:label1\" content=\"Estimated reading time\" \/>\n\t<meta name=\"twitter:data1\" content=\"3 minutes\" \/>\n<script type=\"application\/ld+json\" class=\"yoast-schema-graph\">{\"@context\":\"https:\\\/\\\/schema.org\",\"@graph\":[{\"@type\":\"WebPage\",\"@id\":\"https:\\\/\\\/requinerope.dk\\\/shop\\\/dobbelte-lange-liner-med-haandtag-runde\\\/\",\"url\":\"https:\\\/\\\/requinerope.dk\\\/shop\\\/dobbelte-lange-liner-med-haandtag-runde\\\/\",\"name\":\"B\u00e6redygtige Dobbelte Lange Liner med H\u00e5ndtag \u2014 Runde | Requine Rope\",\"isPartOf\":{\"@id\":\"https:\\\/\\\/requinerope.dk\\\/en\\\/#website\"},\"datePublished\":\"2025-07-10T11:26:51+00:00\",\"dateModified\":\"2026-03-01T19:20:42+00:00\",\"breadcrumb\":{\"@id\":\"https:\\\/\\\/requinerope.dk\\\/shop\\\/dobbelte-lange-liner-med-haandtag-runde\\\/#breadcrumb\"},\"inLanguage\":\"en-GB\",\"potentialAction\":[{\"@type\":\"ReadAction\",\"target\":[\"https:\\\/\\\/requinerope.dk\\\/shop\\\/dobbelte-lange-liner-med-haandtag-runde\\\/\"]}]},{\"@type\":\"BreadcrumbList\",\"@id\":\"https:\\\/\\\/requinerope.dk\\\/shop\\\/dobbelte-lange-liner-med-haandtag-runde\\\/#breadcrumb\",\"itemListElement\":[{\"@type\":\"ListItem\",\"position\":1,\"name\":\"Hjem\",\"item\":\"https:\\\/\\\/requinerope.dk\\\/\"},{\"@type\":\"ListItem\",\"position\":2,\"name\":\"Shop\",\"item\":\"https:\\\/\\\/requinerope.dk\\\/en\\\/shop-2\\\/\"},{\"@type\":\"ListItem\",\"position\":3,\"name\":\"Dobbelte Lange Liner med H\u00e5ndtag \u2014 Runde\"}]},{\"@type\":\"WebSite\",\"@id\":\"https:\\\/\\\/requinerope.dk\\\/en\\\/#website\",\"url\":\"https:\\\/\\\/requinerope.dk\\\/en\\\/\",\"name\":\"Requine Rope\",\"description\":\"B\u00e6redygtigt rebudstyr til hest &amp; hund\",\"publisher\":{\"@id\":\"https:\\\/\\\/requinerope.dk\\\/en\\\/#organization\"},\"potentialAction\":[{\"@type\":\"SearchAction\",\"target\":{\"@type\":\"EntryPoint\",\"urlTemplate\":\"https:\\\/\\\/requinerope.dk\\\/en\\\/?s={search_term_string}\"},\"query-input\":{\"@type\":\"PropertyValueSpecification\",\"valueRequired\":true,\"valueName\":\"search_term_string\"}}],\"inLanguage\":\"en-GB\"},{\"@type\":\"Organization\",\"@id\":\"https:\\\/\\\/requinerope.dk\\\/en\\\/#organization\",\"name\":\"Requine Rope\",\"url\":\"https:\\\/\\\/requinerope.dk\\\/en\\\/\",\"logo\":{\"@type\":\"ImageObject\",\"inLanguage\":\"en-GB\",\"@id\":\"https:\\\/\\\/requinerope.dk\\\/en\\\/#\\\/schema\\\/logo\\\/image\\\/\",\"url\":\"https:\\\/\\\/requinerope.dk\\\/wp-content\\\/uploads\\\/2021\\\/09\\\/logo-m-baggrund-modified.png\",\"contentUrl\":\"https:\\\/\\\/requinerope.dk\\\/wp-content\\\/uploads\\\/2021\\\/09\\\/logo-m-baggrund-modified.png\",\"width\":993,\"height\":993,\"caption\":\"Requine Rope\"},\"image\":{\"@id\":\"https:\\\/\\\/requinerope.dk\\\/en\\\/#\\\/schema\\\/logo\\\/image\\\/\"},\"sameAs\":[\"https:\\\/\\\/www.facebook.com\\\/requinerope\",\"https:\\\/\\\/www.instagram.com\\\/requinerope\",\"https:\\\/\\\/www.pinterest.dk\\\/requinerope\"]}]}<\/script>\n<!-- \/ Yoast SEO plugin. -->","yoast_head_json":{"title":"B\u00e6redygtige Dobbelte Lange Liner med H\u00e5ndtag \u2014 Runde | Requine Rope","robots":{"index":"index","follow":"follow","max-snippet":"max-snippet:-1","max-image-preview":"max-image-preview:large","max-video-preview":"max-video-preview:-1"},"canonical":"https:\/\/requinerope.dk\/en\/shop\/dobbelte-lange-liner-med-haandtag-runde\/","og_locale":"en_GB","og_type":"article","og_title":"B\u00e6redygtige Dobbelte Lange Liner med H\u00e5ndtag \u2014 Runde | Requine Rope","og_description":"B\u00e6redygtige dobbelte lange liner Dobbelte lange liner eller &#8220;dobbelt longe&#8221; er to lange liner p\u00e5 6, 8 eller 10 meter hver. Dette er \u00e5ben model, alts\u00e5 to separate t\u00f8jler. Hver t\u00f8jle har en karabinhage i den ene ende, og denne model har et h\u00e5ndtag i den anden ende. Dvs. du f\u00e5r hhv. 12, 16 eller [&hellip;]","og_url":"https:\/\/requinerope.dk\/en\/shop\/dobbelte-lange-liner-med-haandtag-runde\/","og_site_name":"Requine Rope","article_publisher":"https:\/\/www.facebook.com\/requinerope","article_modified_time":"2026-03-01T19:20:42+00:00","og_image":[{"width":500,"height":500,"url":"https:\/\/requinerope.dk\/wp-content\/uploads\/2024\/12\/requine-rope-logo.png","type":"image\/png"}],"twitter_card":"summary_large_image","twitter_misc":{"Estimated reading time":"3 minutes"},"schema":{"@context":"https:\/\/schema.org","@graph":[{"@type":"WebPage","@id":"https:\/\/requinerope.dk\/shop\/dobbelte-lange-liner-med-haandtag-runde\/","url":"https:\/\/requinerope.dk\/shop\/dobbelte-lange-liner-med-haandtag-runde\/","name":"B\u00e6redygtige Dobbelte Lange Liner med H\u00e5ndtag \u2014 Runde | Requine Rope","isPartOf":{"@id":"https:\/\/requinerope.dk\/en\/#website"},"datePublished":"2025-07-10T11:26:51+00:00","dateModified":"2026-03-01T19:20:42+00:00","breadcrumb":{"@id":"https:\/\/requinerope.dk\/shop\/dobbelte-lange-liner-med-haandtag-runde\/#breadcrumb"},"inLanguage":"en-GB","potentialAction":[{"@type":"ReadAction","target":["https:\/\/requinerope.dk\/shop\/dobbelte-lange-liner-med-haandtag-runde\/"]}]},{"@type":"BreadcrumbList","@id":"https:\/\/requinerope.dk\/shop\/dobbelte-lange-liner-med-haandtag-runde\/#breadcrumb","itemListElement":[{"@type":"ListItem","position":1,"name":"Hjem","item":"https:\/\/requinerope.dk\/"},{"@type":"ListItem","position":2,"name":"Shop","item":"https:\/\/requinerope.dk\/en\/shop-2\/"},{"@type":"ListItem","position":3,"name":"Dobbelte Lange Liner med H\u00e5ndtag \u2014 Runde"}]},{"@type":"WebSite","@id":"https:\/\/requinerope.dk\/en\/#website","url":"https:\/\/requinerope.dk\/en\/","name":"Requine Rope","description":"Sustainable rope equipment for horse &amp; dog","publisher":{"@id":"https:\/\/requinerope.dk\/en\/#organization"},"potentialAction":[{"@type":"SearchAction","target":{"@type":"EntryPoint","urlTemplate":"https:\/\/requinerope.dk\/en\/?s={search_term_string}"},"query-input":{"@type":"PropertyValueSpecification","valueRequired":true,"valueName":"search_term_string"}}],"inLanguage":"en-GB"},{"@type":"Organization","@id":"https:\/\/requinerope.dk\/en\/#organization","name":"Requine Rope","url":"https:\/\/requinerope.dk\/en\/","logo":{"@type":"ImageObject","inLanguage":"en-GB","@id":"https:\/\/requinerope.dk\/en\/#\/schema\/logo\/image\/","url":"https:\/\/requinerope.dk\/wp-content\/uploads\/2021\/09\/logo-m-baggrund-modified.png","contentUrl":"https:\/\/requinerope.dk\/wp-content\/uploads\/2021\/09\/logo-m-baggrund-modified.png","width":993,"height":993,"caption":"Requine Rope"},"image":{"@id":"https:\/\/requinerope.dk\/en\/#\/schema\/logo\/image\/"},"sameAs":["https:\/\/www.facebook.com\/requinerope","https:\/\/www.instagram.com\/requinerope","https:\/\/www.pinterest.dk\/requinerope"]}]}},"jetpack_sharing_enabled":true,"_links":{"self":[{"href":"https:\/\/requinerope.dk\/en\/wp-json\/wp\/v2\/product\/12833","targetHints":{"allow":["GET"]}}],"collection":[{"href":"https:\/\/requinerope.dk\/en\/wp-json\/wp\/v2\/product"}],"about":[{"href":"https:\/\/requinerope.dk\/en\/wp-json\/wp\/v2\/types\/product"}],"wp:attachment":[{"href":"https:\/\/requinerope.dk\/en\/wp-json\/wp\/v2\/media?parent=12833"}],"wp:term":[{"taxonomy":"product_brand","embeddable":true,"href":"https:\/\/requinerope.dk\/en\/wp-json\/wp\/v2\/product_brand?post=12833"},{"taxonomy":"product_cat","embeddable":true,"href":"https:\/\/requinerope.dk\/en\/wp-json\/wp\/v2\/product_cat?post=12833"},{"taxonomy":"product_tag","embeddable":true,"href":"https:\/\/requinerope.dk\/en\/wp-json\/wp\/v2\/product_tag?post=12833"}],"curies":[{"name":"wp","href":"https:\/\/api.w.org\/{rel}","templated":true}]}}