{"id":12790,"date":"2025-06-28T11:04:15","date_gmt":"2025-06-28T11:04:15","guid":{"rendered":"https:\/\/requinerope.dk\/?post_type=product&#038;p=12790"},"modified":"2025-06-30T11:33:52","modified_gmt":"2025-06-30T11:33:52","slug":"yellow-6mm-rpet-reb-bloedt","status":"publish","type":"product","link":"https:\/\/requinerope.dk\/en\/shop\/yellow-6mm-rpet-reb-bloedt\/","title":{"rendered":"YELLOW 6mm rPET rope \u2014 soft"},"content":{"rendered":"<p><em>B\u00e6redygtigt dobbeltflettet 6 mm reb i 100% genanvendt materiale i farven Yellow<\/em><\/p>\n<p>6 mm is the most popular rope type for making rope halters!<\/p>\n<p>This rope is made from a rPET, making it in many ways similar ro PPM rope, which is also made from plastic, is easy to work with, and is shiny. However, PET is much easier than PP to recycle due to infrastructure and differences in the plastics' physical and chemical properties. PET is already widely used for different plastic products like food and drink packaging and textiles, and it can be recycled several times without decrease in quality.<\/p>\n<p>&nbsp;<\/p>\n<p>All rope at Requine Rope is made from 100% rPET, which is made from recycled, post-consumer plastic bottles. The bottles are collected in Europe, the same place as the rope is manufactured, ensuring as little transport at possible. This reduces both the amount of plastic ending up in nature and brings down the total emitted CO2. If you want to learn more about the different sustainability initiatives at Requine Rope, you can read more <a href=\"https:\/\/requinerope.dk\/en\/om\/baeredygtighed\/\">here<\/a>.<\/p>\n<p>The rope is very high quality, made with care and for enduring all kinds of weather. It has a smooth, shiny surface.<\/p>\n<p>&nbsp;<\/p>\n<p><em>How much rope will I need for a rope halter?<\/em><\/p>\n<p>There's not one simple answer. It depends a lot on skill, and of course the size on the halter. Below are some lengths which are <strong>ONLY<\/strong> a guide \u2014 you may need more or less rope than this.<\/p>\n<p>&nbsp;<\/p>\n<p>If the halter has the same measurements as those from Requine Rope, it's recommended to buy the following amounts of rope for one halter:<\/p>\n<p>X-mini, mini, shet &amp; pony: 5 meters<\/p>\n<p>Cob, full, x-full &amp; xx-full: 6 meters<\/p>\n<p>&nbsp;<\/p>\n<p>The rope is sold by the meter. That means that putting one unit in the cart is 1 meter of cut-off rope. If you out X units in the cart, you will get X units of continuous rope.<\/p>\n<p>&nbsp;<\/p>\n<p>NB: Because all screens are different, it is not guaranteed that the colour on the rope as seen on your screen matches the exact colour of the rope in real life.<\/p>\n<p>Rope with different diameter width with the same names are same colour in real life, even if the pictures look different.<\/p>","protected":false},"excerpt":{"rendered":"<p>B\u00e6redygtigt dobbeltflettet 6 mm reb i 100% genanvendt materiale i farven Yellow 6 mm er den mest popul\u00e6re type reb at lave rebgrimer med! Dette reb er lavet af rPET, som p\u00e5 mange m\u00e5de minder om PPM reb, som ogs\u00e5 er lavet er plastik, er nemt at arbejde med, og skinnende. Til geng\u00e6ld er PET [&hellip;]<\/p>\n","protected":false},"featured_media":12578,"template":"","meta":{"site-sidebar-layout":"default","site-content-layout":"default","ast-site-content-layout":"default","site-content-style":"default","site-sidebar-style":"default","ast-global-header-display":"","ast-banner-title-visibility":"","ast-main-header-display":"","ast-hfb-above-header-display":"","ast-hfb-below-header-display":"","ast-hfb-mobile-header-display":"","site-post-title":"","ast-breadcrumbs-content":"","ast-featured-img":"","footer-sml-layout":"","ast-disable-related-posts":"","theme-transparent-header-meta":"default","adv-header-id-meta":"","stick-header-meta":"","header-above-stick-meta":"","header-main-stick-meta":"","header-below-stick-meta":"","astra-migrate-meta-layouts":"set","ast-page-background-enabled":"default","ast-page-background-meta":{"desktop":{"background-color":"var(--ast-global-color-4)","background-image":"","background-repeat":"repeat","background-position":"center center","background-size":"auto","background-attachment":"scroll","background-type":"","background-media":"","overlay-type":"","overlay-color":"","overlay-opacity":"","overlay-gradient":""},"tablet":{"background-color":"","background-image":"","background-repeat":"repeat","background-position":"center center","background-size":"auto","background-attachment":"scroll","background-type":"","background-media":"","overlay-type":"","overlay-color":"","overlay-opacity":"","overlay-gradient":""},"mobile":{"background-color":"","background-image":"","background-repeat":"repeat","background-position":"center center","background-size":"auto","background-attachment":"scroll","background-type":"","background-media":"","overlay-type":"","overlay-color":"","overlay-opacity":"","overlay-gradient":""}},"ast-content-background-meta":{"desktop":{"background-color":"var(--ast-global-color-5)","background-image":"","background-repeat":"repeat","background-position":"center center","background-size":"auto","background-attachment":"scroll","background-type":"","background-media":"","overlay-type":"","overlay-color":"","overlay-opacity":"","overlay-gradient":""},"tablet":{"background-color":"var(--ast-global-color-5)","background-image":"","background-repeat":"repeat","background-position":"center center","background-size":"auto","background-attachment":"scroll","background-type":"","background-media":"","overlay-type":"","overlay-color":"","overlay-opacity":"","overlay-gradient":""},"mobile":{"background-color":"var(--ast-global-color-5)","background-image":"","background-repeat":"repeat","background-position":"center center","background-size":"auto","background-attachment":"scroll","background-type":"","background-media":"","overlay-type":"","overlay-color":"","overlay-opacity":"","overlay-gradient":""}}},"product_brand":[],"product_cat":[526,522,523],"product_tag":[],"class_list":{"0":"post-12790","1":"product","2":"type-product","3":"status-publish","4":"has-post-thumbnail","6":"product_cat-6-mm-reb","7":"product_cat-diy","8":"product_cat-reb","9":"desktop-align-left","10":"tablet-align-left","11":"mobile-align-left","13":"first","14":"instock","15":"taxable","16":"shipping-taxable","17":"purchasable","18":"product-type-simple"},"yoast_head":"<!-- This site is optimized with the Yoast SEO plugin v27.6 - https:\/\/yoast.com\/product\/yoast-seo-wordpress\/ -->\n<title>YELLOW 6mm rPET reb \u2014 bl\u00f8dt | Requine Rope<\/title>\n<meta name=\"robots\" content=\"index, follow, max-snippet:-1, max-image-preview:large, max-video-preview:-1\" \/>\n<link rel=\"canonical\" href=\"https:\/\/requinerope.dk\/en\/shop\/yellow-6mm-rpet-reb-bloedt\/\" \/>\n<meta property=\"og:locale\" content=\"en_GB\" \/>\n<meta property=\"og:type\" content=\"article\" \/>\n<meta property=\"og:title\" content=\"YELLOW 6mm rPET reb \u2014 bl\u00f8dt | Requine Rope\" \/>\n<meta property=\"og:description\" content=\"B\u00e6redygtigt dobbeltflettet 6 mm reb i 100% genanvendt materiale i farven Yellow 6 mm er den mest popul\u00e6re type reb at lave rebgrimer med! Dette reb er lavet af rPET, som p\u00e5 mange m\u00e5de minder om PPM reb, som ogs\u00e5 er lavet er plastik, er nemt at arbejde med, og skinnende. Til geng\u00e6ld er PET [&hellip;]\" \/>\n<meta property=\"og:url\" content=\"https:\/\/requinerope.dk\/en\/shop\/yellow-6mm-rpet-reb-bloedt\/\" \/>\n<meta property=\"og:site_name\" content=\"Requine Rope\" \/>\n<meta property=\"article:publisher\" content=\"https:\/\/www.facebook.com\/requinerope\" \/>\n<meta property=\"article:modified_time\" content=\"2025-06-30T11:33:52+00:00\" \/>\n<meta property=\"og:image\" content=\"https:\/\/requinerope.dk\/wp-content\/uploads\/2025\/02\/yellow-6mm.jpg\" \/>\n\t<meta property=\"og:image:width\" content=\"1220\" \/>\n\t<meta property=\"og:image:height\" content=\"1220\" \/>\n\t<meta property=\"og:image:type\" content=\"image\/jpeg\" \/>\n<meta name=\"twitter:card\" content=\"summary_large_image\" \/>\n<meta name=\"twitter:label1\" content=\"Estimated reading time\" \/>\n\t<meta name=\"twitter:data1\" content=\"3 minutes\" \/>\n<script type=\"application\/ld+json\" class=\"yoast-schema-graph\">{\"@context\":\"https:\\\/\\\/schema.org\",\"@graph\":[{\"@type\":\"WebPage\",\"@id\":\"https:\\\/\\\/requinerope.dk\\\/shop\\\/yellow-6mm-rpet-reb-bloedt\\\/\",\"url\":\"https:\\\/\\\/requinerope.dk\\\/shop\\\/yellow-6mm-rpet-reb-bloedt\\\/\",\"name\":\"YELLOW 6mm rPET reb \u2014 bl\u00f8dt | Requine Rope\",\"isPartOf\":{\"@id\":\"https:\\\/\\\/requinerope.dk\\\/en\\\/#website\"},\"primaryImageOfPage\":{\"@id\":\"https:\\\/\\\/requinerope.dk\\\/shop\\\/yellow-6mm-rpet-reb-bloedt\\\/#primaryimage\"},\"image\":{\"@id\":\"https:\\\/\\\/requinerope.dk\\\/shop\\\/yellow-6mm-rpet-reb-bloedt\\\/#primaryimage\"},\"thumbnailUrl\":\"https:\\\/\\\/requinerope.dk\\\/wp-content\\\/uploads\\\/2025\\\/02\\\/yellow-6mm.jpg\",\"datePublished\":\"2025-06-28T11:04:15+00:00\",\"dateModified\":\"2025-06-30T11:33:52+00:00\",\"breadcrumb\":{\"@id\":\"https:\\\/\\\/requinerope.dk\\\/shop\\\/yellow-6mm-rpet-reb-bloedt\\\/#breadcrumb\"},\"inLanguage\":\"en-GB\",\"potentialAction\":[{\"@type\":\"ReadAction\",\"target\":[\"https:\\\/\\\/requinerope.dk\\\/shop\\\/yellow-6mm-rpet-reb-bloedt\\\/\"]}]},{\"@type\":\"ImageObject\",\"inLanguage\":\"en-GB\",\"@id\":\"https:\\\/\\\/requinerope.dk\\\/shop\\\/yellow-6mm-rpet-reb-bloedt\\\/#primaryimage\",\"url\":\"https:\\\/\\\/requinerope.dk\\\/wp-content\\\/uploads\\\/2025\\\/02\\\/yellow-6mm.jpg\",\"contentUrl\":\"https:\\\/\\\/requinerope.dk\\\/wp-content\\\/uploads\\\/2025\\\/02\\\/yellow-6mm.jpg\",\"width\":1220,\"height\":1220,\"caption\":\"Yellow\"},{\"@type\":\"BreadcrumbList\",\"@id\":\"https:\\\/\\\/requinerope.dk\\\/shop\\\/yellow-6mm-rpet-reb-bloedt\\\/#breadcrumb\",\"itemListElement\":[{\"@type\":\"ListItem\",\"position\":1,\"name\":\"Hjem\",\"item\":\"https:\\\/\\\/requinerope.dk\\\/\"},{\"@type\":\"ListItem\",\"position\":2,\"name\":\"Shop\",\"item\":\"https:\\\/\\\/requinerope.dk\\\/en\\\/shop-2\\\/\"},{\"@type\":\"ListItem\",\"position\":3,\"name\":\"YELLOW 6mm rPET reb \u2014 bl\u00f8dt\"}]},{\"@type\":\"WebSite\",\"@id\":\"https:\\\/\\\/requinerope.dk\\\/en\\\/#website\",\"url\":\"https:\\\/\\\/requinerope.dk\\\/en\\\/\",\"name\":\"Requine Rope\",\"description\":\"B\u00e6redygtigt rebudstyr til hest &amp; hund\",\"publisher\":{\"@id\":\"https:\\\/\\\/requinerope.dk\\\/en\\\/#organization\"},\"potentialAction\":[{\"@type\":\"SearchAction\",\"target\":{\"@type\":\"EntryPoint\",\"urlTemplate\":\"https:\\\/\\\/requinerope.dk\\\/en\\\/?s={search_term_string}\"},\"query-input\":{\"@type\":\"PropertyValueSpecification\",\"valueRequired\":true,\"valueName\":\"search_term_string\"}}],\"inLanguage\":\"en-GB\"},{\"@type\":\"Organization\",\"@id\":\"https:\\\/\\\/requinerope.dk\\\/en\\\/#organization\",\"name\":\"Requine Rope\",\"url\":\"https:\\\/\\\/requinerope.dk\\\/en\\\/\",\"logo\":{\"@type\":\"ImageObject\",\"inLanguage\":\"en-GB\",\"@id\":\"https:\\\/\\\/requinerope.dk\\\/en\\\/#\\\/schema\\\/logo\\\/image\\\/\",\"url\":\"https:\\\/\\\/requinerope.dk\\\/wp-content\\\/uploads\\\/2021\\\/09\\\/logo-m-baggrund-modified.png\",\"contentUrl\":\"https:\\\/\\\/requinerope.dk\\\/wp-content\\\/uploads\\\/2021\\\/09\\\/logo-m-baggrund-modified.png\",\"width\":993,\"height\":993,\"caption\":\"Requine Rope\"},\"image\":{\"@id\":\"https:\\\/\\\/requinerope.dk\\\/en\\\/#\\\/schema\\\/logo\\\/image\\\/\"},\"sameAs\":[\"https:\\\/\\\/www.facebook.com\\\/requinerope\",\"https:\\\/\\\/www.instagram.com\\\/requinerope\",\"https:\\\/\\\/www.pinterest.dk\\\/requinerope\"]}]}<\/script>\n<!-- \/ Yoast SEO plugin. -->","yoast_head_json":{"title":"YELLOW 6mm rPET reb \u2014 bl\u00f8dt | Requine Rope","robots":{"index":"index","follow":"follow","max-snippet":"max-snippet:-1","max-image-preview":"max-image-preview:large","max-video-preview":"max-video-preview:-1"},"canonical":"https:\/\/requinerope.dk\/en\/shop\/yellow-6mm-rpet-reb-bloedt\/","og_locale":"en_GB","og_type":"article","og_title":"YELLOW 6mm rPET reb \u2014 bl\u00f8dt | Requine Rope","og_description":"B\u00e6redygtigt dobbeltflettet 6 mm reb i 100% genanvendt materiale i farven Yellow 6 mm er den mest popul\u00e6re type reb at lave rebgrimer med! Dette reb er lavet af rPET, som p\u00e5 mange m\u00e5de minder om PPM reb, som ogs\u00e5 er lavet er plastik, er nemt at arbejde med, og skinnende. Til geng\u00e6ld er PET [&hellip;]","og_url":"https:\/\/requinerope.dk\/en\/shop\/yellow-6mm-rpet-reb-bloedt\/","og_site_name":"Requine Rope","article_publisher":"https:\/\/www.facebook.com\/requinerope","article_modified_time":"2025-06-30T11:33:52+00:00","og_image":[{"width":1220,"height":1220,"url":"https:\/\/requinerope.dk\/wp-content\/uploads\/2025\/02\/yellow-6mm.jpg","type":"image\/jpeg"}],"twitter_card":"summary_large_image","twitter_misc":{"Estimated reading time":"3 minutes"},"schema":{"@context":"https:\/\/schema.org","@graph":[{"@type":"WebPage","@id":"https:\/\/requinerope.dk\/shop\/yellow-6mm-rpet-reb-bloedt\/","url":"https:\/\/requinerope.dk\/shop\/yellow-6mm-rpet-reb-bloedt\/","name":"YELLOW 6mm rPET reb \u2014 bl\u00f8dt | Requine Rope","isPartOf":{"@id":"https:\/\/requinerope.dk\/en\/#website"},"primaryImageOfPage":{"@id":"https:\/\/requinerope.dk\/shop\/yellow-6mm-rpet-reb-bloedt\/#primaryimage"},"image":{"@id":"https:\/\/requinerope.dk\/shop\/yellow-6mm-rpet-reb-bloedt\/#primaryimage"},"thumbnailUrl":"https:\/\/requinerope.dk\/wp-content\/uploads\/2025\/02\/yellow-6mm.jpg","datePublished":"2025-06-28T11:04:15+00:00","dateModified":"2025-06-30T11:33:52+00:00","breadcrumb":{"@id":"https:\/\/requinerope.dk\/shop\/yellow-6mm-rpet-reb-bloedt\/#breadcrumb"},"inLanguage":"en-GB","potentialAction":[{"@type":"ReadAction","target":["https:\/\/requinerope.dk\/shop\/yellow-6mm-rpet-reb-bloedt\/"]}]},{"@type":"ImageObject","inLanguage":"en-GB","@id":"https:\/\/requinerope.dk\/shop\/yellow-6mm-rpet-reb-bloedt\/#primaryimage","url":"https:\/\/requinerope.dk\/wp-content\/uploads\/2025\/02\/yellow-6mm.jpg","contentUrl":"https:\/\/requinerope.dk\/wp-content\/uploads\/2025\/02\/yellow-6mm.jpg","width":1220,"height":1220,"caption":"Yellow"},{"@type":"BreadcrumbList","@id":"https:\/\/requinerope.dk\/shop\/yellow-6mm-rpet-reb-bloedt\/#breadcrumb","itemListElement":[{"@type":"ListItem","position":1,"name":"Hjem","item":"https:\/\/requinerope.dk\/"},{"@type":"ListItem","position":2,"name":"Shop","item":"https:\/\/requinerope.dk\/en\/shop-2\/"},{"@type":"ListItem","position":3,"name":"YELLOW 6mm rPET reb \u2014 bl\u00f8dt"}]},{"@type":"WebSite","@id":"https:\/\/requinerope.dk\/en\/#website","url":"https:\/\/requinerope.dk\/en\/","name":"Requine Rope","description":"Sustainable rope equipment for horse &amp; dog","publisher":{"@id":"https:\/\/requinerope.dk\/en\/#organization"},"potentialAction":[{"@type":"SearchAction","target":{"@type":"EntryPoint","urlTemplate":"https:\/\/requinerope.dk\/en\/?s={search_term_string}"},"query-input":{"@type":"PropertyValueSpecification","valueRequired":true,"valueName":"search_term_string"}}],"inLanguage":"en-GB"},{"@type":"Organization","@id":"https:\/\/requinerope.dk\/en\/#organization","name":"Requine Rope","url":"https:\/\/requinerope.dk\/en\/","logo":{"@type":"ImageObject","inLanguage":"en-GB","@id":"https:\/\/requinerope.dk\/en\/#\/schema\/logo\/image\/","url":"https:\/\/requinerope.dk\/wp-content\/uploads\/2021\/09\/logo-m-baggrund-modified.png","contentUrl":"https:\/\/requinerope.dk\/wp-content\/uploads\/2021\/09\/logo-m-baggrund-modified.png","width":993,"height":993,"caption":"Requine Rope"},"image":{"@id":"https:\/\/requinerope.dk\/en\/#\/schema\/logo\/image\/"},"sameAs":["https:\/\/www.facebook.com\/requinerope","https:\/\/www.instagram.com\/requinerope","https:\/\/www.pinterest.dk\/requinerope"]}]}},"jetpack_sharing_enabled":true,"_links":{"self":[{"href":"https:\/\/requinerope.dk\/en\/wp-json\/wp\/v2\/product\/12790","targetHints":{"allow":["GET"]}}],"collection":[{"href":"https:\/\/requinerope.dk\/en\/wp-json\/wp\/v2\/product"}],"about":[{"href":"https:\/\/requinerope.dk\/en\/wp-json\/wp\/v2\/types\/product"}],"wp:featuredmedia":[{"embeddable":true,"href":"https:\/\/requinerope.dk\/en\/wp-json\/wp\/v2\/media\/12578"}],"wp:attachment":[{"href":"https:\/\/requinerope.dk\/en\/wp-json\/wp\/v2\/media?parent=12790"}],"wp:term":[{"taxonomy":"product_brand","embeddable":true,"href":"https:\/\/requinerope.dk\/en\/wp-json\/wp\/v2\/product_brand?post=12790"},{"taxonomy":"product_cat","embeddable":true,"href":"https:\/\/requinerope.dk\/en\/wp-json\/wp\/v2\/product_cat?post=12790"},{"taxonomy":"product_tag","embeddable":true,"href":"https:\/\/requinerope.dk\/en\/wp-json\/wp\/v2\/product_tag?post=12790"}],"curies":[{"name":"wp","href":"https:\/\/api.w.org\/{rel}","templated":true}]}}