{"id":124,"date":"2021-09-14T09:22:28","date_gmt":"2021-09-14T09:22:28","guid":{"rendered":"http:\/\/requinerope.dk\/?post_type=product&#038;p=124"},"modified":"2026-03-02T09:01:38","modified_gmt":"2026-03-02T09:01:38","slug":"crossunder","status":"publish","type":"product","link":"https:\/\/requinerope.dk\/en\/shop\/crossunder\/","title":{"rendered":"Crossunder"},"content":{"rendered":"<p><em>Sustainable crossunder<\/em><\/p>\n<p>Do you want a unique rope halter with even more beautiful details? Then you can design your own rope halter right <a href=\"https:\/\/requinerope.dk\/en\/shop\/design-selv-rebgrime\/\">here<\/a>!<\/p>\n<p>&nbsp;<\/p>\n<p>On the crossunder rope halter, two straps go under the head of the horse, cross under the jaw and go out through the rings on the noseband where the reins are attached.<br \/>\nIn this way, the pressure from the rein is distributed more to the underside of the head, and less over the nose, compared to e.g. a sideull. This makes it ideal for horses that are more sensitive to pressure on the nosebridge.<\/p>\n<p>The noseband on this halter is adjustable, and is therefore the most similar to a (bitless) bridle of all the rope halters we have!<\/p>\n<p>&nbsp;<\/p>\n<p>Crossunders from Requine Rope is made from high quality rope which \u2014 of course \u2014 is 100% recycled.<\/p>\n<p>&nbsp;<\/p>\n<p>There are two types of rope: soft and stiff.<\/p>\n<p>The <strong>soft<\/strong> rope has a thick core and the cover is 16 strand braided. That makes the rope very soft and flexible.<br \/>\nThe <strong>stiff<\/strong> rope has a thinner core and the cover is 32 strand braided. That makes the rope stiffer (but not very stiff!) and it holds its shape better.<\/p>\n<p>&nbsp;<\/p>\n<p>Det bl\u00f8de reb kan f\u00e5s i f\u00f8lgende farver: Checkers, Black, Olive, Dark Maroon, Navy, Ocean, Sky Blue, Neon Green, Yellow, Neon Orange, Red, Candy Cane, Pink og Beige.<br \/>\nThe stiff rope is available in the following colours: Black, Denim Blue, Neon Green, Yellow, Neon Orange, Red, Pink and Beige.<\/p>\n<p>&nbsp;<\/p>\n<p>Want more than just a standard crossunder? Then you can design your own exactly as you'd like it <a href=\"https:\/\/requinerope.dk\/en\/vare-kategori\/design-din-egen-rebgrime\/?v=dd65ef9a5579\">here<\/a>!<\/p>\n<p>&nbsp;<\/p>\n<p>All colours with the same names have the same colour in real life. Colours on the pictures can vary depending on the screen, so we cannot guarantee that the colour you see on your screen is the exact same as in real life.<\/p>\n<p>&nbsp;<\/p>\n<p><!--more--><\/p>\n<p>Look at and read more about the different colours for rope halters at\u00a0<a href=\"https:\/\/requinerope.dk\/en\/om\/farver\/\">colours<\/a>.<\/p>\n<p>Available in the standard sizes x-mini to xx-full. (Se also <a href=\"https:\/\/requinerope.dk\/en\/om\/stoerrelsesguide\/\">the size guide<\/a>)<br \/>\nIf you want custom sizes, contact us on <a href=\"\/en\/info@requinerope.dk\/\">info@requinerope.dk<\/a><\/p>\n<p>&nbsp;<\/p>","protected":false},"excerpt":{"rendered":"<p>B\u00e6redygtig crossunder Vil du have en unik rebgrime med flere smukke detaljer? S\u00e5 kan du designe din egen rebgrime lige her! &nbsp; P\u00e5 crossunder-rebgrimen g\u00e5r de to remme ved k\u00e6ben under hestens hoved, krydser under k\u00e6ben og g\u00e5r gennem ringene p\u00e5 n\u00e6seb\u00e5ndet, hvor t\u00f8jlerne fasts\u00e6ttes. Derved fordeles presset fra t\u00f8jlen til i st\u00f8rre grad til [&hellip;]<\/p>\n","protected":false},"featured_media":10421,"template":"","meta":{"site-sidebar-layout":"default","site-content-layout":"default","ast-site-content-layout":"default","site-content-style":"default","site-sidebar-style":"default","ast-global-header-display":"","ast-banner-title-visibility":"","ast-main-header-display":"","ast-hfb-above-header-display":"","ast-hfb-below-header-display":"","ast-hfb-mobile-header-display":"","site-post-title":"","ast-breadcrumbs-content":"","ast-featured-img":"","footer-sml-layout":"","ast-disable-related-posts":"","theme-transparent-header-meta":"default","adv-header-id-meta":"","stick-header-meta":"","header-above-stick-meta":"","header-main-stick-meta":"","header-below-stick-meta":"","astra-migrate-meta-layouts":"set","ast-page-background-enabled":"default","ast-page-background-meta":{"desktop":{"background-color":"var(--ast-global-color-4)","background-image":"","background-repeat":"repeat","background-position":"center center","background-size":"auto","background-attachment":"scroll","background-type":"","background-media":"","overlay-type":"","overlay-color":"","overlay-opacity":"","overlay-gradient":""},"tablet":{"background-color":"","background-image":"","background-repeat":"repeat","background-position":"center center","background-size":"auto","background-attachment":"scroll","background-type":"","background-media":"","overlay-type":"","overlay-color":"","overlay-opacity":"","overlay-gradient":""},"mobile":{"background-color":"","background-image":"","background-repeat":"repeat","background-position":"center center","background-size":"auto","background-attachment":"scroll","background-type":"","background-media":"","overlay-type":"","overlay-color":"","overlay-opacity":"","overlay-gradient":""}},"ast-content-background-meta":{"desktop":{"background-color":"var(--ast-global-color-5)","background-image":"","background-repeat":"repeat","background-position":"center center","background-size":"auto","background-attachment":"scroll","background-type":"","background-media":"","overlay-type":"","overlay-color":"","overlay-opacity":"","overlay-gradient":""},"tablet":{"background-color":"var(--ast-global-color-5)","background-image":"","background-repeat":"repeat","background-position":"center center","background-size":"auto","background-attachment":"scroll","background-type":"","background-media":"","overlay-type":"","overlay-color":"","overlay-opacity":"","overlay-gradient":""},"mobile":{"background-color":"var(--ast-global-color-5)","background-image":"","background-repeat":"repeat","background-position":"center center","background-size":"auto","background-attachment":"scroll","background-type":"","background-media":"","overlay-type":"","overlay-color":"","overlay-opacity":"","overlay-gradient":""}}},"product_brand":[],"product_cat":[44],"product_tag":[],"class_list":{"0":"post-124","1":"product","2":"type-product","3":"status-publish","4":"has-post-thumbnail","6":"product_cat-rebgrimer","7":"pa_farve-beige","8":"pa_farve-black","9":"pa_farve-candy-cane","10":"pa_farve-checkers","11":"pa_farve-dark-maroon","12":"pa_farve-denim-blue","13":"pa_farve-navy","14":"pa_farve-neon-green","15":"pa_farve-neon-orange","16":"pa_farve-ocean","17":"pa_farve-olive","18":"pa_farve-pink","19":"pa_farve-red","20":"pa_farve-sky-blue","21":"pa_farve-yellow","22":"pa_farve-paa-maerket-hvid","23":"pa_farve-paa-maerket-ingen-praeference","24":"pa_farve-paa-maerket-sort","25":"pa_stoerrelse-cob","26":"pa_stoerrelse-full","27":"pa_stoerrelse-mini","28":"pa_stoerrelse-pony","29":"pa_stoerrelse-shet","30":"pa_stoerrelse-x-full","31":"pa_stoerrelse-x-mini","32":"pa_stoerrelse-xx-full","33":"pa_type-reb-bloedt","34":"pa_type-reb-stift","35":"desktop-align-left","36":"tablet-align-left","37":"mobile-align-left","39":"first","40":"outofstock","41":"taxable","42":"shipping-taxable","43":"purchasable","44":"product-type-variable"},"yoast_head":"<!-- This site is optimized with the Yoast SEO plugin v27.4 - https:\/\/yoast.com\/product\/yoast-seo-wordpress\/ -->\n<title>B\u00e6redygtig Crossunder | Requine Rope<\/title>\n<meta name=\"description\" content=\"B\u00e6redygtig crossunder af 100% genanvendt reb. P\u00e5 crossunder-rebgrimen g\u00e5r de to remme ved k\u00e6ben under hestens hoved, krydser under k\u00e6ben og g\u00e5r gennem ringene p\u00e5 n\u00e6seb\u00e5ndet, hvor t\u00f8jlerne fasts\u00e6ttes.\" \/>\n<meta name=\"robots\" content=\"index, follow, max-snippet:-1, max-image-preview:large, max-video-preview:-1\" \/>\n<link rel=\"canonical\" href=\"https:\/\/requinerope.dk\/en\/shop\/crossunder\/\" \/>\n<meta property=\"og:locale\" content=\"en_GB\" \/>\n<meta property=\"og:type\" content=\"article\" \/>\n<meta property=\"og:title\" content=\"B\u00e6redygtig Crossunder | Requine Rope\" \/>\n<meta property=\"og:description\" content=\"B\u00e6redygtig crossunder af 100% genanvendt reb. P\u00e5 crossunder-rebgrimen g\u00e5r de to remme ved k\u00e6ben under hestens hoved, krydser under k\u00e6ben og g\u00e5r gennem ringene p\u00e5 n\u00e6seb\u00e5ndet, hvor t\u00f8jlerne fasts\u00e6ttes.\" \/>\n<meta property=\"og:url\" content=\"https:\/\/requinerope.dk\/en\/shop\/crossunder\/\" \/>\n<meta property=\"og:site_name\" content=\"Requine Rope\" \/>\n<meta property=\"article:publisher\" content=\"https:\/\/www.facebook.com\/requinerope\" \/>\n<meta property=\"article:modified_time\" content=\"2026-03-02T09:01:38+00:00\" \/>\n<meta property=\"og:image\" content=\"https:\/\/requinerope.dk\/wp-content\/uploads\/2021\/09\/IMG_0005.jpg\" \/>\n\t<meta property=\"og:image:width\" content=\"1\" \/>\n\t<meta property=\"og:image:height\" content=\"1\" \/>\n\t<meta property=\"og:image:type\" content=\"image\/jpeg\" \/>\n<meta name=\"twitter:card\" content=\"summary_large_image\" \/>\n<meta name=\"twitter:label1\" content=\"Estimated reading time\" \/>\n\t<meta name=\"twitter:data1\" content=\"2 minutes\" \/>\n<script type=\"application\/ld+json\" class=\"yoast-schema-graph\">{\"@context\":\"https:\\\/\\\/schema.org\",\"@graph\":[{\"@type\":\"WebPage\",\"@id\":\"https:\\\/\\\/requinerope.dk\\\/shop\\\/crossunder\\\/\",\"url\":\"https:\\\/\\\/requinerope.dk\\\/shop\\\/crossunder\\\/\",\"name\":\"B\u00e6redygtig Crossunder | Requine Rope\",\"isPartOf\":{\"@id\":\"https:\\\/\\\/requinerope.dk\\\/en\\\/#website\"},\"primaryImageOfPage\":{\"@id\":\"https:\\\/\\\/requinerope.dk\\\/shop\\\/crossunder\\\/#primaryimage\"},\"image\":{\"@id\":\"https:\\\/\\\/requinerope.dk\\\/shop\\\/crossunder\\\/#primaryimage\"},\"thumbnailUrl\":\"https:\\\/\\\/requinerope.dk\\\/wp-content\\\/uploads\\\/2021\\\/09\\\/IMG_0005.jpg\",\"datePublished\":\"2021-09-14T09:22:28+00:00\",\"dateModified\":\"2026-03-02T09:01:38+00:00\",\"description\":\"B\u00e6redygtig crossunder af 100% genanvendt reb. P\u00e5 crossunder-rebgrimen g\u00e5r de to remme ved k\u00e6ben under hestens hoved, krydser under k\u00e6ben og g\u00e5r gennem ringene p\u00e5 n\u00e6seb\u00e5ndet, hvor t\u00f8jlerne fasts\u00e6ttes.\",\"breadcrumb\":{\"@id\":\"https:\\\/\\\/requinerope.dk\\\/shop\\\/crossunder\\\/#breadcrumb\"},\"inLanguage\":\"en-GB\",\"potentialAction\":[{\"@type\":\"ReadAction\",\"target\":[\"https:\\\/\\\/requinerope.dk\\\/shop\\\/crossunder\\\/\"]}]},{\"@type\":\"ImageObject\",\"inLanguage\":\"en-GB\",\"@id\":\"https:\\\/\\\/requinerope.dk\\\/shop\\\/crossunder\\\/#primaryimage\",\"url\":\"https:\\\/\\\/requinerope.dk\\\/wp-content\\\/uploads\\\/2021\\\/09\\\/IMG_0005.jpg\",\"contentUrl\":\"https:\\\/\\\/requinerope.dk\\\/wp-content\\\/uploads\\\/2021\\\/09\\\/IMG_0005.jpg\"},{\"@type\":\"BreadcrumbList\",\"@id\":\"https:\\\/\\\/requinerope.dk\\\/shop\\\/crossunder\\\/#breadcrumb\",\"itemListElement\":[{\"@type\":\"ListItem\",\"position\":1,\"name\":\"Hjem\",\"item\":\"https:\\\/\\\/requinerope.dk\\\/\"},{\"@type\":\"ListItem\",\"position\":2,\"name\":\"Shop\",\"item\":\"https:\\\/\\\/requinerope.dk\\\/en\\\/shop-2\\\/\"},{\"@type\":\"ListItem\",\"position\":3,\"name\":\"Crossunder\"}]},{\"@type\":\"WebSite\",\"@id\":\"https:\\\/\\\/requinerope.dk\\\/en\\\/#website\",\"url\":\"https:\\\/\\\/requinerope.dk\\\/en\\\/\",\"name\":\"Requine Rope\",\"description\":\"B\u00e6redygtigt rebudstyr til hest &amp; hund\",\"publisher\":{\"@id\":\"https:\\\/\\\/requinerope.dk\\\/en\\\/#organization\"},\"potentialAction\":[{\"@type\":\"SearchAction\",\"target\":{\"@type\":\"EntryPoint\",\"urlTemplate\":\"https:\\\/\\\/requinerope.dk\\\/en\\\/?s={search_term_string}\"},\"query-input\":{\"@type\":\"PropertyValueSpecification\",\"valueRequired\":true,\"valueName\":\"search_term_string\"}}],\"inLanguage\":\"en-GB\"},{\"@type\":\"Organization\",\"@id\":\"https:\\\/\\\/requinerope.dk\\\/en\\\/#organization\",\"name\":\"Requine Rope\",\"url\":\"https:\\\/\\\/requinerope.dk\\\/en\\\/\",\"logo\":{\"@type\":\"ImageObject\",\"inLanguage\":\"en-GB\",\"@id\":\"https:\\\/\\\/requinerope.dk\\\/en\\\/#\\\/schema\\\/logo\\\/image\\\/\",\"url\":\"https:\\\/\\\/requinerope.dk\\\/wp-content\\\/uploads\\\/2021\\\/09\\\/logo-m-baggrund-modified.png\",\"contentUrl\":\"https:\\\/\\\/requinerope.dk\\\/wp-content\\\/uploads\\\/2021\\\/09\\\/logo-m-baggrund-modified.png\",\"width\":993,\"height\":993,\"caption\":\"Requine Rope\"},\"image\":{\"@id\":\"https:\\\/\\\/requinerope.dk\\\/en\\\/#\\\/schema\\\/logo\\\/image\\\/\"},\"sameAs\":[\"https:\\\/\\\/www.facebook.com\\\/requinerope\",\"https:\\\/\\\/www.instagram.com\\\/requinerope\",\"https:\\\/\\\/www.pinterest.dk\\\/requinerope\"]}]}<\/script>\n<!-- \/ Yoast SEO plugin. -->","yoast_head_json":{"title":"B\u00e6redygtig Crossunder | Requine Rope","description":"B\u00e6redygtig crossunder af 100% genanvendt reb. P\u00e5 crossunder-rebgrimen g\u00e5r de to remme ved k\u00e6ben under hestens hoved, krydser under k\u00e6ben og g\u00e5r gennem ringene p\u00e5 n\u00e6seb\u00e5ndet, hvor t\u00f8jlerne fasts\u00e6ttes.","robots":{"index":"index","follow":"follow","max-snippet":"max-snippet:-1","max-image-preview":"max-image-preview:large","max-video-preview":"max-video-preview:-1"},"canonical":"https:\/\/requinerope.dk\/en\/shop\/crossunder\/","og_locale":"en_GB","og_type":"article","og_title":"B\u00e6redygtig Crossunder | Requine Rope","og_description":"B\u00e6redygtig crossunder af 100% genanvendt reb. P\u00e5 crossunder-rebgrimen g\u00e5r de to remme ved k\u00e6ben under hestens hoved, krydser under k\u00e6ben og g\u00e5r gennem ringene p\u00e5 n\u00e6seb\u00e5ndet, hvor t\u00f8jlerne fasts\u00e6ttes.","og_url":"https:\/\/requinerope.dk\/en\/shop\/crossunder\/","og_site_name":"Requine Rope","article_publisher":"https:\/\/www.facebook.com\/requinerope","article_modified_time":"2026-03-02T09:01:38+00:00","og_image":[{"url":"https:\/\/requinerope.dk\/wp-content\/uploads\/2021\/09\/IMG_0005.jpg","width":1,"height":1,"type":"image\/jpeg"}],"twitter_card":"summary_large_image","twitter_misc":{"Estimated reading time":"2 minutes"},"schema":{"@context":"https:\/\/schema.org","@graph":[{"@type":"WebPage","@id":"https:\/\/requinerope.dk\/shop\/crossunder\/","url":"https:\/\/requinerope.dk\/shop\/crossunder\/","name":"B\u00e6redygtig Crossunder | Requine Rope","isPartOf":{"@id":"https:\/\/requinerope.dk\/en\/#website"},"primaryImageOfPage":{"@id":"https:\/\/requinerope.dk\/shop\/crossunder\/#primaryimage"},"image":{"@id":"https:\/\/requinerope.dk\/shop\/crossunder\/#primaryimage"},"thumbnailUrl":"https:\/\/requinerope.dk\/wp-content\/uploads\/2021\/09\/IMG_0005.jpg","datePublished":"2021-09-14T09:22:28+00:00","dateModified":"2026-03-02T09:01:38+00:00","description":"B\u00e6redygtig crossunder af 100% genanvendt reb. P\u00e5 crossunder-rebgrimen g\u00e5r de to remme ved k\u00e6ben under hestens hoved, krydser under k\u00e6ben og g\u00e5r gennem ringene p\u00e5 n\u00e6seb\u00e5ndet, hvor t\u00f8jlerne fasts\u00e6ttes.","breadcrumb":{"@id":"https:\/\/requinerope.dk\/shop\/crossunder\/#breadcrumb"},"inLanguage":"en-GB","potentialAction":[{"@type":"ReadAction","target":["https:\/\/requinerope.dk\/shop\/crossunder\/"]}]},{"@type":"ImageObject","inLanguage":"en-GB","@id":"https:\/\/requinerope.dk\/shop\/crossunder\/#primaryimage","url":"https:\/\/requinerope.dk\/wp-content\/uploads\/2021\/09\/IMG_0005.jpg","contentUrl":"https:\/\/requinerope.dk\/wp-content\/uploads\/2021\/09\/IMG_0005.jpg"},{"@type":"BreadcrumbList","@id":"https:\/\/requinerope.dk\/shop\/crossunder\/#breadcrumb","itemListElement":[{"@type":"ListItem","position":1,"name":"Hjem","item":"https:\/\/requinerope.dk\/"},{"@type":"ListItem","position":2,"name":"Shop","item":"https:\/\/requinerope.dk\/en\/shop-2\/"},{"@type":"ListItem","position":3,"name":"Crossunder"}]},{"@type":"WebSite","@id":"https:\/\/requinerope.dk\/en\/#website","url":"https:\/\/requinerope.dk\/en\/","name":"Requine Rope","description":"Sustainable rope equipment for horse &amp; dog","publisher":{"@id":"https:\/\/requinerope.dk\/en\/#organization"},"potentialAction":[{"@type":"SearchAction","target":{"@type":"EntryPoint","urlTemplate":"https:\/\/requinerope.dk\/en\/?s={search_term_string}"},"query-input":{"@type":"PropertyValueSpecification","valueRequired":true,"valueName":"search_term_string"}}],"inLanguage":"en-GB"},{"@type":"Organization","@id":"https:\/\/requinerope.dk\/en\/#organization","name":"Requine Rope","url":"https:\/\/requinerope.dk\/en\/","logo":{"@type":"ImageObject","inLanguage":"en-GB","@id":"https:\/\/requinerope.dk\/en\/#\/schema\/logo\/image\/","url":"https:\/\/requinerope.dk\/wp-content\/uploads\/2021\/09\/logo-m-baggrund-modified.png","contentUrl":"https:\/\/requinerope.dk\/wp-content\/uploads\/2021\/09\/logo-m-baggrund-modified.png","width":993,"height":993,"caption":"Requine Rope"},"image":{"@id":"https:\/\/requinerope.dk\/en\/#\/schema\/logo\/image\/"},"sameAs":["https:\/\/www.facebook.com\/requinerope","https:\/\/www.instagram.com\/requinerope","https:\/\/www.pinterest.dk\/requinerope"]}]}},"jetpack_sharing_enabled":true,"_links":{"self":[{"href":"https:\/\/requinerope.dk\/en\/wp-json\/wp\/v2\/product\/124","targetHints":{"allow":["GET"]}}],"collection":[{"href":"https:\/\/requinerope.dk\/en\/wp-json\/wp\/v2\/product"}],"about":[{"href":"https:\/\/requinerope.dk\/en\/wp-json\/wp\/v2\/types\/product"}],"wp:featuredmedia":[{"embeddable":true,"href":"https:\/\/requinerope.dk\/en\/wp-json\/wp\/v2\/media\/10421"}],"wp:attachment":[{"href":"https:\/\/requinerope.dk\/en\/wp-json\/wp\/v2\/media?parent=124"}],"wp:term":[{"taxonomy":"product_brand","embeddable":true,"href":"https:\/\/requinerope.dk\/en\/wp-json\/wp\/v2\/product_brand?post=124"},{"taxonomy":"product_cat","embeddable":true,"href":"https:\/\/requinerope.dk\/en\/wp-json\/wp\/v2\/product_cat?post=124"},{"taxonomy":"product_tag","embeddable":true,"href":"https:\/\/requinerope.dk\/en\/wp-json\/wp\/v2\/product_tag?post=124"}],"curies":[{"name":"wp","href":"https:\/\/api.w.org\/{rel}","templated":true}]}}