{"id":122,"date":"2021-09-14T09:00:24","date_gmt":"2021-09-14T09:00:24","guid":{"rendered":"http:\/\/requinerope.dk\/?post_type=product&#038;p=122"},"modified":"2026-03-02T09:01:38","modified_gmt":"2026-03-02T09:01:38","slug":"knudefri-rebgrime-flad","status":"publish","type":"product","link":"https:\/\/requinerope.dk\/en\/shop\/knudefri-rebgrime-flad\/","title":{"rendered":"Knotless Rope Halter \u2014 Flat"},"content":{"rendered":"<p><em>B\u00e6redygtig knudefri rebgrime \u2014 flad<\/em><\/p>\n<p>This is a rope halter without knots! (Except the fiador knot)<\/p>\n<p>The flat knotless rope halter barely weighs anything and is very gentle compared to traditional rope halters. It has no knots in contact with the horse, the rope is flat instead of round, and it has no metal parts. That makes this halter exceptionally mild compared to normal rope halters and even standard halters!<\/p>\n<p>The advantage to the knotless rope halter against a normal halter is, among other things, the fit. It fits snugly like a normal rope halter, doesn't slide around (if it fits the horse), and can be quickly adjusted by losening or tightening the tying knot. In addition, it's completely free of metal parts and weighs very little. It is therefore perfect for very sensitive horses or the horse owner who generally thinks rope halters are too harsh.<\/p>\n<p>It's sown and spliced in the same places as the knots on a normal rope halter are placed, and therefore has the same measurements.<\/p>\n<p>&nbsp;<\/p>\n<p>Knotless rope halters from Requine Rope is made from high quality rope which \u2014 of course \u2014 is 100% recycled.<\/p>\n<p>&nbsp;<\/p>\n<p>The flat knotless rope halter is available in three colours: Black, Dark Maroon and Sky Blue.<\/p>\n<p>&nbsp;<\/p>\n<p><!--more--><\/p>\n<p>All colours with the same names have the same colour in real life. Colours on the pictures can vary depending on the screen, so it's not guaranteed that the colour you see on your screen is the exact same as in real life.<\/p>\n<p>&nbsp;<\/p>\n<p>Look at and read more about the different colours for rope halters at\u00a0<a href=\"https:\/\/requinerope.dk\/en\/om\/farver\/\">colours<\/a>.<\/p>\n<p>Available in the standard sizes x-mini to xx-full. (Se also <a href=\"https:\/\/requinerope.dk\/en\/om\/stoerrelsesguide\/\">the size guide<\/a>)<br \/>\nIf you want custom sizes, contact us on <a href=\"\/en\/info@requinerope.dk\/\">info@requinerope.dk<\/a><\/p>\n<p>&nbsp;<\/p>","protected":false},"excerpt":{"rendered":"<p>B\u00e6redygtig knudefri rebgrime \u2014 flad Dette er en rebgrime helt uden knuder! (p\u00e5n\u00e6r fiadorknuden). Den flade knudefri rebgrime vejer n\u00e6sten ingenting og er meget blid, sammenlignet med den tradtionelle rebgrime. Den har nemlig ikke knuder med kontakt til hesten, rebet er fladt i stedet for rundt og der er ingen metaldele. Det g\u00f8r grimen utrolig [&hellip;]<\/p>\n","protected":false},"featured_media":9719,"template":"","meta":{"site-sidebar-layout":"default","site-content-layout":"default","ast-site-content-layout":"default","site-content-style":"default","site-sidebar-style":"default","ast-global-header-display":"","ast-banner-title-visibility":"","ast-main-header-display":"","ast-hfb-above-header-display":"","ast-hfb-below-header-display":"","ast-hfb-mobile-header-display":"","site-post-title":"","ast-breadcrumbs-content":"","ast-featured-img":"","footer-sml-layout":"","ast-disable-related-posts":"","theme-transparent-header-meta":"default","adv-header-id-meta":"","stick-header-meta":"","header-above-stick-meta":"","header-main-stick-meta":"","header-below-stick-meta":"","astra-migrate-meta-layouts":"set","ast-page-background-enabled":"default","ast-page-background-meta":{"desktop":{"background-color":"var(--ast-global-color-4)","background-image":"","background-repeat":"repeat","background-position":"center center","background-size":"auto","background-attachment":"scroll","background-type":"","background-media":"","overlay-type":"","overlay-color":"","overlay-opacity":"","overlay-gradient":""},"tablet":{"background-color":"","background-image":"","background-repeat":"repeat","background-position":"center center","background-size":"auto","background-attachment":"scroll","background-type":"","background-media":"","overlay-type":"","overlay-color":"","overlay-opacity":"","overlay-gradient":""},"mobile":{"background-color":"","background-image":"","background-repeat":"repeat","background-position":"center center","background-size":"auto","background-attachment":"scroll","background-type":"","background-media":"","overlay-type":"","overlay-color":"","overlay-opacity":"","overlay-gradient":""}},"ast-content-background-meta":{"desktop":{"background-color":"var(--ast-global-color-5)","background-image":"","background-repeat":"repeat","background-position":"center center","background-size":"auto","background-attachment":"scroll","background-type":"","background-media":"","overlay-type":"","overlay-color":"","overlay-opacity":"","overlay-gradient":""},"tablet":{"background-color":"var(--ast-global-color-5)","background-image":"","background-repeat":"repeat","background-position":"center center","background-size":"auto","background-attachment":"scroll","background-type":"","background-media":"","overlay-type":"","overlay-color":"","overlay-opacity":"","overlay-gradient":""},"mobile":{"background-color":"var(--ast-global-color-5)","background-image":"","background-repeat":"repeat","background-position":"center center","background-size":"auto","background-attachment":"scroll","background-type":"","background-media":"","overlay-type":"","overlay-color":"","overlay-opacity":"","overlay-gradient":""}}},"product_brand":[],"product_cat":[44],"product_tag":[],"class_list":{"0":"post-122","1":"product","2":"type-product","3":"status-publish","4":"has-post-thumbnail","6":"product_cat-rebgrimer","7":"pa_ender-ingen","8":"pa_ender-splejsede","9":"pa_farve-black","10":"pa_farve-dark-maroon","11":"pa_farve-sky-blue","12":"pa_farve-paa-maerket-hvid","13":"pa_farve-paa-maerket-ingen-praeference","14":"pa_farve-paa-maerket-sort","15":"pa_stoerrelse-cob","16":"pa_stoerrelse-full","17":"pa_stoerrelse-mini","18":"pa_stoerrelse-pony","19":"pa_stoerrelse-shet","20":"pa_stoerrelse-x-full","21":"pa_stoerrelse-x-mini","22":"pa_stoerrelse-xx-full","23":"desktop-align-left","24":"tablet-align-left","25":"mobile-align-left","27":"first","28":"outofstock","29":"taxable","30":"shipping-taxable","31":"purchasable","32":"product-type-variable"},"yoast_head":"<!-- This site is optimized with the Yoast SEO plugin v27.4 - https:\/\/yoast.com\/product\/yoast-seo-wordpress\/ -->\n<title>B\u00e6redygtig Knudefri Rebgrime \u2014 Flad | Requine Rope<\/title>\n<meta name=\"description\" content=\"Dette er en rebgrime helt uden knuder! Den flade knudefri rebgrime vejer n\u00e6sten ingenting og er meget blid, sammenlignet med den tradtionelle rebgrime.\" \/>\n<meta name=\"robots\" content=\"index, follow, max-snippet:-1, max-image-preview:large, max-video-preview:-1\" \/>\n<link rel=\"canonical\" href=\"https:\/\/requinerope.dk\/en\/shop\/knudefri-rebgrime-flad\/\" \/>\n<meta property=\"og:locale\" content=\"en_GB\" \/>\n<meta property=\"og:type\" content=\"article\" \/>\n<meta property=\"og:title\" content=\"B\u00e6redygtig Knudefri Rebgrime \u2014 Flad | Requine Rope\" \/>\n<meta property=\"og:description\" content=\"Dette er en rebgrime helt uden knuder! Den flade knudefri rebgrime vejer n\u00e6sten ingenting og er meget blid, sammenlignet med den tradtionelle rebgrime.\" \/>\n<meta property=\"og:url\" content=\"https:\/\/requinerope.dk\/en\/shop\/knudefri-rebgrime-flad\/\" \/>\n<meta property=\"og:site_name\" content=\"Requine Rope\" \/>\n<meta property=\"article:publisher\" content=\"https:\/\/www.facebook.com\/requinerope\" \/>\n<meta property=\"article:modified_time\" content=\"2026-03-02T09:01:38+00:00\" \/>\n<meta property=\"og:image\" content=\"https:\/\/requinerope.dk\/wp-content\/uploads\/2021\/08\/Snapseed-80.jpg\" \/>\n\t<meta property=\"og:image:width\" content=\"1\" \/>\n\t<meta property=\"og:image:height\" content=\"1\" \/>\n\t<meta property=\"og:image:type\" content=\"image\/jpeg\" \/>\n<meta name=\"twitter:card\" content=\"summary_large_image\" \/>\n<meta name=\"twitter:label1\" content=\"Estimated reading time\" \/>\n\t<meta name=\"twitter:data1\" content=\"2 minutes\" \/>\n<script type=\"application\/ld+json\" class=\"yoast-schema-graph\">{\"@context\":\"https:\\\/\\\/schema.org\",\"@graph\":[{\"@type\":\"WebPage\",\"@id\":\"https:\\\/\\\/requinerope.dk\\\/shop\\\/knudefri-rebgrime-flad\\\/\",\"url\":\"https:\\\/\\\/requinerope.dk\\\/shop\\\/knudefri-rebgrime-flad\\\/\",\"name\":\"B\u00e6redygtig Knudefri Rebgrime \u2014 Flad | Requine Rope\",\"isPartOf\":{\"@id\":\"https:\\\/\\\/requinerope.dk\\\/en\\\/#website\"},\"primaryImageOfPage\":{\"@id\":\"https:\\\/\\\/requinerope.dk\\\/shop\\\/knudefri-rebgrime-flad\\\/#primaryimage\"},\"image\":{\"@id\":\"https:\\\/\\\/requinerope.dk\\\/shop\\\/knudefri-rebgrime-flad\\\/#primaryimage\"},\"thumbnailUrl\":\"https:\\\/\\\/requinerope.dk\\\/wp-content\\\/uploads\\\/2021\\\/08\\\/Snapseed-80.jpg\",\"datePublished\":\"2021-09-14T09:00:24+00:00\",\"dateModified\":\"2026-03-02T09:01:38+00:00\",\"description\":\"Dette er en rebgrime helt uden knuder! Den flade knudefri rebgrime vejer n\u00e6sten ingenting og er meget blid, sammenlignet med den tradtionelle rebgrime.\",\"breadcrumb\":{\"@id\":\"https:\\\/\\\/requinerope.dk\\\/shop\\\/knudefri-rebgrime-flad\\\/#breadcrumb\"},\"inLanguage\":\"en-GB\",\"potentialAction\":[{\"@type\":\"ReadAction\",\"target\":[\"https:\\\/\\\/requinerope.dk\\\/shop\\\/knudefri-rebgrime-flad\\\/\"]}]},{\"@type\":\"ImageObject\",\"inLanguage\":\"en-GB\",\"@id\":\"https:\\\/\\\/requinerope.dk\\\/shop\\\/knudefri-rebgrime-flad\\\/#primaryimage\",\"url\":\"https:\\\/\\\/requinerope.dk\\\/wp-content\\\/uploads\\\/2021\\\/08\\\/Snapseed-80.jpg\",\"contentUrl\":\"https:\\\/\\\/requinerope.dk\\\/wp-content\\\/uploads\\\/2021\\\/08\\\/Snapseed-80.jpg\"},{\"@type\":\"BreadcrumbList\",\"@id\":\"https:\\\/\\\/requinerope.dk\\\/shop\\\/knudefri-rebgrime-flad\\\/#breadcrumb\",\"itemListElement\":[{\"@type\":\"ListItem\",\"position\":1,\"name\":\"Hjem\",\"item\":\"https:\\\/\\\/requinerope.dk\\\/\"},{\"@type\":\"ListItem\",\"position\":2,\"name\":\"Shop\",\"item\":\"https:\\\/\\\/requinerope.dk\\\/en\\\/shop-2\\\/\"},{\"@type\":\"ListItem\",\"position\":3,\"name\":\"Knudefri Rebgrime \u2014 Flad\"}]},{\"@type\":\"WebSite\",\"@id\":\"https:\\\/\\\/requinerope.dk\\\/en\\\/#website\",\"url\":\"https:\\\/\\\/requinerope.dk\\\/en\\\/\",\"name\":\"Requine Rope\",\"description\":\"B\u00e6redygtigt rebudstyr til hest &amp; hund\",\"publisher\":{\"@id\":\"https:\\\/\\\/requinerope.dk\\\/en\\\/#organization\"},\"potentialAction\":[{\"@type\":\"SearchAction\",\"target\":{\"@type\":\"EntryPoint\",\"urlTemplate\":\"https:\\\/\\\/requinerope.dk\\\/en\\\/?s={search_term_string}\"},\"query-input\":{\"@type\":\"PropertyValueSpecification\",\"valueRequired\":true,\"valueName\":\"search_term_string\"}}],\"inLanguage\":\"en-GB\"},{\"@type\":\"Organization\",\"@id\":\"https:\\\/\\\/requinerope.dk\\\/en\\\/#organization\",\"name\":\"Requine Rope\",\"url\":\"https:\\\/\\\/requinerope.dk\\\/en\\\/\",\"logo\":{\"@type\":\"ImageObject\",\"inLanguage\":\"en-GB\",\"@id\":\"https:\\\/\\\/requinerope.dk\\\/en\\\/#\\\/schema\\\/logo\\\/image\\\/\",\"url\":\"https:\\\/\\\/requinerope.dk\\\/wp-content\\\/uploads\\\/2021\\\/09\\\/logo-m-baggrund-modified.png\",\"contentUrl\":\"https:\\\/\\\/requinerope.dk\\\/wp-content\\\/uploads\\\/2021\\\/09\\\/logo-m-baggrund-modified.png\",\"width\":993,\"height\":993,\"caption\":\"Requine Rope\"},\"image\":{\"@id\":\"https:\\\/\\\/requinerope.dk\\\/en\\\/#\\\/schema\\\/logo\\\/image\\\/\"},\"sameAs\":[\"https:\\\/\\\/www.facebook.com\\\/requinerope\",\"https:\\\/\\\/www.instagram.com\\\/requinerope\",\"https:\\\/\\\/www.pinterest.dk\\\/requinerope\"]}]}<\/script>\n<!-- \/ Yoast SEO plugin. -->","yoast_head_json":{"title":"B\u00e6redygtig Knudefri Rebgrime \u2014 Flad | Requine Rope","description":"Dette er en rebgrime helt uden knuder! Den flade knudefri rebgrime vejer n\u00e6sten ingenting og er meget blid, sammenlignet med den tradtionelle rebgrime.","robots":{"index":"index","follow":"follow","max-snippet":"max-snippet:-1","max-image-preview":"max-image-preview:large","max-video-preview":"max-video-preview:-1"},"canonical":"https:\/\/requinerope.dk\/en\/shop\/knudefri-rebgrime-flad\/","og_locale":"en_GB","og_type":"article","og_title":"B\u00e6redygtig Knudefri Rebgrime \u2014 Flad | Requine Rope","og_description":"Dette er en rebgrime helt uden knuder! Den flade knudefri rebgrime vejer n\u00e6sten ingenting og er meget blid, sammenlignet med den tradtionelle rebgrime.","og_url":"https:\/\/requinerope.dk\/en\/shop\/knudefri-rebgrime-flad\/","og_site_name":"Requine Rope","article_publisher":"https:\/\/www.facebook.com\/requinerope","article_modified_time":"2026-03-02T09:01:38+00:00","og_image":[{"url":"https:\/\/requinerope.dk\/wp-content\/uploads\/2021\/08\/Snapseed-80.jpg","width":1,"height":1,"type":"image\/jpeg"}],"twitter_card":"summary_large_image","twitter_misc":{"Estimated reading time":"2 minutes"},"schema":{"@context":"https:\/\/schema.org","@graph":[{"@type":"WebPage","@id":"https:\/\/requinerope.dk\/shop\/knudefri-rebgrime-flad\/","url":"https:\/\/requinerope.dk\/shop\/knudefri-rebgrime-flad\/","name":"B\u00e6redygtig Knudefri Rebgrime \u2014 Flad | Requine Rope","isPartOf":{"@id":"https:\/\/requinerope.dk\/en\/#website"},"primaryImageOfPage":{"@id":"https:\/\/requinerope.dk\/shop\/knudefri-rebgrime-flad\/#primaryimage"},"image":{"@id":"https:\/\/requinerope.dk\/shop\/knudefri-rebgrime-flad\/#primaryimage"},"thumbnailUrl":"https:\/\/requinerope.dk\/wp-content\/uploads\/2021\/08\/Snapseed-80.jpg","datePublished":"2021-09-14T09:00:24+00:00","dateModified":"2026-03-02T09:01:38+00:00","description":"Dette er en rebgrime helt uden knuder! Den flade knudefri rebgrime vejer n\u00e6sten ingenting og er meget blid, sammenlignet med den tradtionelle rebgrime.","breadcrumb":{"@id":"https:\/\/requinerope.dk\/shop\/knudefri-rebgrime-flad\/#breadcrumb"},"inLanguage":"en-GB","potentialAction":[{"@type":"ReadAction","target":["https:\/\/requinerope.dk\/shop\/knudefri-rebgrime-flad\/"]}]},{"@type":"ImageObject","inLanguage":"en-GB","@id":"https:\/\/requinerope.dk\/shop\/knudefri-rebgrime-flad\/#primaryimage","url":"https:\/\/requinerope.dk\/wp-content\/uploads\/2021\/08\/Snapseed-80.jpg","contentUrl":"https:\/\/requinerope.dk\/wp-content\/uploads\/2021\/08\/Snapseed-80.jpg"},{"@type":"BreadcrumbList","@id":"https:\/\/requinerope.dk\/shop\/knudefri-rebgrime-flad\/#breadcrumb","itemListElement":[{"@type":"ListItem","position":1,"name":"Hjem","item":"https:\/\/requinerope.dk\/"},{"@type":"ListItem","position":2,"name":"Shop","item":"https:\/\/requinerope.dk\/en\/shop-2\/"},{"@type":"ListItem","position":3,"name":"Knudefri Rebgrime \u2014 Flad"}]},{"@type":"WebSite","@id":"https:\/\/requinerope.dk\/en\/#website","url":"https:\/\/requinerope.dk\/en\/","name":"Requine Rope","description":"Sustainable rope equipment for horse &amp; dog","publisher":{"@id":"https:\/\/requinerope.dk\/en\/#organization"},"potentialAction":[{"@type":"SearchAction","target":{"@type":"EntryPoint","urlTemplate":"https:\/\/requinerope.dk\/en\/?s={search_term_string}"},"query-input":{"@type":"PropertyValueSpecification","valueRequired":true,"valueName":"search_term_string"}}],"inLanguage":"en-GB"},{"@type":"Organization","@id":"https:\/\/requinerope.dk\/en\/#organization","name":"Requine Rope","url":"https:\/\/requinerope.dk\/en\/","logo":{"@type":"ImageObject","inLanguage":"en-GB","@id":"https:\/\/requinerope.dk\/en\/#\/schema\/logo\/image\/","url":"https:\/\/requinerope.dk\/wp-content\/uploads\/2021\/09\/logo-m-baggrund-modified.png","contentUrl":"https:\/\/requinerope.dk\/wp-content\/uploads\/2021\/09\/logo-m-baggrund-modified.png","width":993,"height":993,"caption":"Requine Rope"},"image":{"@id":"https:\/\/requinerope.dk\/en\/#\/schema\/logo\/image\/"},"sameAs":["https:\/\/www.facebook.com\/requinerope","https:\/\/www.instagram.com\/requinerope","https:\/\/www.pinterest.dk\/requinerope"]}]}},"jetpack_sharing_enabled":true,"_links":{"self":[{"href":"https:\/\/requinerope.dk\/en\/wp-json\/wp\/v2\/product\/122","targetHints":{"allow":["GET"]}}],"collection":[{"href":"https:\/\/requinerope.dk\/en\/wp-json\/wp\/v2\/product"}],"about":[{"href":"https:\/\/requinerope.dk\/en\/wp-json\/wp\/v2\/types\/product"}],"wp:featuredmedia":[{"embeddable":true,"href":"https:\/\/requinerope.dk\/en\/wp-json\/wp\/v2\/media\/9719"}],"wp:attachment":[{"href":"https:\/\/requinerope.dk\/en\/wp-json\/wp\/v2\/media?parent=122"}],"wp:term":[{"taxonomy":"product_brand","embeddable":true,"href":"https:\/\/requinerope.dk\/en\/wp-json\/wp\/v2\/product_brand?post=122"},{"taxonomy":"product_cat","embeddable":true,"href":"https:\/\/requinerope.dk\/en\/wp-json\/wp\/v2\/product_cat?post=122"},{"taxonomy":"product_tag","embeddable":true,"href":"https:\/\/requinerope.dk\/en\/wp-json\/wp\/v2\/product_tag?post=122"}],"curies":[{"name":"wp","href":"https:\/\/api.w.org\/{rel}","templated":true}]}}