{"id":11597,"date":"2023-12-28T22:43:18","date_gmt":"2023-12-28T22:43:18","guid":{"rendered":"https:\/\/requinerope.dk\/?post_type=product&#038;p=11597"},"modified":"2026-03-01T19:20:48","modified_gmt":"2026-03-01T19:20:48","slug":"knudefri-rebgrime-rund","status":"publish","type":"product","link":"https:\/\/requinerope.dk\/en\/shop\/knudefri-rebgrime-rund\/","title":{"rendered":"Knotless Rope Halter \u2014 Round"},"content":{"rendered":"<p><em>Sustainable knotless rope halter \u2014 round<\/em><\/p>\n<p>Do you want a unique rope halter with even more beautiful details? Then you can design your own knotless rope halter right <a href=\"https:\/\/requinerope.dk\/en\/shop\/design-selv-knudefri-rebgrime\/\">here<\/a>!<\/p>\n<p>This is a rope halter without knots! (Except the fiador knot)<\/p>\n<p>The knotless rope halter is lighter and softer compared to traditional rope halters. It has no knots in contact with the horse, the rope is flat instead of round, and it has no metal parts.<\/p>\n<p>Instead of knots, the knotless halter has splices so pressure points are avoided. Because the rope is round, it gives very delicate and precise signals, and can be used for both play or advanced training.<\/p>\n<p>The advantage to the knotless rope halter against a normal halter is a.o. the fit. It fits snugly like a normal rope halter, doesn't slide around (if the size is right), and can be quickly adjusted by losening or tightening the tying knot. In addition, it's completely free of metal parts and weighs very little. It is therefore perfect for sensitive horses or the horse owner who generally thinks rope halters with knots are too harsh.<\/p>\n<p>A huge advantage to this round knotless halter is the possibility for both several colours and details! It is made with the \"soft\" rope, which are available in the following colours: Checkers, Black, Olive, Dark Maroon, Navy, Ocean, Sky Blue, Neon Green, Neon Orange, Red, Candy Cane, Pink and Beige.<br \/>\nIf you want details like padding, braiding or spliced ends, you can design you own knotless rope halter right <a href=\"https:\/\/requinerope.dk\/en\/shop\/design-selv-knudefri-rebgrime\/\">here<\/a>.<\/p>\n<p>This halter has slightly different measurements in comparison to normal rope halters to make the overall size fit the same. You should therefore choose the size you normally do when buying Requine Rope halters, which generally fit normal halter and bridle sizes. If unsure, you're always welcome to take contact on mail or social media!<\/p>\n<p>&nbsp;<\/p>\n<p>Knotless rope halters from Requine Rope is made from high quality rope which \u2014 of course \u2014 is 100% recycled.<\/p>\n<p>&nbsp;<\/p>\n<p><!--more--><\/p>\n<p>All colours with the same names have the same colour in real life. Colours on the pictures can vary depending on the screen, so it's not guaranteed that the colour you see on your screen is the exact same as in real life.<\/p>\n<p>&nbsp;<\/p>\n<p>Look at and read more about the different colours for rope halters at\u00a0<a href=\"https:\/\/requinerope.dk\/en\/om\/farver\/\">colours<\/a>.<\/p>\n<p>Available in the standard sizes x-mini to xx-full. (Se also <a href=\"https:\/\/requinerope.dk\/en\/om\/stoerrelsesguide\/\">the size guide<\/a>)<br \/>\nIf you want custom sizes, contact us on <a href=\"\/en\/info@requinerope.dk\/\">info@requinerope.dk<\/a><\/p>\n<p>&nbsp;<\/p>","protected":false},"excerpt":{"rendered":"<p>B\u00e6redygtig knudefri rebgrime \u2014 rund Vil du have en unik rebgrime med flere smukke detaljer? S\u00e5 kan du designe din egen knudefri rebgrime lige her! Dette er en rebgrime helt uden knuder! (p\u00e5n\u00e6r fiadorknuden). Den runde knudefri rebgrime er lettere og meget blid, sammenlignet med den tradtionelle rebgrime. Den har nemlig ikke knuder med kontakt [&hellip;]<\/p>\n","protected":false},"featured_media":11613,"template":"","meta":{"site-sidebar-layout":"default","site-content-layout":"default","ast-site-content-layout":"default","site-content-style":"default","site-sidebar-style":"default","ast-global-header-display":"","ast-banner-title-visibility":"","ast-main-header-display":"","ast-hfb-above-header-display":"","ast-hfb-below-header-display":"","ast-hfb-mobile-header-display":"","site-post-title":"","ast-breadcrumbs-content":"","ast-featured-img":"","footer-sml-layout":"","ast-disable-related-posts":"","theme-transparent-header-meta":"default","adv-header-id-meta":"","stick-header-meta":"","header-above-stick-meta":"","header-main-stick-meta":"","header-below-stick-meta":"","astra-migrate-meta-layouts":"set","ast-page-background-enabled":"default","ast-page-background-meta":{"desktop":{"background-color":"var(--ast-global-color-4)","background-image":"","background-repeat":"repeat","background-position":"center center","background-size":"auto","background-attachment":"scroll","background-type":"","background-media":"","overlay-type":"","overlay-color":"","overlay-opacity":"","overlay-gradient":""},"tablet":{"background-color":"","background-image":"","background-repeat":"repeat","background-position":"center center","background-size":"auto","background-attachment":"scroll","background-type":"","background-media":"","overlay-type":"","overlay-color":"","overlay-opacity":"","overlay-gradient":""},"mobile":{"background-color":"","background-image":"","background-repeat":"repeat","background-position":"center center","background-size":"auto","background-attachment":"scroll","background-type":"","background-media":"","overlay-type":"","overlay-color":"","overlay-opacity":"","overlay-gradient":""}},"ast-content-background-meta":{"desktop":{"background-color":"var(--ast-global-color-5)","background-image":"","background-repeat":"repeat","background-position":"center center","background-size":"auto","background-attachment":"scroll","background-type":"","background-media":"","overlay-type":"","overlay-color":"","overlay-opacity":"","overlay-gradient":""},"tablet":{"background-color":"var(--ast-global-color-5)","background-image":"","background-repeat":"repeat","background-position":"center center","background-size":"auto","background-attachment":"scroll","background-type":"","background-media":"","overlay-type":"","overlay-color":"","overlay-opacity":"","overlay-gradient":""},"mobile":{"background-color":"var(--ast-global-color-5)","background-image":"","background-repeat":"repeat","background-position":"center center","background-size":"auto","background-attachment":"scroll","background-type":"","background-media":"","overlay-type":"","overlay-color":"","overlay-opacity":"","overlay-gradient":""}}},"product_brand":[],"product_cat":[44],"product_tag":[],"class_list":{"0":"post-11597","1":"product","2":"type-product","3":"status-publish","4":"has-post-thumbnail","6":"product_cat-rebgrimer","7":"pa_farve-beige","8":"pa_farve-black","9":"pa_farve-candy-cane","10":"pa_farve-checkers","11":"pa_farve-dark-maroon","12":"pa_farve-navy","13":"pa_farve-neon-green","14":"pa_farve-neon-orange","15":"pa_farve-ocean","16":"pa_farve-olive","17":"pa_farve-pink","18":"pa_farve-red","19":"pa_farve-sky-blue","20":"pa_farve-yellow","21":"pa_farve-paa-maerket-hvid","22":"pa_farve-paa-maerket-ingen-praeference","23":"pa_farve-paa-maerket-sort","24":"pa_stoerrelse-cob","25":"pa_stoerrelse-full","26":"pa_stoerrelse-mini","27":"pa_stoerrelse-pony","28":"pa_stoerrelse-shet","29":"pa_stoerrelse-x-full","30":"pa_stoerrelse-x-mini","31":"pa_stoerrelse-xx-full","32":"desktop-align-left","33":"tablet-align-left","34":"mobile-align-left","36":"first","37":"outofstock","38":"taxable","39":"shipping-taxable","40":"purchasable","41":"product-type-variable"},"yoast_head":"<!-- This site is optimized with the Yoast SEO plugin v27.4 - https:\/\/yoast.com\/product\/yoast-seo-wordpress\/ -->\n<title>B\u00e6redygtig Knudefri Rebgrime \u2014 Rund | Requine Rope<\/title>\n<meta name=\"description\" content=\"Dette er en rebgrime helt uden knuder! Den flade knudefri rebgrime vejer n\u00e6sten ingenting og er meget blid, sammenlignet med den tradtionelle rebgrime.\" \/>\n<meta name=\"robots\" content=\"index, follow, max-snippet:-1, max-image-preview:large, max-video-preview:-1\" \/>\n<link rel=\"canonical\" href=\"https:\/\/requinerope.dk\/en\/shop\/knudefri-rebgrime-rund\/\" \/>\n<meta property=\"og:locale\" content=\"en_GB\" \/>\n<meta property=\"og:type\" content=\"article\" \/>\n<meta property=\"og:title\" content=\"B\u00e6redygtig Knudefri Rebgrime \u2014 Rund | Requine Rope\" \/>\n<meta property=\"og:description\" content=\"Dette er en rebgrime helt uden knuder! Den flade knudefri rebgrime vejer n\u00e6sten ingenting og er meget blid, sammenlignet med den tradtionelle rebgrime.\" \/>\n<meta property=\"og:url\" content=\"https:\/\/requinerope.dk\/en\/shop\/knudefri-rebgrime-rund\/\" \/>\n<meta property=\"og:site_name\" content=\"Requine Rope\" \/>\n<meta property=\"article:publisher\" content=\"https:\/\/www.facebook.com\/requinerope\" \/>\n<meta property=\"article:modified_time\" content=\"2026-03-01T19:20:48+00:00\" \/>\n<meta property=\"og:image\" content=\"https:\/\/requinerope.dk\/wp-content\/uploads\/2023\/12\/IMG_5906-scaled.jpg\" \/>\n\t<meta property=\"og:image:width\" content=\"2560\" \/>\n\t<meta property=\"og:image:height\" content=\"2560\" \/>\n\t<meta property=\"og:image:type\" content=\"image\/jpeg\" \/>\n<meta name=\"twitter:card\" content=\"summary_large_image\" \/>\n<meta name=\"twitter:label1\" content=\"Estimated reading time\" \/>\n\t<meta name=\"twitter:data1\" content=\"3 minutes\" \/>\n<script type=\"application\/ld+json\" class=\"yoast-schema-graph\">{\"@context\":\"https:\\\/\\\/schema.org\",\"@graph\":[{\"@type\":\"WebPage\",\"@id\":\"https:\\\/\\\/requinerope.dk\\\/shop\\\/knudefri-rebgrime-rund\\\/\",\"url\":\"https:\\\/\\\/requinerope.dk\\\/shop\\\/knudefri-rebgrime-rund\\\/\",\"name\":\"B\u00e6redygtig Knudefri Rebgrime \u2014 Rund | Requine Rope\",\"isPartOf\":{\"@id\":\"https:\\\/\\\/requinerope.dk\\\/en\\\/#website\"},\"primaryImageOfPage\":{\"@id\":\"https:\\\/\\\/requinerope.dk\\\/shop\\\/knudefri-rebgrime-rund\\\/#primaryimage\"},\"image\":{\"@id\":\"https:\\\/\\\/requinerope.dk\\\/shop\\\/knudefri-rebgrime-rund\\\/#primaryimage\"},\"thumbnailUrl\":\"https:\\\/\\\/requinerope.dk\\\/wp-content\\\/uploads\\\/2023\\\/12\\\/IMG_5906-scaled.jpg\",\"datePublished\":\"2023-12-28T22:43:18+00:00\",\"dateModified\":\"2026-03-01T19:20:48+00:00\",\"description\":\"Dette er en rebgrime helt uden knuder! Den flade knudefri rebgrime vejer n\u00e6sten ingenting og er meget blid, sammenlignet med den tradtionelle rebgrime.\",\"breadcrumb\":{\"@id\":\"https:\\\/\\\/requinerope.dk\\\/shop\\\/knudefri-rebgrime-rund\\\/#breadcrumb\"},\"inLanguage\":\"en-GB\",\"potentialAction\":[{\"@type\":\"ReadAction\",\"target\":[\"https:\\\/\\\/requinerope.dk\\\/shop\\\/knudefri-rebgrime-rund\\\/\"]}]},{\"@type\":\"ImageObject\",\"inLanguage\":\"en-GB\",\"@id\":\"https:\\\/\\\/requinerope.dk\\\/shop\\\/knudefri-rebgrime-rund\\\/#primaryimage\",\"url\":\"https:\\\/\\\/requinerope.dk\\\/wp-content\\\/uploads\\\/2023\\\/12\\\/IMG_5906-scaled.jpg\",\"contentUrl\":\"https:\\\/\\\/requinerope.dk\\\/wp-content\\\/uploads\\\/2023\\\/12\\\/IMG_5906-scaled.jpg\",\"width\":2560,\"height\":2560},{\"@type\":\"BreadcrumbList\",\"@id\":\"https:\\\/\\\/requinerope.dk\\\/shop\\\/knudefri-rebgrime-rund\\\/#breadcrumb\",\"itemListElement\":[{\"@type\":\"ListItem\",\"position\":1,\"name\":\"Hjem\",\"item\":\"https:\\\/\\\/requinerope.dk\\\/\"},{\"@type\":\"ListItem\",\"position\":2,\"name\":\"Shop\",\"item\":\"https:\\\/\\\/requinerope.dk\\\/en\\\/shop-2\\\/\"},{\"@type\":\"ListItem\",\"position\":3,\"name\":\"Knudefri Rebgrime \u2014 Rund\"}]},{\"@type\":\"WebSite\",\"@id\":\"https:\\\/\\\/requinerope.dk\\\/en\\\/#website\",\"url\":\"https:\\\/\\\/requinerope.dk\\\/en\\\/\",\"name\":\"Requine Rope\",\"description\":\"B\u00e6redygtigt rebudstyr til hest &amp; hund\",\"publisher\":{\"@id\":\"https:\\\/\\\/requinerope.dk\\\/en\\\/#organization\"},\"potentialAction\":[{\"@type\":\"SearchAction\",\"target\":{\"@type\":\"EntryPoint\",\"urlTemplate\":\"https:\\\/\\\/requinerope.dk\\\/en\\\/?s={search_term_string}\"},\"query-input\":{\"@type\":\"PropertyValueSpecification\",\"valueRequired\":true,\"valueName\":\"search_term_string\"}}],\"inLanguage\":\"en-GB\"},{\"@type\":\"Organization\",\"@id\":\"https:\\\/\\\/requinerope.dk\\\/en\\\/#organization\",\"name\":\"Requine Rope\",\"url\":\"https:\\\/\\\/requinerope.dk\\\/en\\\/\",\"logo\":{\"@type\":\"ImageObject\",\"inLanguage\":\"en-GB\",\"@id\":\"https:\\\/\\\/requinerope.dk\\\/en\\\/#\\\/schema\\\/logo\\\/image\\\/\",\"url\":\"https:\\\/\\\/requinerope.dk\\\/wp-content\\\/uploads\\\/2021\\\/09\\\/logo-m-baggrund-modified.png\",\"contentUrl\":\"https:\\\/\\\/requinerope.dk\\\/wp-content\\\/uploads\\\/2021\\\/09\\\/logo-m-baggrund-modified.png\",\"width\":993,\"height\":993,\"caption\":\"Requine Rope\"},\"image\":{\"@id\":\"https:\\\/\\\/requinerope.dk\\\/en\\\/#\\\/schema\\\/logo\\\/image\\\/\"},\"sameAs\":[\"https:\\\/\\\/www.facebook.com\\\/requinerope\",\"https:\\\/\\\/www.instagram.com\\\/requinerope\",\"https:\\\/\\\/www.pinterest.dk\\\/requinerope\"]}]}<\/script>\n<!-- \/ Yoast SEO plugin. -->","yoast_head_json":{"title":"B\u00e6redygtig Knudefri Rebgrime \u2014 Rund | Requine Rope","description":"Dette er en rebgrime helt uden knuder! Den flade knudefri rebgrime vejer n\u00e6sten ingenting og er meget blid, sammenlignet med den tradtionelle rebgrime.","robots":{"index":"index","follow":"follow","max-snippet":"max-snippet:-1","max-image-preview":"max-image-preview:large","max-video-preview":"max-video-preview:-1"},"canonical":"https:\/\/requinerope.dk\/en\/shop\/knudefri-rebgrime-rund\/","og_locale":"en_GB","og_type":"article","og_title":"B\u00e6redygtig Knudefri Rebgrime \u2014 Rund | Requine Rope","og_description":"Dette er en rebgrime helt uden knuder! Den flade knudefri rebgrime vejer n\u00e6sten ingenting og er meget blid, sammenlignet med den tradtionelle rebgrime.","og_url":"https:\/\/requinerope.dk\/en\/shop\/knudefri-rebgrime-rund\/","og_site_name":"Requine Rope","article_publisher":"https:\/\/www.facebook.com\/requinerope","article_modified_time":"2026-03-01T19:20:48+00:00","og_image":[{"width":2560,"height":2560,"url":"https:\/\/requinerope.dk\/wp-content\/uploads\/2023\/12\/IMG_5906-scaled.jpg","type":"image\/jpeg"}],"twitter_card":"summary_large_image","twitter_misc":{"Estimated reading time":"3 minutes"},"schema":{"@context":"https:\/\/schema.org","@graph":[{"@type":"WebPage","@id":"https:\/\/requinerope.dk\/shop\/knudefri-rebgrime-rund\/","url":"https:\/\/requinerope.dk\/shop\/knudefri-rebgrime-rund\/","name":"B\u00e6redygtig Knudefri Rebgrime \u2014 Rund | Requine Rope","isPartOf":{"@id":"https:\/\/requinerope.dk\/en\/#website"},"primaryImageOfPage":{"@id":"https:\/\/requinerope.dk\/shop\/knudefri-rebgrime-rund\/#primaryimage"},"image":{"@id":"https:\/\/requinerope.dk\/shop\/knudefri-rebgrime-rund\/#primaryimage"},"thumbnailUrl":"https:\/\/requinerope.dk\/wp-content\/uploads\/2023\/12\/IMG_5906-scaled.jpg","datePublished":"2023-12-28T22:43:18+00:00","dateModified":"2026-03-01T19:20:48+00:00","description":"Dette er en rebgrime helt uden knuder! Den flade knudefri rebgrime vejer n\u00e6sten ingenting og er meget blid, sammenlignet med den tradtionelle rebgrime.","breadcrumb":{"@id":"https:\/\/requinerope.dk\/shop\/knudefri-rebgrime-rund\/#breadcrumb"},"inLanguage":"en-GB","potentialAction":[{"@type":"ReadAction","target":["https:\/\/requinerope.dk\/shop\/knudefri-rebgrime-rund\/"]}]},{"@type":"ImageObject","inLanguage":"en-GB","@id":"https:\/\/requinerope.dk\/shop\/knudefri-rebgrime-rund\/#primaryimage","url":"https:\/\/requinerope.dk\/wp-content\/uploads\/2023\/12\/IMG_5906-scaled.jpg","contentUrl":"https:\/\/requinerope.dk\/wp-content\/uploads\/2023\/12\/IMG_5906-scaled.jpg","width":2560,"height":2560},{"@type":"BreadcrumbList","@id":"https:\/\/requinerope.dk\/shop\/knudefri-rebgrime-rund\/#breadcrumb","itemListElement":[{"@type":"ListItem","position":1,"name":"Hjem","item":"https:\/\/requinerope.dk\/"},{"@type":"ListItem","position":2,"name":"Shop","item":"https:\/\/requinerope.dk\/en\/shop-2\/"},{"@type":"ListItem","position":3,"name":"Knudefri Rebgrime \u2014 Rund"}]},{"@type":"WebSite","@id":"https:\/\/requinerope.dk\/en\/#website","url":"https:\/\/requinerope.dk\/en\/","name":"Requine Rope","description":"Sustainable rope equipment for horse &amp; dog","publisher":{"@id":"https:\/\/requinerope.dk\/en\/#organization"},"potentialAction":[{"@type":"SearchAction","target":{"@type":"EntryPoint","urlTemplate":"https:\/\/requinerope.dk\/en\/?s={search_term_string}"},"query-input":{"@type":"PropertyValueSpecification","valueRequired":true,"valueName":"search_term_string"}}],"inLanguage":"en-GB"},{"@type":"Organization","@id":"https:\/\/requinerope.dk\/en\/#organization","name":"Requine Rope","url":"https:\/\/requinerope.dk\/en\/","logo":{"@type":"ImageObject","inLanguage":"en-GB","@id":"https:\/\/requinerope.dk\/en\/#\/schema\/logo\/image\/","url":"https:\/\/requinerope.dk\/wp-content\/uploads\/2021\/09\/logo-m-baggrund-modified.png","contentUrl":"https:\/\/requinerope.dk\/wp-content\/uploads\/2021\/09\/logo-m-baggrund-modified.png","width":993,"height":993,"caption":"Requine Rope"},"image":{"@id":"https:\/\/requinerope.dk\/en\/#\/schema\/logo\/image\/"},"sameAs":["https:\/\/www.facebook.com\/requinerope","https:\/\/www.instagram.com\/requinerope","https:\/\/www.pinterest.dk\/requinerope"]}]}},"jetpack_sharing_enabled":true,"_links":{"self":[{"href":"https:\/\/requinerope.dk\/en\/wp-json\/wp\/v2\/product\/11597","targetHints":{"allow":["GET"]}}],"collection":[{"href":"https:\/\/requinerope.dk\/en\/wp-json\/wp\/v2\/product"}],"about":[{"href":"https:\/\/requinerope.dk\/en\/wp-json\/wp\/v2\/types\/product"}],"wp:featuredmedia":[{"embeddable":true,"href":"https:\/\/requinerope.dk\/en\/wp-json\/wp\/v2\/media\/11613"}],"wp:attachment":[{"href":"https:\/\/requinerope.dk\/en\/wp-json\/wp\/v2\/media?parent=11597"}],"wp:term":[{"taxonomy":"product_brand","embeddable":true,"href":"https:\/\/requinerope.dk\/en\/wp-json\/wp\/v2\/product_brand?post=11597"},{"taxonomy":"product_cat","embeddable":true,"href":"https:\/\/requinerope.dk\/en\/wp-json\/wp\/v2\/product_cat?post=11597"},{"taxonomy":"product_tag","embeddable":true,"href":"https:\/\/requinerope.dk\/en\/wp-json\/wp\/v2\/product_tag?post=11597"}],"curies":[{"name":"wp","href":"https:\/\/api.w.org\/{rel}","templated":true}]}}