{"id":11420,"date":"2023-07-30T14:19:52","date_gmt":"2023-07-30T14:19:52","guid":{"rendered":"https:\/\/requinerope.dk\/?post_type=product&#038;p=11420"},"modified":"2026-03-01T19:20:48","modified_gmt":"2026-03-01T19:20:48","slug":"tov-uden-karabinhage","status":"publish","type":"product","link":"https:\/\/requinerope.dk\/en\/shop\/tov-uden-karabinhage\/","title":{"rendered":"Lead Rope without Snap"},"content":{"rendered":"<p><em>Sustainable lead rope without snap hook<\/em><\/p>\n<p>Do you want a unique lead with even more beautiful details? Then you can design your own lead right <a href=\"https:\/\/requinerope.dk\/en\/shop\/design-selv-tov\/\">here<\/a>!<\/p>\n<p>&nbsp;<\/p>\n<p>This lead rope is made without a carabiner, and instead has a splice in each end. The lead is tied directly onto the rope halter; in this way you're free from the snap hook, but it's still fast and easy to attach and detach!<\/p>\n<p>In the end that ties to the halter is a shorter splice, which helps keeping the lead from slipping when tied. At the other end is a normal, longer splice, just like the other lead ropes.<\/p>\n<p>&nbsp;<\/p>\n<p>The lead is made from 14 mm rope, the perfect lead size. It can be used for both groundwork, walks, and even tied as reins!<\/p>\n<p>&nbsp;<\/p>\n<p>The lead is available i 4 standard lengths:<\/p>\n<p>2 meters: standard lead rope length<br \/>\n3 meters: for those who prefer a little more length<br \/>\n3,7 meters: corresponding to the popular 12' lead, often used in the US<br \/>\n6,7 meters: corresponding to the popular longer 22' lead, often used in the US<\/p>\n<p>&nbsp;<\/p>\n<p>Leads from Requine Rope is made from high quality rope which \u2014 of course \u2014 is 100% recycled.<\/p>\n<p>Leads are available in the colours Black, Navy, Dark Maroon and Olive.<\/p>\n<p>&nbsp;<\/p>\n<p><!--more--><\/p>\n<p>All colours with the same names have the same colour in real life. Colours on the pictures can vary depending on the screen, so it's not guaranteed that the colour you see on your screen is the exact same as in real life.<\/p>\n<p>If you want custom sizes, contact us on <a href=\"\/en\/info@requinerope.dk\/\">info@requinerope.dk<\/a>, and we'll gladly fulfil your wishes to the best of our abilities!<\/p>","protected":false},"excerpt":{"rendered":"<p>B\u00e6redygtigt tov uden karabinhage Vil du have et unik tov med endnu flere smukke detaljer? S\u00e5 kan du designe dit eget tov lige her! &nbsp; Dette tr\u00e6ktov er lavet uden karabinhage, og har i stedet en splejs i hver ende.\u00a0Tovet bindes direkte i rebgrimen; p\u00e5 denne m\u00e5de er man fri for karabinhagen, men samtidig er [&hellip;]<\/p>\n","protected":false},"featured_media":11449,"template":"","meta":{"site-sidebar-layout":"default","site-content-layout":"default","ast-site-content-layout":"default","site-content-style":"default","site-sidebar-style":"default","ast-global-header-display":"","ast-banner-title-visibility":"","ast-main-header-display":"","ast-hfb-above-header-display":"","ast-hfb-below-header-display":"","ast-hfb-mobile-header-display":"","site-post-title":"","ast-breadcrumbs-content":"","ast-featured-img":"","footer-sml-layout":"","ast-disable-related-posts":"","theme-transparent-header-meta":"default","adv-header-id-meta":"","stick-header-meta":"","header-above-stick-meta":"","header-main-stick-meta":"","header-below-stick-meta":"","astra-migrate-meta-layouts":"set","ast-page-background-enabled":"default","ast-page-background-meta":{"desktop":{"background-color":"var(--ast-global-color-4)","background-image":"","background-repeat":"repeat","background-position":"center center","background-size":"auto","background-attachment":"scroll","background-type":"","background-media":"","overlay-type":"","overlay-color":"","overlay-opacity":"","overlay-gradient":""},"tablet":{"background-color":"","background-image":"","background-repeat":"repeat","background-position":"center center","background-size":"auto","background-attachment":"scroll","background-type":"","background-media":"","overlay-type":"","overlay-color":"","overlay-opacity":"","overlay-gradient":""},"mobile":{"background-color":"","background-image":"","background-repeat":"repeat","background-position":"center center","background-size":"auto","background-attachment":"scroll","background-type":"","background-media":"","overlay-type":"","overlay-color":"","overlay-opacity":"","overlay-gradient":""}},"ast-content-background-meta":{"desktop":{"background-color":"var(--ast-global-color-5)","background-image":"","background-repeat":"repeat","background-position":"center center","background-size":"auto","background-attachment":"scroll","background-type":"","background-media":"","overlay-type":"","overlay-color":"","overlay-opacity":"","overlay-gradient":""},"tablet":{"background-color":"var(--ast-global-color-5)","background-image":"","background-repeat":"repeat","background-position":"center center","background-size":"auto","background-attachment":"scroll","background-type":"","background-media":"","overlay-type":"","overlay-color":"","overlay-opacity":"","overlay-gradient":""},"mobile":{"background-color":"var(--ast-global-color-5)","background-image":"","background-repeat":"repeat","background-position":"center center","background-size":"auto","background-attachment":"scroll","background-type":"","background-media":"","overlay-type":"","overlay-color":"","overlay-opacity":"","overlay-gradient":""}}},"product_brand":[],"product_cat":[362],"product_tag":[],"class_list":{"0":"post-11420","1":"product","2":"type-product","3":"status-publish","4":"has-post-thumbnail","6":"product_cat-tove","7":"pa_farve-14-black","8":"pa_farve-14-dark-maroon","9":"pa_farve-14-navy","10":"pa_farve-14-olive","11":"pa_farve-paa-maerket-hvid","12":"pa_farve-paa-maerket-ingen-praeference","13":"pa_farve-paa-maerket-sort","14":"desktop-align-left","15":"tablet-align-left","16":"mobile-align-left","18":"first","19":"outofstock","20":"taxable","21":"shipping-taxable","22":"purchasable","23":"product-type-variable"},"yoast_head":"<!-- This site is optimized with the Yoast SEO plugin v27.4 - https:\/\/yoast.com\/product\/yoast-seo-wordpress\/ -->\n<title>B\u00e6redygtigt Tov uden Karabinhage | Requine Rope<\/title>\n<meta name=\"description\" content=\"B\u00e6redygtigt tov uden karabinhage - slim af 100% genanvendt reb. Tovet kan bruges b\u00e5de til jordarbejde, g\u00e5ture og kan endda bindes til t\u00f8jler!\" \/>\n<meta name=\"robots\" content=\"index, follow, max-snippet:-1, max-image-preview:large, max-video-preview:-1\" \/>\n<link rel=\"canonical\" href=\"https:\/\/requinerope.dk\/en\/shop\/tov-uden-karabinhage\/\" \/>\n<meta property=\"og:locale\" content=\"en_GB\" \/>\n<meta property=\"og:type\" content=\"article\" \/>\n<meta property=\"og:title\" content=\"B\u00e6redygtigt Tov uden Karabinhage | Requine Rope\" \/>\n<meta property=\"og:description\" content=\"B\u00e6redygtigt tov uden karabinhage - slim af 100% genanvendt reb. Tovet kan bruges b\u00e5de til jordarbejde, g\u00e5ture og kan endda bindes til t\u00f8jler!\" \/>\n<meta property=\"og:url\" content=\"https:\/\/requinerope.dk\/en\/shop\/tov-uden-karabinhage\/\" \/>\n<meta property=\"og:site_name\" content=\"Requine Rope\" \/>\n<meta property=\"article:publisher\" content=\"https:\/\/www.facebook.com\/requinerope\" \/>\n<meta property=\"article:modified_time\" content=\"2026-03-01T19:20:48+00:00\" \/>\n<meta property=\"og:image\" content=\"https:\/\/requinerope.dk\/wp-content\/uploads\/2023\/07\/IMG_3590-scaled.jpg\" \/>\n\t<meta property=\"og:image:width\" content=\"2560\" \/>\n\t<meta property=\"og:image:height\" content=\"2560\" \/>\n\t<meta property=\"og:image:type\" content=\"image\/jpeg\" \/>\n<meta name=\"twitter:card\" content=\"summary_large_image\" \/>\n<meta name=\"twitter:label1\" content=\"Estimated reading time\" \/>\n\t<meta name=\"twitter:data1\" content=\"2 minutes\" \/>\n<script type=\"application\/ld+json\" class=\"yoast-schema-graph\">{\"@context\":\"https:\\\/\\\/schema.org\",\"@graph\":[{\"@type\":\"WebPage\",\"@id\":\"https:\\\/\\\/requinerope.dk\\\/shop\\\/tov-uden-karabinhage\\\/\",\"url\":\"https:\\\/\\\/requinerope.dk\\\/shop\\\/tov-uden-karabinhage\\\/\",\"name\":\"B\u00e6redygtigt Tov uden Karabinhage | Requine Rope\",\"isPartOf\":{\"@id\":\"https:\\\/\\\/requinerope.dk\\\/en\\\/#website\"},\"primaryImageOfPage\":{\"@id\":\"https:\\\/\\\/requinerope.dk\\\/shop\\\/tov-uden-karabinhage\\\/#primaryimage\"},\"image\":{\"@id\":\"https:\\\/\\\/requinerope.dk\\\/shop\\\/tov-uden-karabinhage\\\/#primaryimage\"},\"thumbnailUrl\":\"https:\\\/\\\/requinerope.dk\\\/wp-content\\\/uploads\\\/2023\\\/07\\\/IMG_3590-scaled.jpg\",\"datePublished\":\"2023-07-30T14:19:52+00:00\",\"dateModified\":\"2026-03-01T19:20:48+00:00\",\"description\":\"B\u00e6redygtigt tov uden karabinhage - slim af 100% genanvendt reb. Tovet kan bruges b\u00e5de til jordarbejde, g\u00e5ture og kan endda bindes til t\u00f8jler!\",\"breadcrumb\":{\"@id\":\"https:\\\/\\\/requinerope.dk\\\/shop\\\/tov-uden-karabinhage\\\/#breadcrumb\"},\"inLanguage\":\"en-GB\",\"potentialAction\":[{\"@type\":\"ReadAction\",\"target\":[\"https:\\\/\\\/requinerope.dk\\\/shop\\\/tov-uden-karabinhage\\\/\"]}]},{\"@type\":\"ImageObject\",\"inLanguage\":\"en-GB\",\"@id\":\"https:\\\/\\\/requinerope.dk\\\/shop\\\/tov-uden-karabinhage\\\/#primaryimage\",\"url\":\"https:\\\/\\\/requinerope.dk\\\/wp-content\\\/uploads\\\/2023\\\/07\\\/IMG_3590-scaled.jpg\",\"contentUrl\":\"https:\\\/\\\/requinerope.dk\\\/wp-content\\\/uploads\\\/2023\\\/07\\\/IMG_3590-scaled.jpg\",\"width\":2560,\"height\":2560},{\"@type\":\"BreadcrumbList\",\"@id\":\"https:\\\/\\\/requinerope.dk\\\/shop\\\/tov-uden-karabinhage\\\/#breadcrumb\",\"itemListElement\":[{\"@type\":\"ListItem\",\"position\":1,\"name\":\"Hjem\",\"item\":\"https:\\\/\\\/requinerope.dk\\\/\"},{\"@type\":\"ListItem\",\"position\":2,\"name\":\"Shop\",\"item\":\"https:\\\/\\\/requinerope.dk\\\/en\\\/shop-2\\\/\"},{\"@type\":\"ListItem\",\"position\":3,\"name\":\"Tov uden Karabinhage\"}]},{\"@type\":\"WebSite\",\"@id\":\"https:\\\/\\\/requinerope.dk\\\/en\\\/#website\",\"url\":\"https:\\\/\\\/requinerope.dk\\\/en\\\/\",\"name\":\"Requine Rope\",\"description\":\"B\u00e6redygtigt rebudstyr til hest &amp; hund\",\"publisher\":{\"@id\":\"https:\\\/\\\/requinerope.dk\\\/en\\\/#organization\"},\"potentialAction\":[{\"@type\":\"SearchAction\",\"target\":{\"@type\":\"EntryPoint\",\"urlTemplate\":\"https:\\\/\\\/requinerope.dk\\\/en\\\/?s={search_term_string}\"},\"query-input\":{\"@type\":\"PropertyValueSpecification\",\"valueRequired\":true,\"valueName\":\"search_term_string\"}}],\"inLanguage\":\"en-GB\"},{\"@type\":\"Organization\",\"@id\":\"https:\\\/\\\/requinerope.dk\\\/en\\\/#organization\",\"name\":\"Requine Rope\",\"url\":\"https:\\\/\\\/requinerope.dk\\\/en\\\/\",\"logo\":{\"@type\":\"ImageObject\",\"inLanguage\":\"en-GB\",\"@id\":\"https:\\\/\\\/requinerope.dk\\\/en\\\/#\\\/schema\\\/logo\\\/image\\\/\",\"url\":\"https:\\\/\\\/requinerope.dk\\\/wp-content\\\/uploads\\\/2021\\\/09\\\/logo-m-baggrund-modified.png\",\"contentUrl\":\"https:\\\/\\\/requinerope.dk\\\/wp-content\\\/uploads\\\/2021\\\/09\\\/logo-m-baggrund-modified.png\",\"width\":993,\"height\":993,\"caption\":\"Requine Rope\"},\"image\":{\"@id\":\"https:\\\/\\\/requinerope.dk\\\/en\\\/#\\\/schema\\\/logo\\\/image\\\/\"},\"sameAs\":[\"https:\\\/\\\/www.facebook.com\\\/requinerope\",\"https:\\\/\\\/www.instagram.com\\\/requinerope\",\"https:\\\/\\\/www.pinterest.dk\\\/requinerope\"]}]}<\/script>\n<!-- \/ Yoast SEO plugin. -->","yoast_head_json":{"title":"B\u00e6redygtigt Tov uden Karabinhage | Requine Rope","description":"B\u00e6redygtigt tov uden karabinhage - slim af 100% genanvendt reb. Tovet kan bruges b\u00e5de til jordarbejde, g\u00e5ture og kan endda bindes til t\u00f8jler!","robots":{"index":"index","follow":"follow","max-snippet":"max-snippet:-1","max-image-preview":"max-image-preview:large","max-video-preview":"max-video-preview:-1"},"canonical":"https:\/\/requinerope.dk\/en\/shop\/tov-uden-karabinhage\/","og_locale":"en_GB","og_type":"article","og_title":"B\u00e6redygtigt Tov uden Karabinhage | Requine Rope","og_description":"B\u00e6redygtigt tov uden karabinhage - slim af 100% genanvendt reb. Tovet kan bruges b\u00e5de til jordarbejde, g\u00e5ture og kan endda bindes til t\u00f8jler!","og_url":"https:\/\/requinerope.dk\/en\/shop\/tov-uden-karabinhage\/","og_site_name":"Requine Rope","article_publisher":"https:\/\/www.facebook.com\/requinerope","article_modified_time":"2026-03-01T19:20:48+00:00","og_image":[{"width":2560,"height":2560,"url":"https:\/\/requinerope.dk\/wp-content\/uploads\/2023\/07\/IMG_3590-scaled.jpg","type":"image\/jpeg"}],"twitter_card":"summary_large_image","twitter_misc":{"Estimated reading time":"2 minutes"},"schema":{"@context":"https:\/\/schema.org","@graph":[{"@type":"WebPage","@id":"https:\/\/requinerope.dk\/shop\/tov-uden-karabinhage\/","url":"https:\/\/requinerope.dk\/shop\/tov-uden-karabinhage\/","name":"B\u00e6redygtigt Tov uden Karabinhage | Requine Rope","isPartOf":{"@id":"https:\/\/requinerope.dk\/en\/#website"},"primaryImageOfPage":{"@id":"https:\/\/requinerope.dk\/shop\/tov-uden-karabinhage\/#primaryimage"},"image":{"@id":"https:\/\/requinerope.dk\/shop\/tov-uden-karabinhage\/#primaryimage"},"thumbnailUrl":"https:\/\/requinerope.dk\/wp-content\/uploads\/2023\/07\/IMG_3590-scaled.jpg","datePublished":"2023-07-30T14:19:52+00:00","dateModified":"2026-03-01T19:20:48+00:00","description":"B\u00e6redygtigt tov uden karabinhage - slim af 100% genanvendt reb. Tovet kan bruges b\u00e5de til jordarbejde, g\u00e5ture og kan endda bindes til t\u00f8jler!","breadcrumb":{"@id":"https:\/\/requinerope.dk\/shop\/tov-uden-karabinhage\/#breadcrumb"},"inLanguage":"en-GB","potentialAction":[{"@type":"ReadAction","target":["https:\/\/requinerope.dk\/shop\/tov-uden-karabinhage\/"]}]},{"@type":"ImageObject","inLanguage":"en-GB","@id":"https:\/\/requinerope.dk\/shop\/tov-uden-karabinhage\/#primaryimage","url":"https:\/\/requinerope.dk\/wp-content\/uploads\/2023\/07\/IMG_3590-scaled.jpg","contentUrl":"https:\/\/requinerope.dk\/wp-content\/uploads\/2023\/07\/IMG_3590-scaled.jpg","width":2560,"height":2560},{"@type":"BreadcrumbList","@id":"https:\/\/requinerope.dk\/shop\/tov-uden-karabinhage\/#breadcrumb","itemListElement":[{"@type":"ListItem","position":1,"name":"Hjem","item":"https:\/\/requinerope.dk\/"},{"@type":"ListItem","position":2,"name":"Shop","item":"https:\/\/requinerope.dk\/en\/shop-2\/"},{"@type":"ListItem","position":3,"name":"Tov uden Karabinhage"}]},{"@type":"WebSite","@id":"https:\/\/requinerope.dk\/en\/#website","url":"https:\/\/requinerope.dk\/en\/","name":"Requine Rope","description":"Sustainable rope equipment for horse &amp; dog","publisher":{"@id":"https:\/\/requinerope.dk\/en\/#organization"},"potentialAction":[{"@type":"SearchAction","target":{"@type":"EntryPoint","urlTemplate":"https:\/\/requinerope.dk\/en\/?s={search_term_string}"},"query-input":{"@type":"PropertyValueSpecification","valueRequired":true,"valueName":"search_term_string"}}],"inLanguage":"en-GB"},{"@type":"Organization","@id":"https:\/\/requinerope.dk\/en\/#organization","name":"Requine Rope","url":"https:\/\/requinerope.dk\/en\/","logo":{"@type":"ImageObject","inLanguage":"en-GB","@id":"https:\/\/requinerope.dk\/en\/#\/schema\/logo\/image\/","url":"https:\/\/requinerope.dk\/wp-content\/uploads\/2021\/09\/logo-m-baggrund-modified.png","contentUrl":"https:\/\/requinerope.dk\/wp-content\/uploads\/2021\/09\/logo-m-baggrund-modified.png","width":993,"height":993,"caption":"Requine Rope"},"image":{"@id":"https:\/\/requinerope.dk\/en\/#\/schema\/logo\/image\/"},"sameAs":["https:\/\/www.facebook.com\/requinerope","https:\/\/www.instagram.com\/requinerope","https:\/\/www.pinterest.dk\/requinerope"]}]}},"jetpack_sharing_enabled":true,"_links":{"self":[{"href":"https:\/\/requinerope.dk\/en\/wp-json\/wp\/v2\/product\/11420","targetHints":{"allow":["GET"]}}],"collection":[{"href":"https:\/\/requinerope.dk\/en\/wp-json\/wp\/v2\/product"}],"about":[{"href":"https:\/\/requinerope.dk\/en\/wp-json\/wp\/v2\/types\/product"}],"wp:featuredmedia":[{"embeddable":true,"href":"https:\/\/requinerope.dk\/en\/wp-json\/wp\/v2\/media\/11449"}],"wp:attachment":[{"href":"https:\/\/requinerope.dk\/en\/wp-json\/wp\/v2\/media?parent=11420"}],"wp:term":[{"taxonomy":"product_brand","embeddable":true,"href":"https:\/\/requinerope.dk\/en\/wp-json\/wp\/v2\/product_brand?post=11420"},{"taxonomy":"product_cat","embeddable":true,"href":"https:\/\/requinerope.dk\/en\/wp-json\/wp\/v2\/product_cat?post=11420"},{"taxonomy":"product_tag","embeddable":true,"href":"https:\/\/requinerope.dk\/en\/wp-json\/wp\/v2\/product_tag?post=11420"}],"curies":[{"name":"wp","href":"https:\/\/api.w.org\/{rel}","templated":true}]}}