{"id":109,"date":"2021-09-14T19:15:10","date_gmt":"2021-09-14T19:15:10","guid":{"rendered":"http:\/\/requinerope.dk\/?post_type=product&#038;p=109"},"modified":"2026-03-02T09:01:38","modified_gmt":"2026-03-02T09:01:38","slug":"justerbar-cordeo","status":"publish","type":"product","link":"https:\/\/requinerope.dk\/en\/shop\/justerbar-cordeo\/","title":{"rendered":"Adjustable Neck Rope \u2014 Firm"},"content":{"rendered":"<p><em>Sustainable Adjustable Neck Rope with Core \u2014 Firm<\/em><\/p>\n<p>The adjustable neck rope is made with a 6 mm stainless steel wire as core, and covered with the same type of rope as our <a href=\"https:\/\/requinerope.dk\/en\/shop\/luxe-toejler\/\">luxe reins<\/a> is made from. The neck rope is approx. 8 mm wide, and the wire is extra firm and slim, making the neck rope generally very firm.<\/p>\n<p>It retains its shape after use, but is still flexible and moulds to the horse. So it's not unbendable, but very firm for those who prefer the neck rope to really keep its shape!<\/p>\n<p>If you prefer a more flexible neck rope, then take a look at <a href=\"https:\/\/requinerope.dk\/en\/shop\/justerbar-cordeo-flex\/\">Adjustable Neck Rope \u2014 Flex<\/a>.<\/p>\n<p>&nbsp;<\/p>\n<p>Neck ropes from Requine Rope are made from high quality rope which \u2014 of course \u2014 is 100% recycled.<\/p>\n<p>&nbsp;<\/p>\n<p>Standard sizes are S, Onesize and L. (Also see our\u00a0<a href=\"https:\/\/requinerope.dk\/en\/om\/stoerrelsesguide\/\">size guide<\/a>)<\/p>\n<p>Size S adjusts from approx. 90 to 150 cm in circumference and fits horses from size shetty and smaller the best.<br \/>\nSize Onesize adjusts from approx. 115 to 220 cm and fits all horses from size x-mini to xx-full, but especially fits size pony to full well.<br \/>\nSize L adjusts from approx. 145 to 270 cm, and fits size x-full and larger the best.<\/p>\n<p>&nbsp;<\/p>\n<p><!--more--><\/p>\n<p>All colours with the same names have the same colour in real life. Colours on the pictures can vary depending on the screen, so it's not guaranteed that the colour you see on your screen is the exact same as in real life.<\/p>\n<p>Look at and read about the different colours for neck ropes at\u00a0<a href=\"https:\/\/requinerope.dk\/en\/om\/farver\/\">colours<\/a><\/p>\n<p>&nbsp;<\/p>\n<p>If you want custom sizes, contact us on <a href=\"\/en\/info@requinerope.dk\/\">info@requinerope.dk<\/a><\/p>","protected":false},"excerpt":{"rendered":"<p>B\u00e6redygtig Justerbar Cordeo med Kerne &#8211; Firm Den justerbare cordeo er lavet med en rustfri st\u00e5lwire p\u00e5 6 mm som kerne og overtrukket med den samme type reb som vores luxe t\u00f8jler er lavet af. Cordeoen er ca. 8 mm bred i alt, og wiren er ekstra &#8220;firm&#8221; og tynd, som g\u00f8r denne cordeo meget [&hellip;]<\/p>\n","protected":false},"featured_media":8911,"template":"","meta":{"site-sidebar-layout":"default","site-content-layout":"default","ast-site-content-layout":"default","site-content-style":"default","site-sidebar-style":"default","ast-global-header-display":"","ast-banner-title-visibility":"","ast-main-header-display":"","ast-hfb-above-header-display":"","ast-hfb-below-header-display":"","ast-hfb-mobile-header-display":"","site-post-title":"","ast-breadcrumbs-content":"","ast-featured-img":"","footer-sml-layout":"","ast-disable-related-posts":"","theme-transparent-header-meta":"default","adv-header-id-meta":"","stick-header-meta":"","header-above-stick-meta":"","header-main-stick-meta":"","header-below-stick-meta":"","astra-migrate-meta-layouts":"set","ast-page-background-enabled":"default","ast-page-background-meta":{"desktop":{"background-color":"var(--ast-global-color-4)","background-image":"","background-repeat":"repeat","background-position":"center center","background-size":"auto","background-attachment":"scroll","background-type":"","background-media":"","overlay-type":"","overlay-color":"","overlay-opacity":"","overlay-gradient":""},"tablet":{"background-color":"","background-image":"","background-repeat":"repeat","background-position":"center center","background-size":"auto","background-attachment":"scroll","background-type":"","background-media":"","overlay-type":"","overlay-color":"","overlay-opacity":"","overlay-gradient":""},"mobile":{"background-color":"","background-image":"","background-repeat":"repeat","background-position":"center center","background-size":"auto","background-attachment":"scroll","background-type":"","background-media":"","overlay-type":"","overlay-color":"","overlay-opacity":"","overlay-gradient":""}},"ast-content-background-meta":{"desktop":{"background-color":"var(--ast-global-color-5)","background-image":"","background-repeat":"repeat","background-position":"center center","background-size":"auto","background-attachment":"scroll","background-type":"","background-media":"","overlay-type":"","overlay-color":"","overlay-opacity":"","overlay-gradient":""},"tablet":{"background-color":"var(--ast-global-color-5)","background-image":"","background-repeat":"repeat","background-position":"center center","background-size":"auto","background-attachment":"scroll","background-type":"","background-media":"","overlay-type":"","overlay-color":"","overlay-opacity":"","overlay-gradient":""},"mobile":{"background-color":"var(--ast-global-color-5)","background-image":"","background-repeat":"repeat","background-position":"center center","background-size":"auto","background-attachment":"scroll","background-type":"","background-media":"","overlay-type":"","overlay-color":"","overlay-opacity":"","overlay-gradient":""}}},"product_brand":[],"product_cat":[137],"product_tag":[],"class_list":{"0":"post-109","1":"product","2":"type-product","3":"status-publish","4":"has-post-thumbnail","6":"product_cat-cordeoer","7":"pa_farve-black","8":"pa_farve-dark-maroon","9":"pa_farve-sky-blue","10":"pa_farve-paa-maerket-hvid","11":"pa_farve-paa-maerket-ingen-praeference","12":"pa_farve-paa-maerket-sort","13":"pa_stoerrelse-cordeo-l","14":"pa_stoerrelse-cordeo-onesize","15":"pa_stoerrelse-cordeo-s","16":"desktop-align-left","17":"tablet-align-left","18":"mobile-align-left","20":"first","21":"outofstock","22":"taxable","23":"shipping-taxable","24":"purchasable","25":"product-type-variable"},"yoast_head":"<!-- This site is optimized with the Yoast SEO plugin v27.4 - https:\/\/yoast.com\/product\/yoast-seo-wordpress\/ -->\n<title>B\u00e6redygtig Justerbar Cordeo med Kerne - firm | Requine Rope<\/title>\n<meta name=\"description\" content=\"B\u00e6redygtig justerbar cordeo med fast kerne - firm af 100% genanvendt reb. Denne cordeo er ekstra tynd og &quot;firm&quot;, og holder virkelig sin form!\" \/>\n<meta name=\"robots\" content=\"index, follow, max-snippet:-1, max-image-preview:large, max-video-preview:-1\" \/>\n<link rel=\"canonical\" href=\"https:\/\/requinerope.dk\/en\/shop\/justerbar-cordeo\/\" \/>\n<meta property=\"og:locale\" content=\"en_GB\" \/>\n<meta property=\"og:type\" content=\"article\" \/>\n<meta property=\"og:title\" content=\"B\u00e6redygtig Justerbar Cordeo med Kerne - firm | Requine Rope\" \/>\n<meta property=\"og:description\" content=\"B\u00e6redygtig justerbar cordeo med fast kerne - firm af 100% genanvendt reb. Denne cordeo er ekstra tynd og &quot;firm&quot;, og holder virkelig sin form!\" \/>\n<meta property=\"og:url\" content=\"https:\/\/requinerope.dk\/en\/shop\/justerbar-cordeo\/\" \/>\n<meta property=\"og:site_name\" content=\"Requine Rope\" \/>\n<meta property=\"article:publisher\" content=\"https:\/\/www.facebook.com\/requinerope\" \/>\n<meta property=\"article:modified_time\" content=\"2026-03-02T09:01:38+00:00\" \/>\n<meta property=\"og:image\" content=\"https:\/\/requinerope.dk\/wp-content\/uploads\/2021\/09\/Snapseed-72-scaled-e1651505870494.jpg\" \/>\n\t<meta property=\"og:image:width\" content=\"1000\" \/>\n\t<meta property=\"og:image:height\" content=\"1000\" \/>\n\t<meta property=\"og:image:type\" content=\"image\/jpeg\" \/>\n<meta name=\"twitter:card\" content=\"summary_large_image\" \/>\n<meta name=\"twitter:label1\" content=\"Estimated reading time\" \/>\n\t<meta name=\"twitter:data1\" content=\"2 minutes\" \/>\n<script type=\"application\/ld+json\" class=\"yoast-schema-graph\">{\"@context\":\"https:\\\/\\\/schema.org\",\"@graph\":[{\"@type\":\"WebPage\",\"@id\":\"https:\\\/\\\/requinerope.dk\\\/shop\\\/justerbar-cordeo\\\/\",\"url\":\"https:\\\/\\\/requinerope.dk\\\/shop\\\/justerbar-cordeo\\\/\",\"name\":\"B\u00e6redygtig Justerbar Cordeo med Kerne - firm | Requine Rope\",\"isPartOf\":{\"@id\":\"https:\\\/\\\/requinerope.dk\\\/en\\\/#website\"},\"primaryImageOfPage\":{\"@id\":\"https:\\\/\\\/requinerope.dk\\\/shop\\\/justerbar-cordeo\\\/#primaryimage\"},\"image\":{\"@id\":\"https:\\\/\\\/requinerope.dk\\\/shop\\\/justerbar-cordeo\\\/#primaryimage\"},\"thumbnailUrl\":\"https:\\\/\\\/requinerope.dk\\\/wp-content\\\/uploads\\\/2021\\\/09\\\/Snapseed-72-scaled-e1651505870494.jpg\",\"datePublished\":\"2021-09-14T19:15:10+00:00\",\"dateModified\":\"2026-03-02T09:01:38+00:00\",\"description\":\"B\u00e6redygtig justerbar cordeo med fast kerne - firm af 100% genanvendt reb. Denne cordeo er ekstra tynd og \\\"firm\\\", og holder virkelig sin form!\",\"breadcrumb\":{\"@id\":\"https:\\\/\\\/requinerope.dk\\\/shop\\\/justerbar-cordeo\\\/#breadcrumb\"},\"inLanguage\":\"en-GB\",\"potentialAction\":[{\"@type\":\"ReadAction\",\"target\":[\"https:\\\/\\\/requinerope.dk\\\/shop\\\/justerbar-cordeo\\\/\"]}]},{\"@type\":\"ImageObject\",\"inLanguage\":\"en-GB\",\"@id\":\"https:\\\/\\\/requinerope.dk\\\/shop\\\/justerbar-cordeo\\\/#primaryimage\",\"url\":\"https:\\\/\\\/requinerope.dk\\\/wp-content\\\/uploads\\\/2021\\\/09\\\/Snapseed-72-scaled-e1651505870494.jpg\",\"contentUrl\":\"https:\\\/\\\/requinerope.dk\\\/wp-content\\\/uploads\\\/2021\\\/09\\\/Snapseed-72-scaled-e1651505870494.jpg\",\"width\":1000,\"height\":1000},{\"@type\":\"BreadcrumbList\",\"@id\":\"https:\\\/\\\/requinerope.dk\\\/shop\\\/justerbar-cordeo\\\/#breadcrumb\",\"itemListElement\":[{\"@type\":\"ListItem\",\"position\":1,\"name\":\"Hjem\",\"item\":\"https:\\\/\\\/requinerope.dk\\\/\"},{\"@type\":\"ListItem\",\"position\":2,\"name\":\"Shop\",\"item\":\"https:\\\/\\\/requinerope.dk\\\/en\\\/shop-2\\\/\"},{\"@type\":\"ListItem\",\"position\":3,\"name\":\"Justerbar Cordeo \u2014 Firm\"}]},{\"@type\":\"WebSite\",\"@id\":\"https:\\\/\\\/requinerope.dk\\\/en\\\/#website\",\"url\":\"https:\\\/\\\/requinerope.dk\\\/en\\\/\",\"name\":\"Requine Rope\",\"description\":\"B\u00e6redygtigt rebudstyr til hest &amp; hund\",\"publisher\":{\"@id\":\"https:\\\/\\\/requinerope.dk\\\/en\\\/#organization\"},\"potentialAction\":[{\"@type\":\"SearchAction\",\"target\":{\"@type\":\"EntryPoint\",\"urlTemplate\":\"https:\\\/\\\/requinerope.dk\\\/en\\\/?s={search_term_string}\"},\"query-input\":{\"@type\":\"PropertyValueSpecification\",\"valueRequired\":true,\"valueName\":\"search_term_string\"}}],\"inLanguage\":\"en-GB\"},{\"@type\":\"Organization\",\"@id\":\"https:\\\/\\\/requinerope.dk\\\/en\\\/#organization\",\"name\":\"Requine Rope\",\"url\":\"https:\\\/\\\/requinerope.dk\\\/en\\\/\",\"logo\":{\"@type\":\"ImageObject\",\"inLanguage\":\"en-GB\",\"@id\":\"https:\\\/\\\/requinerope.dk\\\/en\\\/#\\\/schema\\\/logo\\\/image\\\/\",\"url\":\"https:\\\/\\\/requinerope.dk\\\/wp-content\\\/uploads\\\/2021\\\/09\\\/logo-m-baggrund-modified.png\",\"contentUrl\":\"https:\\\/\\\/requinerope.dk\\\/wp-content\\\/uploads\\\/2021\\\/09\\\/logo-m-baggrund-modified.png\",\"width\":993,\"height\":993,\"caption\":\"Requine Rope\"},\"image\":{\"@id\":\"https:\\\/\\\/requinerope.dk\\\/en\\\/#\\\/schema\\\/logo\\\/image\\\/\"},\"sameAs\":[\"https:\\\/\\\/www.facebook.com\\\/requinerope\",\"https:\\\/\\\/www.instagram.com\\\/requinerope\",\"https:\\\/\\\/www.pinterest.dk\\\/requinerope\"]}]}<\/script>\n<!-- \/ Yoast SEO plugin. -->","yoast_head_json":{"title":"B\u00e6redygtig Justerbar Cordeo med Kerne - firm | Requine Rope","description":"B\u00e6redygtig justerbar cordeo med fast kerne - firm af 100% genanvendt reb. Denne cordeo er ekstra tynd og \"firm\", og holder virkelig sin form!","robots":{"index":"index","follow":"follow","max-snippet":"max-snippet:-1","max-image-preview":"max-image-preview:large","max-video-preview":"max-video-preview:-1"},"canonical":"https:\/\/requinerope.dk\/en\/shop\/justerbar-cordeo\/","og_locale":"en_GB","og_type":"article","og_title":"B\u00e6redygtig Justerbar Cordeo med Kerne - firm | Requine Rope","og_description":"B\u00e6redygtig justerbar cordeo med fast kerne - firm af 100% genanvendt reb. Denne cordeo er ekstra tynd og \"firm\", og holder virkelig sin form!","og_url":"https:\/\/requinerope.dk\/en\/shop\/justerbar-cordeo\/","og_site_name":"Requine Rope","article_publisher":"https:\/\/www.facebook.com\/requinerope","article_modified_time":"2026-03-02T09:01:38+00:00","og_image":[{"width":1000,"height":1000,"url":"https:\/\/requinerope.dk\/wp-content\/uploads\/2021\/09\/Snapseed-72-scaled-e1651505870494.jpg","type":"image\/jpeg"}],"twitter_card":"summary_large_image","twitter_misc":{"Estimated reading time":"2 minutes"},"schema":{"@context":"https:\/\/schema.org","@graph":[{"@type":"WebPage","@id":"https:\/\/requinerope.dk\/shop\/justerbar-cordeo\/","url":"https:\/\/requinerope.dk\/shop\/justerbar-cordeo\/","name":"B\u00e6redygtig Justerbar Cordeo med Kerne - firm | Requine Rope","isPartOf":{"@id":"https:\/\/requinerope.dk\/en\/#website"},"primaryImageOfPage":{"@id":"https:\/\/requinerope.dk\/shop\/justerbar-cordeo\/#primaryimage"},"image":{"@id":"https:\/\/requinerope.dk\/shop\/justerbar-cordeo\/#primaryimage"},"thumbnailUrl":"https:\/\/requinerope.dk\/wp-content\/uploads\/2021\/09\/Snapseed-72-scaled-e1651505870494.jpg","datePublished":"2021-09-14T19:15:10+00:00","dateModified":"2026-03-02T09:01:38+00:00","description":"B\u00e6redygtig justerbar cordeo med fast kerne - firm af 100% genanvendt reb. Denne cordeo er ekstra tynd og \"firm\", og holder virkelig sin form!","breadcrumb":{"@id":"https:\/\/requinerope.dk\/shop\/justerbar-cordeo\/#breadcrumb"},"inLanguage":"en-GB","potentialAction":[{"@type":"ReadAction","target":["https:\/\/requinerope.dk\/shop\/justerbar-cordeo\/"]}]},{"@type":"ImageObject","inLanguage":"en-GB","@id":"https:\/\/requinerope.dk\/shop\/justerbar-cordeo\/#primaryimage","url":"https:\/\/requinerope.dk\/wp-content\/uploads\/2021\/09\/Snapseed-72-scaled-e1651505870494.jpg","contentUrl":"https:\/\/requinerope.dk\/wp-content\/uploads\/2021\/09\/Snapseed-72-scaled-e1651505870494.jpg","width":1000,"height":1000},{"@type":"BreadcrumbList","@id":"https:\/\/requinerope.dk\/shop\/justerbar-cordeo\/#breadcrumb","itemListElement":[{"@type":"ListItem","position":1,"name":"Hjem","item":"https:\/\/requinerope.dk\/"},{"@type":"ListItem","position":2,"name":"Shop","item":"https:\/\/requinerope.dk\/en\/shop-2\/"},{"@type":"ListItem","position":3,"name":"Justerbar Cordeo \u2014 Firm"}]},{"@type":"WebSite","@id":"https:\/\/requinerope.dk\/en\/#website","url":"https:\/\/requinerope.dk\/en\/","name":"Requine Rope","description":"Sustainable rope equipment for horse &amp; dog","publisher":{"@id":"https:\/\/requinerope.dk\/en\/#organization"},"potentialAction":[{"@type":"SearchAction","target":{"@type":"EntryPoint","urlTemplate":"https:\/\/requinerope.dk\/en\/?s={search_term_string}"},"query-input":{"@type":"PropertyValueSpecification","valueRequired":true,"valueName":"search_term_string"}}],"inLanguage":"en-GB"},{"@type":"Organization","@id":"https:\/\/requinerope.dk\/en\/#organization","name":"Requine Rope","url":"https:\/\/requinerope.dk\/en\/","logo":{"@type":"ImageObject","inLanguage":"en-GB","@id":"https:\/\/requinerope.dk\/en\/#\/schema\/logo\/image\/","url":"https:\/\/requinerope.dk\/wp-content\/uploads\/2021\/09\/logo-m-baggrund-modified.png","contentUrl":"https:\/\/requinerope.dk\/wp-content\/uploads\/2021\/09\/logo-m-baggrund-modified.png","width":993,"height":993,"caption":"Requine Rope"},"image":{"@id":"https:\/\/requinerope.dk\/en\/#\/schema\/logo\/image\/"},"sameAs":["https:\/\/www.facebook.com\/requinerope","https:\/\/www.instagram.com\/requinerope","https:\/\/www.pinterest.dk\/requinerope"]}]}},"jetpack_sharing_enabled":true,"_links":{"self":[{"href":"https:\/\/requinerope.dk\/en\/wp-json\/wp\/v2\/product\/109","targetHints":{"allow":["GET"]}}],"collection":[{"href":"https:\/\/requinerope.dk\/en\/wp-json\/wp\/v2\/product"}],"about":[{"href":"https:\/\/requinerope.dk\/en\/wp-json\/wp\/v2\/types\/product"}],"wp:featuredmedia":[{"embeddable":true,"href":"https:\/\/requinerope.dk\/en\/wp-json\/wp\/v2\/media\/8911"}],"wp:attachment":[{"href":"https:\/\/requinerope.dk\/en\/wp-json\/wp\/v2\/media?parent=109"}],"wp:term":[{"taxonomy":"product_brand","embeddable":true,"href":"https:\/\/requinerope.dk\/en\/wp-json\/wp\/v2\/product_brand?post=109"},{"taxonomy":"product_cat","embeddable":true,"href":"https:\/\/requinerope.dk\/en\/wp-json\/wp\/v2\/product_cat?post=109"},{"taxonomy":"product_tag","embeddable":true,"href":"https:\/\/requinerope.dk\/en\/wp-json\/wp\/v2\/product_tag?post=109"}],"curies":[{"name":"wp","href":"https:\/\/api.w.org\/{rel}","templated":true}]}}