{"id":10796,"date":"2023-04-26T15:38:24","date_gmt":"2023-04-26T15:38:24","guid":{"rendered":"https:\/\/requinerope.dk\/?post_type=product&#038;p=10796"},"modified":"2026-03-02T09:01:37","modified_gmt":"2026-03-02T09:01:37","slug":"cordeo-med-kvast","status":"publish","type":"product","link":"https:\/\/requinerope.dk\/en\/shop\/cordeo-med-kvast\/","title":{"rendered":"Neck Rope with Tassel \u2014 Slim"},"content":{"rendered":"<p><em>Sustainable neck rope with tassel \u2014 Slim<\/em><\/p>\n<p>Do you want a unique neck rope with even more beautiful details? Then you can design your own neck rope right <a href=\"https:\/\/requinerope.dk\/en\/shop\/design-selv-cordeo\/\">here<\/a>!<\/p>\n<p>The slim, non-adjustable neck ropes are made from 10 mm tightly woven high quality rope like the round reins. Thus they have a perfect size that fits the hand really well, and the surface is very smooth and comfortable to the touch.<\/p>\n<p>Because the neck rope does not have a core like the adjustable neck ropes, it moulds to the horse both when used and when it lies around the neck. So it doesn't slide down, even if the horse lowers the head!<\/p>\n<p>On the neck rope with tassel, the ends are gathered in a knot and reinforced, which makes a tassel and gives a beautiful detail. The tassel isn't only decorative but is good for holding onto. Especially from the ground this can be an advantage, as it makes it easier to move around!<\/p>\n<p>&nbsp;<\/p>\n<p>The sizes range from XXXS to XXXL:<\/p>\n<p>XXXS = 90 cm<br \/>\nXXS = 105 cm<br \/>\nXS = 120 cm<br \/>\nS = 135 cm<br \/>\nM = 150 cm<br \/>\nL = 165 cm<br \/>\nXL = 180 cm<br \/>\nXXL = 195 cm<br \/>\nXXXL = 210 cm<\/p>\n<p>Measure your horse\/pony to find the right size. You can see how to do this in the <a href=\"https:\/\/requinerope.dk\/en\/om\/stoerrelsesguide\/\">size guide<\/a>.<\/p>\n<p>&nbsp;<\/p>\n<p>Neck ropes from Requine Rope are made from high quality rope which \u2014 of course \u2014 is 100% recycled.<\/p>\n<p>&nbsp;<\/p>\n<p>Neck ropes are available in two types of rope: normal and smooth. The \"smooth\" rope has a smoother surface end the normal rope.<br \/>\nThe normal rope is available in the colours: Checkers, Black, Navy, Red, Neon Orange, Neon Green and Beige.<br \/>\nThe smooth rope is available in the colours: Tartan Beige, Pink Mix, Pink, Yellow, Dark Maroon, Pink and Denim Blue.<\/p>\n<p>&nbsp;<\/p>\n<p><!--more--><\/p>\n<p>All colours with the same names have the same colour in real life. Colours on the pictures can vary depending on the screen, so it's not guaranteed that the colour you see on your screen is the exact same as in real life.<\/p>\n<p>See the colours for the neck ropes at <a href=\"https:\/\/requinerope.dk\/en\/om\/farver\/\">colours<\/a>.<\/p>\n<p>If you want special made size or design, write <a href=\"\/en\/info@requinerope.dk\/\">info@requinerope.dk<\/a> or on social media.<\/p>","protected":false},"excerpt":{"rendered":"<p>B\u00e6redygtig cordeo med kvast \u2014 Slim Vil du have en unik cordeo med endnu flere smukke detaljer? S\u00e5 kan du designe din egen cordeo lige her! Den slim, ikke-justerbare cordeo er lavet af 10 mm t\u00e6tv\u00e6vet h\u00f8jkvalitetsreb, ligesom de runde t\u00f8jler. De har derfor en perfekt bredde, der ligger virkelig godt i h\u00e5nden, og overfladen [&hellip;]<\/p>\n","protected":false},"featured_media":10806,"template":"","meta":{"site-sidebar-layout":"default","site-content-layout":"default","ast-site-content-layout":"default","site-content-style":"default","site-sidebar-style":"default","ast-global-header-display":"","ast-banner-title-visibility":"","ast-main-header-display":"","ast-hfb-above-header-display":"","ast-hfb-below-header-display":"","ast-hfb-mobile-header-display":"","site-post-title":"","ast-breadcrumbs-content":"","ast-featured-img":"","footer-sml-layout":"","ast-disable-related-posts":"","theme-transparent-header-meta":"default","adv-header-id-meta":"","stick-header-meta":"","header-above-stick-meta":"","header-main-stick-meta":"","header-below-stick-meta":"","astra-migrate-meta-layouts":"set","ast-page-background-enabled":"default","ast-page-background-meta":{"desktop":{"background-color":"var(--ast-global-color-4)","background-image":"","background-repeat":"repeat","background-position":"center center","background-size":"auto","background-attachment":"scroll","background-type":"","background-media":"","overlay-type":"","overlay-color":"","overlay-opacity":"","overlay-gradient":""},"tablet":{"background-color":"","background-image":"","background-repeat":"repeat","background-position":"center center","background-size":"auto","background-attachment":"scroll","background-type":"","background-media":"","overlay-type":"","overlay-color":"","overlay-opacity":"","overlay-gradient":""},"mobile":{"background-color":"","background-image":"","background-repeat":"repeat","background-position":"center center","background-size":"auto","background-attachment":"scroll","background-type":"","background-media":"","overlay-type":"","overlay-color":"","overlay-opacity":"","overlay-gradient":""}},"ast-content-background-meta":{"desktop":{"background-color":"var(--ast-global-color-5)","background-image":"","background-repeat":"repeat","background-position":"center center","background-size":"auto","background-attachment":"scroll","background-type":"","background-media":"","overlay-type":"","overlay-color":"","overlay-opacity":"","overlay-gradient":""},"tablet":{"background-color":"var(--ast-global-color-5)","background-image":"","background-repeat":"repeat","background-position":"center center","background-size":"auto","background-attachment":"scroll","background-type":"","background-media":"","overlay-type":"","overlay-color":"","overlay-opacity":"","overlay-gradient":""},"mobile":{"background-color":"var(--ast-global-color-5)","background-image":"","background-repeat":"repeat","background-position":"center center","background-size":"auto","background-attachment":"scroll","background-type":"","background-media":"","overlay-type":"","overlay-color":"","overlay-opacity":"","overlay-gradient":""}}},"product_brand":[],"product_cat":[137],"product_tag":[],"class_list":{"0":"post-10796","1":"product","2":"type-product","3":"status-publish","4":"has-post-thumbnail","6":"product_cat-cordeoer","7":"pa_farve-10-beige","8":"pa_farve-10-black","9":"pa_farve-10-checkers","10":"pa_farve-10-dark-maroon-2","11":"pa_farve-10-denim-blue","12":"pa_farve-10-navy","13":"pa_farve-10-neon-green","14":"pa_farve-10-neon-orange","15":"pa_farve-10-pink","16":"pa_farve-10-pink-mix","17":"pa_farve-10-red","18":"pa_farve-10-tartan-beige","19":"pa_farve-10-yellow","20":"pa_farve-paa-maerket-hvid","21":"pa_farve-paa-maerket-ingen-praeference","22":"pa_farve-paa-maerket-sort","23":"pa_stoerrelsesml-l","24":"pa_stoerrelsesml-m","25":"pa_stoerrelsesml-s","26":"pa_stoerrelsesml-xl","27":"pa_stoerrelsesml-xs","28":"pa_stoerrelsesml-xxl","29":"pa_stoerrelsesml-xxs","30":"pa_stoerrelsesml-xxxl","31":"pa_stoerrelsesml-xxxs","32":"desktop-align-left","33":"tablet-align-left","34":"mobile-align-left","36":"first","37":"outofstock","38":"taxable","39":"shipping-taxable","40":"purchasable","41":"product-type-variable"},"yoast_head":"<!-- This site is optimized with the Yoast SEO plugin v27.4 - https:\/\/yoast.com\/product\/yoast-seo-wordpress\/ -->\n<title>B\u00e6redygtig Cordeo med Kvast \u2014 Slim | Requine Rope<\/title>\n<meta name=\"description\" content=\"B\u00e6redygtig cordeo med kvast af 100% genanvendt reb. De ikke-justerbare cordeoer er lavet af 10 mm t\u00e6tv\u00e6vet h\u00f8jkvalitetsreb, ligesom vores runde t\u00f8jler.\" \/>\n<meta name=\"robots\" content=\"index, follow, max-snippet:-1, max-image-preview:large, max-video-preview:-1\" \/>\n<link rel=\"canonical\" href=\"https:\/\/requinerope.dk\/en\/shop\/cordeo-med-kvast\/\" \/>\n<meta property=\"og:locale\" content=\"en_GB\" \/>\n<meta property=\"og:type\" content=\"article\" \/>\n<meta property=\"og:title\" content=\"B\u00e6redygtig Cordeo med Kvast \u2014 Slim | Requine Rope\" \/>\n<meta property=\"og:description\" content=\"B\u00e6redygtig cordeo med kvast af 100% genanvendt reb. De ikke-justerbare cordeoer er lavet af 10 mm t\u00e6tv\u00e6vet h\u00f8jkvalitetsreb, ligesom vores runde t\u00f8jler.\" \/>\n<meta property=\"og:url\" content=\"https:\/\/requinerope.dk\/en\/shop\/cordeo-med-kvast\/\" \/>\n<meta property=\"og:site_name\" content=\"Requine Rope\" \/>\n<meta property=\"article:publisher\" content=\"https:\/\/www.facebook.com\/requinerope\" \/>\n<meta property=\"article:modified_time\" content=\"2026-03-02T09:01:37+00:00\" \/>\n<meta property=\"og:image\" content=\"https:\/\/requinerope.dk\/wp-content\/uploads\/2023\/04\/IMG_2817.jpg\" \/>\n\t<meta property=\"og:image:width\" content=\"1\" \/>\n\t<meta property=\"og:image:height\" content=\"1\" \/>\n\t<meta property=\"og:image:type\" content=\"image\/jpeg\" \/>\n<meta name=\"twitter:card\" content=\"summary_large_image\" \/>\n<meta name=\"twitter:label1\" content=\"Estimated reading time\" \/>\n\t<meta name=\"twitter:data1\" content=\"3 minutes\" \/>\n<script type=\"application\/ld+json\" class=\"yoast-schema-graph\">{\"@context\":\"https:\\\/\\\/schema.org\",\"@graph\":[{\"@type\":\"WebPage\",\"@id\":\"https:\\\/\\\/requinerope.dk\\\/shop\\\/cordeo-med-kvast\\\/\",\"url\":\"https:\\\/\\\/requinerope.dk\\\/shop\\\/cordeo-med-kvast\\\/\",\"name\":\"B\u00e6redygtig Cordeo med Kvast \u2014 Slim | Requine Rope\",\"isPartOf\":{\"@id\":\"https:\\\/\\\/requinerope.dk\\\/en\\\/#website\"},\"primaryImageOfPage\":{\"@id\":\"https:\\\/\\\/requinerope.dk\\\/shop\\\/cordeo-med-kvast\\\/#primaryimage\"},\"image\":{\"@id\":\"https:\\\/\\\/requinerope.dk\\\/shop\\\/cordeo-med-kvast\\\/#primaryimage\"},\"thumbnailUrl\":\"https:\\\/\\\/requinerope.dk\\\/wp-content\\\/uploads\\\/2023\\\/04\\\/IMG_2817.jpg\",\"datePublished\":\"2023-04-26T15:38:24+00:00\",\"dateModified\":\"2026-03-02T09:01:37+00:00\",\"description\":\"B\u00e6redygtig cordeo med kvast af 100% genanvendt reb. De ikke-justerbare cordeoer er lavet af 10 mm t\u00e6tv\u00e6vet h\u00f8jkvalitetsreb, ligesom vores runde t\u00f8jler.\",\"breadcrumb\":{\"@id\":\"https:\\\/\\\/requinerope.dk\\\/shop\\\/cordeo-med-kvast\\\/#breadcrumb\"},\"inLanguage\":\"en-GB\",\"potentialAction\":[{\"@type\":\"ReadAction\",\"target\":[\"https:\\\/\\\/requinerope.dk\\\/shop\\\/cordeo-med-kvast\\\/\"]}]},{\"@type\":\"ImageObject\",\"inLanguage\":\"en-GB\",\"@id\":\"https:\\\/\\\/requinerope.dk\\\/shop\\\/cordeo-med-kvast\\\/#primaryimage\",\"url\":\"https:\\\/\\\/requinerope.dk\\\/wp-content\\\/uploads\\\/2023\\\/04\\\/IMG_2817.jpg\",\"contentUrl\":\"https:\\\/\\\/requinerope.dk\\\/wp-content\\\/uploads\\\/2023\\\/04\\\/IMG_2817.jpg\"},{\"@type\":\"BreadcrumbList\",\"@id\":\"https:\\\/\\\/requinerope.dk\\\/shop\\\/cordeo-med-kvast\\\/#breadcrumb\",\"itemListElement\":[{\"@type\":\"ListItem\",\"position\":1,\"name\":\"Hjem\",\"item\":\"https:\\\/\\\/requinerope.dk\\\/\"},{\"@type\":\"ListItem\",\"position\":2,\"name\":\"Shop\",\"item\":\"https:\\\/\\\/requinerope.dk\\\/en\\\/shop-2\\\/\"},{\"@type\":\"ListItem\",\"position\":3,\"name\":\"Cordeo med Kvast \u2014 Slim\"}]},{\"@type\":\"WebSite\",\"@id\":\"https:\\\/\\\/requinerope.dk\\\/en\\\/#website\",\"url\":\"https:\\\/\\\/requinerope.dk\\\/en\\\/\",\"name\":\"Requine Rope\",\"description\":\"B\u00e6redygtigt rebudstyr til hest &amp; hund\",\"publisher\":{\"@id\":\"https:\\\/\\\/requinerope.dk\\\/en\\\/#organization\"},\"potentialAction\":[{\"@type\":\"SearchAction\",\"target\":{\"@type\":\"EntryPoint\",\"urlTemplate\":\"https:\\\/\\\/requinerope.dk\\\/en\\\/?s={search_term_string}\"},\"query-input\":{\"@type\":\"PropertyValueSpecification\",\"valueRequired\":true,\"valueName\":\"search_term_string\"}}],\"inLanguage\":\"en-GB\"},{\"@type\":\"Organization\",\"@id\":\"https:\\\/\\\/requinerope.dk\\\/en\\\/#organization\",\"name\":\"Requine Rope\",\"url\":\"https:\\\/\\\/requinerope.dk\\\/en\\\/\",\"logo\":{\"@type\":\"ImageObject\",\"inLanguage\":\"en-GB\",\"@id\":\"https:\\\/\\\/requinerope.dk\\\/en\\\/#\\\/schema\\\/logo\\\/image\\\/\",\"url\":\"https:\\\/\\\/requinerope.dk\\\/wp-content\\\/uploads\\\/2021\\\/09\\\/logo-m-baggrund-modified.png\",\"contentUrl\":\"https:\\\/\\\/requinerope.dk\\\/wp-content\\\/uploads\\\/2021\\\/09\\\/logo-m-baggrund-modified.png\",\"width\":993,\"height\":993,\"caption\":\"Requine Rope\"},\"image\":{\"@id\":\"https:\\\/\\\/requinerope.dk\\\/en\\\/#\\\/schema\\\/logo\\\/image\\\/\"},\"sameAs\":[\"https:\\\/\\\/www.facebook.com\\\/requinerope\",\"https:\\\/\\\/www.instagram.com\\\/requinerope\",\"https:\\\/\\\/www.pinterest.dk\\\/requinerope\"]}]}<\/script>\n<!-- \/ Yoast SEO plugin. -->","yoast_head_json":{"title":"B\u00e6redygtig Cordeo med Kvast \u2014 Slim | Requine Rope","description":"B\u00e6redygtig cordeo med kvast af 100% genanvendt reb. De ikke-justerbare cordeoer er lavet af 10 mm t\u00e6tv\u00e6vet h\u00f8jkvalitetsreb, ligesom vores runde t\u00f8jler.","robots":{"index":"index","follow":"follow","max-snippet":"max-snippet:-1","max-image-preview":"max-image-preview:large","max-video-preview":"max-video-preview:-1"},"canonical":"https:\/\/requinerope.dk\/en\/shop\/cordeo-med-kvast\/","og_locale":"en_GB","og_type":"article","og_title":"B\u00e6redygtig Cordeo med Kvast \u2014 Slim | Requine Rope","og_description":"B\u00e6redygtig cordeo med kvast af 100% genanvendt reb. De ikke-justerbare cordeoer er lavet af 10 mm t\u00e6tv\u00e6vet h\u00f8jkvalitetsreb, ligesom vores runde t\u00f8jler.","og_url":"https:\/\/requinerope.dk\/en\/shop\/cordeo-med-kvast\/","og_site_name":"Requine Rope","article_publisher":"https:\/\/www.facebook.com\/requinerope","article_modified_time":"2026-03-02T09:01:37+00:00","og_image":[{"url":"https:\/\/requinerope.dk\/wp-content\/uploads\/2023\/04\/IMG_2817.jpg","width":1,"height":1,"type":"image\/jpeg"}],"twitter_card":"summary_large_image","twitter_misc":{"Estimated reading time":"3 minutes"},"schema":{"@context":"https:\/\/schema.org","@graph":[{"@type":"WebPage","@id":"https:\/\/requinerope.dk\/shop\/cordeo-med-kvast\/","url":"https:\/\/requinerope.dk\/shop\/cordeo-med-kvast\/","name":"B\u00e6redygtig Cordeo med Kvast \u2014 Slim | Requine Rope","isPartOf":{"@id":"https:\/\/requinerope.dk\/en\/#website"},"primaryImageOfPage":{"@id":"https:\/\/requinerope.dk\/shop\/cordeo-med-kvast\/#primaryimage"},"image":{"@id":"https:\/\/requinerope.dk\/shop\/cordeo-med-kvast\/#primaryimage"},"thumbnailUrl":"https:\/\/requinerope.dk\/wp-content\/uploads\/2023\/04\/IMG_2817.jpg","datePublished":"2023-04-26T15:38:24+00:00","dateModified":"2026-03-02T09:01:37+00:00","description":"B\u00e6redygtig cordeo med kvast af 100% genanvendt reb. De ikke-justerbare cordeoer er lavet af 10 mm t\u00e6tv\u00e6vet h\u00f8jkvalitetsreb, ligesom vores runde t\u00f8jler.","breadcrumb":{"@id":"https:\/\/requinerope.dk\/shop\/cordeo-med-kvast\/#breadcrumb"},"inLanguage":"en-GB","potentialAction":[{"@type":"ReadAction","target":["https:\/\/requinerope.dk\/shop\/cordeo-med-kvast\/"]}]},{"@type":"ImageObject","inLanguage":"en-GB","@id":"https:\/\/requinerope.dk\/shop\/cordeo-med-kvast\/#primaryimage","url":"https:\/\/requinerope.dk\/wp-content\/uploads\/2023\/04\/IMG_2817.jpg","contentUrl":"https:\/\/requinerope.dk\/wp-content\/uploads\/2023\/04\/IMG_2817.jpg"},{"@type":"BreadcrumbList","@id":"https:\/\/requinerope.dk\/shop\/cordeo-med-kvast\/#breadcrumb","itemListElement":[{"@type":"ListItem","position":1,"name":"Hjem","item":"https:\/\/requinerope.dk\/"},{"@type":"ListItem","position":2,"name":"Shop","item":"https:\/\/requinerope.dk\/en\/shop-2\/"},{"@type":"ListItem","position":3,"name":"Cordeo med Kvast \u2014 Slim"}]},{"@type":"WebSite","@id":"https:\/\/requinerope.dk\/en\/#website","url":"https:\/\/requinerope.dk\/en\/","name":"Requine Rope","description":"Sustainable rope equipment for horse &amp; dog","publisher":{"@id":"https:\/\/requinerope.dk\/en\/#organization"},"potentialAction":[{"@type":"SearchAction","target":{"@type":"EntryPoint","urlTemplate":"https:\/\/requinerope.dk\/en\/?s={search_term_string}"},"query-input":{"@type":"PropertyValueSpecification","valueRequired":true,"valueName":"search_term_string"}}],"inLanguage":"en-GB"},{"@type":"Organization","@id":"https:\/\/requinerope.dk\/en\/#organization","name":"Requine Rope","url":"https:\/\/requinerope.dk\/en\/","logo":{"@type":"ImageObject","inLanguage":"en-GB","@id":"https:\/\/requinerope.dk\/en\/#\/schema\/logo\/image\/","url":"https:\/\/requinerope.dk\/wp-content\/uploads\/2021\/09\/logo-m-baggrund-modified.png","contentUrl":"https:\/\/requinerope.dk\/wp-content\/uploads\/2021\/09\/logo-m-baggrund-modified.png","width":993,"height":993,"caption":"Requine Rope"},"image":{"@id":"https:\/\/requinerope.dk\/en\/#\/schema\/logo\/image\/"},"sameAs":["https:\/\/www.facebook.com\/requinerope","https:\/\/www.instagram.com\/requinerope","https:\/\/www.pinterest.dk\/requinerope"]}]}},"jetpack_sharing_enabled":true,"_links":{"self":[{"href":"https:\/\/requinerope.dk\/en\/wp-json\/wp\/v2\/product\/10796","targetHints":{"allow":["GET"]}}],"collection":[{"href":"https:\/\/requinerope.dk\/en\/wp-json\/wp\/v2\/product"}],"about":[{"href":"https:\/\/requinerope.dk\/en\/wp-json\/wp\/v2\/types\/product"}],"wp:featuredmedia":[{"embeddable":true,"href":"https:\/\/requinerope.dk\/en\/wp-json\/wp\/v2\/media\/10806"}],"wp:attachment":[{"href":"https:\/\/requinerope.dk\/en\/wp-json\/wp\/v2\/media?parent=10796"}],"wp:term":[{"taxonomy":"product_brand","embeddable":true,"href":"https:\/\/requinerope.dk\/en\/wp-json\/wp\/v2\/product_brand?post=10796"},{"taxonomy":"product_cat","embeddable":true,"href":"https:\/\/requinerope.dk\/en\/wp-json\/wp\/v2\/product_cat?post=10796"},{"taxonomy":"product_tag","embeddable":true,"href":"https:\/\/requinerope.dk\/en\/wp-json\/wp\/v2\/product_tag?post=10796"}],"curies":[{"name":"wp","href":"https:\/\/api.w.org\/{rel}","templated":true}]}}