{"id":10573,"date":"2023-02-01T18:38:42","date_gmt":"2023-02-01T18:38:42","guid":{"rendered":"https:\/\/requinerope.dk\/?post_type=product&#038;p=10573"},"modified":"2026-03-01T19:36:48","modified_gmt":"2026-03-01T19:36:48","slug":"sky-blue-3mm-rpet-reb","status":"publish","type":"product","link":"https:\/\/requinerope.dk\/en\/shop\/sky-blue-3mm-rpet-reb\/","title":{"rendered":"SKY BLUE 3mm rPET rope"},"content":{"rendered":"<p><em>B\u00e6redygtigt dobbeltflettet 3 mm reb i 100% genanvendt materiale i farven Sky Blue<\/em><\/p>\n<p>3 mm reb er tyndt og kan bruges til eksempelvis flettede n\u00e6seb\u00e5nd eller andre detaljer.<\/p>\n<p>&nbsp;<\/p>\n<p>All rope at Requine Rope is made from 100% rPET, which is made from recycled, post-consumer plastic bottles. The bottles are collected in Europe, the same place as the rope is manufactured, ensuring as little transport at possible. This reduces the amount of plastic ending up in nature and brings down the total emitted CO2.<\/p>\n<p>&nbsp;<\/p>\n<p>The rope is very high quality, made with care and for enduring all kinds of weather. It has a smooth, shiny surface.<\/p>\n<p>&nbsp;<\/p>\n<p><em>Hvor meget reb skal man bruge til et flettet n\u00e6seb\u00e5nd?<\/em><\/p>\n<p>Det er ikke helt enkelt at sige. Det kommer meget an p\u00e5 f\u00e6rdigheder, design og st\u00f8rrelse.<\/p>\n<p>Herunder kommer nogle m\u00e5l, som <strong>ONLY<\/strong> er en guide \u2014 det kan v\u00e6re du skal bruge mere eller mindre reb end dette. Det er som udgangspunkt bedst at k\u00f8be en ekstra meter, hvis du er i tvivl, s\u00e5 du er sikker p\u00e5 at have nok reb.<\/p>\n<p>&nbsp;<\/p>\n<p>Hvis grimen har samme m\u00e5l som Requine Ropes st\u00f8rrelser, anbefales at k\u00f8be f\u00f8lgende m\u00e6ngder reb til et flettet n\u00e6seb\u00e5nd (design 1) p\u00e5 en rebgrime:<\/p>\n<p>X-mini, mini &amp; shet: 3 meter<\/p>\n<p>Pony, cob &amp; full: 4 meter<\/p>\n<p>X-full &amp; xx-full: 5 meter<\/p>\n<p>&nbsp;<\/p>\n<p>The rope is sold by the meter. That means that putting one unit in the cart is 1 meter of cut-off rope. If you out X units in the cart, you will get X units of continuous rope.<\/p>\n<p>&nbsp;<\/p>\n<p>NB: Because all screens are different, it is not guaranteed that the colour on the rope as seen on your screen matches the exact colour of the rope in real life.<\/p>\n<p>Rope with different diameter width with the same names are same colour in real life, even if the pictures look different.<\/p>","protected":false},"excerpt":{"rendered":"<p>B\u00e6redygtigt dobbeltflettet 3 mm reb i 100% genanvendt materiale i farven Sky Blue 3 mm reb er tyndt og kan bruges til eksempelvis flettede n\u00e6seb\u00e5nd eller andre detaljer. &nbsp; Alt reb hos Requine Rope er lavet af 100% rPET, som stammer fra genanvendte, post-consumer plastikflasker. Plastikflaskerne er indsamlet i Europa, og rebet er ligeledes produceret [&hellip;]<\/p>\n","protected":false},"featured_media":7360,"template":"","meta":{"site-sidebar-layout":"default","site-content-layout":"default","ast-site-content-layout":"default","site-content-style":"default","site-sidebar-style":"default","ast-global-header-display":"","ast-banner-title-visibility":"","ast-main-header-display":"","ast-hfb-above-header-display":"","ast-hfb-below-header-display":"","ast-hfb-mobile-header-display":"","site-post-title":"","ast-breadcrumbs-content":"","ast-featured-img":"","footer-sml-layout":"","ast-disable-related-posts":"","theme-transparent-header-meta":"default","adv-header-id-meta":"","stick-header-meta":"","header-above-stick-meta":"","header-main-stick-meta":"","header-below-stick-meta":"","astra-migrate-meta-layouts":"default","ast-page-background-enabled":"default","ast-page-background-meta":{"desktop":{"background-color":"var(--ast-global-color-4)","background-image":"","background-repeat":"repeat","background-position":"center center","background-size":"auto","background-attachment":"scroll","background-type":"","background-media":"","overlay-type":"","overlay-color":"","overlay-opacity":"","overlay-gradient":""},"tablet":{"background-color":"","background-image":"","background-repeat":"repeat","background-position":"center center","background-size":"auto","background-attachment":"scroll","background-type":"","background-media":"","overlay-type":"","overlay-color":"","overlay-opacity":"","overlay-gradient":""},"mobile":{"background-color":"","background-image":"","background-repeat":"repeat","background-position":"center center","background-size":"auto","background-attachment":"scroll","background-type":"","background-media":"","overlay-type":"","overlay-color":"","overlay-opacity":"","overlay-gradient":""}},"ast-content-background-meta":{"desktop":{"background-color":"var(--ast-global-color-5)","background-image":"","background-repeat":"repeat","background-position":"center center","background-size":"auto","background-attachment":"scroll","background-type":"","background-media":"","overlay-type":"","overlay-color":"","overlay-opacity":"","overlay-gradient":""},"tablet":{"background-color":"var(--ast-global-color-5)","background-image":"","background-repeat":"repeat","background-position":"center center","background-size":"auto","background-attachment":"scroll","background-type":"","background-media":"","overlay-type":"","overlay-color":"","overlay-opacity":"","overlay-gradient":""},"mobile":{"background-color":"var(--ast-global-color-5)","background-image":"","background-repeat":"repeat","background-position":"center center","background-size":"auto","background-attachment":"scroll","background-type":"","background-media":"","overlay-type":"","overlay-color":"","overlay-opacity":"","overlay-gradient":""}}},"product_brand":[],"product_cat":[525,522,523],"product_tag":[],"class_list":{"0":"post-10573","1":"product","2":"type-product","3":"status-publish","4":"has-post-thumbnail","6":"product_cat-3-mm-reb","7":"product_cat-diy","8":"product_cat-reb","9":"desktop-align-left","10":"tablet-align-left","11":"mobile-align-left","13":"first","14":"instock","15":"taxable","16":"shipping-taxable","17":"purchasable","18":"product-type-simple"},"yoast_head":"<!-- This site is optimized with the Yoast SEO plugin v27.4 - https:\/\/yoast.com\/product\/yoast-seo-wordpress\/ -->\n<title>SKY BLUE 3mm rPET reb | Requine Rope<\/title>\n<meta name=\"robots\" content=\"index, follow, max-snippet:-1, max-image-preview:large, max-video-preview:-1\" \/>\n<link rel=\"canonical\" href=\"https:\/\/requinerope.dk\/en\/shop\/sky-blue-3mm-rpet-reb\/\" \/>\n<meta property=\"og:locale\" content=\"en_GB\" \/>\n<meta property=\"og:type\" content=\"article\" \/>\n<meta property=\"og:title\" content=\"SKY BLUE 3mm rPET reb | Requine Rope\" \/>\n<meta property=\"og:description\" content=\"B\u00e6redygtigt dobbeltflettet 3 mm reb i 100% genanvendt materiale i farven Sky Blue 3 mm reb er tyndt og kan bruges til eksempelvis flettede n\u00e6seb\u00e5nd eller andre detaljer. &nbsp; Alt reb hos Requine Rope er lavet af 100% rPET, som stammer fra genanvendte, post-consumer plastikflasker. Plastikflaskerne er indsamlet i Europa, og rebet er ligeledes produceret [&hellip;]\" \/>\n<meta property=\"og:url\" content=\"https:\/\/requinerope.dk\/en\/shop\/sky-blue-3mm-rpet-reb\/\" \/>\n<meta property=\"og:site_name\" content=\"Requine Rope\" \/>\n<meta property=\"article:publisher\" content=\"https:\/\/www.facebook.com\/requinerope\" \/>\n<meta property=\"article:modified_time\" content=\"2026-03-01T19:36:48+00:00\" \/>\n<meta property=\"og:image\" content=\"https:\/\/requinerope.dk\/wp-content\/uploads\/2022\/02\/skyblue3mm.jpg\" \/>\n\t<meta property=\"og:image:width\" content=\"1200\" \/>\n\t<meta property=\"og:image:height\" content=\"1200\" \/>\n\t<meta property=\"og:image:type\" content=\"image\/jpeg\" \/>\n<meta name=\"twitter:card\" content=\"summary_large_image\" \/>\n<meta name=\"twitter:label1\" content=\"Estimated reading time\" \/>\n\t<meta name=\"twitter:data1\" content=\"2 minutes\" \/>\n<script type=\"application\/ld+json\" class=\"yoast-schema-graph\">{\"@context\":\"https:\\\/\\\/schema.org\",\"@graph\":[{\"@type\":\"WebPage\",\"@id\":\"https:\\\/\\\/requinerope.dk\\\/shop\\\/sky-blue-3mm-rpet-reb\\\/\",\"url\":\"https:\\\/\\\/requinerope.dk\\\/shop\\\/sky-blue-3mm-rpet-reb\\\/\",\"name\":\"SKY BLUE 3mm rPET reb | Requine Rope\",\"isPartOf\":{\"@id\":\"https:\\\/\\\/requinerope.dk\\\/en\\\/#website\"},\"primaryImageOfPage\":{\"@id\":\"https:\\\/\\\/requinerope.dk\\\/shop\\\/sky-blue-3mm-rpet-reb\\\/#primaryimage\"},\"image\":{\"@id\":\"https:\\\/\\\/requinerope.dk\\\/shop\\\/sky-blue-3mm-rpet-reb\\\/#primaryimage\"},\"thumbnailUrl\":\"https:\\\/\\\/requinerope.dk\\\/wp-content\\\/uploads\\\/2022\\\/02\\\/skyblue3mm.jpg\",\"datePublished\":\"2023-02-01T18:38:42+00:00\",\"dateModified\":\"2026-03-01T19:36:48+00:00\",\"breadcrumb\":{\"@id\":\"https:\\\/\\\/requinerope.dk\\\/shop\\\/sky-blue-3mm-rpet-reb\\\/#breadcrumb\"},\"inLanguage\":\"en-GB\",\"potentialAction\":[{\"@type\":\"ReadAction\",\"target\":[\"https:\\\/\\\/requinerope.dk\\\/shop\\\/sky-blue-3mm-rpet-reb\\\/\"]}]},{\"@type\":\"ImageObject\",\"inLanguage\":\"en-GB\",\"@id\":\"https:\\\/\\\/requinerope.dk\\\/shop\\\/sky-blue-3mm-rpet-reb\\\/#primaryimage\",\"url\":\"https:\\\/\\\/requinerope.dk\\\/wp-content\\\/uploads\\\/2022\\\/02\\\/skyblue3mm.jpg\",\"contentUrl\":\"https:\\\/\\\/requinerope.dk\\\/wp-content\\\/uploads\\\/2022\\\/02\\\/skyblue3mm.jpg\",\"width\":1200,\"height\":1200,\"caption\":\"Sky Blue\"},{\"@type\":\"BreadcrumbList\",\"@id\":\"https:\\\/\\\/requinerope.dk\\\/shop\\\/sky-blue-3mm-rpet-reb\\\/#breadcrumb\",\"itemListElement\":[{\"@type\":\"ListItem\",\"position\":1,\"name\":\"Hjem\",\"item\":\"https:\\\/\\\/requinerope.dk\\\/\"},{\"@type\":\"ListItem\",\"position\":2,\"name\":\"Shop\",\"item\":\"https:\\\/\\\/requinerope.dk\\\/en\\\/shop-2\\\/\"},{\"@type\":\"ListItem\",\"position\":3,\"name\":\"SKY BLUE 3mm rPET reb\"}]},{\"@type\":\"WebSite\",\"@id\":\"https:\\\/\\\/requinerope.dk\\\/en\\\/#website\",\"url\":\"https:\\\/\\\/requinerope.dk\\\/en\\\/\",\"name\":\"Requine Rope\",\"description\":\"B\u00e6redygtigt rebudstyr til hest &amp; hund\",\"publisher\":{\"@id\":\"https:\\\/\\\/requinerope.dk\\\/en\\\/#organization\"},\"potentialAction\":[{\"@type\":\"SearchAction\",\"target\":{\"@type\":\"EntryPoint\",\"urlTemplate\":\"https:\\\/\\\/requinerope.dk\\\/en\\\/?s={search_term_string}\"},\"query-input\":{\"@type\":\"PropertyValueSpecification\",\"valueRequired\":true,\"valueName\":\"search_term_string\"}}],\"inLanguage\":\"en-GB\"},{\"@type\":\"Organization\",\"@id\":\"https:\\\/\\\/requinerope.dk\\\/en\\\/#organization\",\"name\":\"Requine Rope\",\"url\":\"https:\\\/\\\/requinerope.dk\\\/en\\\/\",\"logo\":{\"@type\":\"ImageObject\",\"inLanguage\":\"en-GB\",\"@id\":\"https:\\\/\\\/requinerope.dk\\\/en\\\/#\\\/schema\\\/logo\\\/image\\\/\",\"url\":\"https:\\\/\\\/requinerope.dk\\\/wp-content\\\/uploads\\\/2021\\\/09\\\/logo-m-baggrund-modified.png\",\"contentUrl\":\"https:\\\/\\\/requinerope.dk\\\/wp-content\\\/uploads\\\/2021\\\/09\\\/logo-m-baggrund-modified.png\",\"width\":993,\"height\":993,\"caption\":\"Requine Rope\"},\"image\":{\"@id\":\"https:\\\/\\\/requinerope.dk\\\/en\\\/#\\\/schema\\\/logo\\\/image\\\/\"},\"sameAs\":[\"https:\\\/\\\/www.facebook.com\\\/requinerope\",\"https:\\\/\\\/www.instagram.com\\\/requinerope\",\"https:\\\/\\\/www.pinterest.dk\\\/requinerope\"]}]}<\/script>\n<!-- \/ Yoast SEO plugin. -->","yoast_head_json":{"title":"SKY BLUE 3mm rPET reb | Requine Rope","robots":{"index":"index","follow":"follow","max-snippet":"max-snippet:-1","max-image-preview":"max-image-preview:large","max-video-preview":"max-video-preview:-1"},"canonical":"https:\/\/requinerope.dk\/en\/shop\/sky-blue-3mm-rpet-reb\/","og_locale":"en_GB","og_type":"article","og_title":"SKY BLUE 3mm rPET reb | Requine Rope","og_description":"B\u00e6redygtigt dobbeltflettet 3 mm reb i 100% genanvendt materiale i farven Sky Blue 3 mm reb er tyndt og kan bruges til eksempelvis flettede n\u00e6seb\u00e5nd eller andre detaljer. &nbsp; Alt reb hos Requine Rope er lavet af 100% rPET, som stammer fra genanvendte, post-consumer plastikflasker. Plastikflaskerne er indsamlet i Europa, og rebet er ligeledes produceret [&hellip;]","og_url":"https:\/\/requinerope.dk\/en\/shop\/sky-blue-3mm-rpet-reb\/","og_site_name":"Requine Rope","article_publisher":"https:\/\/www.facebook.com\/requinerope","article_modified_time":"2026-03-01T19:36:48+00:00","og_image":[{"width":1200,"height":1200,"url":"https:\/\/requinerope.dk\/wp-content\/uploads\/2022\/02\/skyblue3mm.jpg","type":"image\/jpeg"}],"twitter_card":"summary_large_image","twitter_misc":{"Estimated reading time":"2 minutes"},"schema":{"@context":"https:\/\/schema.org","@graph":[{"@type":"WebPage","@id":"https:\/\/requinerope.dk\/shop\/sky-blue-3mm-rpet-reb\/","url":"https:\/\/requinerope.dk\/shop\/sky-blue-3mm-rpet-reb\/","name":"SKY BLUE 3mm rPET reb | Requine Rope","isPartOf":{"@id":"https:\/\/requinerope.dk\/en\/#website"},"primaryImageOfPage":{"@id":"https:\/\/requinerope.dk\/shop\/sky-blue-3mm-rpet-reb\/#primaryimage"},"image":{"@id":"https:\/\/requinerope.dk\/shop\/sky-blue-3mm-rpet-reb\/#primaryimage"},"thumbnailUrl":"https:\/\/requinerope.dk\/wp-content\/uploads\/2022\/02\/skyblue3mm.jpg","datePublished":"2023-02-01T18:38:42+00:00","dateModified":"2026-03-01T19:36:48+00:00","breadcrumb":{"@id":"https:\/\/requinerope.dk\/shop\/sky-blue-3mm-rpet-reb\/#breadcrumb"},"inLanguage":"en-GB","potentialAction":[{"@type":"ReadAction","target":["https:\/\/requinerope.dk\/shop\/sky-blue-3mm-rpet-reb\/"]}]},{"@type":"ImageObject","inLanguage":"en-GB","@id":"https:\/\/requinerope.dk\/shop\/sky-blue-3mm-rpet-reb\/#primaryimage","url":"https:\/\/requinerope.dk\/wp-content\/uploads\/2022\/02\/skyblue3mm.jpg","contentUrl":"https:\/\/requinerope.dk\/wp-content\/uploads\/2022\/02\/skyblue3mm.jpg","width":1200,"height":1200,"caption":"Sky Blue"},{"@type":"BreadcrumbList","@id":"https:\/\/requinerope.dk\/shop\/sky-blue-3mm-rpet-reb\/#breadcrumb","itemListElement":[{"@type":"ListItem","position":1,"name":"Hjem","item":"https:\/\/requinerope.dk\/"},{"@type":"ListItem","position":2,"name":"Shop","item":"https:\/\/requinerope.dk\/en\/shop-2\/"},{"@type":"ListItem","position":3,"name":"SKY BLUE 3mm rPET reb"}]},{"@type":"WebSite","@id":"https:\/\/requinerope.dk\/en\/#website","url":"https:\/\/requinerope.dk\/en\/","name":"Requine Rope","description":"Sustainable rope equipment for horse &amp; dog","publisher":{"@id":"https:\/\/requinerope.dk\/en\/#organization"},"potentialAction":[{"@type":"SearchAction","target":{"@type":"EntryPoint","urlTemplate":"https:\/\/requinerope.dk\/en\/?s={search_term_string}"},"query-input":{"@type":"PropertyValueSpecification","valueRequired":true,"valueName":"search_term_string"}}],"inLanguage":"en-GB"},{"@type":"Organization","@id":"https:\/\/requinerope.dk\/en\/#organization","name":"Requine Rope","url":"https:\/\/requinerope.dk\/en\/","logo":{"@type":"ImageObject","inLanguage":"en-GB","@id":"https:\/\/requinerope.dk\/en\/#\/schema\/logo\/image\/","url":"https:\/\/requinerope.dk\/wp-content\/uploads\/2021\/09\/logo-m-baggrund-modified.png","contentUrl":"https:\/\/requinerope.dk\/wp-content\/uploads\/2021\/09\/logo-m-baggrund-modified.png","width":993,"height":993,"caption":"Requine Rope"},"image":{"@id":"https:\/\/requinerope.dk\/en\/#\/schema\/logo\/image\/"},"sameAs":["https:\/\/www.facebook.com\/requinerope","https:\/\/www.instagram.com\/requinerope","https:\/\/www.pinterest.dk\/requinerope"]}]}},"jetpack_sharing_enabled":true,"_links":{"self":[{"href":"https:\/\/requinerope.dk\/en\/wp-json\/wp\/v2\/product\/10573","targetHints":{"allow":["GET"]}}],"collection":[{"href":"https:\/\/requinerope.dk\/en\/wp-json\/wp\/v2\/product"}],"about":[{"href":"https:\/\/requinerope.dk\/en\/wp-json\/wp\/v2\/types\/product"}],"wp:featuredmedia":[{"embeddable":true,"href":"https:\/\/requinerope.dk\/en\/wp-json\/wp\/v2\/media\/7360"}],"wp:attachment":[{"href":"https:\/\/requinerope.dk\/en\/wp-json\/wp\/v2\/media?parent=10573"}],"wp:term":[{"taxonomy":"product_brand","embeddable":true,"href":"https:\/\/requinerope.dk\/en\/wp-json\/wp\/v2\/product_brand?post=10573"},{"taxonomy":"product_cat","embeddable":true,"href":"https:\/\/requinerope.dk\/en\/wp-json\/wp\/v2\/product_cat?post=10573"},{"taxonomy":"product_tag","embeddable":true,"href":"https:\/\/requinerope.dk\/en\/wp-json\/wp\/v2\/product_tag?post=10573"}],"curies":[{"name":"wp","href":"https:\/\/api.w.org\/{rel}","templated":true}]}}