{"id":105,"date":"2021-09-14T18:41:36","date_gmt":"2021-09-14T18:41:36","guid":{"rendered":"http:\/\/requinerope.dk\/?post_type=product&#038;p=105"},"modified":"2026-03-02T09:01:38","modified_gmt":"2026-03-02T09:01:38","slug":"luxe-toejler","status":"publish","type":"product","link":"https:\/\/requinerope.dk\/en\/shop\/luxe-toejler\/","title":{"rendered":"Luxe Reins"},"content":{"rendered":"<p><em>Sustainable Luxe reins<\/em><\/p>\n<p>Do you want a unique pair of reins with even more beautiful details? Then you can design your own reins right <a href=\"https:\/\/requinerope.dk\/en\/shop\/design-selv-toejler\/\">here<\/a>!<\/p>\n<p>The Luxe rein is similar to the classic leather- or rubber rein in dimensions, but is made from rope.<br \/>\nThis rein is 11 mm wide and 3 mm tall \u2014 and fits perfectly in the hand. The rope is very soft due to the close weave, and that makes them very comfortable to hold! Perfect for those who want rope reins that are as close as possible to \"normal\" reins.<\/p>\n<p>The reins are spliced onto 76 mm steinless steel carabiners, and reinforced with thread. That ensure both the quality, the looks, and the safety!<\/p>\n<p>&nbsp;<\/p>\n<p>Reins from Requine Rope are made from high quality rope which \u2014 of course \u2014 is 100% recycled.<\/p>\n<p>&nbsp;<\/p>\n<p>Standard sizes range from x-mini to xx-full:<\/p>\n<p>X-mini = 1,8 meters<br \/>\nMini = 2 meters<br \/>\nShet = 2,2 meters<br \/>\nPony = 2,4 meters<br \/>\nCob = 2,6 meters<br \/>\nFull = 2,8 meters<br \/>\nX-full = 3 meters<br \/>\nXx-full = 3,2 meters<\/p>\n<p>Length is measured from end to end including carabiners.<\/p>\n<p>&nbsp;<\/p>\n<p>Luxe t\u00f8jlerne kan f\u00e5s i farverne: Black, Dark Maroon og Sky Blue. Da dette reb er helt specielt, er det desv\u00e6rre ikke muligt at skaffe nye farver pt.<\/p>\n<p><!--more--><\/p>\n<p>&nbsp;<\/p>\n<p>All colours with the same names have the same colour in real life. Colours on the pictures can vary depending on the screen, so it's not guaranteed that the colour you see on your screen is the exact same as in real life.<\/p>\n<p>See the colours for the reins at <a href=\"https:\/\/requinerope.dk\/en\/om\/farver\/\">colours<\/a>.<\/p>\n<p>If you want special made size or design, write <a href=\"\/en\/info@requinerope.dk\/\">info@requinerope.dk<\/a> or on social media.<\/p>","protected":false},"excerpt":{"rendered":"<p>B\u00e6redygtige Luxe t\u00f8jler Vil du have et unikke par t\u00f8jler med flere smukke detaljer? S\u00e5 kan du designe dine egen t\u00f8jler lige her! Luxet\u00f8jlen minder om den klassiske l\u00e6der- eller gummit\u00f8jle i dimensionerne, men er bare lavet af reb. Denne t\u00f8jle er 11 mm bred og 3 mm h\u00f8j &#8211; og ligger alts\u00e5 perfekt i [&hellip;]<\/p>\n","protected":false},"featured_media":10510,"template":"","meta":{"site-sidebar-layout":"default","site-content-layout":"default","ast-site-content-layout":"default","site-content-style":"default","site-sidebar-style":"default","ast-global-header-display":"","ast-banner-title-visibility":"","ast-main-header-display":"","ast-hfb-above-header-display":"","ast-hfb-below-header-display":"","ast-hfb-mobile-header-display":"","site-post-title":"","ast-breadcrumbs-content":"","ast-featured-img":"","footer-sml-layout":"","ast-disable-related-posts":"","theme-transparent-header-meta":"default","adv-header-id-meta":"","stick-header-meta":"","header-above-stick-meta":"","header-main-stick-meta":"","header-below-stick-meta":"","astra-migrate-meta-layouts":"set","ast-page-background-enabled":"default","ast-page-background-meta":{"desktop":{"background-color":"var(--ast-global-color-4)","background-image":"","background-repeat":"repeat","background-position":"center center","background-size":"auto","background-attachment":"scroll","background-type":"","background-media":"","overlay-type":"","overlay-color":"","overlay-opacity":"","overlay-gradient":""},"tablet":{"background-color":"","background-image":"","background-repeat":"repeat","background-position":"center center","background-size":"auto","background-attachment":"scroll","background-type":"","background-media":"","overlay-type":"","overlay-color":"","overlay-opacity":"","overlay-gradient":""},"mobile":{"background-color":"","background-image":"","background-repeat":"repeat","background-position":"center center","background-size":"auto","background-attachment":"scroll","background-type":"","background-media":"","overlay-type":"","overlay-color":"","overlay-opacity":"","overlay-gradient":""}},"ast-content-background-meta":{"desktop":{"background-color":"var(--ast-global-color-5)","background-image":"","background-repeat":"repeat","background-position":"center center","background-size":"auto","background-attachment":"scroll","background-type":"","background-media":"","overlay-type":"","overlay-color":"","overlay-opacity":"","overlay-gradient":""},"tablet":{"background-color":"var(--ast-global-color-5)","background-image":"","background-repeat":"repeat","background-position":"center center","background-size":"auto","background-attachment":"scroll","background-type":"","background-media":"","overlay-type":"","overlay-color":"","overlay-opacity":"","overlay-gradient":""},"mobile":{"background-color":"var(--ast-global-color-5)","background-image":"","background-repeat":"repeat","background-position":"center center","background-size":"auto","background-attachment":"scroll","background-type":"","background-media":"","overlay-type":"","overlay-color":"","overlay-opacity":"","overlay-gradient":""}}},"product_brand":[],"product_cat":[136],"product_tag":[],"class_list":{"0":"post-105","1":"product","2":"type-product","3":"status-publish","4":"has-post-thumbnail","6":"product_cat-toejler","7":"pa_farve-black","8":"pa_farve-dark-maroon","9":"pa_farve-sky-blue","10":"pa_farve-paa-maerket-hvid","11":"pa_farve-paa-maerket-ingen-praeference","12":"pa_farve-paa-maerket-sort","13":"pa_stoerrelse-cob","14":"pa_stoerrelse-full","15":"pa_stoerrelse-mini","16":"pa_stoerrelse-pony","17":"pa_stoerrelse-shet","18":"pa_stoerrelse-x-full","19":"pa_stoerrelse-x-mini","20":"pa_stoerrelse-xx-full","21":"desktop-align-left","22":"tablet-align-left","23":"mobile-align-left","25":"first","26":"outofstock","27":"taxable","28":"shipping-taxable","29":"purchasable","30":"product-type-variable"},"yoast_head":"<!-- This site is optimized with the Yoast SEO plugin v27.4 - https:\/\/yoast.com\/product\/yoast-seo-wordpress\/ -->\n<title>B\u00e6redygtige Luxe T\u00f8jler | Requine Rope<\/title>\n<meta name=\"description\" content=\"B\u00e6redygtige Luxe t\u00f8jler af 100% genanvendt reb. Luxet\u00f8jlen minder om den klassiske l\u00e6der- eller gummit\u00f8jle i dimensionerne, men er bare lavet af reb.\" \/>\n<meta name=\"robots\" content=\"index, follow, max-snippet:-1, max-image-preview:large, max-video-preview:-1\" \/>\n<link rel=\"canonical\" href=\"https:\/\/requinerope.dk\/en\/shop\/luxe-toejler\/\" \/>\n<meta property=\"og:locale\" content=\"en_GB\" \/>\n<meta property=\"og:type\" content=\"article\" \/>\n<meta property=\"og:title\" content=\"B\u00e6redygtige Luxe T\u00f8jler | Requine Rope\" \/>\n<meta property=\"og:description\" content=\"B\u00e6redygtige Luxe t\u00f8jler af 100% genanvendt reb. Luxet\u00f8jlen minder om den klassiske l\u00e6der- eller gummit\u00f8jle i dimensionerne, men er bare lavet af reb.\" \/>\n<meta property=\"og:url\" content=\"https:\/\/requinerope.dk\/en\/shop\/luxe-toejler\/\" \/>\n<meta property=\"og:site_name\" content=\"Requine Rope\" \/>\n<meta property=\"article:publisher\" content=\"https:\/\/www.facebook.com\/requinerope\" \/>\n<meta property=\"article:modified_time\" content=\"2026-03-02T09:01:38+00:00\" \/>\n<meta property=\"og:image\" content=\"https:\/\/requinerope.dk\/wp-content\/uploads\/2022\/07\/FullSizeRender-37.jpg\" \/>\n\t<meta property=\"og:image:width\" content=\"1\" \/>\n\t<meta property=\"og:image:height\" content=\"1\" \/>\n\t<meta property=\"og:image:type\" content=\"image\/jpeg\" \/>\n<meta name=\"twitter:card\" content=\"summary_large_image\" \/>\n<meta name=\"twitter:label1\" content=\"Estimated reading time\" \/>\n\t<meta name=\"twitter:data1\" content=\"2 minutes\" \/>\n<script type=\"application\/ld+json\" class=\"yoast-schema-graph\">{\"@context\":\"https:\\\/\\\/schema.org\",\"@graph\":[{\"@type\":\"WebPage\",\"@id\":\"https:\\\/\\\/requinerope.dk\\\/shop\\\/luxe-toejler\\\/\",\"url\":\"https:\\\/\\\/requinerope.dk\\\/shop\\\/luxe-toejler\\\/\",\"name\":\"B\u00e6redygtige Luxe T\u00f8jler | Requine Rope\",\"isPartOf\":{\"@id\":\"https:\\\/\\\/requinerope.dk\\\/en\\\/#website\"},\"primaryImageOfPage\":{\"@id\":\"https:\\\/\\\/requinerope.dk\\\/shop\\\/luxe-toejler\\\/#primaryimage\"},\"image\":{\"@id\":\"https:\\\/\\\/requinerope.dk\\\/shop\\\/luxe-toejler\\\/#primaryimage\"},\"thumbnailUrl\":\"https:\\\/\\\/requinerope.dk\\\/wp-content\\\/uploads\\\/2022\\\/07\\\/FullSizeRender-37.jpg\",\"datePublished\":\"2021-09-14T18:41:36+00:00\",\"dateModified\":\"2026-03-02T09:01:38+00:00\",\"description\":\"B\u00e6redygtige Luxe t\u00f8jler af 100% genanvendt reb. Luxet\u00f8jlen minder om den klassiske l\u00e6der- eller gummit\u00f8jle i dimensionerne, men er bare lavet af reb.\",\"breadcrumb\":{\"@id\":\"https:\\\/\\\/requinerope.dk\\\/shop\\\/luxe-toejler\\\/#breadcrumb\"},\"inLanguage\":\"en-GB\",\"potentialAction\":[{\"@type\":\"ReadAction\",\"target\":[\"https:\\\/\\\/requinerope.dk\\\/shop\\\/luxe-toejler\\\/\"]}]},{\"@type\":\"ImageObject\",\"inLanguage\":\"en-GB\",\"@id\":\"https:\\\/\\\/requinerope.dk\\\/shop\\\/luxe-toejler\\\/#primaryimage\",\"url\":\"https:\\\/\\\/requinerope.dk\\\/wp-content\\\/uploads\\\/2022\\\/07\\\/FullSizeRender-37.jpg\",\"contentUrl\":\"https:\\\/\\\/requinerope.dk\\\/wp-content\\\/uploads\\\/2022\\\/07\\\/FullSizeRender-37.jpg\"},{\"@type\":\"BreadcrumbList\",\"@id\":\"https:\\\/\\\/requinerope.dk\\\/shop\\\/luxe-toejler\\\/#breadcrumb\",\"itemListElement\":[{\"@type\":\"ListItem\",\"position\":1,\"name\":\"Hjem\",\"item\":\"https:\\\/\\\/requinerope.dk\\\/\"},{\"@type\":\"ListItem\",\"position\":2,\"name\":\"Shop\",\"item\":\"https:\\\/\\\/requinerope.dk\\\/en\\\/shop-2\\\/\"},{\"@type\":\"ListItem\",\"position\":3,\"name\":\"Luxe T\u00f8jler\"}]},{\"@type\":\"WebSite\",\"@id\":\"https:\\\/\\\/requinerope.dk\\\/en\\\/#website\",\"url\":\"https:\\\/\\\/requinerope.dk\\\/en\\\/\",\"name\":\"Requine Rope\",\"description\":\"B\u00e6redygtigt rebudstyr til hest &amp; hund\",\"publisher\":{\"@id\":\"https:\\\/\\\/requinerope.dk\\\/en\\\/#organization\"},\"potentialAction\":[{\"@type\":\"SearchAction\",\"target\":{\"@type\":\"EntryPoint\",\"urlTemplate\":\"https:\\\/\\\/requinerope.dk\\\/en\\\/?s={search_term_string}\"},\"query-input\":{\"@type\":\"PropertyValueSpecification\",\"valueRequired\":true,\"valueName\":\"search_term_string\"}}],\"inLanguage\":\"en-GB\"},{\"@type\":\"Organization\",\"@id\":\"https:\\\/\\\/requinerope.dk\\\/en\\\/#organization\",\"name\":\"Requine Rope\",\"url\":\"https:\\\/\\\/requinerope.dk\\\/en\\\/\",\"logo\":{\"@type\":\"ImageObject\",\"inLanguage\":\"en-GB\",\"@id\":\"https:\\\/\\\/requinerope.dk\\\/en\\\/#\\\/schema\\\/logo\\\/image\\\/\",\"url\":\"https:\\\/\\\/requinerope.dk\\\/wp-content\\\/uploads\\\/2021\\\/09\\\/logo-m-baggrund-modified.png\",\"contentUrl\":\"https:\\\/\\\/requinerope.dk\\\/wp-content\\\/uploads\\\/2021\\\/09\\\/logo-m-baggrund-modified.png\",\"width\":993,\"height\":993,\"caption\":\"Requine Rope\"},\"image\":{\"@id\":\"https:\\\/\\\/requinerope.dk\\\/en\\\/#\\\/schema\\\/logo\\\/image\\\/\"},\"sameAs\":[\"https:\\\/\\\/www.facebook.com\\\/requinerope\",\"https:\\\/\\\/www.instagram.com\\\/requinerope\",\"https:\\\/\\\/www.pinterest.dk\\\/requinerope\"]}]}<\/script>\n<!-- \/ Yoast SEO plugin. -->","yoast_head_json":{"title":"B\u00e6redygtige Luxe T\u00f8jler | Requine Rope","description":"B\u00e6redygtige Luxe t\u00f8jler af 100% genanvendt reb. Luxet\u00f8jlen minder om den klassiske l\u00e6der- eller gummit\u00f8jle i dimensionerne, men er bare lavet af reb.","robots":{"index":"index","follow":"follow","max-snippet":"max-snippet:-1","max-image-preview":"max-image-preview:large","max-video-preview":"max-video-preview:-1"},"canonical":"https:\/\/requinerope.dk\/en\/shop\/luxe-toejler\/","og_locale":"en_GB","og_type":"article","og_title":"B\u00e6redygtige Luxe T\u00f8jler | Requine Rope","og_description":"B\u00e6redygtige Luxe t\u00f8jler af 100% genanvendt reb. Luxet\u00f8jlen minder om den klassiske l\u00e6der- eller gummit\u00f8jle i dimensionerne, men er bare lavet af reb.","og_url":"https:\/\/requinerope.dk\/en\/shop\/luxe-toejler\/","og_site_name":"Requine Rope","article_publisher":"https:\/\/www.facebook.com\/requinerope","article_modified_time":"2026-03-02T09:01:38+00:00","og_image":[{"url":"https:\/\/requinerope.dk\/wp-content\/uploads\/2022\/07\/FullSizeRender-37.jpg","width":1,"height":1,"type":"image\/jpeg"}],"twitter_card":"summary_large_image","twitter_misc":{"Estimated reading time":"2 minutes"},"schema":{"@context":"https:\/\/schema.org","@graph":[{"@type":"WebPage","@id":"https:\/\/requinerope.dk\/shop\/luxe-toejler\/","url":"https:\/\/requinerope.dk\/shop\/luxe-toejler\/","name":"B\u00e6redygtige Luxe T\u00f8jler | Requine Rope","isPartOf":{"@id":"https:\/\/requinerope.dk\/en\/#website"},"primaryImageOfPage":{"@id":"https:\/\/requinerope.dk\/shop\/luxe-toejler\/#primaryimage"},"image":{"@id":"https:\/\/requinerope.dk\/shop\/luxe-toejler\/#primaryimage"},"thumbnailUrl":"https:\/\/requinerope.dk\/wp-content\/uploads\/2022\/07\/FullSizeRender-37.jpg","datePublished":"2021-09-14T18:41:36+00:00","dateModified":"2026-03-02T09:01:38+00:00","description":"B\u00e6redygtige Luxe t\u00f8jler af 100% genanvendt reb. Luxet\u00f8jlen minder om den klassiske l\u00e6der- eller gummit\u00f8jle i dimensionerne, men er bare lavet af reb.","breadcrumb":{"@id":"https:\/\/requinerope.dk\/shop\/luxe-toejler\/#breadcrumb"},"inLanguage":"en-GB","potentialAction":[{"@type":"ReadAction","target":["https:\/\/requinerope.dk\/shop\/luxe-toejler\/"]}]},{"@type":"ImageObject","inLanguage":"en-GB","@id":"https:\/\/requinerope.dk\/shop\/luxe-toejler\/#primaryimage","url":"https:\/\/requinerope.dk\/wp-content\/uploads\/2022\/07\/FullSizeRender-37.jpg","contentUrl":"https:\/\/requinerope.dk\/wp-content\/uploads\/2022\/07\/FullSizeRender-37.jpg"},{"@type":"BreadcrumbList","@id":"https:\/\/requinerope.dk\/shop\/luxe-toejler\/#breadcrumb","itemListElement":[{"@type":"ListItem","position":1,"name":"Hjem","item":"https:\/\/requinerope.dk\/"},{"@type":"ListItem","position":2,"name":"Shop","item":"https:\/\/requinerope.dk\/en\/shop-2\/"},{"@type":"ListItem","position":3,"name":"Luxe T\u00f8jler"}]},{"@type":"WebSite","@id":"https:\/\/requinerope.dk\/en\/#website","url":"https:\/\/requinerope.dk\/en\/","name":"Requine Rope","description":"Sustainable rope equipment for horse &amp; dog","publisher":{"@id":"https:\/\/requinerope.dk\/en\/#organization"},"potentialAction":[{"@type":"SearchAction","target":{"@type":"EntryPoint","urlTemplate":"https:\/\/requinerope.dk\/en\/?s={search_term_string}"},"query-input":{"@type":"PropertyValueSpecification","valueRequired":true,"valueName":"search_term_string"}}],"inLanguage":"en-GB"},{"@type":"Organization","@id":"https:\/\/requinerope.dk\/en\/#organization","name":"Requine Rope","url":"https:\/\/requinerope.dk\/en\/","logo":{"@type":"ImageObject","inLanguage":"en-GB","@id":"https:\/\/requinerope.dk\/en\/#\/schema\/logo\/image\/","url":"https:\/\/requinerope.dk\/wp-content\/uploads\/2021\/09\/logo-m-baggrund-modified.png","contentUrl":"https:\/\/requinerope.dk\/wp-content\/uploads\/2021\/09\/logo-m-baggrund-modified.png","width":993,"height":993,"caption":"Requine Rope"},"image":{"@id":"https:\/\/requinerope.dk\/en\/#\/schema\/logo\/image\/"},"sameAs":["https:\/\/www.facebook.com\/requinerope","https:\/\/www.instagram.com\/requinerope","https:\/\/www.pinterest.dk\/requinerope"]}]}},"jetpack_sharing_enabled":true,"_links":{"self":[{"href":"https:\/\/requinerope.dk\/en\/wp-json\/wp\/v2\/product\/105","targetHints":{"allow":["GET"]}}],"collection":[{"href":"https:\/\/requinerope.dk\/en\/wp-json\/wp\/v2\/product"}],"about":[{"href":"https:\/\/requinerope.dk\/en\/wp-json\/wp\/v2\/types\/product"}],"wp:featuredmedia":[{"embeddable":true,"href":"https:\/\/requinerope.dk\/en\/wp-json\/wp\/v2\/media\/10510"}],"wp:attachment":[{"href":"https:\/\/requinerope.dk\/en\/wp-json\/wp\/v2\/media?parent=105"}],"wp:term":[{"taxonomy":"product_brand","embeddable":true,"href":"https:\/\/requinerope.dk\/en\/wp-json\/wp\/v2\/product_brand?post=105"},{"taxonomy":"product_cat","embeddable":true,"href":"https:\/\/requinerope.dk\/en\/wp-json\/wp\/v2\/product_cat?post=105"},{"taxonomy":"product_tag","embeddable":true,"href":"https:\/\/requinerope.dk\/en\/wp-json\/wp\/v2\/product_tag?post=105"}],"curies":[{"name":"wp","href":"https:\/\/api.w.org\/{rel}","templated":true}]}}