{"id":6638,"date":"2021-12-25T13:28:55","date_gmt":"2021-12-25T13:28:55","guid":{"rendered":"https:\/\/requinerope.dk\/?page_id=6638"},"modified":"2025-05-03T19:41:48","modified_gmt":"2025-05-03T19:41:48","slug":"baeredygtighed","status":"publish","type":"page","link":"https:\/\/requinerope.dk\/en\/om\/baeredygtighed\/","title":{"rendered":"Sustainability"},"content":{"rendered":"<div data-elementor-type=\"wp-page\" data-elementor-id=\"6638\" class=\"elementor elementor-6638\" data-elementor-settings=\"{&quot;ha_cmc_init_switcher&quot;:&quot;no&quot;}\">\n\t\t\t\t\t\t<section class=\"elementor-section elementor-top-section elementor-element elementor-element-5767c7f elementor-section-boxed elementor-section-height-default elementor-section-height-default\" data-id=\"5767c7f\" data-element_type=\"section\" data-e-type=\"section\" data-settings=\"{&quot;background_background&quot;:&quot;classic&quot;,&quot;_ha_eqh_enable&quot;:false}\">\n\t\t\t\t\t\t<div class=\"elementor-container elementor-column-gap-no\">\n\t\t\t\t\t<div class=\"elementor-column elementor-col-100 elementor-top-column elementor-element elementor-element-4f423bd\" data-id=\"4f423bd\" data-element_type=\"column\" data-e-type=\"column\">\n\t\t\t<div class=\"elementor-widget-wrap elementor-element-populated\">\n\t\t\t\t\t\t<section class=\"elementor-section elementor-inner-section elementor-element elementor-element-f717ac3 elementor-section-boxed elementor-section-height-default elementor-section-height-default\" data-id=\"f717ac3\" data-element_type=\"section\" data-e-type=\"section\" data-settings=\"{&quot;_ha_eqh_enable&quot;:false}\">\n\t\t\t\t\t\t<div class=\"elementor-container elementor-column-gap-no\">\n\t\t\t\t\t<div class=\"elementor-column elementor-col-33 elementor-inner-column elementor-element elementor-element-b9c0683\" data-id=\"b9c0683\" data-element_type=\"column\" data-e-type=\"column\">\n\t\t\t<div class=\"elementor-widget-wrap elementor-element-populated\">\n\t\t\t\t\t\t<div class=\"elementor-element elementor-element-1f25fa0 elementor-widget elementor-widget-heading\" data-id=\"1f25fa0\" data-element_type=\"widget\" data-e-type=\"widget\" data-widget_type=\"heading.default\">\n\t\t\t\t<div class=\"elementor-widget-container\">\n\t\t\t\t\t<h1 class=\"elementor-heading-title elementor-size-default\">Sustainability<\/h1>\t\t\t\t<\/div>\n\t\t\t\t<\/div>\n\t\t\t\t\t<\/div>\n\t\t<\/div>\n\t\t\t\t<div class=\"elementor-column elementor-col-66 elementor-inner-column elementor-element elementor-element-0813d5e\" data-id=\"0813d5e\" data-element_type=\"column\" data-e-type=\"column\">\n\t\t\t<div class=\"elementor-widget-wrap elementor-element-populated\">\n\t\t\t\t\t\t<div class=\"elementor-element elementor-element-ece8969 elementor-widget-divider--view-line elementor-widget elementor-widget-divider\" data-id=\"ece8969\" data-element_type=\"widget\" data-e-type=\"widget\" data-widget_type=\"divider.default\">\n\t\t\t\t<div class=\"elementor-widget-container\">\n\t\t\t\t\t\t\t<div class=\"elementor-divider\">\n\t\t\t<span class=\"elementor-divider-separator\">\n\t\t\t\t\t\t<\/span>\n\t\t<\/div>\n\t\t\t\t\t\t<\/div>\n\t\t\t\t<\/div>\n\t\t\t\t<div class=\"elementor-element elementor-element-d21e089 elementor-widget elementor-widget-heading\" data-id=\"d21e089\" data-element_type=\"widget\" data-e-type=\"widget\" data-widget_type=\"heading.default\">\n\t\t\t\t<div class=\"elementor-widget-container\">\n\t\t\t\t\t<h3 class=\"elementor-heading-title elementor-size-default\">Our passion is sustainability<\/h3>\t\t\t\t<\/div>\n\t\t\t\t<\/div>\n\t\t\t\t<div class=\"elementor-element elementor-element-2f667e8 elementor-widget elementor-widget-text-editor\" data-id=\"2f667e8\" data-element_type=\"widget\" data-e-type=\"widget\" data-widget_type=\"text-editor.default\">\n\t\t\t\t<div class=\"elementor-widget-container\">\n\t\t\t\t\t\t\t\t\t<p>Sustainability is the foundation of Requine Rope, and we care about making every part as eco-friendly as possible.<\/p>\t\t\t\t\t\t\t\t<\/div>\n\t\t\t\t<\/div>\n\t\t\t\t\t<\/div>\n\t\t<\/div>\n\t\t\t\t\t<\/div>\n\t\t<\/section>\n\t\t\t\t<section class=\"elementor-section elementor-inner-section elementor-element elementor-element-2913d50 elementor-section-boxed elementor-section-height-default elementor-section-height-default\" data-id=\"2913d50\" data-element_type=\"section\" data-e-type=\"section\" data-settings=\"{&quot;_ha_eqh_enable&quot;:false}\">\n\t\t\t\t\t\t<div class=\"elementor-container elementor-column-gap-no\">\n\t\t\t\t\t<div class=\"elementor-column elementor-col-33 elementor-inner-column elementor-element elementor-element-35775da\" data-id=\"35775da\" data-element_type=\"column\" data-e-type=\"column\">\n\t\t\t<div class=\"elementor-widget-wrap elementor-element-populated\">\n\t\t\t\t\t\t<div class=\"elementor-element elementor-element-8dd22da elementor-widget elementor-widget-heading\" data-id=\"8dd22da\" data-element_type=\"widget\" data-e-type=\"widget\" data-widget_type=\"heading.default\">\n\t\t\t\t<div class=\"elementor-widget-container\">\n\t\t\t\t\t<h6 class=\"elementor-heading-title elementor-size-default\">Rope<\/h6>\t\t\t\t<\/div>\n\t\t\t\t<\/div>\n\t\t\t\t\t<\/div>\n\t\t<\/div>\n\t\t\t\t<div class=\"elementor-column elementor-col-66 elementor-inner-column elementor-element elementor-element-453c607\" data-id=\"453c607\" data-element_type=\"column\" data-e-type=\"column\">\n\t\t\t<div class=\"elementor-widget-wrap elementor-element-populated\">\n\t\t\t\t\t\t<div class=\"elementor-element elementor-element-42424a5 elementor-widget elementor-widget-text-editor\" data-id=\"42424a5\" data-element_type=\"widget\" data-e-type=\"widget\" data-widget_type=\"text-editor.default\">\n\t\t\t\t<div class=\"elementor-widget-container\">\n\t\t\t\t\t\t\t\t\t<p>Rope tack is typically made from rope that is made from PP, PET etc., which are different types of plastic. That means new plastic is produced when they are made - and we can probably agree that we have enough plastic already...<\/p><p>All rope at Requine Rope is made from 100% rPET, I.E. recycled plastic. The plastic comes from recycled plastic bottles coming from Europe, where the rope is also produced. All of this ensures that no new plastic is brought into the world when we make tack, but also that the carbon emissions are reduced. It requires much less energy to produce rope from plastic that already exists, that to produce it from scratch.<\/p><p>The sewing thread used to reinforce e.g. splices are also made from 100% recycled plastic. It has finally been possible for to get recycled labels as well. That means all products, except from those containing metal parts, are now 100% recycled! Probably no other rope tack on the market can say that ;)<\/p>\t\t\t\t\t\t\t\t<\/div>\n\t\t\t\t<\/div>\n\t\t\t\t\t<\/div>\n\t\t<\/div>\n\t\t\t\t\t<\/div>\n\t\t<\/section>\n\t\t\t\t<section class=\"elementor-section elementor-inner-section elementor-element elementor-element-0d5e5d1 elementor-section-boxed elementor-section-height-default elementor-section-height-default\" data-id=\"0d5e5d1\" data-element_type=\"section\" data-e-type=\"section\" data-settings=\"{&quot;_ha_eqh_enable&quot;:false}\">\n\t\t\t\t\t\t<div class=\"elementor-container elementor-column-gap-no\">\n\t\t\t\t\t<div class=\"elementor-column elementor-col-33 elementor-inner-column elementor-element elementor-element-715775c\" data-id=\"715775c\" data-element_type=\"column\" data-e-type=\"column\">\n\t\t\t<div class=\"elementor-widget-wrap elementor-element-populated\">\n\t\t\t\t\t\t<div class=\"elementor-element elementor-element-6bc8c52 elementor-widget elementor-widget-heading\" data-id=\"6bc8c52\" data-element_type=\"widget\" data-e-type=\"widget\" data-widget_type=\"heading.default\">\n\t\t\t\t<div class=\"elementor-widget-container\">\n\t\t\t\t\t<h6 class=\"elementor-heading-title elementor-size-default\">Hardware<\/h6>\t\t\t\t<\/div>\n\t\t\t\t<\/div>\n\t\t\t\t\t<\/div>\n\t\t<\/div>\n\t\t\t\t<div class=\"elementor-column elementor-col-66 elementor-inner-column elementor-element elementor-element-112410f\" data-id=\"112410f\" data-element_type=\"column\" data-e-type=\"column\">\n\t\t\t<div class=\"elementor-widget-wrap elementor-element-populated\">\n\t\t\t\t\t\t<div class=\"elementor-element elementor-element-159ff51 elementor-widget elementor-widget-text-editor\" data-id=\"159ff51\" data-element_type=\"widget\" data-e-type=\"widget\" data-widget_type=\"text-editor.default\">\n\t\t\t\t<div class=\"elementor-widget-container\">\n\t\t\t\t\t\t\t\t\t<p>All hardware from Requine Rope is made from stainless steel, or colour coated steel. That has several benefits!<\/p><p>First and foremost, steel is a metal that is very easy to recycle, and the process is relatively low-energy consuming.<\/p><p>In addition to that, stainless steel is a very strong metal that doesn't snap easily. So you don't need to worry about breaking snaps when you're in the middle of a hack or walking your dog.<\/p><p>Last but not least, stainless steel is allergy friendly to both you, your horse and dog, opposite other cheap metals that are often used for rope tack. Oh yeah \u2014 it also doesn't rust or patinate, but keeps its shiny surface years after years!<\/p>\t\t\t\t\t\t\t\t<\/div>\n\t\t\t\t<\/div>\n\t\t\t\t\t<\/div>\n\t\t<\/div>\n\t\t\t\t\t<\/div>\n\t\t<\/section>\n\t\t\t\t<section class=\"elementor-section elementor-inner-section elementor-element elementor-element-e32c860 elementor-section-boxed elementor-section-height-default elementor-section-height-default\" data-id=\"e32c860\" data-element_type=\"section\" data-e-type=\"section\" data-settings=\"{&quot;_ha_eqh_enable&quot;:false}\">\n\t\t\t\t\t\t<div class=\"elementor-container elementor-column-gap-no\">\n\t\t\t\t\t<div class=\"elementor-column elementor-col-33 elementor-inner-column elementor-element elementor-element-0dbe8f2\" data-id=\"0dbe8f2\" data-element_type=\"column\" data-e-type=\"column\">\n\t\t\t<div class=\"elementor-widget-wrap elementor-element-populated\">\n\t\t\t\t\t\t<div class=\"elementor-element elementor-element-28f31c8 elementor-widget elementor-widget-heading\" data-id=\"28f31c8\" data-element_type=\"widget\" data-e-type=\"widget\" data-widget_type=\"heading.default\">\n\t\t\t\t<div class=\"elementor-widget-container\">\n\t\t\t\t\t<h6 class=\"elementor-heading-title elementor-size-default\">Packaging<\/h6>\t\t\t\t<\/div>\n\t\t\t\t<\/div>\n\t\t\t\t\t<\/div>\n\t\t<\/div>\n\t\t\t\t<div class=\"elementor-column elementor-col-66 elementor-inner-column elementor-element elementor-element-31ae2d9\" data-id=\"31ae2d9\" data-element_type=\"column\" data-e-type=\"column\">\n\t\t\t<div class=\"elementor-widget-wrap elementor-element-populated\">\n\t\t\t\t\t\t<div class=\"elementor-element elementor-element-d3f819f elementor-widget elementor-widget-text-editor\" data-id=\"d3f819f\" data-element_type=\"widget\" data-e-type=\"widget\" data-widget_type=\"text-editor.default\">\n\t\t\t\t<div class=\"elementor-widget-container\">\n\t\t\t\t\t\t\t\t\t<p>The packaging at Requine Rope is 100% plasticfree and recyclable-<\/p><p>The cardboard boxes for shipping are made from recycled cardboard or is direct reuse from my and family's online shopping. The boxes are closed with paper tape, and both package fillers and package slips are made from 100% recycled paper. The stickers are made from 30% recycled paper.<\/p><p>Every order comes with a little bag of snacks for the horse. The treats are packed in food grade paper bags, and the strings is made from paper as well.<br \/>The treats consist of 100% hay. They are therefore free from molasses, dust, and fungal spores, and are low in sugar.\u00a0<\/p><p>Packaging free from single use plastic isn't only good for the environment, but also makes it easier for you to take care of the planet; the packaging goes straight to the recycle bin (that is, if you don't plan on re-using it yourself)! Sort the box as cardboard and the rest as paper when discarding, to give the packaging a chance to be recycled once more.<\/p>\t\t\t\t\t\t\t\t<\/div>\n\t\t\t\t<\/div>\n\t\t\t\t<div class=\"elementor-element elementor-element-344ec14 elementor-widget elementor-widget-image\" data-id=\"344ec14\" data-element_type=\"widget\" data-e-type=\"widget\" data-widget_type=\"image.default\">\n\t\t\t\t<div class=\"elementor-widget-container\">\n\t\t\t\t\t\t\t\t\t\t\t\t\t\t\t\t<a href=\"https:\/\/miljoevenlig-pakning.dk\">\n\t\t\t\t\t\t\t<img decoding=\"async\" src=\"https:\/\/requinerope.dk\/wp-content\/uploads\/2022\/02\/Environmentally_Packaging_300x300.png\" title=\"miljoe-pakning-badge-300&#215;300\" alt=\"miljoe-pakning-badge-300x300\" loading=\"lazy\" \/>\t\t\t\t\t\t\t\t<\/a>\n\t\t\t\t\t\t\t\t\t\t\t\t\t\t\t<\/div>\n\t\t\t\t<\/div>\n\t\t\t\t\t<\/div>\n\t\t<\/div>\n\t\t\t\t\t<\/div>\n\t\t<\/section>\n\t\t\t\t\t<\/div>\n\t\t<\/div>\n\t\t\t\t\t<\/div>\n\t\t<\/section>\n\t\t\t\t<\/div>","protected":false},"excerpt":{"rendered":"<p>B\u00e6redygtighed Vores passion er b\u00e6redygtighed B\u00e6redygtighed er grundstenen for Requine Rope, og vi g\u00e5r derfor op i at g\u00f8re hver en del s\u00e5 milj\u00f8venlig som muligt. Reb Reb, der bruges til at lave rebudstyr med, er som regel lavet af PP, PET o.l., som er forskellige plastiktyper. Dvs. der produceres mere plastik n\u00e5r de skal [&hellip;]<\/p>\n","protected":false},"author":1,"featured_media":0,"parent":252,"menu_order":0,"comment_status":"closed","ping_status":"closed","template":"","meta":{"site-sidebar-layout":"no-sidebar","site-content-layout":"page-builder","ast-site-content-layout":"default","site-content-style":"default","site-sidebar-style":"default","ast-global-header-display":"","ast-banner-title-visibility":"","ast-main-header-display":"","ast-hfb-above-header-display":"","ast-hfb-below-header-display":"","ast-hfb-mobile-header-display":"","site-post-title":"disabled","ast-breadcrumbs-content":"","ast-featured-img":"disabled","footer-sml-layout":"","ast-disable-related-posts":"","theme-transparent-header-meta":"","adv-header-id-meta":"","stick-header-meta":"","header-above-stick-meta":"","header-main-stick-meta":"","header-below-stick-meta":"","astra-migrate-meta-layouts":"default","ast-page-background-enabled":"default","ast-page-background-meta":{"desktop":{"background-color":"var(--ast-global-color-4)","background-image":"","background-repeat":"repeat","background-position":"center center","background-size":"auto","background-attachment":"scroll","background-type":"","background-media":"","overlay-type":"","overlay-color":"","overlay-opacity":"","overlay-gradient":""},"tablet":{"background-color":"","background-image":"","background-repeat":"repeat","background-position":"center center","background-size":"auto","background-attachment":"scroll","background-type":"","background-media":"","overlay-type":"","overlay-color":"","overlay-opacity":"","overlay-gradient":""},"mobile":{"background-color":"","background-image":"","background-repeat":"repeat","background-position":"center center","background-size":"auto","background-attachment":"scroll","background-type":"","background-media":"","overlay-type":"","overlay-color":"","overlay-opacity":"","overlay-gradient":""}},"ast-content-background-meta":{"desktop":{"background-color":"var(--ast-global-color-5)","background-image":"","background-repeat":"repeat","background-position":"center center","background-size":"auto","background-attachment":"scroll","background-type":"","background-media":"","overlay-type":"","overlay-color":"","overlay-opacity":"","overlay-gradient":""},"tablet":{"background-color":"var(--ast-global-color-5)","background-image":"","background-repeat":"repeat","background-position":"center center","background-size":"auto","background-attachment":"scroll","background-type":"","background-media":"","overlay-type":"","overlay-color":"","overlay-opacity":"","overlay-gradient":""},"mobile":{"background-color":"var(--ast-global-color-5)","background-image":"","background-repeat":"repeat","background-position":"center center","background-size":"auto","background-attachment":"scroll","background-type":"","background-media":"","overlay-type":"","overlay-color":"","overlay-opacity":"","overlay-gradient":""}},"footnotes":""},"class_list":["post-6638","page","type-page","status-publish","hentry"],"yoast_head":"<!-- This site is optimized with the Yoast SEO plugin v27.4 - https:\/\/yoast.com\/product\/yoast-seo-wordpress\/ -->\n<title>B\u00e6redygtighed | Requine Rope<\/title>\n<meta name=\"robots\" content=\"index, follow, max-snippet:-1, max-image-preview:large, max-video-preview:-1\" \/>\n<link rel=\"canonical\" href=\"https:\/\/requinerope.dk\/en\/om\/baeredygtighed\/\" \/>\n<meta property=\"og:locale\" content=\"en_GB\" \/>\n<meta property=\"og:type\" content=\"article\" \/>\n<meta property=\"og:title\" content=\"B\u00e6redygtighed | Requine Rope\" \/>\n<meta property=\"og:description\" content=\"B\u00e6redygtighed Vores passion er b\u00e6redygtighed B\u00e6redygtighed er grundstenen for Requine Rope, og vi g\u00e5r derfor op i at g\u00f8re hver en del s\u00e5 milj\u00f8venlig som muligt. Reb Reb, der bruges til at lave rebudstyr med, er som regel lavet af PP, PET o.l., som er forskellige plastiktyper. Dvs. der produceres mere plastik n\u00e5r de skal [&hellip;]\" \/>\n<meta property=\"og:url\" content=\"https:\/\/requinerope.dk\/en\/om\/baeredygtighed\/\" \/>\n<meta property=\"og:site_name\" content=\"Requine Rope\" \/>\n<meta property=\"article:publisher\" content=\"https:\/\/www.facebook.com\/requinerope\" \/>\n<meta property=\"article:modified_time\" content=\"2025-05-03T19:41:48+00:00\" \/>\n<meta property=\"og:image\" content=\"https:\/\/requinerope.dk\/wp-content\/uploads\/elementor\/thumbs\/miljoe-pakning-badge-300x300-1-q2ww3h6bpm6z52e7pntlha8p19h9smi10dx5ga3rv4.png\" \/>\n<meta name=\"twitter:card\" content=\"summary_large_image\" \/>\n<meta name=\"twitter:label1\" content=\"Estimated reading time\" \/>\n\t<meta name=\"twitter:data1\" content=\"3 minutes\" \/>\n<script type=\"application\/ld+json\" class=\"yoast-schema-graph\">{\"@context\":\"https:\\\/\\\/schema.org\",\"@graph\":[{\"@type\":\"WebPage\",\"@id\":\"https:\\\/\\\/requinerope.dk\\\/om\\\/baeredygtighed\\\/\",\"url\":\"https:\\\/\\\/requinerope.dk\\\/om\\\/baeredygtighed\\\/\",\"name\":\"B\u00e6redygtighed | Requine Rope\",\"isPartOf\":{\"@id\":\"https:\\\/\\\/requinerope.dk\\\/en\\\/#website\"},\"primaryImageOfPage\":{\"@id\":\"https:\\\/\\\/requinerope.dk\\\/om\\\/baeredygtighed\\\/#primaryimage\"},\"image\":{\"@id\":\"https:\\\/\\\/requinerope.dk\\\/om\\\/baeredygtighed\\\/#primaryimage\"},\"thumbnailUrl\":\"https:\\\/\\\/requinerope.dk\\\/wp-content\\\/uploads\\\/elementor\\\/thumbs\\\/miljoe-pakning-badge-300x300-1-q2ww3h6bpm6z52e7pntlha8p19h9smi10dx5ga3rv4.png\",\"datePublished\":\"2021-12-25T13:28:55+00:00\",\"dateModified\":\"2025-05-03T19:41:48+00:00\",\"breadcrumb\":{\"@id\":\"https:\\\/\\\/requinerope.dk\\\/om\\\/baeredygtighed\\\/#breadcrumb\"},\"inLanguage\":\"en-GB\",\"potentialAction\":[{\"@type\":\"ReadAction\",\"target\":[\"https:\\\/\\\/requinerope.dk\\\/om\\\/baeredygtighed\\\/\"]}]},{\"@type\":\"ImageObject\",\"inLanguage\":\"en-GB\",\"@id\":\"https:\\\/\\\/requinerope.dk\\\/om\\\/baeredygtighed\\\/#primaryimage\",\"url\":\"https:\\\/\\\/requinerope.dk\\\/wp-content\\\/uploads\\\/elementor\\\/thumbs\\\/miljoe-pakning-badge-300x300-1-q2ww3h6bpm6z52e7pntlha8p19h9smi10dx5ga3rv4.png\",\"contentUrl\":\"https:\\\/\\\/requinerope.dk\\\/wp-content\\\/uploads\\\/elementor\\\/thumbs\\\/miljoe-pakning-badge-300x300-1-q2ww3h6bpm6z52e7pntlha8p19h9smi10dx5ga3rv4.png\"},{\"@type\":\"BreadcrumbList\",\"@id\":\"https:\\\/\\\/requinerope.dk\\\/om\\\/baeredygtighed\\\/#breadcrumb\",\"itemListElement\":[{\"@type\":\"ListItem\",\"position\":1,\"name\":\"Hjem\",\"item\":\"https:\\\/\\\/requinerope.dk\\\/\"},{\"@type\":\"ListItem\",\"position\":2,\"name\":\"Om\",\"item\":\"https:\\\/\\\/requinerope.dk\\\/om\\\/\"},{\"@type\":\"ListItem\",\"position\":3,\"name\":\"B\u00e6redygtighed\"}]},{\"@type\":\"WebSite\",\"@id\":\"https:\\\/\\\/requinerope.dk\\\/en\\\/#website\",\"url\":\"https:\\\/\\\/requinerope.dk\\\/en\\\/\",\"name\":\"Requine Rope\",\"description\":\"B\u00e6redygtigt rebudstyr til hest &amp; hund\",\"publisher\":{\"@id\":\"https:\\\/\\\/requinerope.dk\\\/en\\\/#organization\"},\"potentialAction\":[{\"@type\":\"SearchAction\",\"target\":{\"@type\":\"EntryPoint\",\"urlTemplate\":\"https:\\\/\\\/requinerope.dk\\\/en\\\/?s={search_term_string}\"},\"query-input\":{\"@type\":\"PropertyValueSpecification\",\"valueRequired\":true,\"valueName\":\"search_term_string\"}}],\"inLanguage\":\"en-GB\"},{\"@type\":\"Organization\",\"@id\":\"https:\\\/\\\/requinerope.dk\\\/en\\\/#organization\",\"name\":\"Requine Rope\",\"url\":\"https:\\\/\\\/requinerope.dk\\\/en\\\/\",\"logo\":{\"@type\":\"ImageObject\",\"inLanguage\":\"en-GB\",\"@id\":\"https:\\\/\\\/requinerope.dk\\\/en\\\/#\\\/schema\\\/logo\\\/image\\\/\",\"url\":\"https:\\\/\\\/requinerope.dk\\\/wp-content\\\/uploads\\\/2021\\\/09\\\/logo-m-baggrund-modified.png\",\"contentUrl\":\"https:\\\/\\\/requinerope.dk\\\/wp-content\\\/uploads\\\/2021\\\/09\\\/logo-m-baggrund-modified.png\",\"width\":993,\"height\":993,\"caption\":\"Requine Rope\"},\"image\":{\"@id\":\"https:\\\/\\\/requinerope.dk\\\/en\\\/#\\\/schema\\\/logo\\\/image\\\/\"},\"sameAs\":[\"https:\\\/\\\/www.facebook.com\\\/requinerope\",\"https:\\\/\\\/www.instagram.com\\\/requinerope\",\"https:\\\/\\\/www.pinterest.dk\\\/requinerope\"]}]}<\/script>\n<!-- \/ Yoast SEO plugin. -->","yoast_head_json":{"title":"B\u00e6redygtighed | Requine Rope","robots":{"index":"index","follow":"follow","max-snippet":"max-snippet:-1","max-image-preview":"max-image-preview:large","max-video-preview":"max-video-preview:-1"},"canonical":"https:\/\/requinerope.dk\/en\/om\/baeredygtighed\/","og_locale":"en_GB","og_type":"article","og_title":"B\u00e6redygtighed | Requine Rope","og_description":"B\u00e6redygtighed Vores passion er b\u00e6redygtighed B\u00e6redygtighed er grundstenen for Requine Rope, og vi g\u00e5r derfor op i at g\u00f8re hver en del s\u00e5 milj\u00f8venlig som muligt. Reb Reb, der bruges til at lave rebudstyr med, er som regel lavet af PP, PET o.l., som er forskellige plastiktyper. Dvs. der produceres mere plastik n\u00e5r de skal [&hellip;]","og_url":"https:\/\/requinerope.dk\/en\/om\/baeredygtighed\/","og_site_name":"Requine Rope","article_publisher":"https:\/\/www.facebook.com\/requinerope","article_modified_time":"2025-05-03T19:41:48+00:00","og_image":[{"url":"https:\/\/requinerope.dk\/wp-content\/uploads\/elementor\/thumbs\/miljoe-pakning-badge-300x300-1-q2ww3h6bpm6z52e7pntlha8p19h9smi10dx5ga3rv4.png","type":"","width":"","height":""}],"twitter_card":"summary_large_image","twitter_misc":{"Estimated reading time":"3 minutes"},"schema":{"@context":"https:\/\/schema.org","@graph":[{"@type":"WebPage","@id":"https:\/\/requinerope.dk\/om\/baeredygtighed\/","url":"https:\/\/requinerope.dk\/om\/baeredygtighed\/","name":"B\u00e6redygtighed | Requine Rope","isPartOf":{"@id":"https:\/\/requinerope.dk\/en\/#website"},"primaryImageOfPage":{"@id":"https:\/\/requinerope.dk\/om\/baeredygtighed\/#primaryimage"},"image":{"@id":"https:\/\/requinerope.dk\/om\/baeredygtighed\/#primaryimage"},"thumbnailUrl":"https:\/\/requinerope.dk\/wp-content\/uploads\/elementor\/thumbs\/miljoe-pakning-badge-300x300-1-q2ww3h6bpm6z52e7pntlha8p19h9smi10dx5ga3rv4.png","datePublished":"2021-12-25T13:28:55+00:00","dateModified":"2025-05-03T19:41:48+00:00","breadcrumb":{"@id":"https:\/\/requinerope.dk\/om\/baeredygtighed\/#breadcrumb"},"inLanguage":"en-GB","potentialAction":[{"@type":"ReadAction","target":["https:\/\/requinerope.dk\/om\/baeredygtighed\/"]}]},{"@type":"ImageObject","inLanguage":"en-GB","@id":"https:\/\/requinerope.dk\/om\/baeredygtighed\/#primaryimage","url":"https:\/\/requinerope.dk\/wp-content\/uploads\/elementor\/thumbs\/miljoe-pakning-badge-300x300-1-q2ww3h6bpm6z52e7pntlha8p19h9smi10dx5ga3rv4.png","contentUrl":"https:\/\/requinerope.dk\/wp-content\/uploads\/elementor\/thumbs\/miljoe-pakning-badge-300x300-1-q2ww3h6bpm6z52e7pntlha8p19h9smi10dx5ga3rv4.png"},{"@type":"BreadcrumbList","@id":"https:\/\/requinerope.dk\/om\/baeredygtighed\/#breadcrumb","itemListElement":[{"@type":"ListItem","position":1,"name":"Hjem","item":"https:\/\/requinerope.dk\/"},{"@type":"ListItem","position":2,"name":"Om","item":"https:\/\/requinerope.dk\/om\/"},{"@type":"ListItem","position":3,"name":"B\u00e6redygtighed"}]},{"@type":"WebSite","@id":"https:\/\/requinerope.dk\/en\/#website","url":"https:\/\/requinerope.dk\/en\/","name":"Requine Rope","description":"Sustainable rope equipment for horse &amp; dog","publisher":{"@id":"https:\/\/requinerope.dk\/en\/#organization"},"potentialAction":[{"@type":"SearchAction","target":{"@type":"EntryPoint","urlTemplate":"https:\/\/requinerope.dk\/en\/?s={search_term_string}"},"query-input":{"@type":"PropertyValueSpecification","valueRequired":true,"valueName":"search_term_string"}}],"inLanguage":"en-GB"},{"@type":"Organization","@id":"https:\/\/requinerope.dk\/en\/#organization","name":"Requine Rope","url":"https:\/\/requinerope.dk\/en\/","logo":{"@type":"ImageObject","inLanguage":"en-GB","@id":"https:\/\/requinerope.dk\/en\/#\/schema\/logo\/image\/","url":"https:\/\/requinerope.dk\/wp-content\/uploads\/2021\/09\/logo-m-baggrund-modified.png","contentUrl":"https:\/\/requinerope.dk\/wp-content\/uploads\/2021\/09\/logo-m-baggrund-modified.png","width":993,"height":993,"caption":"Requine Rope"},"image":{"@id":"https:\/\/requinerope.dk\/en\/#\/schema\/logo\/image\/"},"sameAs":["https:\/\/www.facebook.com\/requinerope","https:\/\/www.instagram.com\/requinerope","https:\/\/www.pinterest.dk\/requinerope"]}]}},"jetpack_sharing_enabled":true,"_links":{"self":[{"href":"https:\/\/requinerope.dk\/en\/wp-json\/wp\/v2\/pages\/6638","targetHints":{"allow":["GET"]}}],"collection":[{"href":"https:\/\/requinerope.dk\/en\/wp-json\/wp\/v2\/pages"}],"about":[{"href":"https:\/\/requinerope.dk\/en\/wp-json\/wp\/v2\/types\/page"}],"author":[{"embeddable":true,"href":"https:\/\/requinerope.dk\/en\/wp-json\/wp\/v2\/users\/1"}],"replies":[{"embeddable":true,"href":"https:\/\/requinerope.dk\/en\/wp-json\/wp\/v2\/comments?post=6638"}],"version-history":[{"count":40,"href":"https:\/\/requinerope.dk\/en\/wp-json\/wp\/v2\/pages\/6638\/revisions"}],"predecessor-version":[{"id":12721,"href":"https:\/\/requinerope.dk\/en\/wp-json\/wp\/v2\/pages\/6638\/revisions\/12721"}],"up":[{"embeddable":true,"href":"https:\/\/requinerope.dk\/en\/wp-json\/wp\/v2\/pages\/252"}],"wp:attachment":[{"href":"https:\/\/requinerope.dk\/en\/wp-json\/wp\/v2\/media?parent=6638"}],"curies":[{"name":"wp","href":"https:\/\/api.w.org\/{rel}","templated":true}]}}