{"id":285,"date":"2021-09-20T08:19:26","date_gmt":"2021-09-20T08:19:26","guid":{"rendered":"https:\/\/requinerope.dk\/?page_id=285"},"modified":"2021-10-18T19:58:17","modified_gmt":"2021-10-18T19:58:17","slug":"stoerrelsesguide","status":"publish","type":"page","link":"https:\/\/requinerope.dk\/en\/stoerrelsesguide\/","title":{"rendered":"Size guide"},"content":{"rendered":"<p>Don't know which size to choose for your horse? Read along and follow the guide to choosing the right size:<\/p>\n\n\n\n<div style=\"height:50px\" aria-hidden=\"true\" class=\"wp-block-spacer\"><\/div>\n\n\n\n<h3 class=\"wp-block-heading\">Rope halters<\/h3>\n\n\n\n<p>Generally, the rope halter sizes match typical sizes - so if your horse uses size cob in halters and bridles, it should fit a rope halter in size cob.<\/p>\n\n\n\n<p>Is your horse between sizes, and sometimes uses size cob, and sometimes full, it is generally best to choose the larger size, as a too big rope halter can be adjusted tighter, but a too small won't fit!<\/p>\n\n\n\n<p>However we do advice you to look at the size chart below and compare your horses measurements with the halters, if your horse is in between sizes. You are also welcome ti contact us at info@requinerope.dk, if you want a thorough guide to find the right size.<\/p>\n\n\n\n<p>You can also always get a rope halter in custom size without extra costs - you can get it with completely individual measurements or just ask for an in-between size, i.e. a size between cob and full.<\/p>\n\n\n\n<p>Btw, if you buy a rope halter and find it's juuuust a bit small, don't worry! The knots on the halter will tighten over time with use, and it will get a tad larger after a while!<\/p>\n\n\n\n<p>Size chart for rope halters: (all measurements in cm)<\/p>\n\n\n\n<div class=\"wp-block-media-text alignwide is-stacked-on-mobile\" style=\"grid-template-columns:20% auto\"><figure class=\"wp-block-media-text__media\"><img fetchpriority=\"high\" decoding=\"async\" width=\"274\" height=\"362\" src=\"https:\/\/requinerope.dk\/wp-content\/uploads\/2021\/09\/Screenshot-2021-09-21-at-15.24.47-4.png\" alt=\"\" class=\"wp-image-621 size-full\" srcset=\"https:\/\/requinerope.dk\/wp-content\/uploads\/2021\/09\/Screenshot-2021-09-21-at-15.24.47-4.png 274w, https:\/\/requinerope.dk\/wp-content\/uploads\/2021\/09\/Screenshot-2021-09-21-at-15.24.47-4-227x300.png 227w\" sizes=\"(max-width: 274px) 100vw, 274px\" \/><\/figure><div class=\"wp-block-media-text__content\">\n<figure class=\"wp-block-table\"><table><tbody><tr><td><strong>S<\/strong>ize<\/td><td><strong>A<\/strong><\/td><td><strong>B<\/strong><\/td><td><strong>C<\/strong><\/td><td><strong>T<\/strong><\/td><td><strong>E<\/strong><\/td><td><strong>F<\/strong><\/td><\/tr><tr><td>X-mini<\/td><td>15<\/td><td>14<\/td><td>14<\/td><td>8<\/td><td>14<\/td><td>50<\/td><\/tr><tr><td>Mini<\/td><td>16<\/td><td>15<\/td><td>14<\/td><td>9<\/td><td>15<\/td><td>55<\/td><\/tr><tr><td>Shet<\/td><td>18<\/td><td>16<\/td><td>15<\/td><td>10<\/td><td>16<\/td><td>60<\/td><\/tr><tr><td>Pony<\/td><td>20<\/td><td>18<\/td><td>17<\/td><td>11<\/td><td>18<\/td><td>65<\/td><\/tr><tr><td>Cob<\/td><td>22<\/td><td>20<\/td><td>19<\/td><td>13<\/td><td>20<\/td><td>70<\/td><\/tr><tr><td>Full<\/td><td>25<\/td><td>22<\/td><td>21<\/td><td>15<\/td><td>22<\/td><td>75<\/td><\/tr><tr><td>X-full<\/td><td>28<\/td><td>25<\/td><td>23<\/td><td>18<\/td><td>25<\/td><td>80<\/td><\/tr><tr><td>Xx-full<\/td><td>31<\/td><td>28<\/td><td>26<\/td><td>20<\/td><td>28<\/td><td>85<\/td><\/tr><\/tbody><\/table><\/figure>\n<\/div><\/div>\n\n\n\n<p><em>NB:<\/em> <em>Because the rope halters at Requine Rope are made to order <strong>the right of revocation is <\/strong><\/em><span style=\"font-weight: 600;\"><i>withdrawn<\/i><\/span><em><strong>.<\/strong>That means, that if you order something in a wrong size, you cannot get a refund for this reason. However, we've decided that our customers can get up to 50% of the payment back, if they regret their purchase. Read more under right of revocation.<\/em><\/p>\n\n\n\n<div style=\"height:50px\" aria-hidden=\"true\" class=\"wp-block-spacer\"><\/div>\n\n\n\n<h3 class=\"wp-block-heading\">Neck Ropes<\/h3>\n\n\n\n<h5 class=\"wp-block-heading\">Adjustable Neck Rope with core<\/h5>\n\n\n\n<p>The adjustable neck rope comes in three sizes: S, L and onesize. <\/p>\n\n\n\n<p>Size onesize adjusts from 115 to 220 cm in circumference, and fits all horses, small to big. <\/p>\n\n\n\n<p>But, it can be annoying having to adjust the neck allll the way out, not being able to use the double-side, of you have a very big horse, and vice versa if you have a very small pony...<\/p>\n\n\n\n<p>That's why we made two extra sizes, which fit the really small and really big horses!<\/p>\n\n\n\n<p>Size S adjusts from 100 to 180 cm, and fits shetties, minishetties and other small ponies without adjusting it all the way in.<\/p>\n\n\n\n<p>Size L adjusts from 145 to 280 cm, og fits big wider horses and draft breeds the best, without having to adjust it all the way out.<\/p>\n\n\n\n<p>Size onesize fits horses from size pony to full the best. Size S fits from size x-mini to pony the best, and size L size full to xx-full the best.<\/p>\n\n\n\n<div style=\"height:25px\" aria-hidden=\"true\" class=\"wp-block-spacer\"><\/div>\n\n\n\n<h5 class=\"wp-block-heading\">Neck rope with ring or tassel<\/h5>\n\n\n\n<p>This type of neck can't be adjusted, og here we have many sizes to choose form. We chose <em>not<\/em> to go with the pony-con-full size here, because many horses have small heads but a wide chest and vice versa.<\/p>\n\n\n\n<p>The sizes are as following:<\/p>\n\n\n\n<p>XXXS = 115 cm<br>XXS = 125 cm<br>XS = 135 cm<br>S = 145 cm<br>M = 155 cm<br>L = 165 cm<br>XL = 175 cm<br>XXL = 185 cm<br>XXXL = 195 cm<\/p>\n\n\n\n<p>The best way to measure for a non-adjustable neck rope is to take a lead rope or similar, tie a knot, put it around the horse's neck, and adjust the knot until it fits. Now measure the lead rope and see which size fits the best.<\/p>\n\n\n\n<p>NB: the neck rope measurements are when it's round, and <em>not<\/em> when it's outstretched (like a straight piece of rope). <\/p>\n\n\n\n<p>Example: You measure the lead rope in its round shape, and it measures 163 cm. Choose size L.<\/p>\n\n\n\n<p>If the measurement is between sizes, i.e. 130 cm, then we advice you to choose the bigger size, here XS, as it is easier to use a neck rope that is a big too big than too small!<\/p>\n\n\n\n<div style=\"height:15px\" aria-hidden=\"true\" class=\"wp-block-spacer\"><\/div>\n\n\n\n<p><em>NB:<\/em> <em>Because the neck ropes at Requine Rope are made to order <strong>the right of revocation is <\/strong><\/em><span style=\"font-weight: 600;\"><i>withdrawn<\/i><\/span><em><strong>.<\/strong>That means, that if you order something in a wrong size, you cannot get a refund for this reason. However, we've decided that our customers can get up to 50% of the payment back, if they regret their purchase. Read more under right of revocation.<\/em><\/p>\n\n\n\n<div style=\"height:50px\" aria-hidden=\"true\" class=\"wp-block-spacer\"><\/div>\n\n\n\n<h3 class=\"wp-block-heading\">Reins<\/h3>\n\n\n\n<p>Our rein sizes are as following:<\/p>\n\n\n\n<p>X-mini: 1,8 m<br>Mini: 2 m<br>Shet: 2,2 m<br>Pony: 2,4 m<br>Cob: 2,6 m<br>Full: 2,8 m<br>X-full: 3 m<br>Xx-full: 3,2 m<br><\/p>\n\n\n\n<p>The rein sizes at Requine rope generally match standard rein sizes. If you are unsure about rein size, we recommend measuring a pair of reins you like the length of, and choose the closest size.<\/p>\n\n\n\n<p>Our reins are measured from end to end including the carabiners.<\/p>\n\n\n\n<div style=\"height:15px\" aria-hidden=\"true\" class=\"wp-block-spacer\"><\/div>\n\n\n\n<p><em>NB:<\/em> <em>Because the reins at Requine Rope are made to order <strong>the right of revocation is <\/strong><\/em><span style=\"font-weight: 600;\"><i>withdrawn<\/i><\/span><em><strong>.<\/strong>That means, that if you order something in a wrong size, you cannot get a refund for this reason. However, we've decided that our customers can get up to 50% of the payment back, if they regret their purchase. Read more under right of revocation.<\/em><\/p>","protected":false},"excerpt":{"rendered":"<p>Er du I tvivl om, hvilken st\u00f8rrelse du skal v\u00e6lge til din hest? L\u00e6s med herunder og bliv guidet til at v\u00e6lge den rigtige st\u00f8rrelse: Rebgrimer Generet matcher rebgrimest\u00f8rrelserne med de typiske st\u00f8rrelser &#8211; s\u00e5 hvis din hest bruger st\u00f8rrelse cob i grimer og trenser, s\u00e5 burde den passe en rebgrime i cob. Ligger den [&hellip;]<\/p>\n","protected":false},"author":1,"featured_media":0,"parent":0,"menu_order":0,"comment_status":"closed","ping_status":"closed","template":"","meta":{"site-sidebar-layout":"default","site-content-layout":"","ast-site-content-layout":"default","site-content-style":"default","site-sidebar-style":"default","ast-global-header-display":"","ast-banner-title-visibility":"","ast-main-header-display":"","ast-hfb-above-header-display":"","ast-hfb-below-header-display":"","ast-hfb-mobile-header-display":"","site-post-title":"","ast-breadcrumbs-content":"","ast-featured-img":"","footer-sml-layout":"","ast-disable-related-posts":"","theme-transparent-header-meta":"","adv-header-id-meta":"","stick-header-meta":"","header-above-stick-meta":"","header-main-stick-meta":"","header-below-stick-meta":"","astra-migrate-meta-layouts":"default","ast-page-background-enabled":"default","ast-page-background-meta":{"desktop":{"background-color":"var(--ast-global-color-4)","background-image":"","background-repeat":"repeat","background-position":"center center","background-size":"auto","background-attachment":"scroll","background-type":"","background-media":"","overlay-type":"","overlay-color":"","overlay-opacity":"","overlay-gradient":""},"tablet":{"background-color":"","background-image":"","background-repeat":"repeat","background-position":"center center","background-size":"auto","background-attachment":"scroll","background-type":"","background-media":"","overlay-type":"","overlay-color":"","overlay-opacity":"","overlay-gradient":""},"mobile":{"background-color":"","background-image":"","background-repeat":"repeat","background-position":"center center","background-size":"auto","background-attachment":"scroll","background-type":"","background-media":"","overlay-type":"","overlay-color":"","overlay-opacity":"","overlay-gradient":""}},"ast-content-background-meta":{"desktop":{"background-color":"var(--ast-global-color-5)","background-image":"","background-repeat":"repeat","background-position":"center center","background-size":"auto","background-attachment":"scroll","background-type":"","background-media":"","overlay-type":"","overlay-color":"","overlay-opacity":"","overlay-gradient":""},"tablet":{"background-color":"var(--ast-global-color-5)","background-image":"","background-repeat":"repeat","background-position":"center center","background-size":"auto","background-attachment":"scroll","background-type":"","background-media":"","overlay-type":"","overlay-color":"","overlay-opacity":"","overlay-gradient":""},"mobile":{"background-color":"var(--ast-global-color-5)","background-image":"","background-repeat":"repeat","background-position":"center center","background-size":"auto","background-attachment":"scroll","background-type":"","background-media":"","overlay-type":"","overlay-color":"","overlay-opacity":"","overlay-gradient":""}},"footnotes":""},"class_list":["post-285","page","type-page","status-publish","hentry"],"yoast_head":"<!-- This site is optimized with the Yoast SEO plugin v27.5 - https:\/\/yoast.com\/product\/yoast-seo-wordpress\/ -->\n<title>St\u00f8rrelsesguide | Requine Rope<\/title>\n<meta name=\"robots\" content=\"index, follow, max-snippet:-1, max-image-preview:large, max-video-preview:-1\" \/>\n<link rel=\"canonical\" href=\"https:\/\/requinerope.dk\/en\/om__trashed\/stoerrelsesguide\/\" \/>\n<meta property=\"og:locale\" content=\"en_GB\" \/>\n<meta property=\"og:type\" content=\"article\" \/>\n<meta property=\"og:title\" content=\"St\u00f8rrelsesguide | Requine Rope\" \/>\n<meta property=\"og:description\" content=\"Er du I tvivl om, hvilken st\u00f8rrelse du skal v\u00e6lge til din hest? L\u00e6s med herunder og bliv guidet til at v\u00e6lge den rigtige st\u00f8rrelse: Rebgrimer Generet matcher rebgrimest\u00f8rrelserne med de typiske st\u00f8rrelser &#8211; s\u00e5 hvis din hest bruger st\u00f8rrelse cob i grimer og trenser, s\u00e5 burde den passe en rebgrime i cob. Ligger den [&hellip;]\" \/>\n<meta property=\"og:url\" content=\"https:\/\/requinerope.dk\/en\/om__trashed\/stoerrelsesguide\/\" \/>\n<meta property=\"og:site_name\" content=\"Requine Rope\" \/>\n<meta property=\"article:publisher\" content=\"https:\/\/www.facebook.com\/requinerope\" \/>\n<meta property=\"article:modified_time\" content=\"2021-10-18T19:58:17+00:00\" \/>\n<meta property=\"og:image\" content=\"https:\/\/requinerope.dk\/wp-content\/uploads\/2021\/09\/Screenshot-2021-09-21-at-15.24.47-4.png\" \/>\n<meta name=\"twitter:card\" content=\"summary_large_image\" \/>\n<meta name=\"twitter:label1\" content=\"Estimated reading time\" \/>\n\t<meta name=\"twitter:data1\" content=\"4 minutes\" \/>\n<script type=\"application\/ld+json\" class=\"yoast-schema-graph\">{\"@context\":\"https:\\\/\\\/schema.org\",\"@graph\":[{\"@type\":\"WebPage\",\"@id\":\"https:\\\/\\\/requinerope.dk\\\/om__trashed\\\/stoerrelsesguide\\\/\",\"url\":\"https:\\\/\\\/requinerope.dk\\\/om__trashed\\\/stoerrelsesguide\\\/\",\"name\":\"St\u00f8rrelsesguide | Requine Rope\",\"isPartOf\":{\"@id\":\"https:\\\/\\\/requinerope.dk\\\/en\\\/#website\"},\"primaryImageOfPage\":{\"@id\":\"https:\\\/\\\/requinerope.dk\\\/om__trashed\\\/stoerrelsesguide\\\/#primaryimage\"},\"image\":{\"@id\":\"https:\\\/\\\/requinerope.dk\\\/om__trashed\\\/stoerrelsesguide\\\/#primaryimage\"},\"thumbnailUrl\":\"https:\\\/\\\/requinerope.dk\\\/wp-content\\\/uploads\\\/2021\\\/09\\\/Screenshot-2021-09-21-at-15.24.47-4.png\",\"datePublished\":\"2021-09-20T08:19:26+00:00\",\"dateModified\":\"2021-10-18T19:58:17+00:00\",\"breadcrumb\":{\"@id\":\"https:\\\/\\\/requinerope.dk\\\/om__trashed\\\/stoerrelsesguide\\\/#breadcrumb\"},\"inLanguage\":\"en-GB\",\"potentialAction\":[{\"@type\":\"ReadAction\",\"target\":[\"https:\\\/\\\/requinerope.dk\\\/om__trashed\\\/stoerrelsesguide\\\/\"]}]},{\"@type\":\"ImageObject\",\"inLanguage\":\"en-GB\",\"@id\":\"https:\\\/\\\/requinerope.dk\\\/om__trashed\\\/stoerrelsesguide\\\/#primaryimage\",\"url\":\"https:\\\/\\\/requinerope.dk\\\/wp-content\\\/uploads\\\/2021\\\/09\\\/Screenshot-2021-09-21-at-15.24.47-4.png\",\"contentUrl\":\"https:\\\/\\\/requinerope.dk\\\/wp-content\\\/uploads\\\/2021\\\/09\\\/Screenshot-2021-09-21-at-15.24.47-4.png\"},{\"@type\":\"BreadcrumbList\",\"@id\":\"https:\\\/\\\/requinerope.dk\\\/om__trashed\\\/stoerrelsesguide\\\/#breadcrumb\",\"itemListElement\":[{\"@type\":\"ListItem\",\"position\":1,\"name\":\"Hjem\",\"item\":\"https:\\\/\\\/requinerope.dk\\\/\"},{\"@type\":\"ListItem\",\"position\":2,\"name\":\"St\u00f8rrelsesguide\"}]},{\"@type\":\"WebSite\",\"@id\":\"https:\\\/\\\/requinerope.dk\\\/en\\\/#website\",\"url\":\"https:\\\/\\\/requinerope.dk\\\/en\\\/\",\"name\":\"Requine Rope\",\"description\":\"B\u00e6redygtigt rebudstyr til hest &amp; hund\",\"publisher\":{\"@id\":\"https:\\\/\\\/requinerope.dk\\\/en\\\/#organization\"},\"potentialAction\":[{\"@type\":\"SearchAction\",\"target\":{\"@type\":\"EntryPoint\",\"urlTemplate\":\"https:\\\/\\\/requinerope.dk\\\/en\\\/?s={search_term_string}\"},\"query-input\":{\"@type\":\"PropertyValueSpecification\",\"valueRequired\":true,\"valueName\":\"search_term_string\"}}],\"inLanguage\":\"en-GB\"},{\"@type\":\"Organization\",\"@id\":\"https:\\\/\\\/requinerope.dk\\\/en\\\/#organization\",\"name\":\"Requine Rope\",\"url\":\"https:\\\/\\\/requinerope.dk\\\/en\\\/\",\"logo\":{\"@type\":\"ImageObject\",\"inLanguage\":\"en-GB\",\"@id\":\"https:\\\/\\\/requinerope.dk\\\/en\\\/#\\\/schema\\\/logo\\\/image\\\/\",\"url\":\"https:\\\/\\\/requinerope.dk\\\/wp-content\\\/uploads\\\/2021\\\/09\\\/logo-m-baggrund-modified.png\",\"contentUrl\":\"https:\\\/\\\/requinerope.dk\\\/wp-content\\\/uploads\\\/2021\\\/09\\\/logo-m-baggrund-modified.png\",\"width\":993,\"height\":993,\"caption\":\"Requine Rope\"},\"image\":{\"@id\":\"https:\\\/\\\/requinerope.dk\\\/en\\\/#\\\/schema\\\/logo\\\/image\\\/\"},\"sameAs\":[\"https:\\\/\\\/www.facebook.com\\\/requinerope\",\"https:\\\/\\\/www.instagram.com\\\/requinerope\",\"https:\\\/\\\/www.pinterest.dk\\\/requinerope\"]}]}<\/script>\n<!-- \/ Yoast SEO plugin. -->","yoast_head_json":{"title":"St\u00f8rrelsesguide | Requine Rope","robots":{"index":"index","follow":"follow","max-snippet":"max-snippet:-1","max-image-preview":"max-image-preview:large","max-video-preview":"max-video-preview:-1"},"canonical":"https:\/\/requinerope.dk\/en\/om__trashed\/stoerrelsesguide\/","og_locale":"en_GB","og_type":"article","og_title":"St\u00f8rrelsesguide | Requine Rope","og_description":"Er du I tvivl om, hvilken st\u00f8rrelse du skal v\u00e6lge til din hest? L\u00e6s med herunder og bliv guidet til at v\u00e6lge den rigtige st\u00f8rrelse: Rebgrimer Generet matcher rebgrimest\u00f8rrelserne med de typiske st\u00f8rrelser &#8211; s\u00e5 hvis din hest bruger st\u00f8rrelse cob i grimer og trenser, s\u00e5 burde den passe en rebgrime i cob. Ligger den [&hellip;]","og_url":"https:\/\/requinerope.dk\/en\/om__trashed\/stoerrelsesguide\/","og_site_name":"Requine Rope","article_publisher":"https:\/\/www.facebook.com\/requinerope","article_modified_time":"2021-10-18T19:58:17+00:00","og_image":[{"url":"https:\/\/requinerope.dk\/wp-content\/uploads\/2021\/09\/Screenshot-2021-09-21-at-15.24.47-4.png","type":"","width":"","height":""}],"twitter_card":"summary_large_image","twitter_misc":{"Estimated reading time":"4 minutes"},"schema":{"@context":"https:\/\/schema.org","@graph":[{"@type":"WebPage","@id":"https:\/\/requinerope.dk\/om__trashed\/stoerrelsesguide\/","url":"https:\/\/requinerope.dk\/om__trashed\/stoerrelsesguide\/","name":"St\u00f8rrelsesguide | Requine Rope","isPartOf":{"@id":"https:\/\/requinerope.dk\/en\/#website"},"primaryImageOfPage":{"@id":"https:\/\/requinerope.dk\/om__trashed\/stoerrelsesguide\/#primaryimage"},"image":{"@id":"https:\/\/requinerope.dk\/om__trashed\/stoerrelsesguide\/#primaryimage"},"thumbnailUrl":"https:\/\/requinerope.dk\/wp-content\/uploads\/2021\/09\/Screenshot-2021-09-21-at-15.24.47-4.png","datePublished":"2021-09-20T08:19:26+00:00","dateModified":"2021-10-18T19:58:17+00:00","breadcrumb":{"@id":"https:\/\/requinerope.dk\/om__trashed\/stoerrelsesguide\/#breadcrumb"},"inLanguage":"en-GB","potentialAction":[{"@type":"ReadAction","target":["https:\/\/requinerope.dk\/om__trashed\/stoerrelsesguide\/"]}]},{"@type":"ImageObject","inLanguage":"en-GB","@id":"https:\/\/requinerope.dk\/om__trashed\/stoerrelsesguide\/#primaryimage","url":"https:\/\/requinerope.dk\/wp-content\/uploads\/2021\/09\/Screenshot-2021-09-21-at-15.24.47-4.png","contentUrl":"https:\/\/requinerope.dk\/wp-content\/uploads\/2021\/09\/Screenshot-2021-09-21-at-15.24.47-4.png"},{"@type":"BreadcrumbList","@id":"https:\/\/requinerope.dk\/om__trashed\/stoerrelsesguide\/#breadcrumb","itemListElement":[{"@type":"ListItem","position":1,"name":"Hjem","item":"https:\/\/requinerope.dk\/"},{"@type":"ListItem","position":2,"name":"St\u00f8rrelsesguide"}]},{"@type":"WebSite","@id":"https:\/\/requinerope.dk\/en\/#website","url":"https:\/\/requinerope.dk\/en\/","name":"Requine Rope","description":"Sustainable rope equipment for horse &amp; dog","publisher":{"@id":"https:\/\/requinerope.dk\/en\/#organization"},"potentialAction":[{"@type":"SearchAction","target":{"@type":"EntryPoint","urlTemplate":"https:\/\/requinerope.dk\/en\/?s={search_term_string}"},"query-input":{"@type":"PropertyValueSpecification","valueRequired":true,"valueName":"search_term_string"}}],"inLanguage":"en-GB"},{"@type":"Organization","@id":"https:\/\/requinerope.dk\/en\/#organization","name":"Requine Rope","url":"https:\/\/requinerope.dk\/en\/","logo":{"@type":"ImageObject","inLanguage":"en-GB","@id":"https:\/\/requinerope.dk\/en\/#\/schema\/logo\/image\/","url":"https:\/\/requinerope.dk\/wp-content\/uploads\/2021\/09\/logo-m-baggrund-modified.png","contentUrl":"https:\/\/requinerope.dk\/wp-content\/uploads\/2021\/09\/logo-m-baggrund-modified.png","width":993,"height":993,"caption":"Requine Rope"},"image":{"@id":"https:\/\/requinerope.dk\/en\/#\/schema\/logo\/image\/"},"sameAs":["https:\/\/www.facebook.com\/requinerope","https:\/\/www.instagram.com\/requinerope","https:\/\/www.pinterest.dk\/requinerope"]}]}},"jetpack_sharing_enabled":true,"_links":{"self":[{"href":"https:\/\/requinerope.dk\/en\/wp-json\/wp\/v2\/pages\/285","targetHints":{"allow":["GET"]}}],"collection":[{"href":"https:\/\/requinerope.dk\/en\/wp-json\/wp\/v2\/pages"}],"about":[{"href":"https:\/\/requinerope.dk\/en\/wp-json\/wp\/v2\/types\/page"}],"author":[{"embeddable":true,"href":"https:\/\/requinerope.dk\/en\/wp-json\/wp\/v2\/users\/1"}],"replies":[{"embeddable":true,"href":"https:\/\/requinerope.dk\/en\/wp-json\/wp\/v2\/comments?post=285"}],"version-history":[{"count":14,"href":"https:\/\/requinerope.dk\/en\/wp-json\/wp\/v2\/pages\/285\/revisions"}],"predecessor-version":[{"id":1759,"href":"https:\/\/requinerope.dk\/en\/wp-json\/wp\/v2\/pages\/285\/revisions\/1759"}],"wp:attachment":[{"href":"https:\/\/requinerope.dk\/en\/wp-json\/wp\/v2\/media?parent=285"}],"curies":[{"name":"wp","href":"https:\/\/api.w.org\/{rel}","templated":true}]}}